{"id":9892,"date":"2025-01-27T21:02:41","date_gmt":"2025-01-27T20:02:41","guid":{"rendered":"https:\/\/jockyart.de\/?post_type=product&#038;p=9892"},"modified":"2025-06-18T20:08:04","modified_gmt":"2025-06-18T18:08:04","slug":"prophetische-kunst-mit-buntstiften","status":"publish","type":"product","link":"https:\/\/jockyart.de\/en\/product\/prophetische-kunst-mit-buntstiften\/","title":{"rendered":"Prophetische Kunst mit Buntstiften"},"content":{"rendered":"<p><strong>2 teiliger Onlineworkshop \u00fcber Zoom<\/strong><br \/>\n(Link und Zugangsdaten bekommt ihr kurz vor dem ersten Abend).<br \/>\nBitte kl\u00e4rt vorab, dass ihr alle technischen Vorraussetzungen f\u00fcr Zoom erf\u00fcllt und die Software up to date ist. Ich kann w\u00e4hrend des Workshops keine technischen Probleme l\u00f6sen.<br \/>\nEmpfohlene Teilnahme am PC\/ Laptop.<\/p>\n<p>Die Abende werden <strong>aufgezeichnet<\/strong> und sind hinterher \u00fcber einen nicht gelisteten <strong>YouTube<\/strong> Link abspielbar (ausschlie\u00dflich f\u00fcr Teilnehmer).<br \/>\nDauer jeweils <strong>ca 1,5 Stunden<\/strong>.<\/p>\n<p><strong>Empfohlenes Material:<\/strong><\/p>\n<ul>\n<li>FABER-CASTELL &#8211; Aquarellstifte Albrecht D\u00fcrer, 36er Metalletui<\/li>\n<li>CANSON 1557\u00ae Zeichenpapier kopfgeleimt, DIN A4 &#8211; 21 x 29,7 cm, 30 Blatt, 180 g\/m\u00b2, leicht gek\u00f6rnt<\/li>\n<li>Buntstiftradierer: FABER-CASTELL 185610 &#8211; Radiergummi Stift Precision Eraser Pen oder Faber-Castell Radierstift Perfection<\/li>\n<li>Spitzer<\/li>\n<li>Schmierpapier zum Abdecken<\/li>\n<\/ul>","protected":false},"excerpt":{"rendered":"<p>In diesem <strong>zweiteiligen Workshop<\/strong> m\u00f6chte ich euch in meine <strong>spezielle Technik<\/strong> hineinnehmen, wie ich mit meinen <strong>K\u00fcnstleraquarellstiften (Buntststiften)<\/strong> prophetische Kunst erstelle.<br \/>\nDer Workshop findet \u00fcber <strong>Zoom<\/strong> statt und wird aufgezeichnet. Solltet ihr an einem der Abende verhindert sein, so ist dieser Kurs trotzdem etwas f\u00fcr euch.<br \/>\nIch werde zusammen mit euch live Schritt f\u00fcr Schritt nach Vorgabe ein prophetisches Bild erstellen.<\/p>\n<p>Der Workshop ist auf <strong>12 Teilnehmer beschr\u00e4nkt<\/strong>, damit ich mich jedem Teilnehmer ausreichend widmen kann.<\/p>\n[caption id=\"attachment_9894\" align=\"aligncenter\" width=\"480\"]<a href=\"https:\/\/www.youtube.com\/watch?v=9teHRZ25hOM\" target=\"_blank\" rel=\"noopener\"><img loading=\"lazy\" decoding=\"async\" class=\"wp-image-9894\" src=\"https:\/\/jockyart.de\/wp-content\/uploads\/2025\/01\/Thumb_Workshop_ProphKunst_Buntstift-300x169.jpg\" alt=\"Video: Workshop - Prophetische Kunst mit Buntstiften\" width=\"480\" height=\"270\" srcset=\"https:\/\/jockyart.de\/wp-content\/uploads\/2025\/01\/Thumb_Workshop_ProphKunst_Buntstift-300x169.jpg 300w, https:\/\/jockyart.de\/wp-content\/uploads\/2025\/01\/Thumb_Workshop_ProphKunst_Buntstift-1536x864.jpg 1536w, https:\/\/jockyart.de\/wp-content\/uploads\/2025\/01\/Thumb_Workshop_ProphKunst_Buntstift-18x10.jpg 18w, https:\/\/jockyart.de\/wp-content\/uploads\/2025\/01\/Thumb_Workshop_ProphKunst_Buntstift-1320x743.jpg 1320w, https:\/\/jockyart.de\/wp-content\/uploads\/2025\/01\/Thumb_Workshop_ProphKunst_Buntstift-324x182.jpg 324w, https:\/\/jockyart.de\/wp-content\/uploads\/2025\/01\/Thumb_Workshop_ProphKunst_Buntstift-416x234.jpg 416w, https:\/\/jockyart.de\/wp-content\/uploads\/2025\/01\/Thumb_Workshop_ProphKunst_Buntstift-768x432.jpg 768w, https:\/\/jockyart.de\/wp-content\/uploads\/2025\/01\/Thumb_Workshop_ProphKunst_Buntstift-1024x576.jpg 1024w, https:\/\/jockyart.de\/wp-content\/uploads\/2025\/01\/Thumb_Workshop_ProphKunst_Buntstift.jpg 1920w\" sizes=\"auto, (max-width: 480px) 100vw, 480px\" \/><\/a> Klick auf das Bild, um das Video auf YouTube anzuschauen[\/caption]\n<p>Aus dem Inhalt:<br \/>\n<strong>Teil 1<\/strong><\/p>\n<ul>\n<li>Meine k\u00fcnstlerische Geschichte<\/li>\n<li>Wie werde ich inspiriert in meiner prophetischen Kunst<\/li>\n<li>Einige Zeugnisse, wie Gott Menschen durch meine Kunst ber\u00fchrt hat<\/li>\n<li>Unterschiedliche Materialien<\/li>\n<li>Fragen\/ Austausch<\/li>\n<li>Gebet\/ Impartation<\/li>\n<\/ul>\n<p><strong>Teil 2<\/strong><\/p>\n<ul>\n<li>Die Phasen des Bildes<\/li>\n<li>Wir erstellen gemeinsam nach Vorgabe ein Bild<\/li>\n<li>Fragen\/ Austausch<\/li>\n<li>Gebet\/ Impartation<\/li>\n<\/ul>\n<p>Am Ende des Workshops habt ihr einen Einblick bekommen, wie ich vorgehe, wenn ich meine Bilder erstelle und habt viel Raum Fragen zu stellen und Tipps zu bekommen.<br \/>\nDa es nicht nur um die Vermittlung von Techniken geht, m\u00f6chte ich auch f\u00fcr euch beten und dem Heiligen Geist Raum geben an euch zu wirken.<br \/>\nDa es bei prophetischer Kunst viel wichtiger ist, dass der Heilige Geist wirken kann und die Salbung frei gesetzt wird.<\/p>\n<p><strong>Sollten noch Fragen offen sein, schreibt mich gerne an:<br \/>\n\u25ba <a href=\"https:\/\/jockyart.de\/kontakt\/\" target=\"_blank\" rel=\"noopener\">Kontakt<\/a><\/strong><\/p>\n","protected":false},"featured_media":9893,"comment_status":"open","ping_status":"closed","template":"","meta":[],"pwb-brand":[],"product_brand":[],"product_cat":[1145],"product_tag":[56,405,70,1147,1146],"class_list":{"0":"post-9892","1":"product","2":"type-product","3":"status-publish","4":"has-post-thumbnail","6":"product_cat-workshops","7":"product_tag-buntstift","8":"product_tag-kuenstleraquarellstifte","9":"product_tag-prophetische-kunst","10":"product_tag-workshop","11":"product_tag-zoom","12":"product_shipping_class-kostenlos","14":"first","15":"instock","16":"virtual","17":"purchasable","18":"product-type-simple"},"brands":[],"tiered_pricing_type":"fixed","tiered_pricing_fixed_rules":[],"tiered_pricing_product_settings":{"layout":"default","base_unit_name":{"singular":null,"plural":null},"default_variation":null},"tiered_pricing_minimum_quantity":null,"tiered_pricing_roles_data":[],"tiered_pricing_percentage_rules":[],"_links":{"self":[{"href":"https:\/\/jockyart.de\/en\/wp-json\/wp\/v2\/product\/9892","targetHints":{"allow":["GET"]}}],"collection":[{"href":"https:\/\/jockyart.de\/en\/wp-json\/wp\/v2\/product"}],"about":[{"href":"https:\/\/jockyart.de\/en\/wp-json\/wp\/v2\/types\/product"}],"replies":[{"embeddable":true,"href":"https:\/\/jockyart.de\/en\/wp-json\/wp\/v2\/comments?post=9892"}],"wp:featuredmedia":[{"embeddable":true,"href":"https:\/\/jockyart.de\/en\/wp-json\/wp\/v2\/media\/9893"}],"wp:attachment":[{"href":"https:\/\/jockyart.de\/en\/wp-json\/wp\/v2\/media?parent=9892"}],"wp:term":[{"taxonomy":"pwb-brand","embeddable":true,"href":"https:\/\/jockyart.de\/en\/wp-json\/wp\/v2\/pwb-brand?post=9892"},{"taxonomy":"product_brand","embeddable":true,"href":"https:\/\/jockyart.de\/en\/wp-json\/wp\/v2\/product_brand?post=9892"},{"taxonomy":"product_cat","embeddable":true,"href":"https:\/\/jockyart.de\/en\/wp-json\/wp\/v2\/product_cat?post=9892"},{"taxonomy":"product_tag","embeddable":true,"href":"https:\/\/jockyart.de\/en\/wp-json\/wp\/v2\/product_tag?post=9892"}],"curies":[{"name":"wp","href":"https:\/\/api.w.org\/{rel}","templated":true}]}}