{"id":9530,"date":"2024-12-19T23:17:41","date_gmt":"2024-12-19T22:17:41","guid":{"rendered":"https:\/\/jockyart.de\/?post_type=product&#038;p=9530"},"modified":"2026-04-08T12:22:03","modified_gmt":"2026-04-08T10:22:03","slug":"jockyart-kunstbuch-jedes-beginnt-mit-einem-kuss-des-himmels","status":"publish","type":"product","link":"https:\/\/jockyart.de\/en\/product\/jockyart-kunstbuch-jedes-beginnt-mit-einem-kuss-des-himmels\/","title":{"rendered":"JockyArt Kunstbuch 01 &#8211; Jedes Bild beginnt mit einem Kuss des Himmels"},"content":{"rendered":"<p><strong>Hardcover<br \/>\nBuch mit geradem R\u00fccken, DIN A5 hoch, Inhalt 52 Seiten, durchgehend farbig,<br \/>\n<\/strong>Format:\u00a0<strong>148 x 210 mm <\/strong>&#8211; Inhalt: 115 g\/m\u00b2 Bilderdruck matt || Umschlag: Hardcover mit Mattfolie (FSC\u00ae select) || Bindung als Fadenheftung<\/p>\n<p><strong>Softcover<br \/>\n<\/strong><strong>DinA5 hoch 14.81 x 0.33 x 21.01 cm (5,83 x 8,27 Zoll) Inhalt 52 Seiten, durchgehend farbig,<br \/>\n<\/strong>Inhalt in Premiumfarbe mit wei\u00dfem Papier<\/p>","protected":false},"excerpt":{"rendered":"<div>\n<p><a href=\"https:\/\/jockyart.de\/wp-content\/uploads\/2025\/01\/JockyArt_Jedes_Bild_Kuss_des_Himmels_Leseprobe.pdf\" target=\"_blank\" rel=\"noopener\"><img loading=\"lazy\" decoding=\"async\" class=\"alignright wp-image-9723\" src=\"https:\/\/jockyart.de\/wp-content\/uploads\/2025\/01\/Leseprobe.png\" alt=\"\" width=\"200\" height=\"50\" srcset=\"https:\/\/i0.wp.com\/jockyart.de\/wp-content\/uploads\/2025\/01\/Leseprobe.png?w=200&amp;ssl=1 200w, https:\/\/i0.wp.com\/jockyart.de\/wp-content\/uploads\/2025\/01\/Leseprobe.png?resize=18%2C5&amp;ssl=1 18w\" sizes=\"auto, (max-width: 200px) 100vw, 200px\" \/><\/a>Dieser Bildband enth\u00e4lt 22 Bilder, die ich mit meinen K\u00fcnstleraquarellstiften (Buntstiften) erstellt habe. Zu jedem Bild gibt es eine kurze Erkl\u00e4rung, was ich mir jeweiils dabei gedacht habe bzw. was mein Eindruck dazu war. Teilweise waren es Auftragsbilder, einige sind w\u00e4hrend Gebets- und Lobpreiszeiten entstanden.<\/p>\n<\/div>\n<div>Ich habe bei jedem Bild gebetet und mir von Gott zeigen lassen, was ich aufs Papier bringen soll. Der Leser wird ermutigt, jedes Werk selbst zu sich sprechen zu lassen und offen f\u00fcr eine Ber\u00fchrung des Heiligen Geistes zu sein.<\/div>\n<div>Viele Betrachter der Buntstiftzeichnungen berichten immer wieder davon, wie tief Gott sie durch die Bilder ber\u00fchrt und teilweise sogar zu Tr\u00e4nen ger\u00fchrt hat, denn <strong>jedes Bild beginnt mit einem Kuss des Himmels!<\/strong><\/div>\n<div><\/div>\n<div>Das Buch ist in 2 Varianten erh\u00e4ltlich. Die hochwertige <strong>Hardcover<\/strong>variante und die immer noch sch\u00f6ne <strong>Softcover<\/strong>variante. Die Softcoverversion wird \u00fcber das kdp-Programm von amazon gedruckt.<br \/>\nIhr k\u00f6nnt diese Variante direkt bei \u25ba <a href=\"https:\/\/www.amazon.de\/dp\/B0DTFHX441\" target=\"_blank\" rel=\"noopener\">amazon<\/a> bestellen. Oder hier im Shop direkt bei mir (hier verdiene ich etwas mehr an dem Buch).<\/div>","protected":false},"featured_media":9535,"comment_status":"open","ping_status":"closed","template":"","meta":{"jetpack_post_was_ever_published":false},"pwb-brand":[],"product_brand":[],"product_cat":[61],"product_tag":[62,56,1142,405,70],"class_list":{"0":"post-9530","1":"product","2":"type-product","3":"status-publish","4":"has-post-thumbnail","6":"product_cat-buch","7":"product_tag-buch","8":"product_tag-buntstift","9":"product_tag-erklaerung","10":"product_tag-kuenstleraquarellstifte","11":"product_tag-prophetische-kunst","12":"product_shipping_class-versandpauschale","14":"first","15":"instock","16":"sale","17":"purchasable","18":"product-type-variable","19":"has-default-attributes"},"jetpack-related-posts":[],"jetpack_sharing_enabled":true,"brands":[],"tiered_pricing_type":"fixed","tiered_pricing_fixed_rules":[],"tiered_pricing_product_settings":{"layout":"default","base_unit_name":{"singular":null,"plural":null},"default_variation":null},"tiered_pricing_minimum_quantity":null,"tiered_pricing_roles_data":[],"tiered_pricing_percentage_rules":[],"_links":{"self":[{"href":"https:\/\/jockyart.de\/en\/wp-json\/wp\/v2\/product\/9530","targetHints":{"allow":["GET"]}}],"collection":[{"href":"https:\/\/jockyart.de\/en\/wp-json\/wp\/v2\/product"}],"about":[{"href":"https:\/\/jockyart.de\/en\/wp-json\/wp\/v2\/types\/product"}],"replies":[{"embeddable":true,"href":"https:\/\/jockyart.de\/en\/wp-json\/wp\/v2\/comments?post=9530"}],"wp:featuredmedia":[{"embeddable":true,"href":"https:\/\/jockyart.de\/en\/wp-json\/wp\/v2\/media\/9535"}],"wp:attachment":[{"href":"https:\/\/jockyart.de\/en\/wp-json\/wp\/v2\/media?parent=9530"}],"wp:term":[{"taxonomy":"pwb-brand","embeddable":true,"href":"https:\/\/jockyart.de\/en\/wp-json\/wp\/v2\/pwb-brand?post=9530"},{"taxonomy":"product_brand","embeddable":true,"href":"https:\/\/jockyart.de\/en\/wp-json\/wp\/v2\/product_brand?post=9530"},{"taxonomy":"product_cat","embeddable":true,"href":"https:\/\/jockyart.de\/en\/wp-json\/wp\/v2\/product_cat?post=9530"},{"taxonomy":"product_tag","embeddable":true,"href":"https:\/\/jockyart.de\/en\/wp-json\/wp\/v2\/product_tag?post=9530"}],"curies":[{"name":"wp","href":"https:\/\/api.w.org\/{rel}","templated":true}]}}