{"id":9409,"date":"2024-12-06T18:17:30","date_gmt":"2024-12-06T17:17:30","guid":{"rendered":"https:\/\/jockyart.de\/?post_type=product&#038;p=9409"},"modified":"2025-02-23T15:54:39","modified_gmt":"2025-02-23T14:54:39","slug":"pruefet-alles-und-das-gute-behaltet-postkarte","status":"publish","type":"product","link":"https:\/\/jockyart.de\/en\/product\/pruefet-alles-und-das-gute-behaltet-postkarte\/","title":{"rendered":"Pr\u00fcfet alles und das Gute behaltet (Postkarte)"},"content":{"rendered":"<p>Postkarte DinA6 (105 x 148 mm)<br \/>\nUncoated paper<\/p>\n<ul>\n<li>Rough and easy to label, ideal for classic designs<\/li>\n<li>Feel: Like a greeting card<\/li>\n<li>St\u00e4rke: 300\u00a0g\/m\u00b2 (Premium)<\/li>\n<\/ul>","protected":false},"excerpt":{"rendered":"<p>Jedes Jahr bringt die Herrnhuter Br\u00fcdergemeine die Losungen heraus, wo es f\u00fcr jeden Tag zwei Bibelverse gibt, die Millionen Christen t\u00e4glich lesen und sich davon inspirieren lassen. Dazu gibt es dann immer auch einen Vers f\u00fcr das ganze Jahr, die sogenannte Jahreslosung: F\u00fcr 20025 ist das &#8222;Pr\u00fcfet alles und das Gute behaltet&#8220; 1. Thess 5, 21<\/p>\n<p>Wir erleben viel gute, aber auch schlimme Dinge im Leben. Das Sch\u00f6ne daran ist, dass Gott uns die F\u00e4higkeit zuspricht das Ganze zu beurteilen und pr\u00fcfen zu k\u00f6nnen. Wir werden aufgefordert, uns nicht um die negativen Dinge zu drehen und daran aufzuh\u00e4ngen. Nein, wir sollen das Gute behalten. Wir d\u00fcrfen das Gute genie\u00dfen, ignorieren das Schlechte nicht, aber m\u00fcssen uns damit nicht aufhalten.<\/p>","protected":false},"featured_media":9411,"comment_status":"open","ping_status":"closed","template":"","meta":[],"pwb-brand":[],"product_brand":[],"product_cat":[67],"product_tag":[1133,1130,1131,91,70,1132],"class_list":{"0":"post-9409","1":"product","2":"type-product","3":"status-publish","4":"has-post-thumbnail","6":"product_cat-postkartena6","7":"product_tag-gut","8":"product_tag-jahreslosung","9":"product_tag-jahreslosung-2025","10":"product_tag-postkarte","11":"product_tag-prophetische-kunst","12":"product_tag-pruefen","13":"product_shipping_class-versandpauschale","15":"first","16":"instock","17":"purchasable","18":"product-type-simple"},"brands":[],"tiered_pricing_type":"fixed","tiered_pricing_fixed_rules":{"5":1.4,"10":1.3,"20":1},"tiered_pricing_product_settings":{"layout":"default","base_unit_name":{"singular":null,"plural":null},"default_variation":null},"tiered_pricing_minimum_quantity":null,"tiered_pricing_roles_data":[],"tiered_pricing_percentage_rules":[],"_links":{"self":[{"href":"https:\/\/jockyart.de\/en\/wp-json\/wp\/v2\/product\/9409","targetHints":{"allow":["GET"]}}],"collection":[{"href":"https:\/\/jockyart.de\/en\/wp-json\/wp\/v2\/product"}],"about":[{"href":"https:\/\/jockyart.de\/en\/wp-json\/wp\/v2\/types\/product"}],"replies":[{"embeddable":true,"href":"https:\/\/jockyart.de\/en\/wp-json\/wp\/v2\/comments?post=9409"}],"wp:featuredmedia":[{"embeddable":true,"href":"https:\/\/jockyart.de\/en\/wp-json\/wp\/v2\/media\/9411"}],"wp:attachment":[{"href":"https:\/\/jockyart.de\/en\/wp-json\/wp\/v2\/media?parent=9409"}],"wp:term":[{"taxonomy":"pwb-brand","embeddable":true,"href":"https:\/\/jockyart.de\/en\/wp-json\/wp\/v2\/pwb-brand?post=9409"},{"taxonomy":"product_brand","embeddable":true,"href":"https:\/\/jockyart.de\/en\/wp-json\/wp\/v2\/product_brand?post=9409"},{"taxonomy":"product_cat","embeddable":true,"href":"https:\/\/jockyart.de\/en\/wp-json\/wp\/v2\/product_cat?post=9409"},{"taxonomy":"product_tag","embeddable":true,"href":"https:\/\/jockyart.de\/en\/wp-json\/wp\/v2\/product_tag?post=9409"}],"curies":[{"name":"wp","href":"https:\/\/api.w.org\/{rel}","templated":true}]}}