{"id":6596,"date":"2023-06-17T23:00:52","date_gmt":"2023-06-17T21:00:52","guid":{"rendered":"https:\/\/jockyart.de\/?post_type=product&#038;p=6596"},"modified":"2024-01-01T00:01:26","modified_gmt":"2023-12-31T23:01:26","slug":"naeher-zur-dir-original","status":"publish","type":"product","link":"https:\/\/jockyart.de\/en\/product\/naeher-zur-dir-original\/","title":{"rendered":"Closer to you! (Original)"},"content":{"rendered":"<p>Before I started my prophetic art with colored pencils, I did it with my fineliners for a few years. When I was younger I made many more drawings with fineliners because these were reproduced with black and white photocopiers.<\/p>\n<p>Facebook zeigt einen ja immer &#8222;Erinnerungen&#8220; an, was man am gleichen Tag Jahre zuvor gepostet hatte. Das weckte in mir den Wunsch wieder mehr mit Finelinern zu erstellen. Als ich wieder einmal meine K\u00fcnstleraquarellstifte nachbestellt habe, nutzte ich die Gelegenheit und habe eine Packung mit besonderen Finelinern dazu gekauft.<\/p>\n<p>As a result, a series of further pictures with fineliners were created. More will of course follow...<\/p>","protected":false},"excerpt":{"rendered":"<p>Here again I created a line drawing with fineliners on dark drawing cardboard, set bright accents with a white artist's watercolor pencil and finally set highlights with a golden Edding paint marker.<\/p>\n<p>Das Bild ist inspiriert von Lothar Kosses Lied &#8222;N\u00e4her zu Dir!&#8220; und dr\u00fcckt die Sehnsucht aus, n\u00e4her zu Jesus zu kommen. Hier ausgedr\u00fcckt durch den Weg und Jesus als die Sonne.<\/p>","protected":false},"featured_media":6597,"comment_status":"open","ping_status":"closed","template":"","meta":[],"pwb-brand":[],"product_brand":[],"product_cat":[909],"product_tag":[950,910,953,949,954,116,951,956,955,952],"class_list":{"0":"post-6596","1":"product","2":"type-product","3":"status-publish","4":"has-post-thumbnail","6":"product_cat-originale-fineliner","7":"product_tag-edding","8":"product_tag-fineliner","9":"product_tag-golden","10":"product_tag-kuenstleraquarellstift","11":"product_tag-naeher","12":"product_tag-original","13":"product_tag-paint-marker","14":"product_tag-sonne","15":"product_tag-strasse","16":"product_tag-weiss","17":"product_shipping_class-versicherter-versand","19":"first","20":"instock","21":"purchasable","22":"product-type-simple"},"brands":[],"tiered_pricing_type":"fixed","tiered_pricing_fixed_rules":[],"tiered_pricing_product_settings":{"layout":"default","base_unit_name":{"singular":null,"plural":null},"default_variation":null},"tiered_pricing_minimum_quantity":null,"tiered_pricing_roles_data":[],"tiered_pricing_percentage_rules":[],"_links":{"self":[{"href":"https:\/\/jockyart.de\/en\/wp-json\/wp\/v2\/product\/6596","targetHints":{"allow":["GET"]}}],"collection":[{"href":"https:\/\/jockyart.de\/en\/wp-json\/wp\/v2\/product"}],"about":[{"href":"https:\/\/jockyart.de\/en\/wp-json\/wp\/v2\/types\/product"}],"replies":[{"embeddable":true,"href":"https:\/\/jockyart.de\/en\/wp-json\/wp\/v2\/comments?post=6596"}],"wp:featuredmedia":[{"embeddable":true,"href":"https:\/\/jockyart.de\/en\/wp-json\/wp\/v2\/media\/6597"}],"wp:attachment":[{"href":"https:\/\/jockyart.de\/en\/wp-json\/wp\/v2\/media?parent=6596"}],"wp:term":[{"taxonomy":"pwb-brand","embeddable":true,"href":"https:\/\/jockyart.de\/en\/wp-json\/wp\/v2\/pwb-brand?post=6596"},{"taxonomy":"product_brand","embeddable":true,"href":"https:\/\/jockyart.de\/en\/wp-json\/wp\/v2\/product_brand?post=6596"},{"taxonomy":"product_cat","embeddable":true,"href":"https:\/\/jockyart.de\/en\/wp-json\/wp\/v2\/product_cat?post=6596"},{"taxonomy":"product_tag","embeddable":true,"href":"https:\/\/jockyart.de\/en\/wp-json\/wp\/v2\/product_tag?post=6596"}],"curies":[{"name":"wp","href":"https:\/\/api.w.org\/{rel}","templated":true}]}}