{"id":4591,"date":"2022-10-21T20:59:31","date_gmt":"2022-10-21T18:59:31","guid":{"rendered":"https:\/\/jockyart.de\/?post_type=product&#038;p=4591"},"modified":"2025-12-21T21:36:29","modified_gmt":"2025-12-21T20:36:29","slug":"tiefstes-herz-leinwand","status":"publish","type":"product","link":"https:\/\/jockyart.de\/en\/product\/tiefstes-herz-leinwand\/","title":{"rendered":"Tiefstes Herz (Leinwand vorr\u00e4tig)"},"content":{"rendered":"<p>Neben den vorr\u00e4tigen Leinw\u00e4nden k\u00f6nnt ihr nat\u00fcrlich das Bild auch in anderen Gr\u00f6\u00dfen bestellen. Auf Wunsch gerne auch mit Rahmen, sprecht mich dazu bitte an. Das muss ich dann nat\u00fcrlich erst beim Hersteller in Auftrag geben.<\/p>\n<p>Andere Reproduktionen als Kunstdruck oder Poster unter &#8222;<a href=\"\/en\/product-category\/prints\/\" target=\"_blank\" rel=\"noopener\">prints<\/a>&#8220; bestellbar.<br \/>\nIf you want a reproduction of pictures that are not listed here, please write to me :).<\/p>\n<p>4 working days delivery time after ordering from the manufacturer of the reproduction.<\/p>","protected":false},"excerpt":{"rendered":"<p>Vor Jahren hatte ich einen prophetischen Eindruck, der mich sehr ber\u00fchrt hat.<\/p>\n<p>There is a place in our heart that is so deep inside that we can't even get there ourselves, that we don't even want to look at it. We're scared of it because we think it's gross, dirty, and ugly. We are ashamed of it and wonder if God even knows this place.<\/p>\n<p>In diesem Eindruck sah ich diesen Ort in Form einer dunklen H\u00f6hle, wo es nur einen ganz kleinen Spalt an die Oberfl\u00e4che und zum Sonnenlicht gab. Hier drang niemals Licht herein. Nur einmal im Jahr, wenn die Sonne eine ganz bestimmte Position am Himmel hatte, konnte ein Lichtstrahl bis zum Boden herunter dringen. So wie in diesen Kathedralen, wo es ein winziges Loch in der Mauer gibt. Wenn die Sonne richtig steht, wie zur Sonnenwende, w\u00fcrde das Licht da hindurchscheinen auf einen bestimmten markierten Platz am Boden.<\/p>\n<p>Und so drang der Lichtstrahl Gottes an den tiefsten Ort meines Herzens, das normalerweise in tiefster Dunkelheit ist. Doch wider Erwarten war es da nicht eklig, stinkig oder schmutzig. Nein, hier wuchs eine wundersch\u00f6ne Rose!<\/p>\n<p>God knows the deepest part of your heart where it hurts. And there is beauty! So don't be afraid of this place!<\/p>","protected":false},"featured_media":11239,"comment_status":"open","ping_status":"closed","template":"","meta":[],"pwb-brand":[],"product_brand":[],"product_cat":[1203],"product_tag":[79,1204,754,70,114,1205,407],"class_list":{"0":"post-4591","1":"product","2":"type-product","3":"status-publish","4":"has-post-thumbnail","6":"product_cat-leinwand-vorraetig","7":"product_tag-herz","8":"product_tag-hoehle","9":"product_tag-leinwand","10":"product_tag-prophetische-kunst","11":"product_tag-rose","12":"product_tag-schmerz","13":"product_tag-schoenheit","14":"product_shipping_class-versandpauschale","16":"first","17":"instock","18":"purchasable","19":"product-type-simple"},"brands":[],"tiered_pricing_type":"fixed","tiered_pricing_fixed_rules":[],"tiered_pricing_product_settings":{"layout":"default","base_unit_name":{"singular":null,"plural":null},"default_variation":null},"tiered_pricing_minimum_quantity":null,"tiered_pricing_roles_data":[],"tiered_pricing_percentage_rules":[],"_links":{"self":[{"href":"https:\/\/jockyart.de\/en\/wp-json\/wp\/v2\/product\/4591","targetHints":{"allow":["GET"]}}],"collection":[{"href":"https:\/\/jockyart.de\/en\/wp-json\/wp\/v2\/product"}],"about":[{"href":"https:\/\/jockyart.de\/en\/wp-json\/wp\/v2\/types\/product"}],"replies":[{"embeddable":true,"href":"https:\/\/jockyart.de\/en\/wp-json\/wp\/v2\/comments?post=4591"}],"wp:featuredmedia":[{"embeddable":true,"href":"https:\/\/jockyart.de\/en\/wp-json\/wp\/v2\/media\/11239"}],"wp:attachment":[{"href":"https:\/\/jockyart.de\/en\/wp-json\/wp\/v2\/media?parent=4591"}],"wp:term":[{"taxonomy":"pwb-brand","embeddable":true,"href":"https:\/\/jockyart.de\/en\/wp-json\/wp\/v2\/pwb-brand?post=4591"},{"taxonomy":"product_brand","embeddable":true,"href":"https:\/\/jockyart.de\/en\/wp-json\/wp\/v2\/product_brand?post=4591"},{"taxonomy":"product_cat","embeddable":true,"href":"https:\/\/jockyart.de\/en\/wp-json\/wp\/v2\/product_cat?post=4591"},{"taxonomy":"product_tag","embeddable":true,"href":"https:\/\/jockyart.de\/en\/wp-json\/wp\/v2\/product_tag?post=4591"}],"curies":[{"name":"wp","href":"https:\/\/api.w.org\/{rel}","templated":true}]}}