{"id":4494,"date":"2022-10-16T20:15:43","date_gmt":"2022-10-16T18:15:43","guid":{"rendered":"https:\/\/jockyart.de\/?post_type=product&#038;p=4494"},"modified":"2025-10-04T06:29:43","modified_gmt":"2025-10-04T04:29:43","slug":"jesus-jesus-you-make-the-darkness-tremble-acrylglas","status":"publish","type":"product","link":"https:\/\/jockyart.de\/en\/product\/jesus-jesus-you-make-the-darkness-tremble-acrylglas\/","title":{"rendered":"Jesus, Jesus, you make the darkness tremble (Acrylic glass)"},"content":{"rendered":"<p>Das Bild hinter Acrylglas verst\u00e4rkt die Tiefensch\u00e4rfe des Gem\u00e4ldes. Selbst feinste Farben werden detailgetreu wiedergegeben; dank der handpolierten 3mm starken Acryloberfl\u00e4che in atemberaubender Intensit\u00e4t.<\/p>\n<ul>\n<li>Kristallklares Acrylglas mit polierten Kanten<\/li>\n<li>Maximale Farbbrillanz<\/li>\n<li>Eindrucksvolle Tiefenwirkung<\/li>\n<\/ul>","protected":false},"excerpt":{"rendered":"<p><!-- wp:paragraph --><br \/>\n<strong>Single piece: 60 x 40cm.<\/strong><\/p>\n<p>The original came about spontaneously during a worship time. In this colored pencils painting I visualized a line from the song \"Tremble\":<br \/>\n<!-- \/wp:paragraph --><\/p>\n<p><!-- wp:table --><\/p>\n<figure class=\"wp-block-table\">\n<table>\n<tbody>\n<tr>\n<td>Jesus, Jesus, You make the darkness tremble<br \/>\nJesus, Jesus, You silence fear<br \/>\nJesus, Jesus, You make the darkness tremble<br \/>\nJesus, Jesus<\/td>\n<td>Jesus, Jesus, Du l\u00e4sst die Dunkelheit ersch\u00fcttern<br \/>\nJesus, Jesus, Du bringst Angst zum Schweigen<br \/>\nJesus, Jesus, Du l\u00e4sst die Dunkelheit ersch\u00fcttern<br \/>\nJesus, Jesus<\/td>\n<\/tr>\n<\/tbody>\n<\/table>\n<\/figure>\n<p><!-- \/wp:table --><\/p>","protected":false},"featured_media":4495,"comment_status":"open","ping_status":"closed","template":"","meta":[],"pwb-brand":[],"product_brand":[],"product_cat":[822],"product_tag":[],"class_list":{"0":"post-4494","1":"product","2":"type-product","3":"status-publish","4":"has-post-thumbnail","6":"product_cat-acrylglas-vorraetig","7":"product_shipping_class-haendler","9":"first","10":"instock","11":"purchasable","12":"product-type-simple"},"brands":[],"tiered_pricing_type":"fixed","tiered_pricing_fixed_rules":[],"tiered_pricing_product_settings":{"layout":"default","base_unit_name":{"singular":null,"plural":null},"default_variation":null},"tiered_pricing_minimum_quantity":null,"tiered_pricing_roles_data":[],"tiered_pricing_percentage_rules":[],"_links":{"self":[{"href":"https:\/\/jockyart.de\/en\/wp-json\/wp\/v2\/product\/4494","targetHints":{"allow":["GET"]}}],"collection":[{"href":"https:\/\/jockyart.de\/en\/wp-json\/wp\/v2\/product"}],"about":[{"href":"https:\/\/jockyart.de\/en\/wp-json\/wp\/v2\/types\/product"}],"replies":[{"embeddable":true,"href":"https:\/\/jockyart.de\/en\/wp-json\/wp\/v2\/comments?post=4494"}],"wp:featuredmedia":[{"embeddable":true,"href":"https:\/\/jockyart.de\/en\/wp-json\/wp\/v2\/media\/4495"}],"wp:attachment":[{"href":"https:\/\/jockyart.de\/en\/wp-json\/wp\/v2\/media?parent=4494"}],"wp:term":[{"taxonomy":"pwb-brand","embeddable":true,"href":"https:\/\/jockyart.de\/en\/wp-json\/wp\/v2\/pwb-brand?post=4494"},{"taxonomy":"product_brand","embeddable":true,"href":"https:\/\/jockyart.de\/en\/wp-json\/wp\/v2\/product_brand?post=4494"},{"taxonomy":"product_cat","embeddable":true,"href":"https:\/\/jockyart.de\/en\/wp-json\/wp\/v2\/product_cat?post=4494"},{"taxonomy":"product_tag","embeddable":true,"href":"https:\/\/jockyart.de\/en\/wp-json\/wp\/v2\/product_tag?post=4494"}],"curies":[{"name":"wp","href":"https:\/\/api.w.org\/{rel}","templated":true}]}}