{"id":2160,"date":"2022-05-16T19:18:44","date_gmt":"2022-05-16T17:18:44","guid":{"rendered":"https:\/\/jockyart.de\/?post_type=product&#038;p=2160"},"modified":"2023-09-11T20:13:38","modified_gmt":"2023-09-11T18:13:38","slug":"feuer-des-geistes","status":"publish","type":"product","link":"https:\/\/jockyart.de\/en\/product\/feuer-des-geistes\/","title":{"rendered":"Fire of the Spirit (original)"},"content":{"rendered":"<p>I have created a large number of paintings that were not commissioned paintings. Mostly they were created in a time of worship or prayer and have a prophetic meaning.<\/p>\n<p>I have posted some of these originals here. There are many more that I will gradually add here.<br \/>\nFeel free to browse through my <strong>Galleries<\/strong> and see, if you want to buy one of those <strong>pictures<\/strong> .<br \/>\nPlease contact me even if this picture is not listed here yet.<\/p>\n<p>If you like I write a <strong>personal dedication<\/strong> to it.<\/p>\n<p>In the galleries on <a href=\"https:\/\/www.jocky.de\" target=\"_blank\" rel=\"noopener\">Jocky.de<\/a> you can browse throough all of my paintings: <a href=\"https:\/\/www.jocky.de\/meine-arbeiten\/bilder\/\" target=\"_blank\" rel=\"noopener\">click<\/a><br \/>\nMostly there will be an own blog posting, where you will find more details about the picture.<\/p>","protected":false},"excerpt":{"rendered":"<p>During one of my last visits to the <strong>House of Prayer Munich<\/strong> habe ich mit diesem neuen spontanen prophetischen Bild begonnen. Noch bevor ich das Thema des Abends wusste, ging dieses Bild schon in Richtung der Feuerflamme. Sp\u00e4ter wurde dann f\u00fcr ein Schwerpunktthema des hiesigen Gebetshauses gebetet: n\u00e4mlich f\u00fcr feurige Herzen.<\/p>\n<p>\u00a9 Copyright 2022 by <em><a href=\"https:\/\/www.jocky.de\/\" target=\"_blank\" rel=\"noopener noreferrer\">Jocky.de<\/a><\/em><\/p>","protected":false},"featured_media":2161,"comment_status":"open","ping_status":"closed","template":"","meta":{"jetpack_post_was_ever_published":false},"pwb-brand":[],"product_brand":[],"product_cat":[68],"product_tag":[123,109,511,510,492,405,116,70,32],"class_list":{"0":"post-2160","1":"product","2":"type-product","3":"status-publish","4":"has-post-thumbnail","6":"product_cat-originale","7":"product_tag-bunststift","8":"product_tag-feuer","9":"product_tag-flamme","10":"product_tag-gebetshaus-muenchen","11":"product_tag-geist","12":"product_tag-kuenstleraquarellstifte","13":"product_tag-original","14":"product_tag-prophetische-kunst","15":"product_tag-wasser","16":"product_shipping_class-versicherter-versand","18":"first","19":"instock","20":"sale","21":"purchasable","22":"product-type-simple"},"jetpack-related-posts":[],"jetpack_sharing_enabled":true,"brands":[],"tiered_pricing_type":"fixed","tiered_pricing_fixed_rules":[],"tiered_pricing_product_settings":{"layout":"default","base_unit_name":{"singular":null,"plural":null},"default_variation":null},"tiered_pricing_minimum_quantity":null,"tiered_pricing_roles_data":[],"tiered_pricing_percentage_rules":[],"_links":{"self":[{"href":"https:\/\/jockyart.de\/en\/wp-json\/wp\/v2\/product\/2160","targetHints":{"allow":["GET"]}}],"collection":[{"href":"https:\/\/jockyart.de\/en\/wp-json\/wp\/v2\/product"}],"about":[{"href":"https:\/\/jockyart.de\/en\/wp-json\/wp\/v2\/types\/product"}],"replies":[{"embeddable":true,"href":"https:\/\/jockyart.de\/en\/wp-json\/wp\/v2\/comments?post=2160"}],"wp:featuredmedia":[{"embeddable":true,"href":"https:\/\/jockyart.de\/en\/wp-json\/wp\/v2\/media\/2161"}],"wp:attachment":[{"href":"https:\/\/jockyart.de\/en\/wp-json\/wp\/v2\/media?parent=2160"}],"wp:term":[{"taxonomy":"pwb-brand","embeddable":true,"href":"https:\/\/jockyart.de\/en\/wp-json\/wp\/v2\/pwb-brand?post=2160"},{"taxonomy":"product_brand","embeddable":true,"href":"https:\/\/jockyart.de\/en\/wp-json\/wp\/v2\/product_brand?post=2160"},{"taxonomy":"product_cat","embeddable":true,"href":"https:\/\/jockyart.de\/en\/wp-json\/wp\/v2\/product_cat?post=2160"},{"taxonomy":"product_tag","embeddable":true,"href":"https:\/\/jockyart.de\/en\/wp-json\/wp\/v2\/product_tag?post=2160"}],"curies":[{"name":"wp","href":"https:\/\/api.w.org\/{rel}","templated":true}]}}