{"id":211,"date":"2022-03-31T22:20:01","date_gmt":"2022-03-31T20:20:01","guid":{"rendered":"https:\/\/jockyart.de\/?post_type=product&#038;p=211"},"modified":"2026-04-20T19:47:59","modified_gmt":"2026-04-20T17:47:59","slug":"persoenliches-bild","status":"publish","type":"product","link":"https:\/\/jockyart.de\/en\/product\/persoenliches-bild\/","title":{"rendered":"Personal Painting"},"content":{"rendered":"<p><strong>Letter of acceptance<\/strong><br \/>\nThe following mutual declaration of consent applies to the process of such a commission: <a href=\"\/en\/shop\/einverstaendniserklaerung-fuer-persoenliche-prophetische-auftragsbilder\/\" target=\"_blank\" rel=\"noopener noreferrer\">\u00a0click<\/a><\/p>\n<p><strong>Examples<\/strong><br \/>\nHere are some examples to give you inspiration of what is possible...<\/p>\n<table border=\"0\" width=\"560\" cellspacing=\"5\" cellpadding=\"0\">\n<tbody>\n<tr>\n<td><img decoding=\"async\" class=\"aligncenter\" style=\"width: 200px; height: 133px;\" title=\"Colored pencil\" src=\"https:\/\/jockyart.de\/wp-content\/uploads\/2022\/05\/Thumbs_ColoredPencils_01.png\" alt=\"Buntstift\" \/><\/td>\n<td><img decoding=\"async\" class=\"aligncenter\" style=\"width: 200px; height: 133px;\" title=\"Colored pencil\" src=\"https:\/\/jockyart.de\/wp-content\/uploads\/2022\/05\/Thumbs_ColoredPencils_02.png\" alt=\"Buntstift\" \/><\/td>\n<\/tr>\n<tr>\n<td><img decoding=\"async\" class=\"aligncenter\" style=\"width: 200px; height: 133px;\" title=\"Pencil\" src=\"https:\/\/jockyart.de\/wp-content\/uploads\/2022\/05\/Thumbs_Pencil.png\" alt=\"Bleistift\" \/><\/td>\n<td><img decoding=\"async\" class=\"aligncenter\" style=\"width: 200px; height: 133px;\" title=\"fineliners\" src=\"https:\/\/jockyart.de\/wp-content\/uploads\/2022\/05\/Thumbs_Persoenlich_Fineliner_01.png\" alt=\"Fineliner\" \/><\/td>\n<\/tr>\n<tr>\n<td><img decoding=\"async\" class=\"aligncenter\" style=\"width: 200px; height: 133px;\" title=\"Comic\" src=\"https:\/\/jockyart.de\/wp-content\/uploads\/2022\/03\/Thumbs_Persoenlich_Comic_02.png\" alt=\"Comic\" \/><\/td>\n<td><img decoding=\"async\" class=\"aligncenter\" style=\"width: 200px; height: 133px;\" title=\"Comic\" src=\"https:\/\/jockyart.de\/wp-content\/uploads\/2022\/03\/Thumbs_Persoenlich_Comic_01.png\" alt=\"Comic\" \/><\/td>\n<\/tr>\n<tr>\n<td><img decoding=\"async\" class=\"aligncenter\" style=\"width: 200px; height: 133px;\" title=\"Wandbild\" src=\"https:\/\/jockyart.de\/wp-content\/uploads\/2022\/05\/Thumbs_Wallpainting_02.png\" alt=\"Wandbild\" \/><\/td>\n<td><img decoding=\"async\" class=\"aligncenter\" style=\"width: 200px; height: 133px;\" title=\"Wandbild\" src=\"https:\/\/jockyart.de\/wp-content\/uploads\/2022\/05\/Thumbs_Wallpainting_01.png\" alt=\"Wandbild\" \/><\/td>\n<\/tr>\n<tr>\n<td><img decoding=\"async\" class=\"aligncenter\" style=\"width: 200px; height: 133px;\" title=\"Buchumschlag\" src=\"https:\/\/jockyart.de\/wp-content\/uploads\/2022\/05\/Thumbs_Bookcover.png\" alt=\"Buchumschlag\" \/><\/td>\n<td><img decoding=\"async\" class=\"aligncenter\" style=\"width: 200px; height: 133px;\" title=\"\u00d6lkreide\" src=\"https:\/\/jockyart.de\/wp-content\/uploads\/2022\/05\/Thumbs_Oilcrayon_02.png\" alt=\"\u00d6lkreide\" \/><\/td>\n<\/tr>\n<tr>\n<td><img loading=\"lazy\" decoding=\"async\" class=\"aligncenter\" style=\"width: 200px; height: 133px;\" title=\"\u00d6lkreide\" src=\"https:\/\/jockyart.de\/wp-content\/uploads\/2022\/05\/Thumbs_Oilcrayon_01.png\" alt=\"\u00d6lkreide\" width=\"500\" height=\"333\" \/><\/td>\n<td><\/td>\n<\/tr>\n<\/tbody>\n<\/table>","protected":false},"excerpt":{"rendered":"<p>Gerne fertige ich euch ein ganz pers\u00f6nliches Bild f\u00fcr euch oder eure Freunde an. In letzter Zeit bitten mich sehr viele Leute f\u00fcr sie zu beten und Gott zu fragen, was Er Ihnen sagen m\u00f6chte. Den Eindruck, den ich dann von Jesus empfange, setze ich dann als prophetisches Bild um.<\/p>\n<p>Of course, completely different content is also possible. I would be happy to create your <strong>favourite bible verse<\/strong>, an important <strong>personal prophetic word<\/strong> or a <strong>dream<\/strong> as a painting. Of course you can ask me for any other <strong>desired motive<\/strong> to do for you.<\/p>\n<p>I'm working a lot at the moment with <strong>K\u00fcnstleraquarellstiften (Buntstiften)<\/strong>, but also with <strong>oil- and pastel crayons<\/strong> or other <strong>techniques<\/strong> are conceivable. Please contact me about this.<\/p>\n<p><strong>Order process:<\/strong><br \/>\n<a href=\"https:\/\/www.jocky.de\/meine-arbeiten\/was-kostet-ein-bild-bei-mir\/\" target=\"_blank\" rel=\"noreferrer noopener\">Here<\/a> you can find more details, costs and the process of such an order: <a href=\"\/en\/shop\/ablauf-eines-prophetischen-auftragsbildes\/\" target=\"_blank\" rel=\"noopener\">click<\/a><\/p>","protected":false},"featured_media":372,"comment_status":"open","ping_status":"closed","template":"","meta":[],"pwb-brand":[],"product_brand":[],"product_cat":[69],"product_tag":[72,71,116,70],"class_list":{"0":"post-211","1":"product","2":"type-product","3":"status-publish","4":"has-post-thumbnail","6":"product_cat-persoenlbild","7":"product_tag-auftragsbild","8":"product_tag-bunsttift","9":"product_tag-original","10":"product_tag-prophetische-kunst","11":"product_shipping_class-versicherter-versand","13":"first","14":"instock","15":"purchasable","16":"product-type-variable"},"brands":[],"tiered_pricing_type":"fixed","tiered_pricing_fixed_rules":[],"tiered_pricing_product_settings":{"layout":"default","base_unit_name":{"singular":null,"plural":null},"default_variation":null},"tiered_pricing_minimum_quantity":null,"tiered_pricing_roles_data":[],"tiered_pricing_percentage_rules":[],"_links":{"self":[{"href":"https:\/\/jockyart.de\/en\/wp-json\/wp\/v2\/product\/211","targetHints":{"allow":["GET"]}}],"collection":[{"href":"https:\/\/jockyart.de\/en\/wp-json\/wp\/v2\/product"}],"about":[{"href":"https:\/\/jockyart.de\/en\/wp-json\/wp\/v2\/types\/product"}],"replies":[{"embeddable":true,"href":"https:\/\/jockyart.de\/en\/wp-json\/wp\/v2\/comments?post=211"}],"wp:featuredmedia":[{"embeddable":true,"href":"https:\/\/jockyart.de\/en\/wp-json\/wp\/v2\/media\/372"}],"wp:attachment":[{"href":"https:\/\/jockyart.de\/en\/wp-json\/wp\/v2\/media?parent=211"}],"wp:term":[{"taxonomy":"pwb-brand","embeddable":true,"href":"https:\/\/jockyart.de\/en\/wp-json\/wp\/v2\/pwb-brand?post=211"},{"taxonomy":"product_brand","embeddable":true,"href":"https:\/\/jockyart.de\/en\/wp-json\/wp\/v2\/product_brand?post=211"},{"taxonomy":"product_cat","embeddable":true,"href":"https:\/\/jockyart.de\/en\/wp-json\/wp\/v2\/product_cat?post=211"},{"taxonomy":"product_tag","embeddable":true,"href":"https:\/\/jockyart.de\/en\/wp-json\/wp\/v2\/product_tag?post=211"}],"curies":[{"name":"wp","href":"https:\/\/api.w.org\/{rel}","templated":true}]}}