{"id":1753,"date":"2022-04-21T11:26:30","date_gmt":"2022-04-21T09:26:30","guid":{"rendered":"https:\/\/jockyart.de\/?post_type=product&#038;p=1753"},"modified":"2022-11-11T19:18:51","modified_gmt":"2022-11-11T18:18:51","slug":"feuerkrone","status":"publish","type":"product","link":"https:\/\/jockyart.de\/en\/product\/feuerkrone\/","title":{"rendered":"Crown of Fire (art print)"},"content":{"rendered":"<p>This is a beautiful art print:<br \/>\n<strong>Premium Poster Fine Art Matt 20 x 30 cm.<\/strong><br \/>\nThe image is printed on high-quality cardstock, similar to the original paper of the colored pencil drawing.<\/p>","protected":false},"excerpt":{"rendered":"<p>Das <a href=\"https:\/\/www.jocky.de\/2018\/05\/20\/prophetische-kunst-feuerkrone\/\" target=\"_blank\" rel=\"noreferrer noopener\">Original<\/a>\u00a0dieses Bildes entstand an einem Pfingstsonntag beim Lobpreis im Gottesdienst. Ich dachte ich an die feurigen Zungen, die sich auf die J\u00fcnger gelegt hatten als sie mit dem Heiligen Geist, mit Feuer und mit Kraft erf\u00fcllt wurden.<\/p>\n<blockquote class=\"wp-block-quote\"><p>\u201eIch taufe euch mit Wasser zur Bu\u00dfe; der aber nach mir kommt, ist st\u00e4rker als ich, [\u2026]; der wird euch mit dem Heiligen Geist und mit Feuer taufen.\u201c<br \/>\n<strong>Matth\u00e4us 3, 11<\/strong><\/p>\n<p>\u201eAber ihr werdet die Kraft des Heiligen Geistes empfangen, der auf euch kommen wird.\u201c<br \/>\n<strong>Apostelgeschichte 1, 8<\/strong><\/p>\n<p>\u201eUnd es erschienen ihnen Zungen, zerteilt und wie von Feuer, und setzten sich auf einen jeden von ihnen, und sie wurden alle erf\u00fcllt von dem Heiligen Geist und fingen an zu predigen in andern Sprachen, wie der Geist ihnen zu reden eingab.\u201c<br \/>\n<strong>Apostelgeschichte 2, 3 + 5<\/strong><\/p>\n<p>\u201eIhr aber seid ein auserw\u00e4hltes Geschlecht, ein k\u00f6nigliches Priestertum, ein heiliges Volk, ein Volk des Eigentums, damit ihr die Tugenden dessen verk\u00fcndet, der euch aus der Finsternis berufen hat zu seinem wunderbaren Licht\u201c<br \/>\n<strong>1. Petrus 2, 9<\/strong><\/p><\/blockquote>\n<p>So sch\u00f6n, dass Christsein kein langweiliger Glaube ist. Nein, Gott erf\u00fcllt uns mit der Kraft und dem Feuer des Heiligen Geistes, damit wir der Welt bezeugen, dass Er aus der Finsternis herausholt hinein in sein wunderbares Licht!<\/p>\n","protected":false},"featured_media":1755,"comment_status":"open","ping_status":"closed","template":"","meta":[],"pwb-brand":[],"product_brand":[],"product_cat":[21],"product_tag":[56,109,452,22,405,451,70],"class_list":{"0":"post-1753","1":"product","2":"type-product","3":"status-publish","4":"has-post-thumbnail","6":"product_cat-kunstdrucke","7":"product_tag-buntstift","8":"product_tag-feuer","9":"product_tag-krone","10":"product_tag-kunstdrucke","11":"product_tag-kuenstleraquarellstifte","12":"product_tag-pfingsten","13":"product_tag-prophetische-kunst","15":"first","16":"instock","17":"sale","18":"purchasable","19":"product-type-simple"},"brands":[],"tiered_pricing_type":"fixed","tiered_pricing_fixed_rules":[],"tiered_pricing_product_settings":{"layout":"default","base_unit_name":{"singular":null,"plural":null},"default_variation":null},"tiered_pricing_minimum_quantity":null,"tiered_pricing_roles_data":[],"tiered_pricing_percentage_rules":[],"_links":{"self":[{"href":"https:\/\/jockyart.de\/en\/wp-json\/wp\/v2\/product\/1753","targetHints":{"allow":["GET"]}}],"collection":[{"href":"https:\/\/jockyart.de\/en\/wp-json\/wp\/v2\/product"}],"about":[{"href":"https:\/\/jockyart.de\/en\/wp-json\/wp\/v2\/types\/product"}],"replies":[{"embeddable":true,"href":"https:\/\/jockyart.de\/en\/wp-json\/wp\/v2\/comments?post=1753"}],"wp:featuredmedia":[{"embeddable":true,"href":"https:\/\/jockyart.de\/en\/wp-json\/wp\/v2\/media\/1755"}],"wp:attachment":[{"href":"https:\/\/jockyart.de\/en\/wp-json\/wp\/v2\/media?parent=1753"}],"wp:term":[{"taxonomy":"pwb-brand","embeddable":true,"href":"https:\/\/jockyart.de\/en\/wp-json\/wp\/v2\/pwb-brand?post=1753"},{"taxonomy":"product_brand","embeddable":true,"href":"https:\/\/jockyart.de\/en\/wp-json\/wp\/v2\/product_brand?post=1753"},{"taxonomy":"product_cat","embeddable":true,"href":"https:\/\/jockyart.de\/en\/wp-json\/wp\/v2\/product_cat?post=1753"},{"taxonomy":"product_tag","embeddable":true,"href":"https:\/\/jockyart.de\/en\/wp-json\/wp\/v2\/product_tag?post=1753"}],"curies":[{"name":"wp","href":"https:\/\/api.w.org\/{rel}","templated":true}]}}