{"id":159,"date":"2022-03-31T17:01:08","date_gmt":"2022-03-31T15:01:08","guid":{"rendered":"https:\/\/jockyart.de\/?post_type=product&#038;p=159"},"modified":"2026-04-20T19:45:39","modified_gmt":"2026-04-20T17:45:39","slug":"grusskarte-der-herr-ist-auferstanden","status":"publish","type":"product","link":"https:\/\/jockyart.de\/en\/product\/grusskarte-der-herr-ist-auferstanden\/","title":{"rendered":"The Lord is Risen! (greeting card)"},"content":{"rendered":"<p>There are grooved folding cards, DIN A6 portrait format, printed on 4 sides on 300 g\/m\u00b2 photo paper. Each card comes with a neutral DIN C6 envelope.<\/p>","protected":false},"excerpt":{"rendered":"<p>This is my Easter greeting card. On the front my Easter motif \"<a href=\"https:\/\/www.jocky.de\/2017\/05\/07\/prophetische-kunst-sonrise\/\" target=\"_blank\" rel=\"noopener noreferrer\"><em>Sonrise<\/em><\/a>\" with the saying \"<em>The Lord is Risen!<\/em>\u201c und innen das Bildmotiv noch sehr abgeschw\u00e4cht mit den weiterf\u00fchrenden Worten des traditionellen Ostergru\u00dfes<br \/>\n\u201e<em>He is risen indeed (German)!<\/em>\" and the words of the angel out of Luke 24, 5 + 6<\/p>","protected":false},"featured_media":160,"comment_status":"open","ping_status":"closed","template":"","meta":[],"pwb-brand":[],"product_brand":[],"product_cat":[51],"product_tag":[56,55,52,54,53],"class_list":{"0":"post-159","1":"product","2":"type-product","3":"status-publish","4":"has-post-thumbnail","6":"product_cat-grusskarten","7":"product_tag-buntstift","8":"product_tag-der-herr-ist-auferstand","9":"product_tag-grusskarte","10":"product_tag-leeres-grab","11":"product_tag-ostern","13":"first","14":"instock","15":"purchasable","16":"product-type-simple"},"brands":[],"tiered_pricing_type":"fixed","tiered_pricing_fixed_rules":{"5":1.9,"10":1.8,"20":1.7},"tiered_pricing_product_settings":{"layout":"default","base_unit_name":{"singular":null,"plural":null},"default_variation":null},"tiered_pricing_minimum_quantity":null,"tiered_pricing_roles_data":[],"tiered_pricing_percentage_rules":[],"_links":{"self":[{"href":"https:\/\/jockyart.de\/en\/wp-json\/wp\/v2\/product\/159","targetHints":{"allow":["GET"]}}],"collection":[{"href":"https:\/\/jockyart.de\/en\/wp-json\/wp\/v2\/product"}],"about":[{"href":"https:\/\/jockyart.de\/en\/wp-json\/wp\/v2\/types\/product"}],"replies":[{"embeddable":true,"href":"https:\/\/jockyart.de\/en\/wp-json\/wp\/v2\/comments?post=159"}],"wp:featuredmedia":[{"embeddable":true,"href":"https:\/\/jockyart.de\/en\/wp-json\/wp\/v2\/media\/160"}],"wp:attachment":[{"href":"https:\/\/jockyart.de\/en\/wp-json\/wp\/v2\/media?parent=159"}],"wp:term":[{"taxonomy":"pwb-brand","embeddable":true,"href":"https:\/\/jockyart.de\/en\/wp-json\/wp\/v2\/pwb-brand?post=159"},{"taxonomy":"product_brand","embeddable":true,"href":"https:\/\/jockyart.de\/en\/wp-json\/wp\/v2\/product_brand?post=159"},{"taxonomy":"product_cat","embeddable":true,"href":"https:\/\/jockyart.de\/en\/wp-json\/wp\/v2\/product_cat?post=159"},{"taxonomy":"product_tag","embeddable":true,"href":"https:\/\/jockyart.de\/en\/wp-json\/wp\/v2\/product_tag?post=159"}],"curies":[{"name":"wp","href":"https:\/\/api.w.org\/{rel}","templated":true}]}}