{"id":11166,"date":"2025-10-12T20:00:34","date_gmt":"2025-10-12T18:00:34","guid":{"rendered":"https:\/\/jockyart.de\/?post_type=product&#038;p=11166"},"modified":"2026-04-01T22:29:40","modified_gmt":"2026-04-01T20:29:40","slug":"das-fliegende-schaukelpferd-grusskarte","status":"publish","type":"product","link":"https:\/\/jockyart.de\/en\/product\/das-fliegende-schaukelpferd-grusskarte\/","title":{"rendered":"Das fliegende Schaukelpferd (Gru\u00dfkarte)"},"content":{"rendered":"<div class=\"swan-font-skin-body-small swan-text-color-subtle\">Falzart: Mit Falz (Druck auf Vorder-, R\u00fcck- und Innenseite), Gr\u00f6\u00dfe: 14,8 x 10,5 cm (A6), Papiersorte: Standard-Mattpapier<\/div>","protected":false},"excerpt":{"rendered":"<p>Als ich die Bedeutung dieses niedlichen Bildes empfing, war ich selbst tief ber\u00fchrt. Jetzt gibt es endlich eine Gru\u00dfkarte davon:<br \/>\n&#8222;Das Schaukelpferd steht f\u00fcr unsere Kindheit, unsere Kindheitstr\u00e4ume. Hier haben wir noch gro\u00df getr\u00e4umt. Alles war m\u00f6glich!<\/p>\n<p>Dann hat man sie uns ausgeredet, wir standen uns selber im Weg, haben Fehler gemacht oder den Glauben an uns verloren. Das Schaukelpferd hat keine Beine und kommt nicht vorw\u00e4rts. Das sind die Hindernisse, unsere Zweifel. Wir schauen auf die Tatsachen und fragen: \u201eWie soll das denn jemals gehen? Wir haben ja keine Beine!\u201c<\/p>\n<p>Doch dann kommt Jesus und gibt uns Fl\u00fcgel! Auf einmal werden Dinge m\u00f6glich, die mit Beinen niemals geklappt h\u00e4tten. Jesus nimmt uns in die \u00fcbernat\u00fcrliche Dimension mit hinein und l\u00e4sst Tr\u00e4ume auf einmal wahr werden!&#8220;<\/p>\n<p>Eine wunderbare Karte, um andere zu ermutigen!<\/p>","protected":false},"featured_media":11172,"comment_status":"open","ping_status":"closed","template":"","meta":{"jetpack_post_was_ever_published":false},"pwb-brand":[],"product_brand":[],"product_cat":[51],"product_tag":[1083,411,52,1191,1192,88],"class_list":{"0":"post-11166","1":"product","2":"type-product","3":"status-publish","4":"has-post-thumbnail","6":"product_cat-grusskarten","7":"product_tag-fliegen","8":"product_tag-fluegel","9":"product_tag-grusskarte","10":"product_tag-kindheit","11":"product_tag-schaukelpferd","12":"product_tag-traeume","14":"first","15":"instock","16":"purchasable","17":"product-type-simple"},"jetpack-related-posts":[],"jetpack_sharing_enabled":true,"brands":[],"tiered_pricing_type":"fixed","tiered_pricing_fixed_rules":{"5":1.9,"10":1.8,"20":1.7},"tiered_pricing_product_settings":{"layout":"default","base_unit_name":{"singular":null,"plural":null},"default_variation":null},"tiered_pricing_minimum_quantity":null,"tiered_pricing_roles_data":[],"tiered_pricing_percentage_rules":[],"_links":{"self":[{"href":"https:\/\/jockyart.de\/en\/wp-json\/wp\/v2\/product\/11166","targetHints":{"allow":["GET"]}}],"collection":[{"href":"https:\/\/jockyart.de\/en\/wp-json\/wp\/v2\/product"}],"about":[{"href":"https:\/\/jockyart.de\/en\/wp-json\/wp\/v2\/types\/product"}],"replies":[{"embeddable":true,"href":"https:\/\/jockyart.de\/en\/wp-json\/wp\/v2\/comments?post=11166"}],"wp:featuredmedia":[{"embeddable":true,"href":"https:\/\/jockyart.de\/en\/wp-json\/wp\/v2\/media\/11172"}],"wp:attachment":[{"href":"https:\/\/jockyart.de\/en\/wp-json\/wp\/v2\/media?parent=11166"}],"wp:term":[{"taxonomy":"pwb-brand","embeddable":true,"href":"https:\/\/jockyart.de\/en\/wp-json\/wp\/v2\/pwb-brand?post=11166"},{"taxonomy":"product_brand","embeddable":true,"href":"https:\/\/jockyart.de\/en\/wp-json\/wp\/v2\/product_brand?post=11166"},{"taxonomy":"product_cat","embeddable":true,"href":"https:\/\/jockyart.de\/en\/wp-json\/wp\/v2\/product_cat?post=11166"},{"taxonomy":"product_tag","embeddable":true,"href":"https:\/\/jockyart.de\/en\/wp-json\/wp\/v2\/product_tag?post=11166"}],"curies":[{"name":"wp","href":"https:\/\/api.w.org\/{rel}","templated":true}]}}