{"id":11137,"date":"2025-07-22T20:46:59","date_gmt":"2025-07-22T18:46:59","guid":{"rendered":"https:\/\/jockyart.de\/?post_type=product&#038;p=11137"},"modified":"2026-04-20T19:48:30","modified_gmt":"2026-04-20T17:48:30","slug":"spontanes-auftragsbild","status":"publish","type":"product","link":"https:\/\/jockyart.de\/en\/product\/spontanes-auftragsbild\/","title":{"rendered":"Spontanes Auftragsbild"},"content":{"rendered":"<p><strong>Letter of acceptance<\/strong><br \/>\nThe following mutual declaration of consent applies to the process of such a commission: <a href=\"\/en\/shop\/einverstaendniserklaerung-fuer-persoenliche-prophetische-auftragsbilder\/\" target=\"_blank\" rel=\"noopener noreferrer\">\u00a0click<\/a><br \/>\n(einziger Unterschied, dass das Bild spontan entsteht und ich maximal 1 &#8211; 3 Stunde daran arbeite)<\/p>","protected":false},"excerpt":{"rendered":"<p>Mit diesem Produkt gebe ich euch die M\u00f6glichkeit an ein pers\u00f6nliches prophetisches Auftragsbild zu kommen, wenn ihr nicht das Geld f\u00fcr das normale investieren wollt oder k\u00f6nnt.<br \/>\nF\u00fcr das Standardbild bete ich teilweise wochenlang, um einen soliden Eindruck vom Heiligen Geist f\u00fcr euch zu bekommen. F\u00fcr die Umsetzung nehme ich mir dort dann auch viel Zeit (ca. 10h).<\/p>\n<p>Bei dem kleinen Auftragsbild gehe ich in eine Lobpreiszeit und setze dann das sehr spontan um, was ich da empfange. Da ich hier nicht lange ins Gebet gehen kann, gibt es auch keine Garantie, was dabei herauskommt. Ich werde auch nicht stundenlang damit verbringen, an dem Bild zu feilen. In \u00dcbungen, wo nur kurz Zeit war, waren die anderen oft erstaunt, was ich in dieser Zeit bewerkstelligt habe. Ihr d\u00fcrft euch also trotzdem auf ein tolles Bild von mir freuen. Der Heilige Geist ist ja auch in der Lage, schnell zu sprechen.<\/p>\n<p>Format: DINA 4<\/p>","protected":false},"featured_media":11148,"comment_status":"open","ping_status":"closed","template":"","meta":{"jetpack_post_was_ever_published":false},"pwb-brand":[],"product_brand":[],"product_cat":[69],"product_tag":[72,71,1189,116,70,1190],"class_list":{"0":"post-11137","1":"product","2":"type-product","3":"status-publish","4":"has-post-thumbnail","6":"product_cat-persoenlbild","7":"product_tag-auftragsbild","8":"product_tag-bunsttift","9":"product_tag-klein","10":"product_tag-original","11":"product_tag-prophetische-kunst","12":"product_tag-spontan","13":"product_shipping_class-versandpauschale","15":"first","16":"instock","17":"purchasable","18":"product-type-simple"},"jetpack-related-posts":[],"jetpack_sharing_enabled":true,"brands":[],"tiered_pricing_type":"fixed","tiered_pricing_fixed_rules":[],"tiered_pricing_product_settings":{"layout":"default","base_unit_name":{"singular":null,"plural":null},"default_variation":null},"tiered_pricing_minimum_quantity":null,"tiered_pricing_roles_data":[],"tiered_pricing_percentage_rules":[],"_links":{"self":[{"href":"https:\/\/jockyart.de\/en\/wp-json\/wp\/v2\/product\/11137","targetHints":{"allow":["GET"]}}],"collection":[{"href":"https:\/\/jockyart.de\/en\/wp-json\/wp\/v2\/product"}],"about":[{"href":"https:\/\/jockyart.de\/en\/wp-json\/wp\/v2\/types\/product"}],"replies":[{"embeddable":true,"href":"https:\/\/jockyart.de\/en\/wp-json\/wp\/v2\/comments?post=11137"}],"wp:featuredmedia":[{"embeddable":true,"href":"https:\/\/jockyart.de\/en\/wp-json\/wp\/v2\/media\/11148"}],"wp:attachment":[{"href":"https:\/\/jockyart.de\/en\/wp-json\/wp\/v2\/media?parent=11137"}],"wp:term":[{"taxonomy":"pwb-brand","embeddable":true,"href":"https:\/\/jockyart.de\/en\/wp-json\/wp\/v2\/pwb-brand?post=11137"},{"taxonomy":"product_brand","embeddable":true,"href":"https:\/\/jockyart.de\/en\/wp-json\/wp\/v2\/product_brand?post=11137"},{"taxonomy":"product_cat","embeddable":true,"href":"https:\/\/jockyart.de\/en\/wp-json\/wp\/v2\/product_cat?post=11137"},{"taxonomy":"product_tag","embeddable":true,"href":"https:\/\/jockyart.de\/en\/wp-json\/wp\/v2\/product_tag?post=11137"}],"curies":[{"name":"wp","href":"https:\/\/api.w.org\/{rel}","templated":true}]}}