{"id":933,"date":"2022-04-04T20:40:05","date_gmt":"2022-04-04T18:40:05","guid":{"rendered":"https:\/\/jockyart.de\/?page_id=933"},"modified":"2022-11-03T23:20:58","modified_gmt":"2022-11-03T22:20:58","slug":"jockyart-premium-kissen-verpackung","status":"publish","type":"page","link":"https:\/\/jockyart.de\/en\/videos\/kunst\/jockyart-premium-kissen-verpackung\/","title":{"rendered":"JockyArt &#8211; Premium Kissen Verpackung"},"content":{"rendered":"<p>In diesem kleinen Video stelle ich euch vor, wie die Premium Kissen verpackt sind, die ihr von meinen Bildern bestellen k\u00f6nnt.<br><br>Die Kissen sind vakuumverpackt und somit kompakt und steril. Sowohl das Kissen als auch der Bezug k\u00f6nnen in der Waschmaschine gewaschen werden. <\/p>\n\n\n\n<figure class=\"wp-block-image size-large\"><a href=\"https:\/\/youtu.be\/Pj_0IcbxfZY\" target=\"_blank\" rel=\"noreferrer noopener\"><img data-recalc-dims=\"1\" loading=\"lazy\" decoding=\"async\" width=\"980\" height=\"551\" src=\"https:\/\/i0.wp.com\/jockyart.de\/wp-content\/uploads\/2022\/04\/Thumb_JockyArt_PremiumKissen_Verpackung.jpg?resize=980%2C551&#038;ssl=1\" alt=\"JockyArt - PremiumKissen Verpackung\" class=\"wp-image-902\" title=\"JockyArt - PremiumKissen Verpackung\" srcset=\"https:\/\/i0.wp.com\/jockyart.de\/wp-content\/uploads\/2022\/04\/Thumb_JockyArt_PremiumKissen_Verpackung.jpg?resize=1024%2C576&amp;ssl=1 1024w, https:\/\/i0.wp.com\/jockyart.de\/wp-content\/uploads\/2022\/04\/Thumb_JockyArt_PremiumKissen_Verpackung.jpg?resize=324%2C182&amp;ssl=1 324w, https:\/\/i0.wp.com\/jockyart.de\/wp-content\/uploads\/2022\/04\/Thumb_JockyArt_PremiumKissen_Verpackung.jpg?resize=416%2C234&amp;ssl=1 416w, https:\/\/i0.wp.com\/jockyart.de\/wp-content\/uploads\/2022\/04\/Thumb_JockyArt_PremiumKissen_Verpackung.jpg?resize=1536%2C864&amp;ssl=1 1536w, https:\/\/i0.wp.com\/jockyart.de\/wp-content\/uploads\/2022\/04\/Thumb_JockyArt_PremiumKissen_Verpackung.jpg?resize=18%2C10&amp;ssl=1 18w, https:\/\/i0.wp.com\/jockyart.de\/wp-content\/uploads\/2022\/04\/Thumb_JockyArt_PremiumKissen_Verpackung.jpg?resize=300%2C169&amp;ssl=1 300w, https:\/\/i0.wp.com\/jockyart.de\/wp-content\/uploads\/2022\/04\/Thumb_JockyArt_PremiumKissen_Verpackung.jpg?resize=768%2C432&amp;ssl=1 768w, https:\/\/i0.wp.com\/jockyart.de\/wp-content\/uploads\/2022\/04\/Thumb_JockyArt_PremiumKissen_Verpackung.jpg?w=1920&amp;ssl=1 1920w\" sizes=\"auto, (max-width: 980px) 100vw, 980px\" \/><\/a><\/figure>\n\n\n\n<p><strong>Es gibt die Kissen in 3 Gr\u00f6\u00dfen:<\/strong><br><strong>30 x 30 cm<\/strong><br><strong>40 x 40 cm<\/strong><br><strong>80 x 80 cm<\/strong><\/p>\n\n\n\n<p>Hier k\u00f6nnt ihr die <strong>Kissen<\/strong> bestellen:<br><a href=\"https:\/\/jockyart.de\/en\/product-tag\/premium-kissen\/\" data-type=\"product_tag\" data-id=\"136\" target=\"_blank\" rel=\"noreferrer noopener\"><img data-recalc-dims=\"1\" loading=\"lazy\" decoding=\"async\" width=\"400\" height=\"100\" class=\"alignnone wp-image-7067\" style=\"width: 150px; height: 38px;\" src=\"https:\/\/i0.wp.com\/www.jocky.de\/wp-content\/uploads\/2018\/11\/Hier_bestellen.png?resize=400%2C100&#038;ssl=1\" alt=\"\"><\/a><\/p>","protected":false},"excerpt":{"rendered":"<p>In diesem kleinen Video stelle ich euch vor, wie die Premium Kissen verpackt sind, die ihr von meinen Bildern bestellen k\u00f6nnt. Die Kissen sind vakuumverpackt und somit kompakt und steril. Sowohl das Kissen als auch der Bezug k\u00f6nnen in der Waschmaschine gewaschen werden. Es gibt die Kissen in 3 Gr\u00f6\u00dfen:30 x 30 cm40 x 40 [&hellip;]<\/p>\n","protected":false},"author":1,"featured_media":0,"parent":852,"menu_order":0,"comment_status":"closed","ping_status":"closed","template":"","meta":{"jetpack_post_was_ever_published":false,"footnotes":""},"class_list":["post-933","page","type-page","status-publish","hentry"],"jetpack-related-posts":[],"jetpack_sharing_enabled":true,"_links":{"self":[{"href":"https:\/\/jockyart.de\/en\/wp-json\/wp\/v2\/pages\/933","targetHints":{"allow":["GET"]}}],"collection":[{"href":"https:\/\/jockyart.de\/en\/wp-json\/wp\/v2\/pages"}],"about":[{"href":"https:\/\/jockyart.de\/en\/wp-json\/wp\/v2\/types\/page"}],"author":[{"embeddable":true,"href":"https:\/\/jockyart.de\/en\/wp-json\/wp\/v2\/users\/1"}],"replies":[{"embeddable":true,"href":"https:\/\/jockyart.de\/en\/wp-json\/wp\/v2\/comments?post=933"}],"version-history":[{"count":3,"href":"https:\/\/jockyart.de\/en\/wp-json\/wp\/v2\/pages\/933\/revisions"}],"predecessor-version":[{"id":4776,"href":"https:\/\/jockyart.de\/en\/wp-json\/wp\/v2\/pages\/933\/revisions\/4776"}],"up":[{"embeddable":true,"href":"https:\/\/jockyart.de\/en\/wp-json\/wp\/v2\/pages\/852"}],"wp:attachment":[{"href":"https:\/\/jockyart.de\/en\/wp-json\/wp\/v2\/media?parent=933"}],"curies":[{"name":"wp","href":"https:\/\/api.w.org\/{rel}","templated":true}]}}