{"id":923,"date":"2022-04-04T20:18:43","date_gmt":"2022-04-04T18:18:43","guid":{"rendered":"https:\/\/jockyart.de\/?page_id=923"},"modified":"2024-11-26T13:46:54","modified_gmt":"2024-11-26T12:46:54","slug":"jockyart-neue-moeglichkeiten-posterdrucke","status":"publish","type":"page","link":"https:\/\/jockyart.de\/en\/videos\/kunst\/jockyart-neue-moeglichkeiten-posterdrucke\/","title":{"rendered":"JockyArt &#8211; Neue M\u00f6glichkeiten:  Posterdrucke"},"content":{"rendered":"<p>In diesem kurzen Video erz\u00e4hle ich euch von neuen M\u00f6glichkeiten, wie ihr meine Kunst als <strong>Posterdrucke<\/strong> bestellen k\u00f6nnt.<\/p>\n\n\n\n<figure class=\"wp-block-image size-large\"><a href=\"https:\/\/youtu.be\/lM8G_xY_Ow4\" target=\"_blank\" rel=\"noreferrer noopener\"><img data-recalc-dims=\"1\" loading=\"lazy\" decoding=\"async\" width=\"980\" height=\"551\" src=\"https:\/\/i0.wp.com\/jockyart.de\/wp-content\/uploads\/2022\/04\/Thumb_JockyArt_DinA3_Posterdrucke.jpg?resize=980%2C551&#038;ssl=1\" alt=\"JockyArt - Neue M\u00f6glichkeiten: DinA3 Posterdrucke\" class=\"wp-image-908\" title=\"JockyArt - Neue M\u00f6glichkeiten: DinA3 Posterdrucke\" srcset=\"https:\/\/i0.wp.com\/jockyart.de\/wp-content\/uploads\/2022\/04\/Thumb_JockyArt_DinA3_Posterdrucke.jpg?resize=1024%2C576&amp;ssl=1 1024w, https:\/\/i0.wp.com\/jockyart.de\/wp-content\/uploads\/2022\/04\/Thumb_JockyArt_DinA3_Posterdrucke.jpg?resize=324%2C182&amp;ssl=1 324w, https:\/\/i0.wp.com\/jockyart.de\/wp-content\/uploads\/2022\/04\/Thumb_JockyArt_DinA3_Posterdrucke.jpg?resize=416%2C234&amp;ssl=1 416w, https:\/\/i0.wp.com\/jockyart.de\/wp-content\/uploads\/2022\/04\/Thumb_JockyArt_DinA3_Posterdrucke.jpg?resize=1536%2C864&amp;ssl=1 1536w, https:\/\/i0.wp.com\/jockyart.de\/wp-content\/uploads\/2022\/04\/Thumb_JockyArt_DinA3_Posterdrucke.jpg?resize=18%2C10&amp;ssl=1 18w, https:\/\/i0.wp.com\/jockyart.de\/wp-content\/uploads\/2022\/04\/Thumb_JockyArt_DinA3_Posterdrucke.jpg?resize=300%2C169&amp;ssl=1 300w, https:\/\/i0.wp.com\/jockyart.de\/wp-content\/uploads\/2022\/04\/Thumb_JockyArt_DinA3_Posterdrucke.jpg?resize=768%2C432&amp;ssl=1 768w, https:\/\/i0.wp.com\/jockyart.de\/wp-content\/uploads\/2022\/04\/Thumb_JockyArt_DinA3_Posterdrucke.jpg?w=1920&amp;ssl=1 1920w\" sizes=\"auto, (max-width: 980px) 100vw, 980px\" \/><\/a><figcaption class=\"wp-element-caption\">Klick auf das Bild, um das Video auf YouTube anzusehen!<\/figcaption><\/figure>\n\n\n\n<p><strong>Posterdruck:<\/strong><br>180 g\/m\u00b2 Premium Glatte und spiegelfreie Oberfl\u00e4che<br>Premium Matt <strong>DinA3<\/strong><br>Premium Matt <strong>DinA2<\/strong><br>+ Versandkosten<\/p>\n\n\n\n<p>Hier k\u00f6nnt ihr die Kunst- und Posterdrucke bestellen: <br><a href=\"https:\/\/jockyart.de\/en\/product-category\/prints\/\" target=\"_blank\" rel=\"noreferrer noopener\"><img data-recalc-dims=\"1\" decoding=\"async\" class=\"wp-image-7067 alignnone\" style=\"width: 150px; height: 38px;\" src=\"https:\/\/i0.wp.com\/www.jocky.de\/wp-content\/uploads\/2018\/11\/Hier_bestellen.png?w=980&#038;ssl=1\" alt=\"\"><\/a><\/p>\n\n\n\n<p><span style=\"font-size: revert;\">You can hear the full song from the video here: <\/span><a style=\"font-size: revert;\" href=\"https:\/\/pfingstpanzer.bandcamp.com\/track\/es-raubt-mir-den-atem\" target=\"_blank\" rel=\"noreferrer noopener\">click<\/a><\/p>","protected":false},"excerpt":{"rendered":"<p>In diesem kurzen Video erz\u00e4hle ich euch von neuen M\u00f6glichkeiten, wie ihr meine Kunst als Posterdrucke bestellen k\u00f6nnt. Posterdruck:180 g\/m\u00b2 Premium Glatte und spiegelfreie Oberfl\u00e4chePremium Matt DinA3Premium Matt DinA2+ Versandkosten Hier k\u00f6nnt ihr die Kunst- und Posterdrucke bestellen: Hier k\u00f6nnt ihr das komplette Lied aus dem Video h\u00f6ren: klick<\/p>","protected":false},"author":1,"featured_media":0,"parent":852,"menu_order":0,"comment_status":"closed","ping_status":"closed","template":"","meta":{"jetpack_post_was_ever_published":false,"footnotes":""},"class_list":["post-923","page","type-page","status-publish","hentry"],"jetpack-related-posts":[],"jetpack_sharing_enabled":true,"_links":{"self":[{"href":"https:\/\/jockyart.de\/en\/wp-json\/wp\/v2\/pages\/923","targetHints":{"allow":["GET"]}}],"collection":[{"href":"https:\/\/jockyart.de\/en\/wp-json\/wp\/v2\/pages"}],"about":[{"href":"https:\/\/jockyart.de\/en\/wp-json\/wp\/v2\/types\/page"}],"author":[{"embeddable":true,"href":"https:\/\/jockyart.de\/en\/wp-json\/wp\/v2\/users\/1"}],"replies":[{"embeddable":true,"href":"https:\/\/jockyart.de\/en\/wp-json\/wp\/v2\/comments?post=923"}],"version-history":[{"count":6,"href":"https:\/\/jockyart.de\/en\/wp-json\/wp\/v2\/pages\/923\/revisions"}],"predecessor-version":[{"id":9352,"href":"https:\/\/jockyart.de\/en\/wp-json\/wp\/v2\/pages\/923\/revisions\/9352"}],"up":[{"embeddable":true,"href":"https:\/\/jockyart.de\/en\/wp-json\/wp\/v2\/pages\/852"}],"wp:attachment":[{"href":"https:\/\/jockyart.de\/en\/wp-json\/wp\/v2\/media?parent=923"}],"curies":[{"name":"wp","href":"https:\/\/api.w.org\/{rel}","templated":true}]}}