{"id":8837,"date":"2024-09-21T16:21:13","date_gmt":"2024-09-21T14:21:13","guid":{"rendered":"https:\/\/jockyart.de\/?page_id=8837"},"modified":"2024-09-21T16:39:39","modified_gmt":"2024-09-21T14:39:39","slug":"12-ueberraschende-bluete-im-winter","status":"publish","type":"page","link":"https:\/\/jockyart.de\/en\/galerien\/prophetische-kunst\/kunstkalender\/wandkalender-2025\/12-ueberraschende-bluete-im-winter\/","title":{"rendered":"12 \u00dcberraschende Bl\u00fcte im Winter"},"content":{"rendered":"\n<p><a href=\"https:\/\/jockyart.de\/galerien\/prophetische-kunst\/kunstkalender\/wandkalender-2025\/11-lasst-wahre-liebe-zurueck\/\" data-type=\"page\" data-id=\"8826\">November 2025<\/a> | <a href=\"https:\/\/jockyart.de\/galerien\/prophetische-kunst\/kunstkalender\/wandkalender-2025\/00-die-neue-ebene\/\" data-type=\"page\" data-id=\"8733\">Deckblatt<\/a><\/p>\n\n\n\n<figure class=\"wp-block-image size-large\"><img data-recalc-dims=\"1\" loading=\"lazy\" decoding=\"async\" width=\"728\" height=\"1024\" src=\"https:\/\/i0.wp.com\/jockyart.de\/wp-content\/uploads\/2024\/08\/012_Dezember.jpg?resize=728%2C1024&#038;ssl=1\" alt=\"\" class=\"wp-image-8561\" srcset=\"https:\/\/i0.wp.com\/jockyart.de\/wp-content\/uploads\/2024\/08\/012_Dezember.jpg?resize=728%2C1024&amp;ssl=1 728w, https:\/\/i0.wp.com\/jockyart.de\/wp-content\/uploads\/2024\/08\/012_Dezember.jpg?resize=1092%2C1536&amp;ssl=1 1092w, https:\/\/i0.wp.com\/jockyart.de\/wp-content\/uploads\/2024\/08\/012_Dezember.jpg?resize=9%2C12&amp;ssl=1 9w, https:\/\/i0.wp.com\/jockyart.de\/wp-content\/uploads\/2024\/08\/012_Dezember.jpg?resize=1320%2C1857&amp;ssl=1 1320w, https:\/\/i0.wp.com\/jockyart.de\/wp-content\/uploads\/2024\/08\/012_Dezember.jpg?resize=324%2C456&amp;ssl=1 324w, https:\/\/i0.wp.com\/jockyart.de\/wp-content\/uploads\/2024\/08\/012_Dezember.jpg?resize=416%2C585&amp;ssl=1 416w, https:\/\/i0.wp.com\/jockyart.de\/wp-content\/uploads\/2024\/08\/012_Dezember.jpg?resize=213%2C300&amp;ssl=1 213w, https:\/\/i0.wp.com\/jockyart.de\/wp-content\/uploads\/2024\/08\/012_Dezember.jpg?resize=768%2C1080&amp;ssl=1 768w, https:\/\/i0.wp.com\/jockyart.de\/wp-content\/uploads\/2024\/08\/012_Dezember.jpg?w=1422&amp;ssl=1 1422w\" sizes=\"auto, (max-width: 728px) 100vw, 728px\" \/><\/figure>\n\n\n\n<p>Das Original des <em>Dezemberbildes<\/em> des <strong>Kunstkalenders 2025<\/strong> war \u25ba <a href=\"https:\/\/jockyart.de\/de_de\/ueberraschende-bluete-im-winter-zwei-auftragsbilder-mit-ueberwaeltigendem-feedback\/\">eines<\/a> von 2 Auftragsbildern f\u00fcr eine Familie. Das habe ich der Empf\u00e4ngerin geschrieben:<\/p>\n\n\n\n<blockquote class=\"wp-block-quote is-layout-flow wp-block-quote-is-layout-flow\">\n<p>Als ich f\u00fcr Dich gebetet habe, sah ich eine tief verschneite Winterlandschaft im Wald. Es war frostig kalt und alles tief eingeschneit. Es war so klar, so schnell w\u00fcrde es nicht wieder tauen und noch mehr der Fr\u00fchling lang auf sich warten lassen.<\/p>\n\n\n\n<p>Mittendrin war aber auf einmal ein gr\u00fcner, fr\u00fchlingshafter Fleck. Ein kleiner Baum war gewachsen und stand in voller Bl\u00fcte da. \u00dcberall hingen Herzen an dem Baum.<\/p>\n\n\n\n<p>F\u00fcr mich bedeutet das, dass es in deinem Leben Bereiche gibt, wo schon lange Winter herrscht. Alles ist wie eingefroren, nichts scheint sich zu \u00e4ndern oder gar zu verbessern. Die gr\u00fcne Oase und der Baum stehen f\u00fcr mich f\u00fcr die pl\u00f6tzliche, \u00fcberraschenden Momente Gottes, wo er auf einmal unerwartet hereinbricht und Dinge auf wunderbare Weise ver\u00e4ndert. Und ich glaube genau das, will Jesus bei Dir tun. Er will in die Bereiche hereinbrechen, in denen sich so lange nichts ver\u00e4ndert hat. Er will einen neuen Fr\u00fchling schenken, alles erbl\u00fchen lassen. Das wird unerwartet und pl\u00f6tzlich geschehen.<\/p>\n\n\n\n<p>Das wird Dich so tiefgreifend ver\u00e4ndern, dass Du sogar f\u00e4hig bist, diese Erfahrung, diesen Schatz an andere weiterzugeben. Du bist so sensibel, dass Du einen Blick f\u00fcr andere hast, denen es \u00e4hnlich wie dir geht, die \u00e4hnlich f\u00fchlen. Du hast nun etwas von Gott empfangen, was Du an andere weitergeben kannst, weil Du den Durchbruch bereits erlebt hast.<\/p>\n<\/blockquote>\n\n\n\n<hr class=\"wp-block-separator has-alpha-channel-opacity\"\/>\n\n\n<div data-block-name=\"woocommerce\/handpicked-products\" data-columns=\"1\" data-content-visibility=\"{&quot;image&quot;:true,&quot;title&quot;:true,&quot;price&quot;:false,&quot;rating&quot;:false,&quot;button&quot;:true}\" data-products=\"[8608]\" class=\"wc-block-grid wp-block-handpicked-products wp-block-woocommerce-handpicked-products wc-block-handpicked-products has-1-columns has-multiple-rows\"><ul class=\"wc-block-grid__products\"><li class=\"wc-block-grid__product\">\n\t\t\t\t<a href=\"https:\/\/jockyart.de\/en\/product\/kunstkalender-2025-wandkalender\/\" class=\"wc-block-grid__product-link\">\n\t\t\t\t\t\n\t\t\t\t\t<div class=\"wc-block-grid__product-image\"><img loading=\"lazy\" decoding=\"async\" width=\"324\" height=\"456\" src=\"https:\/\/i0.wp.com\/jockyart.de\/wp-content\/uploads\/2024\/08\/000_Deckblatt.jpg?fit=324%2C456&amp;ssl=1\" class=\"attachment-woocommerce_thumbnail size-woocommerce_thumbnail\" alt=\"Kunstkalender 2025 - Wandkalender\" srcset=\"https:\/\/i0.wp.com\/jockyart.de\/wp-content\/uploads\/2024\/08\/000_Deckblatt.jpg?w=1422&amp;ssl=1 1422w, https:\/\/i0.wp.com\/jockyart.de\/wp-content\/uploads\/2024\/08\/000_Deckblatt.jpg?resize=1092%2C1536&amp;ssl=1 1092w, https:\/\/i0.wp.com\/jockyart.de\/wp-content\/uploads\/2024\/08\/000_Deckblatt.jpg?resize=9%2C12&amp;ssl=1 9w, https:\/\/i0.wp.com\/jockyart.de\/wp-content\/uploads\/2024\/08\/000_Deckblatt.jpg?resize=1320%2C1857&amp;ssl=1 1320w, https:\/\/i0.wp.com\/jockyart.de\/wp-content\/uploads\/2024\/08\/000_Deckblatt.jpg?resize=324%2C456&amp;ssl=1 324w, https:\/\/i0.wp.com\/jockyart.de\/wp-content\/uploads\/2024\/08\/000_Deckblatt.jpg?resize=416%2C585&amp;ssl=1 416w, https:\/\/i0.wp.com\/jockyart.de\/wp-content\/uploads\/2024\/08\/000_Deckblatt.jpg?resize=213%2C300&amp;ssl=1 213w, https:\/\/i0.wp.com\/jockyart.de\/wp-content\/uploads\/2024\/08\/000_Deckblatt.jpg?resize=768%2C1080&amp;ssl=1 768w, https:\/\/i0.wp.com\/jockyart.de\/wp-content\/uploads\/2024\/08\/000_Deckblatt.jpg?resize=728%2C1024&amp;ssl=1 728w\" sizes=\"auto, (max-width: 324px) 100vw, 324px\" \/><\/div>\n\t\t\t\t\t<div class=\"wc-block-grid__product-title\">Kunstkalender 2025 &#8211; Wandkalender<\/div>\n\t\t\t\t<\/a>\n\t\t\t\t\n\t\t\t\t\n\t\t\t\t<div class=\"wp-block-button wc-block-grid__product-add-to-cart\"><a href=\"\/en\/wp-json\/wp\/v2\/pages\/8837?add-to-cart=8608\" aria-label=\"In den Warenkorb legen: \u201eKunstkalender 2025 - Wandkalender\u201c\" data-quantity=\"1\" data-product_id=\"8608\" data-product_sku=\"kunstkal2025\" data-price=\"10\" rel=\"nofollow\" class=\"wp-block-button__link  add_to_cart_button ajax_add_to_cart\">In the cart<\/a><\/div>\n\t\t\t<\/li><\/ul><\/div>\n\n\n<p><a href=\"https:\/\/jockyart.de\/galerien\/prophetische-kunst\/kunstkalender\/wandkalender-2025\/\" data-type=\"page\" data-id=\"8546\">zur\u00fcck<\/a><\/p>\n","protected":false},"excerpt":{"rendered":"<p>November 2025 | Deckblatt Das Original des Dezemberbildes des Kunstkalenders 2025 war \u25ba eines von 2 Auftragsbildern f\u00fcr eine Familie. Das habe ich der Empf\u00e4ngerin geschrieben: Als ich f\u00fcr Dich gebetet habe, sah ich eine tief verschneite Winterlandschaft im Wald. Es war frostig kalt und alles tief eingeschneit. Es war so klar, so schnell w\u00fcrde [&hellip;]<\/p>\n","protected":false},"author":1,"featured_media":0,"parent":8546,"menu_order":0,"comment_status":"closed","ping_status":"closed","template":"","meta":{"jetpack_post_was_ever_published":false,"footnotes":""},"class_list":["post-8837","page","type-page","status-publish","hentry"],"jetpack-related-posts":[],"jetpack_sharing_enabled":true,"_links":{"self":[{"href":"https:\/\/jockyart.de\/en\/wp-json\/wp\/v2\/pages\/8837","targetHints":{"allow":["GET"]}}],"collection":[{"href":"https:\/\/jockyart.de\/en\/wp-json\/wp\/v2\/pages"}],"about":[{"href":"https:\/\/jockyart.de\/en\/wp-json\/wp\/v2\/types\/page"}],"author":[{"embeddable":true,"href":"https:\/\/jockyart.de\/en\/wp-json\/wp\/v2\/users\/1"}],"replies":[{"embeddable":true,"href":"https:\/\/jockyart.de\/en\/wp-json\/wp\/v2\/comments?post=8837"}],"version-history":[{"count":2,"href":"https:\/\/jockyart.de\/en\/wp-json\/wp\/v2\/pages\/8837\/revisions"}],"predecessor-version":[{"id":8850,"href":"https:\/\/jockyart.de\/en\/wp-json\/wp\/v2\/pages\/8837\/revisions\/8850"}],"up":[{"embeddable":true,"href":"https:\/\/jockyart.de\/en\/wp-json\/wp\/v2\/pages\/8546"}],"wp:attachment":[{"href":"https:\/\/jockyart.de\/en\/wp-json\/wp\/v2\/media?parent=8837"}],"curies":[{"name":"wp","href":"https:\/\/api.w.org\/{rel}","templated":true}]}}