{"id":8795,"date":"2024-09-20T20:41:49","date_gmt":"2024-09-20T18:41:49","guid":{"rendered":"https:\/\/jockyart.de\/?page_id=8795"},"modified":"2024-09-21T16:03:43","modified_gmt":"2024-09-21T14:03:43","slug":"07-wunden-verwandelt-in-herrlichkeit","status":"publish","type":"page","link":"https:\/\/jockyart.de\/en\/galerien\/prophetische-kunst\/kunstkalender\/wandkalender-2025\/07-wunden-verwandelt-in-herrlichkeit\/","title":{"rendered":"07 Wunden verwandelt in Herrlichkeit"},"content":{"rendered":"\n<p><a href=\"https:\/\/jockyart.de\/06-steig-aus-dem-boot-aus\/\" data-type=\"page\" data-id=\"8788\">Juni 2025<\/a> | <a href=\"https:\/\/jockyart.de\/galerien\/prophetische-kunst\/kunstkalender\/wandkalender-2025\/08-zieh-deine-schwimmflossen-aus\/\" data-type=\"page\" data-id=\"8804\">August 2025<\/a><\/p>\n\n\n\n<figure class=\"wp-block-image size-large\"><img loading=\"lazy\" decoding=\"async\" width=\"728\" height=\"1024\" src=\"https:\/\/jockyart.de\/wp-content\/uploads\/2024\/08\/007_Juli-728x1024.jpg\" alt=\"\" class=\"wp-image-8556\" srcset=\"https:\/\/jockyart.de\/wp-content\/uploads\/2024\/08\/007_Juli-728x1024.jpg 728w, https:\/\/jockyart.de\/wp-content\/uploads\/2024\/08\/007_Juli-1092x1536.jpg 1092w, https:\/\/jockyart.de\/wp-content\/uploads\/2024\/08\/007_Juli-9x12.jpg 9w, https:\/\/jockyart.de\/wp-content\/uploads\/2024\/08\/007_Juli-1320x1857.jpg 1320w, https:\/\/jockyart.de\/wp-content\/uploads\/2024\/08\/007_Juli-324x456.jpg 324w, https:\/\/jockyart.de\/wp-content\/uploads\/2024\/08\/007_Juli-416x585.jpg 416w, https:\/\/jockyart.de\/wp-content\/uploads\/2024\/08\/007_Juli-213x300.jpg 213w, https:\/\/jockyart.de\/wp-content\/uploads\/2024\/08\/007_Juli-768x1080.jpg 768w, https:\/\/jockyart.de\/wp-content\/uploads\/2024\/08\/007_Juli.jpg 1422w\" sizes=\"auto, (max-width: 728px) 100vw, 728px\" \/><\/figure>\n\n\n\n<p>Das Original des <em>Julibildes<\/em> des <strong>Kunstkalenders 2025<\/strong> war ein spontanes, prophetisches Bild entstand auf einem Seminar mit Katja Vosseler. <br><br>In unserem Leben erleben wir immer wieder tiefe Verletzungen, die unser Leben nachhaltig ver\u00e4ndern. Wir glauben oft, dass wir nie dar\u00fcber hinweg kommen werden. Aber durch Jesus k\u00f6nnen diese Wunden in der Weise geheilt werden, dass die Narben sich in Diamanten verwandeln. Wir k\u00f6nnen anderen helfen, die \u00e4hnliches durchlitten haben und ihnen den Weg zur Heilung aufzeigen. Unsere Wunden verwandeln sich in Herrlichkeit!<\/p>\n\n\n\n<p>Ihr k\u00f6nnt das Bild im Original erwerben oder als Kunstdruck, Poster oder Leinwand erwerben:<\/p>\n\n\n<div data-block-name=\"woocommerce\/handpicked-products\" data-columns=\"2\" data-content-visibility=\"{&quot;image&quot;:true,&quot;title&quot;:true,&quot;price&quot;:false,&quot;rating&quot;:false,&quot;button&quot;:true}\" data-products=\"[8608,4446]\" class=\"wc-block-grid wp-block-handpicked-products wp-block-woocommerce-handpicked-products wc-block-handpicked-products has-2-columns has-multiple-rows\"><ul class=\"wc-block-grid__products\"><li class=\"wc-block-grid__product\">\n\t\t\t\t<a href=\"https:\/\/jockyart.de\/en\/product\/kunstkalender-2025-wandkalender\/\" class=\"wc-block-grid__product-link\">\n\t\t\t\t\t\n\t\t\t\t\t<div class=\"wc-block-grid__product-image\"><img loading=\"lazy\" decoding=\"async\" width=\"324\" height=\"456\" src=\"https:\/\/jockyart.de\/wp-content\/uploads\/2024\/08\/000_Deckblatt-324x456.jpg\" class=\"attachment-woocommerce_thumbnail size-woocommerce_thumbnail\" alt=\"Kunstkalender 2025 - Wandkalender\" srcset=\"https:\/\/jockyart.de\/wp-content\/uploads\/2024\/08\/000_Deckblatt-324x456.jpg 324w, https:\/\/jockyart.de\/wp-content\/uploads\/2024\/08\/000_Deckblatt-1092x1536.jpg 1092w, https:\/\/jockyart.de\/wp-content\/uploads\/2024\/08\/000_Deckblatt-9x12.jpg 9w, https:\/\/jockyart.de\/wp-content\/uploads\/2024\/08\/000_Deckblatt-1320x1857.jpg 1320w, https:\/\/jockyart.de\/wp-content\/uploads\/2024\/08\/000_Deckblatt-416x585.jpg 416w, https:\/\/jockyart.de\/wp-content\/uploads\/2024\/08\/000_Deckblatt-213x300.jpg 213w, https:\/\/jockyart.de\/wp-content\/uploads\/2024\/08\/000_Deckblatt-768x1080.jpg 768w, https:\/\/jockyart.de\/wp-content\/uploads\/2024\/08\/000_Deckblatt-728x1024.jpg 728w, https:\/\/jockyart.de\/wp-content\/uploads\/2024\/08\/000_Deckblatt.jpg 1422w\" sizes=\"auto, (max-width: 324px) 100vw, 324px\" \/><\/div>\n\t\t\t\t\t<div class=\"wc-block-grid__product-title\">Kunstkalender 2025 &#8211; Wandkalender<\/div>\n\t\t\t\t<\/a>\n\t\t\t\t\n\t\t\t\t\n\t\t\t\t<div class=\"wp-block-button wc-block-grid__product-add-to-cart\"><a href=\"\/en\/wp-json\/wp\/v2\/pages\/8795?add-to-cart=8608\" aria-label=\"In den Warenkorb legen: \u201eKunstkalender 2025 - Wandkalender\u201c\" data-quantity=\"1\" data-product_id=\"8608\" data-product_sku=\"kunstkal2025\" data-price=\"10\" rel=\"nofollow\" class=\"wp-block-button__link  add_to_cart_button ajax_add_to_cart\">In the cart<\/a><\/div>\n\t\t\t<\/li><li class=\"wc-block-grid__product\">\n\t\t\t\t<a href=\"https:\/\/jockyart.de\/en\/product\/wunden-verwandelt-in-herrlichkeit-original\/\" class=\"wc-block-grid__product-link\">\n\t\t\t\t\t\n\t\t\t\t\t<div class=\"wc-block-grid__product-image\"><img loading=\"lazy\" decoding=\"async\" width=\"324\" height=\"433\" src=\"https:\/\/jockyart.de\/wp-content\/uploads\/2022\/10\/Wunde_Diamant_orig-324x433.png\" class=\"attachment-woocommerce_thumbnail size-woocommerce_thumbnail\" alt=\"Wunden verwandelt in Herrlichkeit (Original)\" srcset=\"https:\/\/jockyart.de\/wp-content\/uploads\/2022\/10\/Wunde_Diamant_orig-324x433.png 324w, https:\/\/jockyart.de\/wp-content\/uploads\/2022\/10\/Wunde_Diamant_orig-1150x1536.png 1150w, https:\/\/jockyart.de\/wp-content\/uploads\/2022\/10\/Wunde_Diamant_orig-9x12.png 9w, https:\/\/jockyart.de\/wp-content\/uploads\/2022\/10\/Wunde_Diamant_orig-416x555.png 416w, https:\/\/jockyart.de\/wp-content\/uploads\/2022\/10\/Wunde_Diamant_orig-225x300.png 225w, https:\/\/jockyart.de\/wp-content\/uploads\/2022\/10\/Wunde_Diamant_orig.png 1498w\" sizes=\"auto, (max-width: 324px) 100vw, 324px\" \/><\/div>\n\t\t\t\t\t<div class=\"wc-block-grid__product-title\">Wunden verwandelt in Herrlichkeit (Original)<\/div>\n\t\t\t\t<\/a>\n\t\t\t\t\n\t\t\t\t\n\t\t\t\t<div class=\"wp-block-button wc-block-grid__product-add-to-cart\"><a href=\"\/en\/wp-json\/wp\/v2\/pages\/8795?add-to-cart=4446\" aria-label=\"In den Warenkorb legen: \u201eWunden verwandelt in Herrlichkeit (Original)\u201c\" data-quantity=\"1\" data-product_id=\"4446\" data-product_sku=\"origin_wunden_herrlichkeit\" data-price=\"150\" rel=\"nofollow\" class=\"wp-block-button__link  add_to_cart_button ajax_add_to_cart\">In the cart<\/a><\/div>\n\t\t\t<\/li><\/ul><\/div>\n\n\n<p><a href=\"https:\/\/jockyart.de\/galerien\/prophetische-kunst\/kunstkalender\/wandkalender-2025\/\" data-type=\"page\" data-id=\"8546\">zur\u00fcck<\/a><\/p>\n","protected":false},"excerpt":{"rendered":"<p>Juni 2025 | August 2025 Das Original des Julibildes des Kunstkalenders 2025 war ein spontanes, prophetisches Bild entstand auf einem Seminar mit Katja Vosseler. In unserem Leben erleben wir immer wieder tiefe Verletzungen, die unser Leben nachhaltig ver\u00e4ndern. Wir glauben oft, dass wir nie dar\u00fcber hinweg kommen werden. Aber durch Jesus k\u00f6nnen diese Wunden in [&hellip;]<\/p>\n","protected":false},"author":1,"featured_media":0,"parent":8546,"menu_order":0,"comment_status":"closed","ping_status":"closed","template":"","meta":{"footnotes":""},"class_list":["post-8795","page","type-page","status-publish","hentry"],"_links":{"self":[{"href":"https:\/\/jockyart.de\/en\/wp-json\/wp\/v2\/pages\/8795","targetHints":{"allow":["GET"]}}],"collection":[{"href":"https:\/\/jockyart.de\/en\/wp-json\/wp\/v2\/pages"}],"about":[{"href":"https:\/\/jockyart.de\/en\/wp-json\/wp\/v2\/types\/page"}],"author":[{"embeddable":true,"href":"https:\/\/jockyart.de\/en\/wp-json\/wp\/v2\/users\/1"}],"replies":[{"embeddable":true,"href":"https:\/\/jockyart.de\/en\/wp-json\/wp\/v2\/comments?post=8795"}],"version-history":[{"count":3,"href":"https:\/\/jockyart.de\/en\/wp-json\/wp\/v2\/pages\/8795\/revisions"}],"predecessor-version":[{"id":8833,"href":"https:\/\/jockyart.de\/en\/wp-json\/wp\/v2\/pages\/8795\/revisions\/8833"}],"up":[{"embeddable":true,"href":"https:\/\/jockyart.de\/en\/wp-json\/wp\/v2\/pages\/8546"}],"wp:attachment":[{"href":"https:\/\/jockyart.de\/en\/wp-json\/wp\/v2\/media?parent=8795"}],"curies":[{"name":"wp","href":"https:\/\/api.w.org\/{rel}","templated":true}]}}