{"id":878,"date":"2022-04-04T17:31:00","date_gmt":"2022-04-04T15:31:00","guid":{"rendered":"https:\/\/jockyart.de\/?page_id=878"},"modified":"2022-11-04T14:28:40","modified_gmt":"2022-11-04T13:28:40","slug":"zeugnis-mit-prophetischer-kunst-1-red-sea-moment-heilung","status":"publish","type":"page","link":"https:\/\/jockyart.de\/en\/videos\/zeugnisse-mit-prophetischer-kunst\/zeugnis-mit-prophetischer-kunst-1-red-sea-moment-heilung\/","title":{"rendered":"Zeugnis mit prophetischer Kunst 1 &#8211; Red Sea Moment &#038; Heilung"},"content":{"rendered":"<p>Mit diesem Video m\u00f6chte ich eine neue Serie starten, in der Leute erz\u00e4hlen, wie Jesus sie durch meine prophetische Kunst ber\u00fchrt hat. Vielleicht hast Du ja auch so ein Erlebnis und m\u00f6chtest mir ein Video dar\u00fcber schicken, dann nimm doch gerne mit mir <a rel=\"noreferrer noopener\" href=\"https:\/\/www.jocky.de\/Kontakt\/\" target=\"_blank\">Contact<\/a> auf! Das w\u00fcrde mich sehr freuen. <\/p>\n\n\n\n<figure class=\"wp-block-image size-large\"><a href=\"https:\/\/youtu.be\/gPqFQSKMzJc\" target=\"_blank\" rel=\"noreferrer noopener\"><img data-recalc-dims=\"1\" loading=\"lazy\" decoding=\"async\" width=\"980\" height=\"551\" src=\"https:\/\/i0.wp.com\/jockyart.de\/wp-content\/uploads\/2022\/04\/Thumb_Zeugnis_prophetischeKunst_001.jpg?resize=980%2C551&#038;ssl=1\" alt=\"Zeugnis mit prophetischer Kunst  1 - Red Sea Moment &amp; Heilung\" class=\"wp-image-884\" title=\"Zeugnis mit prophetischer Kunst  1 - Red Sea Moment &amp; Heilung\" srcset=\"https:\/\/i0.wp.com\/jockyart.de\/wp-content\/uploads\/2022\/04\/Thumb_Zeugnis_prophetischeKunst_001.jpg?resize=1024%2C576&amp;ssl=1 1024w, https:\/\/i0.wp.com\/jockyart.de\/wp-content\/uploads\/2022\/04\/Thumb_Zeugnis_prophetischeKunst_001.jpg?resize=324%2C182&amp;ssl=1 324w, https:\/\/i0.wp.com\/jockyart.de\/wp-content\/uploads\/2022\/04\/Thumb_Zeugnis_prophetischeKunst_001.jpg?resize=416%2C234&amp;ssl=1 416w, https:\/\/i0.wp.com\/jockyart.de\/wp-content\/uploads\/2022\/04\/Thumb_Zeugnis_prophetischeKunst_001.jpg?resize=1536%2C864&amp;ssl=1 1536w, https:\/\/i0.wp.com\/jockyart.de\/wp-content\/uploads\/2022\/04\/Thumb_Zeugnis_prophetischeKunst_001.jpg?resize=18%2C10&amp;ssl=1 18w, https:\/\/i0.wp.com\/jockyart.de\/wp-content\/uploads\/2022\/04\/Thumb_Zeugnis_prophetischeKunst_001.jpg?resize=300%2C169&amp;ssl=1 300w, https:\/\/i0.wp.com\/jockyart.de\/wp-content\/uploads\/2022\/04\/Thumb_Zeugnis_prophetischeKunst_001.jpg?resize=768%2C432&amp;ssl=1 768w, https:\/\/i0.wp.com\/jockyart.de\/wp-content\/uploads\/2022\/04\/Thumb_Zeugnis_prophetischeKunst_001.jpg?w=1920&amp;ssl=1 1920w\" sizes=\"auto, (max-width: 980px) 100vw, 980px\" \/><\/a><figcaption class=\"wp-element-caption\">Click on the image to watch the video on YouTube<\/figcaption><\/figure>\n\n\n\n<p>Hier erz\u00e4hlt euch Samja, wie sie in einer gemeinsamen Lobpreis- und Gebetszeit durch das prophetische Bild von mir, das dabei entstanden ist, von Gott ber\u00fchrt wurde. Es war eine Gebetserh\u00f6rung f\u00fcr sie, ein Red Sea Moment und sie erlebte sogar eine Heilung!<\/p>\n\n\n\n<p>If you liked the video, please give me a like, comment and share the video. Thank you very much!<\/p>\n\n\n\n<p><span style=\"font-size: revert;\">You can hear the full song from the video here:  <\/span><a rel=\"noreferrer noopener\" style=\"font-size: revert;\" href=\"https:\/\/pfingstpanzer.bandcamp.com\/track\/es-raubt-mir-den-atem\" target=\"_blank\">click<\/a><\/p>\n\n\n\n<p><strong>Subscribe<\/strong> video by Burak Kiraz \/ Pixabay  <br><strong>Sound:<\/strong> &#8222;Digital Ghosts&#8220; Unicorn Heads<\/p>","protected":false},"excerpt":{"rendered":"<p>Mit diesem Video m\u00f6chte ich eine neue Serie starten, in der Leute erz\u00e4hlen, wie Jesus sie durch meine prophetische Kunst ber\u00fchrt hat. Vielleicht hast Du ja auch so ein Erlebnis und m\u00f6chtest mir ein Video dar\u00fcber schicken, dann nimm doch gerne mit mir Kontakt auf! Das w\u00fcrde mich sehr freuen. Hier erz\u00e4hlt euch Samja, wie [&hellip;]<\/p>\n","protected":false},"author":1,"featured_media":0,"parent":780,"menu_order":1,"comment_status":"closed","ping_status":"closed","template":"","meta":{"jetpack_post_was_ever_published":false,"footnotes":""},"class_list":["post-878","page","type-page","status-publish","hentry"],"jetpack-related-posts":[],"jetpack_sharing_enabled":true,"_links":{"self":[{"href":"https:\/\/jockyart.de\/en\/wp-json\/wp\/v2\/pages\/878","targetHints":{"allow":["GET"]}}],"collection":[{"href":"https:\/\/jockyart.de\/en\/wp-json\/wp\/v2\/pages"}],"about":[{"href":"https:\/\/jockyart.de\/en\/wp-json\/wp\/v2\/types\/page"}],"author":[{"embeddable":true,"href":"https:\/\/jockyart.de\/en\/wp-json\/wp\/v2\/users\/1"}],"replies":[{"embeddable":true,"href":"https:\/\/jockyart.de\/en\/wp-json\/wp\/v2\/comments?post=878"}],"version-history":[{"count":5,"href":"https:\/\/jockyart.de\/en\/wp-json\/wp\/v2\/pages\/878\/revisions"}],"predecessor-version":[{"id":4873,"href":"https:\/\/jockyart.de\/en\/wp-json\/wp\/v2\/pages\/878\/revisions\/4873"}],"up":[{"embeddable":true,"href":"https:\/\/jockyart.de\/en\/wp-json\/wp\/v2\/pages\/780"}],"wp:attachment":[{"href":"https:\/\/jockyart.de\/en\/wp-json\/wp\/v2\/media?parent=878"}],"curies":[{"name":"wp","href":"https:\/\/api.w.org\/{rel}","templated":true}]}}