{"id":8773,"date":"2024-09-20T17:12:19","date_gmt":"2024-09-20T15:12:19","guid":{"rendered":"https:\/\/jockyart.de\/?page_id=8773"},"modified":"2024-09-20T21:09:29","modified_gmt":"2024-09-20T19:09:29","slug":"04-stroeme-des-lebendigen-wassers","status":"publish","type":"page","link":"https:\/\/jockyart.de\/en\/galerien\/prophetische-kunst\/kunstkalender\/wandkalender-2025\/04-stroeme-des-lebendigen-wassers\/","title":{"rendered":"04 Str\u00f6me des lebendigen Wassers"},"content":{"rendered":"\n<p><a href=\"https:\/\/jockyart.de\/03-erhebe-dich-und-fliege\/\" data-type=\"page\" data-id=\"8768\">M\u00e4rz 2025<\/a> | <a href=\"https:\/\/jockyart.de\/05-heilig-ist-der-herr\/\" data-type=\"page\" data-id=\"8781\">Mai 2025<\/a><\/p>\n\n\n\n<figure class=\"wp-block-image size-large\"><img data-recalc-dims=\"1\" loading=\"lazy\" decoding=\"async\" width=\"728\" height=\"1024\" src=\"https:\/\/i0.wp.com\/jockyart.de\/wp-content\/uploads\/2024\/08\/004_April.jpg?resize=728%2C1024&#038;ssl=1\" alt=\"\" class=\"wp-image-8553\" srcset=\"https:\/\/i0.wp.com\/jockyart.de\/wp-content\/uploads\/2024\/08\/004_April.jpg?resize=728%2C1024&amp;ssl=1 728w, https:\/\/i0.wp.com\/jockyart.de\/wp-content\/uploads\/2024\/08\/004_April.jpg?resize=1092%2C1536&amp;ssl=1 1092w, https:\/\/i0.wp.com\/jockyart.de\/wp-content\/uploads\/2024\/08\/004_April.jpg?resize=9%2C12&amp;ssl=1 9w, https:\/\/i0.wp.com\/jockyart.de\/wp-content\/uploads\/2024\/08\/004_April.jpg?resize=1320%2C1857&amp;ssl=1 1320w, https:\/\/i0.wp.com\/jockyart.de\/wp-content\/uploads\/2024\/08\/004_April.jpg?resize=324%2C456&amp;ssl=1 324w, https:\/\/i0.wp.com\/jockyart.de\/wp-content\/uploads\/2024\/08\/004_April.jpg?resize=416%2C585&amp;ssl=1 416w, https:\/\/i0.wp.com\/jockyart.de\/wp-content\/uploads\/2024\/08\/004_April.jpg?resize=213%2C300&amp;ssl=1 213w, https:\/\/i0.wp.com\/jockyart.de\/wp-content\/uploads\/2024\/08\/004_April.jpg?resize=768%2C1080&amp;ssl=1 768w, https:\/\/i0.wp.com\/jockyart.de\/wp-content\/uploads\/2024\/08\/004_April.jpg?w=1422&amp;ssl=1 1422w\" sizes=\"auto, (max-width: 728px) 100vw, 728px\" \/><\/figure>\n\n\n\n<p>Das Original des <em>April<\/em> des <strong>Kunstkalenders 2025<\/strong> war eine spontane Skizze in meinem Skizzenbuch inspiriert durch einige tolle Fotos des Springbrunnens am Geschwister-Scholl-Platz in M\u00fcnchen. <\/p>\n\n\n\n<blockquote class=\"wp-block-quote is-layout-flow wp-block-quote-is-layout-flow\">\n<p>Jesus rief: Wen da d\u00fcrstet, der komme zu mir und trinke!\u2002Wer an mich glaubt, von dessen Leib werden, wie die Schrift sagt, Str\u00f6me lebendigen Wassers flie\u00dfen.<br><strong>Johannes 7, 37+38<\/strong><\/p>\n<\/blockquote>\n\n\n\n<p>Das spannende an dieser Bibelstelle ist, dass es offenbar einen Zusammenhang zwischen dem Durst und den Str\u00f6men lebendigens Wassers gibt. Offensichtlich ist die Bed\u00fcrftigkeit die Vorraussetzung daf\u00fcr, dass diese Str\u00f6me im \u00dcberfluss von uns flie\u00dfen k\u00f6nnen.<\/p>\n\n\n\n<p>Von diesem Bild gibt es einen Fine Art Print mit Rahmen, deswegen k\u00f6nnt ihr hier direkt beides kaufen.<\/p>\n\n\n<div data-block-name=\"woocommerce\/handpicked-products\" data-columns=\"2\" data-content-visibility=\"{&quot;image&quot;:true,&quot;title&quot;:true,&quot;price&quot;:false,&quot;rating&quot;:false,&quot;button&quot;:true}\" data-products=\"[8629,8608]\" class=\"wc-block-grid wp-block-handpicked-products wp-block-woocommerce-handpicked-products wc-block-handpicked-products has-2-columns has-multiple-rows\"><ul class=\"wc-block-grid__products\"><li class=\"wc-block-grid__product\">\n\t\t\t\t<a href=\"https:\/\/jockyart.de\/en\/product\/stroeme-lebendigen-wassers-fine-art-print-rahmen\/\" class=\"wc-block-grid__product-link\">\n\t\t\t\t\t\n\t\t\t\t\t<div class=\"wc-block-grid__product-image\"><img loading=\"lazy\" decoding=\"async\" width=\"324\" height=\"324\" src=\"https:\/\/i0.wp.com\/jockyart.de\/wp-content\/uploads\/2024\/08\/Artprint_Rahmen_Stroeme_000.jpg?fit=324%2C324&amp;ssl=1\" class=\"attachment-woocommerce_thumbnail size-woocommerce_thumbnail\" alt=\"tr\u00f6me lebendigen Wassers (Fine Art Premium - Rahmen)\" srcset=\"https:\/\/i0.wp.com\/jockyart.de\/wp-content\/uploads\/2024\/08\/Artprint_Rahmen_Stroeme_000.jpg?w=2252&amp;ssl=1 2252w, https:\/\/i0.wp.com\/jockyart.de\/wp-content\/uploads\/2024\/08\/Artprint_Rahmen_Stroeme_000.jpg?resize=1536%2C1536&amp;ssl=1 1536w, https:\/\/i0.wp.com\/jockyart.de\/wp-content\/uploads\/2024\/08\/Artprint_Rahmen_Stroeme_000.jpg?resize=2048%2C2048&amp;ssl=1 2048w, https:\/\/i0.wp.com\/jockyart.de\/wp-content\/uploads\/2024\/08\/Artprint_Rahmen_Stroeme_000.jpg?resize=12%2C12&amp;ssl=1 12w, https:\/\/i0.wp.com\/jockyart.de\/wp-content\/uploads\/2024\/08\/Artprint_Rahmen_Stroeme_000.jpg?resize=1320%2C1320&amp;ssl=1 1320w, https:\/\/i0.wp.com\/jockyart.de\/wp-content\/uploads\/2024\/08\/Artprint_Rahmen_Stroeme_000.jpg?resize=324%2C324&amp;ssl=1 324w, https:\/\/i0.wp.com\/jockyart.de\/wp-content\/uploads\/2024\/08\/Artprint_Rahmen_Stroeme_000.jpg?resize=416%2C416&amp;ssl=1 416w, https:\/\/i0.wp.com\/jockyart.de\/wp-content\/uploads\/2024\/08\/Artprint_Rahmen_Stroeme_000.jpg?resize=100%2C100&amp;ssl=1 100w, https:\/\/i0.wp.com\/jockyart.de\/wp-content\/uploads\/2024\/08\/Artprint_Rahmen_Stroeme_000.jpg?resize=150%2C150&amp;ssl=1 150w, https:\/\/i0.wp.com\/jockyart.de\/wp-content\/uploads\/2024\/08\/Artprint_Rahmen_Stroeme_000.jpg?resize=300%2C300&amp;ssl=1 300w, https:\/\/i0.wp.com\/jockyart.de\/wp-content\/uploads\/2024\/08\/Artprint_Rahmen_Stroeme_000.jpg?resize=768%2C768&amp;ssl=1 768w, https:\/\/i0.wp.com\/jockyart.de\/wp-content\/uploads\/2024\/08\/Artprint_Rahmen_Stroeme_000.jpg?resize=1024%2C1024&amp;ssl=1 1024w, https:\/\/i0.wp.com\/jockyart.de\/wp-content\/uploads\/2024\/08\/Artprint_Rahmen_Stroeme_000.jpg?w=1960&amp;ssl=1 1960w\" sizes=\"auto, (max-width: 324px) 100vw, 324px\" \/><\/div>\n\t\t\t\t\t<div class=\"wc-block-grid__product-title\">Str\u00f6me lebendigen Wassers (Fine Art Print &#8211; Rahmen)<\/div>\n\t\t\t\t<\/a>\n\t\t\t\t\n\t\t\t\t\n\t\t\t\t<div class=\"wp-block-button wc-block-grid__product-add-to-cart\"><a href=\"\/en\/wp-json\/wp\/v2\/pages\/8773?add-to-cart=8629\" aria-label=\"In den Warenkorb legen: \u201eStr\u00f6me lebendigen Wassers (Fine Art Print - Rahmen)\u201c\" data-quantity=\"1\" data-product_id=\"8629\" data-product_sku=\"fineartrahmen_stroeme\" data-price=\"20\" rel=\"nofollow\" class=\"wp-block-button__link  add_to_cart_button ajax_add_to_cart\">In the cart<\/a><\/div>\n\t\t\t<\/li><li class=\"wc-block-grid__product\">\n\t\t\t\t<a href=\"https:\/\/jockyart.de\/en\/product\/kunstkalender-2025-wandkalender\/\" class=\"wc-block-grid__product-link\">\n\t\t\t\t\t\n\t\t\t\t\t<div class=\"wc-block-grid__product-image\"><img loading=\"lazy\" decoding=\"async\" width=\"324\" height=\"456\" src=\"https:\/\/i0.wp.com\/jockyart.de\/wp-content\/uploads\/2024\/08\/000_Deckblatt.jpg?fit=324%2C456&amp;ssl=1\" class=\"attachment-woocommerce_thumbnail size-woocommerce_thumbnail\" alt=\"Kunstkalender 2025 - Wandkalender\" srcset=\"https:\/\/i0.wp.com\/jockyart.de\/wp-content\/uploads\/2024\/08\/000_Deckblatt.jpg?w=1422&amp;ssl=1 1422w, https:\/\/i0.wp.com\/jockyart.de\/wp-content\/uploads\/2024\/08\/000_Deckblatt.jpg?resize=1092%2C1536&amp;ssl=1 1092w, https:\/\/i0.wp.com\/jockyart.de\/wp-content\/uploads\/2024\/08\/000_Deckblatt.jpg?resize=9%2C12&amp;ssl=1 9w, https:\/\/i0.wp.com\/jockyart.de\/wp-content\/uploads\/2024\/08\/000_Deckblatt.jpg?resize=1320%2C1857&amp;ssl=1 1320w, https:\/\/i0.wp.com\/jockyart.de\/wp-content\/uploads\/2024\/08\/000_Deckblatt.jpg?resize=324%2C456&amp;ssl=1 324w, https:\/\/i0.wp.com\/jockyart.de\/wp-content\/uploads\/2024\/08\/000_Deckblatt.jpg?resize=416%2C585&amp;ssl=1 416w, https:\/\/i0.wp.com\/jockyart.de\/wp-content\/uploads\/2024\/08\/000_Deckblatt.jpg?resize=213%2C300&amp;ssl=1 213w, https:\/\/i0.wp.com\/jockyart.de\/wp-content\/uploads\/2024\/08\/000_Deckblatt.jpg?resize=768%2C1080&amp;ssl=1 768w, https:\/\/i0.wp.com\/jockyart.de\/wp-content\/uploads\/2024\/08\/000_Deckblatt.jpg?resize=728%2C1024&amp;ssl=1 728w\" sizes=\"auto, (max-width: 324px) 100vw, 324px\" \/><\/div>\n\t\t\t\t\t<div class=\"wc-block-grid__product-title\">Kunstkalender 2025 &#8211; Wandkalender<\/div>\n\t\t\t\t<\/a>\n\t\t\t\t\n\t\t\t\t\n\t\t\t\t<div class=\"wp-block-button wc-block-grid__product-add-to-cart\"><a href=\"\/en\/wp-json\/wp\/v2\/pages\/8773?add-to-cart=8608\" aria-label=\"In den Warenkorb legen: \u201eKunstkalender 2025 - Wandkalender\u201c\" data-quantity=\"1\" data-product_id=\"8608\" data-product_sku=\"kunstkal2025\" data-price=\"10\" rel=\"nofollow\" class=\"wp-block-button__link  add_to_cart_button ajax_add_to_cart\">In the cart<\/a><\/div>\n\t\t\t<\/li><\/ul><\/div>\n\n\n<p><a href=\"https:\/\/jockyart.de\/galerien\/prophetische-kunst\/kunstkalender\/wandkalender-2025\/\" data-type=\"page\" data-id=\"8546\">zur\u00fcck<\/a><\/p>\n","protected":false},"excerpt":{"rendered":"<p>M\u00e4rz 2025 | Mai 2025 Das Original des April des Kunstkalenders 2025 war eine spontane Skizze in meinem Skizzenbuch inspiriert durch einige tolle Fotos des Springbrunnens am Geschwister-Scholl-Platz in M\u00fcnchen. Jesus rief: Wen da d\u00fcrstet, der komme zu mir und trinke!\u2002Wer an mich glaubt, von dessen Leib werden, wie die Schrift sagt, Str\u00f6me lebendigen Wassers [&hellip;]<\/p>\n","protected":false},"author":1,"featured_media":0,"parent":8546,"menu_order":0,"comment_status":"closed","ping_status":"closed","template":"","meta":{"jetpack_post_was_ever_published":false,"footnotes":""},"class_list":["post-8773","page","type-page","status-publish","hentry"],"jetpack-related-posts":[],"jetpack_sharing_enabled":true,"_links":{"self":[{"href":"https:\/\/jockyart.de\/en\/wp-json\/wp\/v2\/pages\/8773","targetHints":{"allow":["GET"]}}],"collection":[{"href":"https:\/\/jockyart.de\/en\/wp-json\/wp\/v2\/pages"}],"about":[{"href":"https:\/\/jockyart.de\/en\/wp-json\/wp\/v2\/types\/page"}],"author":[{"embeddable":true,"href":"https:\/\/jockyart.de\/en\/wp-json\/wp\/v2\/users\/1"}],"replies":[{"embeddable":true,"href":"https:\/\/jockyart.de\/en\/wp-json\/wp\/v2\/comments?post=8773"}],"version-history":[{"count":3,"href":"https:\/\/jockyart.de\/en\/wp-json\/wp\/v2\/pages\/8773\/revisions"}],"predecessor-version":[{"id":8785,"href":"https:\/\/jockyart.de\/en\/wp-json\/wp\/v2\/pages\/8773\/revisions\/8785"}],"up":[{"embeddable":true,"href":"https:\/\/jockyart.de\/en\/wp-json\/wp\/v2\/pages\/8546"}],"wp:attachment":[{"href":"https:\/\/jockyart.de\/en\/wp-json\/wp\/v2\/media?parent=8773"}],"curies":[{"name":"wp","href":"https:\/\/api.w.org\/{rel}","templated":true}]}}