{"id":826,"date":"2022-04-03T22:29:49","date_gmt":"2022-04-03T20:29:49","guid":{"rendered":"https:\/\/jockyart.de\/?page_id=826"},"modified":"2022-11-03T22:44:31","modified_gmt":"2022-11-03T21:44:31","slug":"beruehrung-durch-prophetische-kunst-06","status":"publish","type":"page","link":"https:\/\/jockyart.de\/en\/videos\/videoserie-beruehrung-durch-prophetische-kunst\/beruehrung-durch-prophetische-kunst-06\/","title":{"rendered":"Ber\u00fchrung durch prophetische Kunst 06"},"content":{"rendered":"<p>Ich habe vor kurzem mein letztes prophetisches Auftragsbild &#8222;Gebietserweiterung&#8220; abgeschlossen. Das Feedback der Empf\u00e4ngerin war sehr bewegend, denn sie hatte vorher f\u00fcr sich selber genau die beiden Bibelstellen, die ich selber f\u00fcr das Bild bekommen hatte. Aber seht selbst&#8230;<\/p>\n\n\n\n<figure class=\"wp-block-image size-large\"><a href=\"https:\/\/youtu.be\/brdxnl8kDTw\" target=\"_blank\" rel=\"noreferrer noopener\"><img loading=\"lazy\" decoding=\"async\" width=\"1024\" height=\"576\" src=\"https:\/\/jockyart.de\/wp-content\/uploads\/2022\/04\/DNdG_XI_Thumbnail-1024x576.jpg\" alt=\"Die Nacht der Geschichtenerz\u00e4hlers XI - Ber\u00fchrung durch prophetische Kunst 06\" class=\"wp-image-820\" title=\"Die Nacht der Geschichtenerz\u00e4hlers XI - Ber\u00fchrung durch prophetische Kunst 06\" srcset=\"https:\/\/jockyart.de\/wp-content\/uploads\/2022\/04\/DNdG_XI_Thumbnail-1024x576.jpg 1024w, https:\/\/jockyart.de\/wp-content\/uploads\/2022\/04\/DNdG_XI_Thumbnail-324x182.jpg 324w, https:\/\/jockyart.de\/wp-content\/uploads\/2022\/04\/DNdG_XI_Thumbnail-416x234.jpg 416w, https:\/\/jockyart.de\/wp-content\/uploads\/2022\/04\/DNdG_XI_Thumbnail-1536x864.jpg 1536w, https:\/\/jockyart.de\/wp-content\/uploads\/2022\/04\/DNdG_XI_Thumbnail-18x10.jpg 18w, https:\/\/jockyart.de\/wp-content\/uploads\/2022\/04\/DNdG_XI_Thumbnail-300x169.jpg 300w, https:\/\/jockyart.de\/wp-content\/uploads\/2022\/04\/DNdG_XI_Thumbnail-768x432.jpg 768w, https:\/\/jockyart.de\/wp-content\/uploads\/2022\/04\/DNdG_XI_Thumbnail.jpg 1920w\" sizes=\"auto, (max-width: 1024px) 100vw, 1024px\" \/><\/a><\/figure>\n\n\n\n<p><strong>Ich verlinke euch hier den dazugeh\u00f6rigen Blogartikel mit dem Bild:<\/strong><br>Gebietserweiterung: <a rel=\"noreferrer noopener\" href=\"https:\/\/www.jocky.de\/2021\/08\/25\/gebietserweiterung\/\" target=\"_blank\">click<\/a> <br><br>Folgt auch gerne diesem K\u00fcnstler, wenn euch die <strong>Musik<\/strong> des Videos gefallen hat:<br><strong><a href=\"https:\/\/www.instagram.com\/mklingenfelder\/\">Matthias Lingenfelder<\/a><\/strong><\/p>","protected":false},"excerpt":{"rendered":"<p>Ich habe vor kurzem mein letztes prophetisches Auftragsbild &#8222;Gebietserweiterung&#8220; abgeschlossen. Das Feedback der Empf\u00e4ngerin war sehr bewegend, denn sie hatte vorher f\u00fcr sich selber genau die beiden Bibelstellen, die ich selber f\u00fcr das Bild bekommen hatte. Aber seht selbst&#8230; Ich verlinke euch hier den dazugeh\u00f6rigen Blogartikel mit dem Bild:Gebietserweiterung: klick Folgt auch gerne diesem K\u00fcnstler, [&hellip;]<\/p>\n","protected":false},"author":1,"featured_media":0,"parent":771,"menu_order":0,"comment_status":"closed","ping_status":"closed","template":"","meta":{"footnotes":""},"class_list":["post-826","page","type-page","status-publish","hentry"],"_links":{"self":[{"href":"https:\/\/jockyart.de\/en\/wp-json\/wp\/v2\/pages\/826","targetHints":{"allow":["GET"]}}],"collection":[{"href":"https:\/\/jockyart.de\/en\/wp-json\/wp\/v2\/pages"}],"about":[{"href":"https:\/\/jockyart.de\/en\/wp-json\/wp\/v2\/types\/page"}],"author":[{"embeddable":true,"href":"https:\/\/jockyart.de\/en\/wp-json\/wp\/v2\/users\/1"}],"replies":[{"embeddable":true,"href":"https:\/\/jockyart.de\/en\/wp-json\/wp\/v2\/comments?post=826"}],"version-history":[{"count":5,"href":"https:\/\/jockyart.de\/en\/wp-json\/wp\/v2\/pages\/826\/revisions"}],"predecessor-version":[{"id":4753,"href":"https:\/\/jockyart.de\/en\/wp-json\/wp\/v2\/pages\/826\/revisions\/4753"}],"up":[{"embeddable":true,"href":"https:\/\/jockyart.de\/en\/wp-json\/wp\/v2\/pages\/771"}],"wp:attachment":[{"href":"https:\/\/jockyart.de\/en\/wp-json\/wp\/v2\/media?parent=826"}],"curies":[{"name":"wp","href":"https:\/\/api.w.org\/{rel}","templated":true}]}}