{"id":803,"date":"2022-04-03T21:58:18","date_gmt":"2022-04-03T19:58:18","guid":{"rendered":"https:\/\/jockyart.de\/?page_id=803"},"modified":"2022-11-03T22:47:50","modified_gmt":"2022-11-03T21:47:50","slug":"beruehrung-durch-prophetische-kunst-05","status":"publish","type":"page","link":"https:\/\/jockyart.de\/en\/videos\/videoserie-beruehrung-durch-prophetische-kunst\/beruehrung-durch-prophetische-kunst-05\/","title":{"rendered":"Ber\u00fchrung durch prophetische Kunst 05"},"content":{"rendered":"<p>\u00dcber Pfingsten 2021 war ich in meiner Heimat in Naila im wundersch\u00f6nen Frankenwald. Dazu passend m\u00f6chte ich euch Geschichten erz\u00e4hlen, wie Gott meine Kunst benutzt hat, um Menschen zu ber\u00fchren. <\/p>\n\n\n\n<figure class=\"wp-block-image size-large\"><a href=\"https:\/\/youtu.be\/aImV_bCOPoU\" target=\"_blank\" rel=\"noreferrer noopener\"><img loading=\"lazy\" decoding=\"async\" width=\"1024\" height=\"576\" src=\"https:\/\/jockyart.de\/wp-content\/uploads\/2022\/04\/Thumb_DNdG_VIII-1024x576.jpg\" alt=\"Die Nacht der Geschichtenerz\u00e4hlers VIII - Ber\u00fchrung durch prophetische Kunst 05\" class=\"wp-image-818\" title=\"Die Nacht der Geschichtenerz\u00e4hlers VIII - Ber\u00fchrung durch prophetische Kunst 05\" srcset=\"https:\/\/jockyart.de\/wp-content\/uploads\/2022\/04\/Thumb_DNdG_VIII-1024x576.jpg 1024w, https:\/\/jockyart.de\/wp-content\/uploads\/2022\/04\/Thumb_DNdG_VIII-324x182.jpg 324w, https:\/\/jockyart.de\/wp-content\/uploads\/2022\/04\/Thumb_DNdG_VIII-416x234.jpg 416w, https:\/\/jockyart.de\/wp-content\/uploads\/2022\/04\/Thumb_DNdG_VIII-1536x864.jpg 1536w, https:\/\/jockyart.de\/wp-content\/uploads\/2022\/04\/Thumb_DNdG_VIII-18x10.jpg 18w, https:\/\/jockyart.de\/wp-content\/uploads\/2022\/04\/Thumb_DNdG_VIII-300x169.jpg 300w, https:\/\/jockyart.de\/wp-content\/uploads\/2022\/04\/Thumb_DNdG_VIII-768x432.jpg 768w, https:\/\/jockyart.de\/wp-content\/uploads\/2022\/04\/Thumb_DNdG_VIII.jpg 1920w\" sizes=\"auto, (max-width: 1024px) 100vw, 1024px\" \/><\/a><\/figure>\n\n\n\n<p><strong>Ich verlinke euch hier die Blogartikel mit den Bildern<\/strong>:<br>Leuchtende Blume: <a rel=\"noreferrer noopener\" href=\"https:\/\/jockyart.de\/en\/2020\/06\/04\/leuchtende-blume-du-bist-ein-geschenk\/\" target=\"_blank\">click<\/a><br>Schutz in turbulenten Zeiten: <a rel=\"noreferrer noopener\" href=\"https:\/\/jockyart.de\/en\/2020\/07\/23\/schutz-in-turbulenten-zeiten\/\" target=\"_blank\">click<\/a> <br><br>Folgt auch gerne diesem K\u00fcnstler, wenn euch die <strong>Musik<\/strong> des Videos gefallen hat:<br><a href=\"https:\/\/www.instagram.com\/mklingenfelder\/\" target=\"_blank\" rel=\"noreferrer noopener\">Matthias Lingenfelder<\/a><\/p>","protected":false},"excerpt":{"rendered":"<p>\u00dcber Pfingsten 2021 war ich in meiner Heimat in Naila im wundersch\u00f6nen Frankenwald. Dazu passend m\u00f6chte ich euch Geschichten erz\u00e4hlen, wie Gott meine Kunst benutzt hat, um Menschen zu ber\u00fchren. Ich verlinke euch hier die Blogartikel mit den Bildern:Leuchtende Blume: klickSchutz in turbulenten Zeiten: klick Folgt auch gerne diesem K\u00fcnstler, wenn euch die Musik des [&hellip;]<\/p>\n","protected":false},"author":1,"featured_media":0,"parent":771,"menu_order":0,"comment_status":"closed","ping_status":"closed","template":"","meta":{"footnotes":""},"class_list":["post-803","page","type-page","status-publish","hentry"],"_links":{"self":[{"href":"https:\/\/jockyart.de\/en\/wp-json\/wp\/v2\/pages\/803","targetHints":{"allow":["GET"]}}],"collection":[{"href":"https:\/\/jockyart.de\/en\/wp-json\/wp\/v2\/pages"}],"about":[{"href":"https:\/\/jockyart.de\/en\/wp-json\/wp\/v2\/types\/page"}],"author":[{"embeddable":true,"href":"https:\/\/jockyart.de\/en\/wp-json\/wp\/v2\/users\/1"}],"replies":[{"embeddable":true,"href":"https:\/\/jockyart.de\/en\/wp-json\/wp\/v2\/comments?post=803"}],"version-history":[{"count":4,"href":"https:\/\/jockyart.de\/en\/wp-json\/wp\/v2\/pages\/803\/revisions"}],"predecessor-version":[{"id":4756,"href":"https:\/\/jockyart.de\/en\/wp-json\/wp\/v2\/pages\/803\/revisions\/4756"}],"up":[{"embeddable":true,"href":"https:\/\/jockyart.de\/en\/wp-json\/wp\/v2\/pages\/771"}],"wp:attachment":[{"href":"https:\/\/jockyart.de\/en\/wp-json\/wp\/v2\/media?parent=803"}],"curies":[{"name":"wp","href":"https:\/\/api.w.org\/{rel}","templated":true}]}}