{"id":780,"date":"2022-04-03T21:14:36","date_gmt":"2022-04-03T19:14:36","guid":{"rendered":"https:\/\/jockyart.de\/?page_id=780"},"modified":"2023-03-10T13:13:27","modified_gmt":"2023-03-10T12:13:27","slug":"zeugnisse-mit-prophetischer-kunst","status":"publish","type":"page","link":"https:\/\/jockyart.de\/en\/videos\/zeugnisse-mit-prophetischer-kunst\/","title":{"rendered":"Testimonies with prophetic art (German)"},"content":{"rendered":"<p>I am so happy that some friends of mine made me videos where the tell how God has touched them through my art (only in German).<br><br>If you like to send me a similar video (English is welcome), please talk to me about it. I am very glad about it!<\/p>\n\n\n\n<div class=\"wp-block-columns is-layout-flex wp-container-core-columns-is-layout-28f84493 wp-block-columns-is-layout-flex\">\n<div class=\"wp-block-column is-layout-flow wp-block-column-is-layout-flow\">\n<figure class=\"wp-block-image size-large\"><a href=\"https:\/\/jockyart.de\/en\/videos\/zeugnisse-mit-prophetischer-kunst\/zeugnis-mit-prophetischer-kunst-5-steig-aus-dem-boot\/\"><img loading=\"lazy\" decoding=\"async\" width=\"1024\" height=\"576\" src=\"https:\/\/jockyart.de\/wp-content\/uploads\/2023\/03\/Thumb_Zeugnis_ProphKunst_005_Steig_aus_dem_Boot-1024x576.jpg\" alt=\"Zeugnis mit prophetischer Kunst 5\" class=\"wp-image-5541\" srcset=\"https:\/\/jockyart.de\/wp-content\/uploads\/2023\/03\/Thumb_Zeugnis_ProphKunst_005_Steig_aus_dem_Boot-1024x576.jpg 1024w, https:\/\/jockyart.de\/wp-content\/uploads\/2023\/03\/Thumb_Zeugnis_ProphKunst_005_Steig_aus_dem_Boot-1536x864.jpg 1536w, https:\/\/jockyart.de\/wp-content\/uploads\/2023\/03\/Thumb_Zeugnis_ProphKunst_005_Steig_aus_dem_Boot-18x10.jpg 18w, https:\/\/jockyart.de\/wp-content\/uploads\/2023\/03\/Thumb_Zeugnis_ProphKunst_005_Steig_aus_dem_Boot-1320x743.jpg 1320w, https:\/\/jockyart.de\/wp-content\/uploads\/2023\/03\/Thumb_Zeugnis_ProphKunst_005_Steig_aus_dem_Boot-324x182.jpg 324w, https:\/\/jockyart.de\/wp-content\/uploads\/2023\/03\/Thumb_Zeugnis_ProphKunst_005_Steig_aus_dem_Boot-416x234.jpg 416w, https:\/\/jockyart.de\/wp-content\/uploads\/2023\/03\/Thumb_Zeugnis_ProphKunst_005_Steig_aus_dem_Boot-300x169.jpg 300w, https:\/\/jockyart.de\/wp-content\/uploads\/2023\/03\/Thumb_Zeugnis_ProphKunst_005_Steig_aus_dem_Boot-768x432.jpg 768w, https:\/\/jockyart.de\/wp-content\/uploads\/2023\/03\/Thumb_Zeugnis_ProphKunst_005_Steig_aus_dem_Boot.jpg 1920w\" sizes=\"auto, (max-width: 1024px) 100vw, 1024px\" \/><\/a><\/figure>\n<\/div>\n\n\n\n<div class=\"wp-block-column is-layout-flow wp-block-column-is-layout-flow\">\n<p><strong>05<\/strong> <a href=\"https:\/\/jockyart.de\/en\/videos\/zeugnisse-mit-prophetischer-kunst\/zeugnis-mit-prophetischer-kunst-5-steig-aus-dem-boot\/\" data-type=\"page\" data-id=\"5540\">Get off the boat<\/a><\/p>\n<\/div>\n<\/div>\n\n\n\n<div class=\"wp-block-columns is-layout-flex wp-container-core-columns-is-layout-28f84493 wp-block-columns-is-layout-flex\">\n<div class=\"wp-block-column is-layout-flow wp-block-column-is-layout-flow\">\n<figure class=\"wp-block-image size-large\"><a href=\"\/en\/videos\/zeugnisse-mit-prophetischer-kunst\/zeugnis-mit-prophetischer-kunst-04-du-bist-nicht-allein-beistand\/\"><img loading=\"lazy\" decoding=\"async\" width=\"1024\" height=\"576\" src=\"\/wp-content\/uploads\/2022\/10\/Thumb_Zeugnis_ProphKunst_004_Du_bist_nicht_allein-1024x576.jpg\" alt=\"Zeugnis mit prophetischer Kunst_004 -Du bist nicht allein\" class=\"wp-image-4516\" srcset=\"https:\/\/jockyart.de\/wp-content\/uploads\/2022\/10\/Thumb_Zeugnis_ProphKunst_004_Du_bist_nicht_allein-1024x576.jpg 1024w, https:\/\/jockyart.de\/wp-content\/uploads\/2022\/10\/Thumb_Zeugnis_ProphKunst_004_Du_bist_nicht_allein-1536x864.jpg 1536w, https:\/\/jockyart.de\/wp-content\/uploads\/2022\/10\/Thumb_Zeugnis_ProphKunst_004_Du_bist_nicht_allein-18x10.jpg 18w, https:\/\/jockyart.de\/wp-content\/uploads\/2022\/10\/Thumb_Zeugnis_ProphKunst_004_Du_bist_nicht_allein-324x182.jpg 324w, https:\/\/jockyart.de\/wp-content\/uploads\/2022\/10\/Thumb_Zeugnis_ProphKunst_004_Du_bist_nicht_allein-416x234.jpg 416w, https:\/\/jockyart.de\/wp-content\/uploads\/2022\/10\/Thumb_Zeugnis_ProphKunst_004_Du_bist_nicht_allein-300x169.jpg 300w, https:\/\/jockyart.de\/wp-content\/uploads\/2022\/10\/Thumb_Zeugnis_ProphKunst_004_Du_bist_nicht_allein-768x432.jpg 768w, https:\/\/jockyart.de\/wp-content\/uploads\/2022\/10\/Thumb_Zeugnis_ProphKunst_004_Du_bist_nicht_allein.jpg 1920w\" sizes=\"auto, (max-width: 1024px) 100vw, 1024px\" \/><\/a><\/figure>\n<\/div>\n\n\n\n<div class=\"wp-block-column is-layout-flow wp-block-column-is-layout-flow\">\n<p><strong>04<\/strong> <a href=\"\/en\/videos\/zeugnisse-mit-prophetischer-kunst\/zeugnis-mit-prophetischer-kunst-04-du-bist-nicht-allein-beistand\/\">You are not alone (assistance)<\/a><\/p>\n<\/div>\n<\/div>\n\n\n\n<div class=\"wp-block-columns is-layout-flex wp-container-core-columns-is-layout-28f84493 wp-block-columns-is-layout-flex\">\n<div class=\"wp-block-column is-layout-flow wp-block-column-is-layout-flow\">\n<figure class=\"wp-block-image size-large\"><a href=\"\/en\/videos\/zeugnisse-mit-prophetischer-kunst\/zeugnisse-mit-prophetischer-kunst-03-raus-aus-der-finsternis\/\"><img loading=\"lazy\" decoding=\"async\" width=\"1024\" height=\"576\" src=\"\/wp-content\/uploads\/2022\/05\/Thumb_Zeugnis__003_Raus_Finsternis-1024x576.jpg\" alt=\"Zeugnis mit proph. Kunst 03 - Raus aus der Finsternis\" class=\"wp-image-2276\" srcset=\"https:\/\/jockyart.de\/wp-content\/uploads\/2022\/05\/Thumb_Zeugnis__003_Raus_Finsternis-1024x576.jpg 1024w, https:\/\/jockyart.de\/wp-content\/uploads\/2022\/05\/Thumb_Zeugnis__003_Raus_Finsternis-1536x864.jpg 1536w, https:\/\/jockyart.de\/wp-content\/uploads\/2022\/05\/Thumb_Zeugnis__003_Raus_Finsternis-18x10.jpg 18w, https:\/\/jockyart.de\/wp-content\/uploads\/2022\/05\/Thumb_Zeugnis__003_Raus_Finsternis-324x182.jpg 324w, https:\/\/jockyart.de\/wp-content\/uploads\/2022\/05\/Thumb_Zeugnis__003_Raus_Finsternis-416x234.jpg 416w, https:\/\/jockyart.de\/wp-content\/uploads\/2022\/05\/Thumb_Zeugnis__003_Raus_Finsternis-300x169.jpg 300w, https:\/\/jockyart.de\/wp-content\/uploads\/2022\/05\/Thumb_Zeugnis__003_Raus_Finsternis-768x432.jpg 768w, https:\/\/jockyart.de\/wp-content\/uploads\/2022\/05\/Thumb_Zeugnis__003_Raus_Finsternis.jpg 1920w\" sizes=\"auto, (max-width: 1024px) 100vw, 1024px\" \/><\/a><\/figure>\n<\/div>\n\n\n\n<div class=\"wp-block-column is-layout-flow wp-block-column-is-layout-flow\">\n<p><strong>03 <\/strong><a href=\"\/en\/videos\/zeugnisse-mit-prophetischer-kunst\/zeugnisse-mit-prophetischer-kunst-03-raus-aus-der-finsternis\/\">Get out of the darkness<\/a><\/p>\n<\/div>\n<\/div>\n\n\n\n<div class=\"wp-block-columns is-layout-flex wp-container-core-columns-is-layout-28f84493 wp-block-columns-is-layout-flex\">\n<div class=\"wp-block-column is-layout-flow wp-block-column-is-layout-flow\">\n<figure class=\"wp-block-image size-large\"><a href=\"https:\/\/jockyart.de\/en\/videos\/zeugnisse-mit-prophetischer-kunst\/zeugnis-mit-prophetischer-kunst-2-eingehuellt-in-die-liebe-gottes\/\"><img loading=\"lazy\" decoding=\"async\" width=\"1024\" height=\"576\" src=\"\/wp-content\/uploads\/2022\/04\/Thumb_Zeugnis_prophetischeKunst_002_Umhuellt-1024x576.jpg\" alt=\"Zeugnis mit proph. Kunst 002\" class=\"wp-image-885\" srcset=\"https:\/\/jockyart.de\/wp-content\/uploads\/2022\/04\/Thumb_Zeugnis_prophetischeKunst_002_Umhuellt-1024x576.jpg 1024w, https:\/\/jockyart.de\/wp-content\/uploads\/2022\/04\/Thumb_Zeugnis_prophetischeKunst_002_Umhuellt-324x182.jpg 324w, https:\/\/jockyart.de\/wp-content\/uploads\/2022\/04\/Thumb_Zeugnis_prophetischeKunst_002_Umhuellt-416x234.jpg 416w, https:\/\/jockyart.de\/wp-content\/uploads\/2022\/04\/Thumb_Zeugnis_prophetischeKunst_002_Umhuellt-1536x864.jpg 1536w, https:\/\/jockyart.de\/wp-content\/uploads\/2022\/04\/Thumb_Zeugnis_prophetischeKunst_002_Umhuellt-18x10.jpg 18w, https:\/\/jockyart.de\/wp-content\/uploads\/2022\/04\/Thumb_Zeugnis_prophetischeKunst_002_Umhuellt-300x169.jpg 300w, https:\/\/jockyart.de\/wp-content\/uploads\/2022\/04\/Thumb_Zeugnis_prophetischeKunst_002_Umhuellt-768x432.jpg 768w, https:\/\/jockyart.de\/wp-content\/uploads\/2022\/04\/Thumb_Zeugnis_prophetischeKunst_002_Umhuellt.jpg 1920w\" sizes=\"auto, (max-width: 1024px) 100vw, 1024px\" \/><\/a><\/figure>\n<\/div>\n\n\n\n<div class=\"wp-block-column is-layout-flow wp-block-column-is-layout-flow\">\n<p><strong>02<\/strong> <a href=\"\/en\/videos\/zeugnisse-mit-prophetischer-kunst\/zeugnis-mit-prophetischer-kunst-2-eingehuellt-in-die-liebe-gottes\/\">Wrapped in the love of God<\/a><\/p>\n<\/div>\n<\/div>\n\n\n\n<div class=\"wp-block-columns is-layout-flex wp-container-core-columns-is-layout-28f84493 wp-block-columns-is-layout-flex\">\n<div class=\"wp-block-column is-layout-flow wp-block-column-is-layout-flow\">\n<figure class=\"wp-block-image size-large\"><a href=\"\/en\/videos\/zeugnisse-mit-prophetischer-kunst\/zeugnis-mit-prophetischer-kunst-1-red-sea-moment-heilung\/\"><img loading=\"lazy\" decoding=\"async\" width=\"1024\" height=\"576\" src=\"\/wp-content\/uploads\/2022\/04\/Thumb_Zeugnis_prophetischeKunst_001-1024x576.jpg\" alt=\"Zeugnis mit proph. Kunst 001\" class=\"wp-image-884\" srcset=\"https:\/\/jockyart.de\/wp-content\/uploads\/2022\/04\/Thumb_Zeugnis_prophetischeKunst_001-1024x576.jpg 1024w, https:\/\/jockyart.de\/wp-content\/uploads\/2022\/04\/Thumb_Zeugnis_prophetischeKunst_001-324x182.jpg 324w, https:\/\/jockyart.de\/wp-content\/uploads\/2022\/04\/Thumb_Zeugnis_prophetischeKunst_001-416x234.jpg 416w, https:\/\/jockyart.de\/wp-content\/uploads\/2022\/04\/Thumb_Zeugnis_prophetischeKunst_001-1536x864.jpg 1536w, https:\/\/jockyart.de\/wp-content\/uploads\/2022\/04\/Thumb_Zeugnis_prophetischeKunst_001-18x10.jpg 18w, https:\/\/jockyart.de\/wp-content\/uploads\/2022\/04\/Thumb_Zeugnis_prophetischeKunst_001-300x169.jpg 300w, https:\/\/jockyart.de\/wp-content\/uploads\/2022\/04\/Thumb_Zeugnis_prophetischeKunst_001-768x432.jpg 768w, https:\/\/jockyart.de\/wp-content\/uploads\/2022\/04\/Thumb_Zeugnis_prophetischeKunst_001.jpg 1920w\" sizes=\"auto, (max-width: 1024px) 100vw, 1024px\" \/><\/a><\/figure>\n<\/div>\n\n\n\n<div class=\"wp-block-column is-layout-flow wp-block-column-is-layout-flow\">\n<p><strong>01<\/strong> <a href=\"\/en\/videos\/zeugnisse-mit-prophetischer-kunst\/zeugnis-mit-prophetischer-kunst-1-red-sea-moment-heilung\/\">Red Sea Moment &amp; Heilung<\/a><\/p>\n<\/div>\n<\/div>","protected":false},"excerpt":{"rendered":"<p>G\u00fcnstigerweise haben mir einige Freunde Videos gemacht, in denen sie erz\u00e4hlen, wie Gott sie durch meine Kunst ber\u00fchrt hat. Wenn ihr gerne selber so ein Video machen wollt, sprecht mich gerne an. Ich freue mich sehr dar\u00fcber! 05 Steig aus dem Boot aus 04 Du bist nicht allein (Beistand) 03 Raus aus der Finsternis 02 [&hellip;]<\/p>\n","protected":false},"author":1,"featured_media":0,"parent":376,"menu_order":1,"comment_status":"closed","ping_status":"closed","template":"","meta":{"footnotes":""},"class_list":["post-780","page","type-page","status-publish","hentry"],"_links":{"self":[{"href":"https:\/\/jockyart.de\/en\/wp-json\/wp\/v2\/pages\/780","targetHints":{"allow":["GET"]}}],"collection":[{"href":"https:\/\/jockyart.de\/en\/wp-json\/wp\/v2\/pages"}],"about":[{"href":"https:\/\/jockyart.de\/en\/wp-json\/wp\/v2\/types\/page"}],"author":[{"embeddable":true,"href":"https:\/\/jockyart.de\/en\/wp-json\/wp\/v2\/users\/1"}],"replies":[{"embeddable":true,"href":"https:\/\/jockyart.de\/en\/wp-json\/wp\/v2\/comments?post=780"}],"version-history":[{"count":25,"href":"https:\/\/jockyart.de\/en\/wp-json\/wp\/v2\/pages\/780\/revisions"}],"predecessor-version":[{"id":5558,"href":"https:\/\/jockyart.de\/en\/wp-json\/wp\/v2\/pages\/780\/revisions\/5558"}],"up":[{"embeddable":true,"href":"https:\/\/jockyart.de\/en\/wp-json\/wp\/v2\/pages\/376"}],"wp:attachment":[{"href":"https:\/\/jockyart.de\/en\/wp-json\/wp\/v2\/media?parent=780"}],"curies":[{"name":"wp","href":"https:\/\/api.w.org\/{rel}","templated":true}]}}