{"id":771,"date":"2022-04-03T20:50:46","date_gmt":"2022-04-03T18:50:46","guid":{"rendered":"https:\/\/jockyart.de\/?page_id=771"},"modified":"2022-11-04T13:44:20","modified_gmt":"2022-11-04T12:44:20","slug":"videoserie-beruehrung-durch-prophetische-kunst","status":"publish","type":"page","link":"https:\/\/jockyart.de\/en\/videos\/videoserie-beruehrung-durch-prophetische-kunst\/","title":{"rendered":"Touched by prophetic art (German)"},"content":{"rendered":"<p>Immer wieder bekomme ich Feedback, wie Menschen durch meine Kunst ber\u00fchrt worden sind. Diese Geschichten sind so toll, dass ich sie euch nicht vorenthalten will und in dieser Videoserie davon erz\u00e4hle. Als Teil meiner gr\u00f6\u00dferen Vlogs &#8222;<strong>Die Nach des Geschichtenerz\u00e4hlers (The Night of the storyteller)<\/strong>&#8222;<\/p>\n\n\n\n<div class=\"wp-block-columns is-layout-flex wp-container-core-columns-is-layout-28f84493 wp-block-columns-is-layout-flex\">\n<div class=\"wp-block-column is-layout-flow wp-block-column-is-layout-flow\"><\/div>\n\n\n\n<div class=\"wp-block-column is-layout-flow wp-block-column-is-layout-flow\">\n<p><strong>Titel<\/strong><\/p>\n<\/div>\n<\/div>\n\n\n\n<div class=\"wp-block-columns is-layout-flex wp-container-core-columns-is-layout-28f84493 wp-block-columns-is-layout-flex\">\n<div class=\"wp-block-column is-layout-flow wp-block-column-is-layout-flow\">\n<figure class=\"wp-block-image size-large\"><img data-recalc-dims=\"1\" loading=\"lazy\" decoding=\"async\" width=\"980\" height=\"551\" src=\"https:\/\/i0.wp.com\/jockyart.de\/wp-content\/uploads\/2022\/04\/DNdG_XII_Thumbnail.jpg?resize=980%2C551&#038;ssl=1\" alt=\"Die Nacht der Geschichtenerz\u00e4hlers XII- Ber\u00fchrung durch prophetische Kunst 07\" class=\"wp-image-822\" title=\"Die Nacht der Geschichtenerz\u00e4hlers XII- Ber\u00fchrung durch prophetische Kunst 07\" srcset=\"https:\/\/i0.wp.com\/jockyart.de\/wp-content\/uploads\/2022\/04\/DNdG_XII_Thumbnail.jpg?resize=1024%2C576&amp;ssl=1 1024w, https:\/\/i0.wp.com\/jockyart.de\/wp-content\/uploads\/2022\/04\/DNdG_XII_Thumbnail.jpg?resize=324%2C182&amp;ssl=1 324w, https:\/\/i0.wp.com\/jockyart.de\/wp-content\/uploads\/2022\/04\/DNdG_XII_Thumbnail.jpg?resize=416%2C234&amp;ssl=1 416w, https:\/\/i0.wp.com\/jockyart.de\/wp-content\/uploads\/2022\/04\/DNdG_XII_Thumbnail.jpg?resize=1536%2C864&amp;ssl=1 1536w, https:\/\/i0.wp.com\/jockyart.de\/wp-content\/uploads\/2022\/04\/DNdG_XII_Thumbnail.jpg?resize=18%2C10&amp;ssl=1 18w, https:\/\/i0.wp.com\/jockyart.de\/wp-content\/uploads\/2022\/04\/DNdG_XII_Thumbnail.jpg?resize=300%2C169&amp;ssl=1 300w, https:\/\/i0.wp.com\/jockyart.de\/wp-content\/uploads\/2022\/04\/DNdG_XII_Thumbnail.jpg?resize=768%2C432&amp;ssl=1 768w, https:\/\/i0.wp.com\/jockyart.de\/wp-content\/uploads\/2022\/04\/DNdG_XII_Thumbnail.jpg?w=1920&amp;ssl=1 1920w\" sizes=\"auto, (max-width: 980px) 100vw, 980px\" \/><\/figure>\n<\/div>\n\n\n\n<div class=\"wp-block-column is-layout-flow wp-block-column-is-layout-flow\">\n<p><strong>07<\/strong> <a href=\"https:\/\/jockyart.de\/en\/videos\/videoserie-beruehrung-durch-prophetische-kunst\/beruehrung-durch-prophetische-kunst-07\/\" data-type=\"page\" data-id=\"835\">When in War create | Komm heraus aus der Verborgenheit<\/a><\/p>\n<\/div>\n<\/div>\n\n\n\n<div class=\"wp-block-columns is-layout-flex wp-container-core-columns-is-layout-28f84493 wp-block-columns-is-layout-flex\">\n<div class=\"wp-block-column is-layout-flow wp-block-column-is-layout-flow\">\n<figure class=\"wp-block-image size-large\"><a href=\"https:\/\/jockyart.de\/en\/videos\/videoserie-beruehrung-durch-prophetische-kunst\/beruehrung-durch-prophetische-kunst-06\/\"><img data-recalc-dims=\"1\" loading=\"lazy\" decoding=\"async\" width=\"980\" height=\"551\" src=\"https:\/\/i0.wp.com\/jockyart.de\/wp-content\/uploads\/2022\/04\/DNdG_XI_Thumbnail.jpg?resize=980%2C551&#038;ssl=1\" alt=\"Die Nacht der Geschichtenerz\u00e4hlers XI - Ber\u00fchrung durch prophetische Kunst 06\" class=\"wp-image-820\" title=\"Die Nacht der Geschichtenerz\u00e4hlers XI - Ber\u00fchrung durch prophetische Kunst 06\" srcset=\"https:\/\/i0.wp.com\/jockyart.de\/wp-content\/uploads\/2022\/04\/DNdG_XI_Thumbnail.jpg?resize=1024%2C576&amp;ssl=1 1024w, https:\/\/i0.wp.com\/jockyart.de\/wp-content\/uploads\/2022\/04\/DNdG_XI_Thumbnail.jpg?resize=324%2C182&amp;ssl=1 324w, https:\/\/i0.wp.com\/jockyart.de\/wp-content\/uploads\/2022\/04\/DNdG_XI_Thumbnail.jpg?resize=416%2C234&amp;ssl=1 416w, https:\/\/i0.wp.com\/jockyart.de\/wp-content\/uploads\/2022\/04\/DNdG_XI_Thumbnail.jpg?resize=1536%2C864&amp;ssl=1 1536w, https:\/\/i0.wp.com\/jockyart.de\/wp-content\/uploads\/2022\/04\/DNdG_XI_Thumbnail.jpg?resize=18%2C10&amp;ssl=1 18w, https:\/\/i0.wp.com\/jockyart.de\/wp-content\/uploads\/2022\/04\/DNdG_XI_Thumbnail.jpg?resize=300%2C169&amp;ssl=1 300w, https:\/\/i0.wp.com\/jockyart.de\/wp-content\/uploads\/2022\/04\/DNdG_XI_Thumbnail.jpg?resize=768%2C432&amp;ssl=1 768w, https:\/\/i0.wp.com\/jockyart.de\/wp-content\/uploads\/2022\/04\/DNdG_XI_Thumbnail.jpg?w=1920&amp;ssl=1 1920w\" sizes=\"auto, (max-width: 980px) 100vw, 980px\" \/><\/a><\/figure>\n<\/div>\n\n\n\n<div class=\"wp-block-column is-layout-flow wp-block-column-is-layout-flow\">\n<p><strong>06<\/strong> <a href=\"https:\/\/jockyart.de\/en\/videos\/videoserie-beruehrung-durch-prophetische-kunst\/beruehrung-durch-prophetische-kunst-06\/\" data-type=\"page\" data-id=\"826\">Territory extension<\/a><\/p>\n<\/div>\n<\/div>\n\n\n\n<div class=\"wp-block-columns is-layout-flex wp-container-core-columns-is-layout-28f84493 wp-block-columns-is-layout-flex\">\n<div class=\"wp-block-column is-layout-flow wp-block-column-is-layout-flow\">\n<figure class=\"wp-block-image size-large\"><a href=\"https:\/\/jockyart.de\/en\/videos\/videoserie-beruehrung-durch-prophetische-kunst\/beruehrung-durch-prophetische-kunst-05\/\"><img data-recalc-dims=\"1\" loading=\"lazy\" decoding=\"async\" width=\"980\" height=\"551\" src=\"https:\/\/i0.wp.com\/jockyart.de\/wp-content\/uploads\/2022\/04\/Thumb_DNdG_VIII.jpg?resize=980%2C551&#038;ssl=1\" alt=\"Die Nacht der Geschichtenerz\u00e4hlers VIII - Ber\u00fchrung durch prophetische Kunst 05\" class=\"wp-image-818\" title=\"Die Nacht der Geschichtenerz\u00e4hlers VIII - Ber\u00fchrung durch prophetische Kunst 05\" srcset=\"https:\/\/i0.wp.com\/jockyart.de\/wp-content\/uploads\/2022\/04\/Thumb_DNdG_VIII.jpg?resize=1024%2C576&amp;ssl=1 1024w, https:\/\/i0.wp.com\/jockyart.de\/wp-content\/uploads\/2022\/04\/Thumb_DNdG_VIII.jpg?resize=324%2C182&amp;ssl=1 324w, https:\/\/i0.wp.com\/jockyart.de\/wp-content\/uploads\/2022\/04\/Thumb_DNdG_VIII.jpg?resize=416%2C234&amp;ssl=1 416w, https:\/\/i0.wp.com\/jockyart.de\/wp-content\/uploads\/2022\/04\/Thumb_DNdG_VIII.jpg?resize=1536%2C864&amp;ssl=1 1536w, https:\/\/i0.wp.com\/jockyart.de\/wp-content\/uploads\/2022\/04\/Thumb_DNdG_VIII.jpg?resize=18%2C10&amp;ssl=1 18w, https:\/\/i0.wp.com\/jockyart.de\/wp-content\/uploads\/2022\/04\/Thumb_DNdG_VIII.jpg?resize=300%2C169&amp;ssl=1 300w, https:\/\/i0.wp.com\/jockyart.de\/wp-content\/uploads\/2022\/04\/Thumb_DNdG_VIII.jpg?resize=768%2C432&amp;ssl=1 768w, https:\/\/i0.wp.com\/jockyart.de\/wp-content\/uploads\/2022\/04\/Thumb_DNdG_VIII.jpg?w=1920&amp;ssl=1 1920w\" sizes=\"auto, (max-width: 980px) 100vw, 980px\" \/><\/a><\/figure>\n<\/div>\n\n\n\n<div class=\"wp-block-column is-layout-flow wp-block-column-is-layout-flow\">\n<p><strong>05 <\/strong><a href=\"https:\/\/jockyart.de\/en\/videos\/videoserie-beruehrung-durch-prophetische-kunst\/beruehrung-durch-prophetische-kunst-05\/\" data-type=\"page\" data-id=\"803\">Leuchtende Blume | Schutz in turbulenten Zeiten<\/a><\/p>\n<\/div>\n<\/div>\n\n\n\n<div class=\"wp-block-columns is-layout-flex wp-container-core-columns-is-layout-28f84493 wp-block-columns-is-layout-flex\">\n<div class=\"wp-block-column is-layout-flow wp-block-column-is-layout-flow\">\n<figure class=\"wp-block-image size-large\"><img data-recalc-dims=\"1\" loading=\"lazy\" decoding=\"async\" width=\"980\" height=\"551\" src=\"https:\/\/i0.wp.com\/jockyart.de\/wp-content\/uploads\/2022\/04\/DNdG_VII_Thumbnail.jpg?resize=980%2C551&#038;ssl=1\" alt=\"Die Nacht der Geschichtenerz\u00e4hlers VII - Ber\u00fchrung durch prophetische Kunst 04\" class=\"wp-image-823\" title=\"Die Nacht der Geschichtenerz\u00e4hlers VII - Ber\u00fchrung durch prophetische Kunst 04\" srcset=\"https:\/\/i0.wp.com\/jockyart.de\/wp-content\/uploads\/2022\/04\/DNdG_VII_Thumbnail.jpg?resize=1024%2C576&amp;ssl=1 1024w, https:\/\/i0.wp.com\/jockyart.de\/wp-content\/uploads\/2022\/04\/DNdG_VII_Thumbnail.jpg?resize=324%2C182&amp;ssl=1 324w, https:\/\/i0.wp.com\/jockyart.de\/wp-content\/uploads\/2022\/04\/DNdG_VII_Thumbnail.jpg?resize=416%2C234&amp;ssl=1 416w, https:\/\/i0.wp.com\/jockyart.de\/wp-content\/uploads\/2022\/04\/DNdG_VII_Thumbnail.jpg?resize=1536%2C864&amp;ssl=1 1536w, https:\/\/i0.wp.com\/jockyart.de\/wp-content\/uploads\/2022\/04\/DNdG_VII_Thumbnail.jpg?resize=18%2C10&amp;ssl=1 18w, https:\/\/i0.wp.com\/jockyart.de\/wp-content\/uploads\/2022\/04\/DNdG_VII_Thumbnail.jpg?resize=300%2C169&amp;ssl=1 300w, https:\/\/i0.wp.com\/jockyart.de\/wp-content\/uploads\/2022\/04\/DNdG_VII_Thumbnail.jpg?resize=768%2C432&amp;ssl=1 768w, https:\/\/i0.wp.com\/jockyart.de\/wp-content\/uploads\/2022\/04\/DNdG_VII_Thumbnail.jpg?w=1920&amp;ssl=1 1920w\" sizes=\"auto, (max-width: 980px) 100vw, 980px\" \/><\/figure>\n<\/div>\n\n\n\n<div class=\"wp-block-column is-layout-flow wp-block-column-is-layout-flow\">\n<p><strong>04<\/strong>\u00a0<a href=\"https:\/\/jockyart.de\/en\/videos\/videoserie-beruehrung-durch-prophetische-kunst\/beruehrung-durch-prophetische-kunst-04\/\">Tiefstes Herz | Heilung unter seinen Fl\u00fcgeln<\/a><\/p>\n<\/div>\n<\/div>\n\n\n\n<div class=\"wp-block-columns is-layout-flex wp-container-core-columns-is-layout-28f84493 wp-block-columns-is-layout-flex\">\n<div class=\"wp-block-column is-layout-flow wp-block-column-is-layout-flow\">\n<figure class=\"wp-block-image size-large\"><img data-recalc-dims=\"1\" loading=\"lazy\" decoding=\"async\" width=\"980\" height=\"551\" src=\"https:\/\/i0.wp.com\/jockyart.de\/wp-content\/uploads\/2022\/04\/DNdG_V_Thumbnail.jpg?resize=980%2C551&#038;ssl=1\" alt=\"Die Nacht der Geschichtenerz\u00e4hlers V - Ber\u00fchrung durch prophetische Kunst 03\" class=\"wp-image-816\" title=\"Die Nacht der Geschichtenerz\u00e4hlers V - Ber\u00fchrung durch prophetische Kunst 03\" srcset=\"https:\/\/i0.wp.com\/jockyart.de\/wp-content\/uploads\/2022\/04\/DNdG_V_Thumbnail.jpg?resize=1024%2C576&amp;ssl=1 1024w, https:\/\/i0.wp.com\/jockyart.de\/wp-content\/uploads\/2022\/04\/DNdG_V_Thumbnail.jpg?resize=324%2C182&amp;ssl=1 324w, https:\/\/i0.wp.com\/jockyart.de\/wp-content\/uploads\/2022\/04\/DNdG_V_Thumbnail.jpg?resize=416%2C234&amp;ssl=1 416w, https:\/\/i0.wp.com\/jockyart.de\/wp-content\/uploads\/2022\/04\/DNdG_V_Thumbnail.jpg?resize=1536%2C864&amp;ssl=1 1536w, https:\/\/i0.wp.com\/jockyart.de\/wp-content\/uploads\/2022\/04\/DNdG_V_Thumbnail.jpg?resize=18%2C10&amp;ssl=1 18w, https:\/\/i0.wp.com\/jockyart.de\/wp-content\/uploads\/2022\/04\/DNdG_V_Thumbnail.jpg?resize=300%2C169&amp;ssl=1 300w, https:\/\/i0.wp.com\/jockyart.de\/wp-content\/uploads\/2022\/04\/DNdG_V_Thumbnail.jpg?resize=768%2C432&amp;ssl=1 768w, https:\/\/i0.wp.com\/jockyart.de\/wp-content\/uploads\/2022\/04\/DNdG_V_Thumbnail.jpg?w=1920&amp;ssl=1 1920w\" sizes=\"auto, (max-width: 980px) 100vw, 980px\" \/><\/figure>\n<\/div>\n\n\n\n<div class=\"wp-block-column is-layout-flow wp-block-column-is-layout-flow\">\n<p><strong>03<\/strong> <a href=\"https:\/\/jockyart.de\/en\/videos\/videoserie-beruehrung-durch-prophetische-kunst\/beruehrung-durch-prophetische-kunst-03\/\" data-type=\"page\" data-id=\"796\">M\u00fclltonne ver\u00e4ndert durch die Herrlichkeit Gottes<\/a><\/p>\n<\/div>\n<\/div>\n\n\n\n<div class=\"wp-block-columns is-layout-flex wp-container-core-columns-is-layout-28f84493 wp-block-columns-is-layout-flex\">\n<div class=\"wp-block-column is-layout-flow wp-block-column-is-layout-flow\">\n<figure class=\"wp-block-image size-large\"><img data-recalc-dims=\"1\" loading=\"lazy\" decoding=\"async\" width=\"980\" height=\"551\" src=\"https:\/\/i0.wp.com\/jockyart.de\/wp-content\/uploads\/2022\/04\/DNdG_III_Thumbnail.jpg?resize=980%2C551&#038;ssl=1\" alt=\"Die Nacht der Geschichtenerz\u00e4hlers III - Ber\u00fchrung durch prophetische Kunst 02\" class=\"wp-image-814\" title=\"Die Nacht der Geschichtenerz\u00e4hlers III - Ber\u00fchrung durch prophetische Kunst 02\" srcset=\"https:\/\/i0.wp.com\/jockyart.de\/wp-content\/uploads\/2022\/04\/DNdG_III_Thumbnail.jpg?resize=1024%2C576&amp;ssl=1 1024w, https:\/\/i0.wp.com\/jockyart.de\/wp-content\/uploads\/2022\/04\/DNdG_III_Thumbnail.jpg?resize=324%2C182&amp;ssl=1 324w, https:\/\/i0.wp.com\/jockyart.de\/wp-content\/uploads\/2022\/04\/DNdG_III_Thumbnail.jpg?resize=416%2C234&amp;ssl=1 416w, https:\/\/i0.wp.com\/jockyart.de\/wp-content\/uploads\/2022\/04\/DNdG_III_Thumbnail.jpg?resize=1536%2C864&amp;ssl=1 1536w, https:\/\/i0.wp.com\/jockyart.de\/wp-content\/uploads\/2022\/04\/DNdG_III_Thumbnail.jpg?resize=18%2C10&amp;ssl=1 18w, https:\/\/i0.wp.com\/jockyart.de\/wp-content\/uploads\/2022\/04\/DNdG_III_Thumbnail.jpg?resize=300%2C169&amp;ssl=1 300w, https:\/\/i0.wp.com\/jockyart.de\/wp-content\/uploads\/2022\/04\/DNdG_III_Thumbnail.jpg?resize=768%2C432&amp;ssl=1 768w, https:\/\/i0.wp.com\/jockyart.de\/wp-content\/uploads\/2022\/04\/DNdG_III_Thumbnail.jpg?w=1920&amp;ssl=1 1920w\" sizes=\"auto, (max-width: 980px) 100vw, 980px\" \/><\/figure>\n<\/div>\n\n\n\n<div class=\"wp-block-column is-layout-flow wp-block-column-is-layout-flow\">\n<p><strong>02<\/strong> <a href=\"https:\/\/jockyart.de\/en\/videos\/videoserie-beruehrung-durch-prophetische-kunst\/beruehrung-durch-prophetische-kunst-02\/\" data-type=\"page\" data-id=\"792\">Gerichtssaal Gottes | Schau aufs Licht<\/a><\/p>\n<\/div>\n<\/div>\n\n\n\n<div class=\"wp-block-columns is-layout-flex wp-container-core-columns-is-layout-28f84493 wp-block-columns-is-layout-flex\">\n<div class=\"wp-block-column is-layout-flow wp-block-column-is-layout-flow\">\n<figure class=\"wp-block-image size-large\"><img data-recalc-dims=\"1\" loading=\"lazy\" decoding=\"async\" width=\"980\" height=\"551\" src=\"https:\/\/i0.wp.com\/jockyart.de\/wp-content\/uploads\/2022\/04\/DNdG_I_Thumbnail.jpg?resize=980%2C551&#038;ssl=1\" alt=\"Die Nacht der Geschichtenerz\u00e4hlers I - Ber\u00fchrung durch prophetische Kunst 01\" class=\"wp-image-813\" title=\"Die Nacht der Geschichtenerz\u00e4hlers I - Ber\u00fchrung durch prophetische Kunst 01\" srcset=\"https:\/\/i0.wp.com\/jockyart.de\/wp-content\/uploads\/2022\/04\/DNdG_I_Thumbnail.jpg?resize=1024%2C576&amp;ssl=1 1024w, https:\/\/i0.wp.com\/jockyart.de\/wp-content\/uploads\/2022\/04\/DNdG_I_Thumbnail.jpg?resize=324%2C182&amp;ssl=1 324w, https:\/\/i0.wp.com\/jockyart.de\/wp-content\/uploads\/2022\/04\/DNdG_I_Thumbnail.jpg?resize=416%2C234&amp;ssl=1 416w, https:\/\/i0.wp.com\/jockyart.de\/wp-content\/uploads\/2022\/04\/DNdG_I_Thumbnail.jpg?resize=1536%2C864&amp;ssl=1 1536w, https:\/\/i0.wp.com\/jockyart.de\/wp-content\/uploads\/2022\/04\/DNdG_I_Thumbnail.jpg?resize=18%2C10&amp;ssl=1 18w, https:\/\/i0.wp.com\/jockyart.de\/wp-content\/uploads\/2022\/04\/DNdG_I_Thumbnail.jpg?resize=300%2C169&amp;ssl=1 300w, https:\/\/i0.wp.com\/jockyart.de\/wp-content\/uploads\/2022\/04\/DNdG_I_Thumbnail.jpg?resize=768%2C432&amp;ssl=1 768w, https:\/\/i0.wp.com\/jockyart.de\/wp-content\/uploads\/2022\/04\/DNdG_I_Thumbnail.jpg?w=1920&amp;ssl=1 1920w\" sizes=\"auto, (max-width: 980px) 100vw, 980px\" \/><\/figure>\n<\/div>\n\n\n\n<div class=\"wp-block-column is-layout-flow wp-block-column-is-layout-flow\">\n<p><strong>01<\/strong> <a href=\"https:\/\/jockyart.de\/en\/videos\/videoserie-beruehrung-durch-prophetische-kunst\/beruehrung-durch-prophetische-kunst-01\/\" data-type=\"page\" data-id=\"773\">Umh\u00fcllt von der Liebe Gottes | Keine Verdammnis | Die entflammte Schreibmaschine<\/a><\/p>\n<\/div>\n<\/div>","protected":false},"excerpt":{"rendered":"<p>Immer wieder bekomme ich Feedback, wie Menschen durch meine Kunst ber\u00fchrt worden sind. Diese Geschichten sind so toll, dass ich sie euch nicht vorenthalten will und in dieser Videoserie davon erz\u00e4hle. Als Teil meiner gr\u00f6\u00dferen Vlogs &#8222;Die Nach des Geschichtenerz\u00e4hlers&#8222; Titel 07 When in War create | Komm heraus aus der Verborgenheit 06 Gebietserweiterung 05 [&hellip;]<\/p>\n","protected":false},"author":1,"featured_media":0,"parent":376,"menu_order":0,"comment_status":"closed","ping_status":"closed","template":"","meta":{"jetpack_post_was_ever_published":false,"footnotes":""},"class_list":["post-771","page","type-page","status-publish","hentry"],"jetpack-related-posts":[],"jetpack_sharing_enabled":true,"_links":{"self":[{"href":"https:\/\/jockyart.de\/en\/wp-json\/wp\/v2\/pages\/771","targetHints":{"allow":["GET"]}}],"collection":[{"href":"https:\/\/jockyart.de\/en\/wp-json\/wp\/v2\/pages"}],"about":[{"href":"https:\/\/jockyart.de\/en\/wp-json\/wp\/v2\/types\/page"}],"author":[{"embeddable":true,"href":"https:\/\/jockyart.de\/en\/wp-json\/wp\/v2\/users\/1"}],"replies":[{"embeddable":true,"href":"https:\/\/jockyart.de\/en\/wp-json\/wp\/v2\/comments?post=771"}],"version-history":[{"count":24,"href":"https:\/\/jockyart.de\/en\/wp-json\/wp\/v2\/pages\/771\/revisions"}],"predecessor-version":[{"id":4852,"href":"https:\/\/jockyart.de\/en\/wp-json\/wp\/v2\/pages\/771\/revisions\/4852"}],"up":[{"embeddable":true,"href":"https:\/\/jockyart.de\/en\/wp-json\/wp\/v2\/pages\/376"}],"wp:attachment":[{"href":"https:\/\/jockyart.de\/en\/wp-json\/wp\/v2\/media?parent=771"}],"curies":[{"name":"wp","href":"https:\/\/api.w.org\/{rel}","templated":true}]}}