{"id":7336,"date":"2023-10-29T12:03:41","date_gmt":"2023-10-29T11:03:41","guid":{"rendered":"https:\/\/jockyart.de\/?page_id=7336"},"modified":"2024-10-23T22:06:19","modified_gmt":"2024-10-23T20:06:19","slug":"09-der-drache-und-die-frau","status":"publish","type":"page","link":"https:\/\/jockyart.de\/en\/galerien\/prophetische-kunst\/kunstkalender\/wandkalender-2024\/09-der-drache-und-die-frau\/","title":{"rendered":"09 Der Drache und die Frau"},"content":{"rendered":"<p><a href=\"https:\/\/jockyart.de\/en\/galerien\/prophetische-kunst\/kunstkalender\/wandkalender-2024\/08-house-of-miracles\/\" data-type=\"page\" data-id=\"7330\">August 2024<\/a> | <a href=\"https:\/\/jockyart.de\/en\/galerien\/prophetische-kunst\/kunstkalender\/wandkalender-2024\/10-jede-frucht-braucht-ihre-zeit\/\" data-type=\"page\" data-id=\"7337\">Oktober 2024<\/a><\/p>\n\n\n\n<figure class=\"wp-block-image size-full\"><img loading=\"lazy\" decoding=\"async\" width=\"2000\" height=\"1422\" src=\"https:\/\/jockyart.de\/wp-content\/uploads\/2023\/09\/009_JockyArt_Kunstkalender2024_September.jpg\" alt=\"Kunstkalender2024 - September\" class=\"wp-image-7117\" srcset=\"https:\/\/jockyart.de\/wp-content\/uploads\/2023\/09\/009_JockyArt_Kunstkalender2024_September.jpg 2000w, https:\/\/jockyart.de\/wp-content\/uploads\/2023\/09\/009_JockyArt_Kunstkalender2024_September-1536x1092.jpg 1536w, https:\/\/jockyart.de\/wp-content\/uploads\/2023\/09\/009_JockyArt_Kunstkalender2024_September-18x12.jpg 18w, https:\/\/jockyart.de\/wp-content\/uploads\/2023\/09\/009_JockyArt_Kunstkalender2024_September-1320x939.jpg 1320w, https:\/\/jockyart.de\/wp-content\/uploads\/2023\/09\/009_JockyArt_Kunstkalender2024_September-324x230.jpg 324w, https:\/\/jockyart.de\/wp-content\/uploads\/2023\/09\/009_JockyArt_Kunstkalender2024_September-416x296.jpg 416w, https:\/\/jockyart.de\/wp-content\/uploads\/2023\/09\/009_JockyArt_Kunstkalender2024_September-300x213.jpg 300w, https:\/\/jockyart.de\/wp-content\/uploads\/2023\/09\/009_JockyArt_Kunstkalender2024_September-768x546.jpg 768w\" sizes=\"auto, (max-width: 2000px) 100vw, 2000px\" \/><\/figure>\n\n\n\n<p>\u00a9 Copyright 2022 by&nbsp;<em><a rel=\"noreferrer noopener\" href=\"https:\/\/jockyart.de\/en\/\" target=\"_blank\">JockyArt.de<\/a><\/em><\/p>\n\n\n\n<p>Das Bild f\u00fcr den September entstand als Auftragsbild. Im Gebet sah ich einen gro\u00dfen, roten Drachen, der sich zum Schlafen eingerollt hatte. Um ihn herum war es total d\u00fcster und \u00fcberall war verbrannte Erde. Mittendrin stand eine Frau wie gel\u00e4hmt, da sie n\u00e4mlich direkt hinter dem Hals des Drachen eingeklemmt war. Die Frau war zun\u00e4chst total \u00fcberfordert und war starr vor Angst. Sie wusste nicht was ihr passiert war und wie sie sich aus der brenzligen Situation befreien k\u00f6nnte.<br><br>But the longer she was in the situation, the more she realized that she was already light here. Her immediate surroundings were illuminated by your presence alone (or Jesus within you). There was even green grass growing around her. She recognized more and more the authority she has in Christ and began to take her stand. Eventually she even found joy in conquering this land for Jesus and in triumphing over the circumstances and in even shaping the atmosphere.<\/p>\n\n\n\n<blockquote class=\"wp-block-quote is-layout-flow wp-block-quote-is-layout-flow\">\n<p>\"Little children, you are from God and have overcome them, for he who is in you is greater than he who is in the world.\"<\/p>\n<cite>1 John 4:4<\/cite><\/blockquote>\n\n\n\n<p>Zus\u00e4tzlich zum Kalender, k\u00f6nnt ihr das Bild im Original erwerben, es ist nat\u00fcrlich auch als Kunstdruck, Poster, Leinwand oder als Sonderanfertigung wie Kissen oder Decke erh\u00e4ltlich.<\/p>\n\n\n\n<p><a href=\"https:\/\/jockyart.de\/en\/galerien\/prophetische-kunst\/kunstkalender\/wandkalender-2024\/\">back<\/a><\/p>\n\n\n\n<p><\/p>","protected":false},"excerpt":{"rendered":"<p>August 2024 | Oktober 2024 \u00a9 Copyright 2022 by&nbsp;JockyArt.de Das Bild f\u00fcr den September entstand als Auftragsbild. Im Gebet sah ich einen gro\u00dfen, roten Drachen, der sich zum Schlafen eingerollt hatte. Um ihn herum war es total d\u00fcster und \u00fcberall war verbrannte Erde. Mittendrin stand eine Frau wie gel\u00e4hmt, da sie n\u00e4mlich direkt hinter dem [&hellip;]<\/p>\n","protected":false},"author":1,"featured_media":0,"parent":7107,"menu_order":0,"comment_status":"closed","ping_status":"closed","template":"","meta":{"footnotes":""},"class_list":["post-7336","page","type-page","status-publish","hentry"],"_links":{"self":[{"href":"https:\/\/jockyart.de\/en\/wp-json\/wp\/v2\/pages\/7336","targetHints":{"allow":["GET"]}}],"collection":[{"href":"https:\/\/jockyart.de\/en\/wp-json\/wp\/v2\/pages"}],"about":[{"href":"https:\/\/jockyart.de\/en\/wp-json\/wp\/v2\/types\/page"}],"author":[{"embeddable":true,"href":"https:\/\/jockyart.de\/en\/wp-json\/wp\/v2\/users\/1"}],"replies":[{"embeddable":true,"href":"https:\/\/jockyart.de\/en\/wp-json\/wp\/v2\/comments?post=7336"}],"version-history":[{"count":7,"href":"https:\/\/jockyart.de\/en\/wp-json\/wp\/v2\/pages\/7336\/revisions"}],"predecessor-version":[{"id":9053,"href":"https:\/\/jockyart.de\/en\/wp-json\/wp\/v2\/pages\/7336\/revisions\/9053"}],"up":[{"embeddable":true,"href":"https:\/\/jockyart.de\/en\/wp-json\/wp\/v2\/pages\/7107"}],"wp:attachment":[{"href":"https:\/\/jockyart.de\/en\/wp-json\/wp\/v2\/media?parent=7336"}],"curies":[{"name":"wp","href":"https:\/\/api.w.org\/{rel}","templated":true}]}}