{"id":7324,"date":"2023-10-29T11:45:36","date_gmt":"2023-10-29T10:45:36","guid":{"rendered":"https:\/\/jockyart.de\/?page_id=7324"},"modified":"2024-10-23T22:08:58","modified_gmt":"2024-10-23T20:08:58","slug":"07-do-we-live-close-to-the-ocean","status":"publish","type":"page","link":"https:\/\/jockyart.de\/en\/galerien\/prophetische-kunst\/kunstkalender\/wandkalender-2024\/07-do-we-live-close-to-the-ocean\/","title":{"rendered":"07 Do we live close to the ocean?"},"content":{"rendered":"\n<p><a href=\"https:\/\/jockyart.de\/de_de\/galerien\/prophetische-kunst\/kunstkalender\/wandkalender-2024\/06-work-in-progress\/\" data-type=\"page\" data-id=\"7317\">Juni 2024<\/a> | <a href=\"https:\/\/jockyart.de\/de_de\/galerien\/prophetische-kunst\/kunstkalender\/wandkalender-2024\/08-house-of-miracles\/\" data-type=\"page\" data-id=\"7330\">August 2024<\/a><\/p>\n\n\n\n<figure class=\"wp-block-image size-full\"><img loading=\"lazy\" decoding=\"async\" width=\"2000\" height=\"1422\" src=\"https:\/\/jockyart.de\/wp-content\/uploads\/2023\/09\/007_JockyArt_Kunstkalender2024_Juli.jpg\" alt=\"Kunstkalender2024 - Juli\" class=\"wp-image-7115\" srcset=\"https:\/\/jockyart.de\/wp-content\/uploads\/2023\/09\/007_JockyArt_Kunstkalender2024_Juli.jpg 2000w, https:\/\/jockyart.de\/wp-content\/uploads\/2023\/09\/007_JockyArt_Kunstkalender2024_Juli-1536x1092.jpg 1536w, https:\/\/jockyart.de\/wp-content\/uploads\/2023\/09\/007_JockyArt_Kunstkalender2024_Juli-18x12.jpg 18w, https:\/\/jockyart.de\/wp-content\/uploads\/2023\/09\/007_JockyArt_Kunstkalender2024_Juli-1320x939.jpg 1320w, https:\/\/jockyart.de\/wp-content\/uploads\/2023\/09\/007_JockyArt_Kunstkalender2024_Juli-324x230.jpg 324w, https:\/\/jockyart.de\/wp-content\/uploads\/2023\/09\/007_JockyArt_Kunstkalender2024_Juli-416x296.jpg 416w, https:\/\/jockyart.de\/wp-content\/uploads\/2023\/09\/007_JockyArt_Kunstkalender2024_Juli-300x213.jpg 300w, https:\/\/jockyart.de\/wp-content\/uploads\/2023\/09\/007_JockyArt_Kunstkalender2024_Juli-768x546.jpg 768w\" sizes=\"auto, (max-width: 2000px) 100vw, 2000px\" \/><\/figure>\n\n\n\n<p>\u00a9 Copyright 2022 by&nbsp;<em><a rel=\"noreferrer noopener\" href=\"https:\/\/www.jockyart.de\/\" target=\"_blank\">JockyArt.de<\/a><\/em><\/p>\n\n\n\n<p>Bevor Jesus zur\u00fcck zu seinem Vater gegangen ist, hat er seinen J\u00fcngern gesagt, dass er Wohnungen f\u00fcr sie im Himmel vorbereiten werde. Es gibt ein wundersch\u00f6nes Lied &#8222;<a rel=\"noopener\" href=\"https:\/\/www.youtube.com\/watch?v=1PEh6YCpJs8\" target=\"_blank\">Be there with you<\/a>&#8220; der schwedischen Hardrockband <em>Jerusalem<\/em>, in dem Fragen gestellt werden, wie diese Wohnungen wohl aussehen werden. <\/p>\n\n\n\n<div class=\"wp-block-columns is-layout-flex wp-container-core-columns-is-layout-28f84493 wp-block-columns-is-layout-flex\">\n<div class=\"wp-block-column is-layout-flow wp-block-column-is-layout-flow\">\n<p>Tell me, are the grass much greener there?<br>Is there a garden too?<br>What kind of house have you prepared?<br>Do we live close to the ocean?<br>Is there a place for us,<br>Where we can sit and talk like best friends do?<\/p>\n<\/div>\n\n\n\n<div class=\"wp-block-column is-layout-flow wp-block-column-is-layout-flow\">\n<p>Sag mir, wird das Gras dort viel gr\u00fcner sein?<br>Gibt es dort auch einen Garten?<br>Was f\u00fcr ein Haus hast Du f\u00fcr uns vorbereitet?<br>Werden wir nahe am Meer wohnen?<br>Gibt es dort f\u00fcr uns einen Platz, wo wir uns hinsetzen k\u00f6nnen um wie beste Freunde reden zu k\u00f6nnen?<\/p>\n<\/div>\n<\/div>\n\n\n\n<p>Dieses Lied hat mich zu diesem Bild inspiriert. Wie m\u00fcsste ein solches Haus f\u00fcr Dich aussehen?<\/p>\n\n\n\n<div class=\"wp-block-columns is-layout-flex wp-container-core-columns-is-layout-28f84493 wp-block-columns-is-layout-flex\">\n<div class=\"wp-block-column is-layout-flow wp-block-column-is-layout-flow\"><div data-block-name=\"woocommerce\/handpicked-products\" data-columns=\"1\" data-content-visibility=\"{&quot;image&quot;:true,&quot;title&quot;:true,&quot;price&quot;:true,&quot;rating&quot;:false,&quot;button&quot;:true}\" data-products=\"[7141,5769]\" class=\"wc-block-grid wp-block-handpicked-products wp-block-woocommerce-handpicked-products wc-block-handpicked-products has-1-columns has-multiple-rows\"><ul class=\"wc-block-grid__products\"><li class=\"wc-block-grid__product\">\n\t\t\t\t<a href=\"https:\/\/jockyart.de\/en\/product\/do-we-live-close-to-the-ocean-original\/\" class=\"wc-block-grid__product-link\">\n\t\t\t\t\t\n\t\t\t\t\t<div class=\"wc-block-grid__product-image\"><img loading=\"lazy\" decoding=\"async\" width=\"324\" height=\"231\" src=\"https:\/\/jockyart.de\/wp-content\/uploads\/2023\/04\/Do_we_live_close_to_the_ocean_org-324x231.jpg\" class=\"attachment-woocommerce_thumbnail size-woocommerce_thumbnail\" alt=\"Do we live close to the ocean (Original)\" srcset=\"https:\/\/jockyart.de\/wp-content\/uploads\/2023\/04\/Do_we_live_close_to_the_ocean_org-324x231.jpg 324w, https:\/\/jockyart.de\/wp-content\/uploads\/2023\/04\/Do_we_live_close_to_the_ocean_org-1536x1095.jpg 1536w, https:\/\/jockyart.de\/wp-content\/uploads\/2023\/04\/Do_we_live_close_to_the_ocean_org-18x12.jpg 18w, https:\/\/jockyart.de\/wp-content\/uploads\/2023\/04\/Do_we_live_close_to_the_ocean_org-1320x941.jpg 1320w, https:\/\/jockyart.de\/wp-content\/uploads\/2023\/04\/Do_we_live_close_to_the_ocean_org-416x297.jpg 416w, https:\/\/jockyart.de\/wp-content\/uploads\/2023\/04\/Do_we_live_close_to_the_ocean_org-300x214.jpg 300w, https:\/\/jockyart.de\/wp-content\/uploads\/2023\/04\/Do_we_live_close_to_the_ocean_org-768x548.jpg 768w, https:\/\/jockyart.de\/wp-content\/uploads\/2023\/04\/Do_we_live_close_to_the_ocean_org.jpg 2000w\" sizes=\"auto, (max-width: 324px) 100vw, 324px\" \/><\/div>\n\t\t\t\t\t<div class=\"wc-block-grid__product-title\">Do we live close to the ocean? (Original)<\/div>\n\t\t\t\t<\/a>\n\t\t\t\t<div class=\"wc-block-grid__product-price price\">\t\t<span class=\"tiered-pricing-dynamic-price-wrapper\" data-display-context=\"shop-loop\" data-price-type=\"no-rules\" data-product-id=\"5769\" data-parent-id=\"5769\">\n\t\t\t<span class=\"woocommerce-Price-amount amount\">150,00&nbsp;<span class=\"woocommerce-Price-currencySymbol\">&euro;<\/span><\/span><\/span><\/div>\n\t\t\t\t\n\t\t\t\t<div class=\"wp-block-button wc-block-grid__product-add-to-cart\"><a href=\"\/en\/wp-json\/wp\/v2\/pages\/7324?add-to-cart=5769\" aria-label=\"In den Warenkorb legen: \u201eDo we live close to the ocean? (Original)\u201c\" data-quantity=\"1\" data-product_id=\"5769\" data-product_sku=\"origin_finel_live_ocean\" data-price=\"150\" rel=\"nofollow\" class=\"wp-block-button__link  add_to_cart_button ajax_add_to_cart\">In the cart<\/a><\/div>\n\t\t\t<\/li><\/ul><\/div><\/div>\n<\/div>\n\n\n\n<p>Zus\u00e4tzlich zum Kalender, k\u00f6nnt ihr das Bild im Original erwerben, es ist nat\u00fcrlich auch als Kunstdruck, Poster, Leinwand oder als Sonderanfertigung wie Kissen oder Decke erh\u00e4ltlich.<\/p>\n\n\n\n<p><a href=\"https:\/\/jockyart.de\/galerien\/prophetische-kunst\/kunstkalender\/wandkalender-2024\/\">zur\u00fcck<\/a><\/p>\n","protected":false},"excerpt":{"rendered":"<p>Juni 2024 | August 2024 \u00a9 Copyright 2022 by&nbsp;JockyArt.de Bevor Jesus zur\u00fcck zu seinem Vater gegangen ist, hat er seinen J\u00fcngern gesagt, dass er Wohnungen f\u00fcr sie im Himmel vorbereiten werde. Es gibt ein wundersch\u00f6nes Lied &#8222;Be there with you&#8220; der schwedischen Hardrockband Jerusalem, in dem Fragen gestellt werden, wie diese Wohnungen wohl aussehen werden. [&hellip;]<\/p>\n","protected":false},"author":1,"featured_media":0,"parent":7107,"menu_order":0,"comment_status":"closed","ping_status":"closed","template":"","meta":{"footnotes":""},"class_list":["post-7324","page","type-page","status-publish","hentry"],"_links":{"self":[{"href":"https:\/\/jockyart.de\/en\/wp-json\/wp\/v2\/pages\/7324","targetHints":{"allow":["GET"]}}],"collection":[{"href":"https:\/\/jockyart.de\/en\/wp-json\/wp\/v2\/pages"}],"about":[{"href":"https:\/\/jockyart.de\/en\/wp-json\/wp\/v2\/types\/page"}],"author":[{"embeddable":true,"href":"https:\/\/jockyart.de\/en\/wp-json\/wp\/v2\/users\/1"}],"replies":[{"embeddable":true,"href":"https:\/\/jockyart.de\/en\/wp-json\/wp\/v2\/comments?post=7324"}],"version-history":[{"count":8,"href":"https:\/\/jockyart.de\/en\/wp-json\/wp\/v2\/pages\/7324\/revisions"}],"predecessor-version":[{"id":9054,"href":"https:\/\/jockyart.de\/en\/wp-json\/wp\/v2\/pages\/7324\/revisions\/9054"}],"up":[{"embeddable":true,"href":"https:\/\/jockyart.de\/en\/wp-json\/wp\/v2\/pages\/7107"}],"wp:attachment":[{"href":"https:\/\/jockyart.de\/en\/wp-json\/wp\/v2\/media?parent=7324"}],"curies":[{"name":"wp","href":"https:\/\/api.w.org\/{rel}","templated":true}]}}