{"id":7273,"date":"2023-10-28T22:05:07","date_gmt":"2023-10-28T20:05:07","guid":{"rendered":"https:\/\/jockyart.de\/?page_id=7273"},"modified":"2024-10-23T21:52:56","modified_gmt":"2024-10-23T19:52:56","slug":"02-die-tiefe-ruft-der-tiefe-zu","status":"publish","type":"page","link":"https:\/\/jockyart.de\/en\/galerien\/prophetische-kunst\/kunstkalender\/wandkalender-2024\/02-die-tiefe-ruft-der-tiefe-zu\/","title":{"rendered":"02 Die Tiefe ruft der Tiefe zu"},"content":{"rendered":"<p><a href=\"https:\/\/jockyart.de\/en\/01-we-will-see-his-goodness-wir-werden-seine-guete-sehen\/\" data-type=\"page\" data-id=\"7251\">Januar 2024<\/a> | <a href=\"https:\/\/jockyart.de\/en\/galerien\/prophetische-kunst\/kunstkalender-2023\/wandkalender-2024\/03-die-bruecke-zu-deinem-herzen\/\" data-type=\"page\" data-id=\"7287\">M\u00e4rz 2024<\/a><\/p>\n\n\n\n<figure class=\"wp-block-image size-full\"><img loading=\"lazy\" decoding=\"async\" width=\"2000\" height=\"1422\" src=\"https:\/\/jockyart.de\/wp-content\/uploads\/2023\/09\/002_JockyArt_Kunstkalender2024_Februar.jpg\" alt=\"Kunstkalender2024 - Februar\" class=\"wp-image-7110\" srcset=\"https:\/\/jockyart.de\/wp-content\/uploads\/2023\/09\/002_JockyArt_Kunstkalender2024_Februar.jpg 2000w, https:\/\/jockyart.de\/wp-content\/uploads\/2023\/09\/002_JockyArt_Kunstkalender2024_Februar-1536x1092.jpg 1536w, https:\/\/jockyart.de\/wp-content\/uploads\/2023\/09\/002_JockyArt_Kunstkalender2024_Februar-18x12.jpg 18w, https:\/\/jockyart.de\/wp-content\/uploads\/2023\/09\/002_JockyArt_Kunstkalender2024_Februar-1320x939.jpg 1320w, https:\/\/jockyart.de\/wp-content\/uploads\/2023\/09\/002_JockyArt_Kunstkalender2024_Februar-324x230.jpg 324w, https:\/\/jockyart.de\/wp-content\/uploads\/2023\/09\/002_JockyArt_Kunstkalender2024_Februar-416x296.jpg 416w, https:\/\/jockyart.de\/wp-content\/uploads\/2023\/09\/002_JockyArt_Kunstkalender2024_Februar-300x213.jpg 300w, https:\/\/jockyart.de\/wp-content\/uploads\/2023\/09\/002_JockyArt_Kunstkalender2024_Februar-768x546.jpg 768w\" sizes=\"auto, (max-width: 2000px) 100vw, 2000px\" \/><\/figure>\n\n\n\n<p>\u00a9 Copyright 2021 by&nbsp;<em><a rel=\"noreferrer noopener\" href=\"https:\/\/jockyart.de\/en\/\" target=\"_blank\">JockyArt.de<\/a><\/em><\/p>\n\n\n\n<p>Bei dem Bild f\u00fcr den Februar hatte ich tiefe Wasser vor Augen. Das Treiben in Gottes Gegenwart, ein positives Verlorensein in Ihm, v\u00f6llig aufgehen, geborgen sein, sich treiben lassen k\u00f6nnen. Loslassen, sich fallen lassen\u2026 <br>Sich tragen lassen von seinen Wasserstr\u00f6men. Am besten dr\u00fcckt das der Vers aus Psalm 42, der mir in keiner deutschen \u00dcbersetzung so richtig r\u00fcber zu kommen scheint.<\/p>\n\n\n\n<blockquote class=\"wp-block-quote is-layout-flow wp-block-quote-is-layout-flow\">\n<p>\u201eEine Tiefe ruft die andere; alle deine Wasserwogen und Wellen gehen \u00fcber mich.\u201c<br><strong>Psalm 42, 8<\/strong><\/p>\n<\/blockquote>\n\n\n\n<p>Die Tiefe unserer Seele, unseres Geistes kommuniziert mit der Tiefe Gottes, ist umgeben von Seiner Gegenwart wie tiefe Wasser.<\/p>\n\n\n\n<p>Siehe auch hier:&nbsp; <a rel=\"noreferrer noopener\" href=\"https:\/\/www.jocky.de\/2015\/09\/22\/gottesnaehe-in-der-gottesferne-suchen-und-finden\/\" target=\"_blank\">Gottesn\u00e4he in der Gottesferne suchen und finden<\/a><\/p>\n\n\n\n<p>Zus\u00e4tzlich zum Kalender, k\u00f6nnt ihr das Bild im Original erwerben, es ist nat\u00fcrlich auch als Kunstdruck, Poster, Leinwand oder als Sonderanfertigung wie Kissen oder Decke erh\u00e4ltlich.<\/p>\n\n\n\n<p><a href=\"https:\/\/jockyart.de\/en\/galerien\/prophetische-kunst\/kunstkalender\/wandkalender-2024\/\" data-type=\"page\" data-id=\"7107\">back<\/a><\/p>\n\n\n\n<p><\/p>","protected":false},"excerpt":{"rendered":"<p>Januar 2024 | M\u00e4rz 2024 \u00a9 Copyright 2021 by&nbsp;JockyArt.de Bei dem Bild f\u00fcr den Februar hatte ich tiefe Wasser vor Augen. Das Treiben in Gottes Gegenwart, ein positives Verlorensein in Ihm, v\u00f6llig aufgehen, geborgen sein, sich treiben lassen k\u00f6nnen. Loslassen, sich fallen lassen\u2026 Sich tragen lassen von seinen Wasserstr\u00f6men. Am besten dr\u00fcckt das der Vers [&hellip;]<\/p>\n","protected":false},"author":1,"featured_media":0,"parent":7107,"menu_order":0,"comment_status":"closed","ping_status":"closed","template":"","meta":{"footnotes":""},"class_list":["post-7273","page","type-page","status-publish","hentry"],"_links":{"self":[{"href":"https:\/\/jockyart.de\/en\/wp-json\/wp\/v2\/pages\/7273","targetHints":{"allow":["GET"]}}],"collection":[{"href":"https:\/\/jockyart.de\/en\/wp-json\/wp\/v2\/pages"}],"about":[{"href":"https:\/\/jockyart.de\/en\/wp-json\/wp\/v2\/types\/page"}],"author":[{"embeddable":true,"href":"https:\/\/jockyart.de\/en\/wp-json\/wp\/v2\/users\/1"}],"replies":[{"embeddable":true,"href":"https:\/\/jockyart.de\/en\/wp-json\/wp\/v2\/comments?post=7273"}],"version-history":[{"count":7,"href":"https:\/\/jockyart.de\/en\/wp-json\/wp\/v2\/pages\/7273\/revisions"}],"predecessor-version":[{"id":9037,"href":"https:\/\/jockyart.de\/en\/wp-json\/wp\/v2\/pages\/7273\/revisions\/9037"}],"up":[{"embeddable":true,"href":"https:\/\/jockyart.de\/en\/wp-json\/wp\/v2\/pages\/7107"}],"wp:attachment":[{"href":"https:\/\/jockyart.de\/en\/wp-json\/wp\/v2\/media?parent=7273"}],"curies":[{"name":"wp","href":"https:\/\/api.w.org\/{rel}","templated":true}]}}