{"id":7157,"date":"2023-09-21T23:43:05","date_gmt":"2023-09-21T21:43:05","guid":{"rendered":"https:\/\/jockyart.de\/?page_id=7157"},"modified":"2023-10-29T16:58:06","modified_gmt":"2023-10-29T15:58:06","slug":"00-naeher-zu-dir","status":"publish","type":"page","link":"https:\/\/jockyart.de\/en\/galerien\/prophetische-kunst\/kunstkalender\/wandkalender-2024\/00-naeher-zu-dir\/","title":{"rendered":"00 &#8211; N\u00e4her zu Dir!"},"content":{"rendered":"\n<p><a href=\"https:\/\/jockyart.de\/galerien\/prophetische-kunst\/kunstkalender-2023\/wandkalender-2024\/\" data-type=\"page\" data-id=\"7107\">\u00dcbersicht<\/a> | <a href=\"https:\/\/jockyart.de\/01-we-will-see-his-goodness-wir-werden-seine-guete-sehen\/\" data-type=\"page\" data-id=\"7251\">Januar 2024<\/a><\/p>\n\n\n\n<figure class=\"wp-block-image size-full\"><img data-recalc-dims=\"1\" loading=\"lazy\" decoding=\"async\" width=\"980\" height=\"697\" src=\"https:\/\/i0.wp.com\/jockyart.de\/wp-content\/uploads\/2023\/09\/000_JockyArt_Kunstkalender2024_Deckblatt.jpg?resize=980%2C697&#038;ssl=1\" alt=\"\" class=\"wp-image-7108\" srcset=\"https:\/\/i0.wp.com\/jockyart.de\/wp-content\/uploads\/2023\/09\/000_JockyArt_Kunstkalender2024_Deckblatt.jpg?w=2000&amp;ssl=1 2000w, https:\/\/i0.wp.com\/jockyart.de\/wp-content\/uploads\/2023\/09\/000_JockyArt_Kunstkalender2024_Deckblatt.jpg?resize=1536%2C1092&amp;ssl=1 1536w, https:\/\/i0.wp.com\/jockyart.de\/wp-content\/uploads\/2023\/09\/000_JockyArt_Kunstkalender2024_Deckblatt.jpg?resize=18%2C12&amp;ssl=1 18w, https:\/\/i0.wp.com\/jockyart.de\/wp-content\/uploads\/2023\/09\/000_JockyArt_Kunstkalender2024_Deckblatt.jpg?resize=1320%2C939&amp;ssl=1 1320w, https:\/\/i0.wp.com\/jockyart.de\/wp-content\/uploads\/2023\/09\/000_JockyArt_Kunstkalender2024_Deckblatt.jpg?resize=324%2C230&amp;ssl=1 324w, https:\/\/i0.wp.com\/jockyart.de\/wp-content\/uploads\/2023\/09\/000_JockyArt_Kunstkalender2024_Deckblatt.jpg?resize=416%2C296&amp;ssl=1 416w, https:\/\/i0.wp.com\/jockyart.de\/wp-content\/uploads\/2023\/09\/000_JockyArt_Kunstkalender2024_Deckblatt.jpg?resize=300%2C213&amp;ssl=1 300w, https:\/\/i0.wp.com\/jockyart.de\/wp-content\/uploads\/2023\/09\/000_JockyArt_Kunstkalender2024_Deckblatt.jpg?resize=768%2C546&amp;ssl=1 768w\" sizes=\"auto, (max-width: 980px) 100vw, 980px\" \/><\/figure>\n\n\n\n<p>\u00a9 Copyright 2023 by&nbsp;<em><a href=\"https:\/\/www.jockyart.de\/\" target=\"_blank\" rel=\"noreferrer noopener\">JockyArt.de<\/a><\/em><\/p>\n\n\n\n<p>Das Original des <em>Deckblattes<\/em> des <strong>Kunstkalenders 2024 <\/strong>ist spontan im Hauskreis entstanden. Wir haben dabei eine Lobpreiszeit meines Mentors Matt Tommey geschaut, im dem er im Lobpreis ausdr\u00fcckte \u201cDraw me closer to you\u201d.<br>Diese Sehnsucht nach Gottes Gegenwart und Seiner Herrlichkeit habe ich versucht in diesem Bild auszudr\u00fccken. <\/p>\n\n\n\n<div class=\"wp-block-columns is-layout-flex wp-container-core-columns-is-layout-28f84493 wp-block-columns-is-layout-flex\">\n<div class=\"wp-block-column is-layout-flow wp-block-column-is-layout-flow\"><\/div>\n\n\n\n<div class=\"wp-block-column is-layout-flow wp-block-column-is-layout-flow\"><div data-block-name=\"woocommerce\/handpicked-products\" data-columns=\"1\" data-products=\"[5569]\" class=\"wc-block-grid wp-block-handpicked-products wp-block-woocommerce-handpicked-products wc-block-handpicked-products has-1-columns has-multiple-rows\"><ul class=\"wc-block-grid__products\"><li class=\"wc-block-grid__product\">\n\t\t\t\t<a href=\"https:\/\/jockyart.de\/en\/product\/zieh-mich-naeher-zu-dir-ii-original\/\" class=\"wc-block-grid__product-link\">\n\t\t\t\t\t<div class=\"wc-block-grid__product-onsale\">\n\t\t\t<span aria-hidden=\"true\">Angebot<\/span>\n\t\t\t<span class=\"screen-reader-text\">Produkt im Angebot<\/span>\n\t\t<\/div>\n\t\t\t\t\t<div class=\"wc-block-grid__product-image\"><img loading=\"lazy\" decoding=\"async\" width=\"324\" height=\"229\" src=\"https:\/\/i0.wp.com\/jockyart.de\/wp-content\/uploads\/2023\/03\/Zieh_mich_naeher_zu_Dir_II_org.png?fit=324%2C229&amp;ssl=1\" class=\"attachment-woocommerce_thumbnail size-woocommerce_thumbnail\" alt=\"Zieh mich n\u00e4her zu Dir II (Original)\" srcset=\"https:\/\/i0.wp.com\/jockyart.de\/wp-content\/uploads\/2023\/03\/Zieh_mich_naeher_zu_Dir_II_org.png?w=2560&amp;ssl=1 2560w, https:\/\/i0.wp.com\/jockyart.de\/wp-content\/uploads\/2023\/03\/Zieh_mich_naeher_zu_Dir_II_org.png?resize=1536%2C1084&amp;ssl=1 1536w, https:\/\/i0.wp.com\/jockyart.de\/wp-content\/uploads\/2023\/03\/Zieh_mich_naeher_zu_Dir_II_org.png?resize=2048%2C1446&amp;ssl=1 2048w, https:\/\/i0.wp.com\/jockyart.de\/wp-content\/uploads\/2023\/03\/Zieh_mich_naeher_zu_Dir_II_org.png?resize=18%2C12&amp;ssl=1 18w, https:\/\/i0.wp.com\/jockyart.de\/wp-content\/uploads\/2023\/03\/Zieh_mich_naeher_zu_Dir_II_org.png?resize=1320%2C932&amp;ssl=1 1320w, https:\/\/i0.wp.com\/jockyart.de\/wp-content\/uploads\/2023\/03\/Zieh_mich_naeher_zu_Dir_II_org.png?resize=324%2C229&amp;ssl=1 324w, https:\/\/i0.wp.com\/jockyart.de\/wp-content\/uploads\/2023\/03\/Zieh_mich_naeher_zu_Dir_II_org.png?resize=416%2C294&amp;ssl=1 416w, https:\/\/i0.wp.com\/jockyart.de\/wp-content\/uploads\/2023\/03\/Zieh_mich_naeher_zu_Dir_II_org.png?resize=300%2C212&amp;ssl=1 300w, https:\/\/i0.wp.com\/jockyart.de\/wp-content\/uploads\/2023\/03\/Zieh_mich_naeher_zu_Dir_II_org.png?resize=768%2C542&amp;ssl=1 768w, https:\/\/i0.wp.com\/jockyart.de\/wp-content\/uploads\/2023\/03\/Zieh_mich_naeher_zu_Dir_II_org.png?resize=1024%2C723&amp;ssl=1 1024w, https:\/\/i0.wp.com\/jockyart.de\/wp-content\/uploads\/2023\/03\/Zieh_mich_naeher_zu_Dir_II_org.png?w=1960&amp;ssl=1 1960w\" sizes=\"auto, (max-width: 324px) 100vw, 324px\" \/><\/div>\n\t\t\t\t\t<div class=\"wc-block-grid__product-title\">Zieh mich n\u00e4her zu Dir II (Original)<\/div>\n\t\t\t\t<\/a>\n\t\t\t\t<div class=\"wc-block-grid__product-price price\">\t\t<span class=\"tiered-pricing-dynamic-price-wrapper\" data-display-context=\"shop-loop\" data-price-type=\"no-rules\" data-product-id=\"5569\" data-parent-id=\"5569\">\n\t\t\t<del aria-hidden=\"true\"><span class=\"woocommerce-Price-amount amount\">200,00&nbsp;<span class=\"woocommerce-Price-currencySymbol\">&euro;<\/span><\/span><\/del> <span class=\"screen-reader-text\">Urspr\u00fcnglicher Preis war: 200,00&nbsp;&euro;<\/span><ins aria-hidden=\"true\"><span class=\"woocommerce-Price-amount amount\">150,00&nbsp;<span class=\"woocommerce-Price-currencySymbol\">&euro;<\/span><\/span><\/ins><span class=\"screen-reader-text\">Aktueller Preis ist: 150,00&nbsp;&euro;.<\/span><\/span><\/div>\n\t\t\t\t\n\t\t\t\t<div class=\"wp-block-button wc-block-grid__product-add-to-cart\"><a href=\"\/en\/wp-json\/wp\/v2\/pages\/7157?add-to-cart=5569\" aria-label=\"In den Warenkorb legen: \u201eZieh mich n\u00e4her zu Dir II (Original)\u201c\" data-quantity=\"1\" data-product_id=\"5569\" data-product_sku=\"origin_drawmecloser_ii_org\" data-price=\"150\" rel=\"nofollow\" class=\"wp-block-button__link  add_to_cart_button ajax_add_to_cart\">In the cart<\/a><\/div>\n\t\t\t<\/li><\/ul><\/div><\/div>\n<\/div>\n\n\n\n<p>Zus\u00e4tzlich zum Kalender, k\u00f6nnt ihr das Bild im Original erwerben, es ist nat\u00fcrlich auch als Kunstdruck, Poster, Leinwand oder als Sonderanfertigung wie Kissen oder Decke erh\u00e4ltlich.<\/p>\n\n\n\n<p><a href=\"https:\/\/jockyart.de\/de_de\/galerien\/prophetische-kunst\/kunstkalender-2023\/wandkalender-2024\/\">zur\u00fcck<\/a><\/p>\n","protected":false},"excerpt":{"rendered":"<p>\u00dcbersicht | Januar 2024 \u00a9 Copyright 2023 by&nbsp;JockyArt.de Das Original des Deckblattes des Kunstkalenders 2024 ist spontan im Hauskreis entstanden. Wir haben dabei eine Lobpreiszeit meines Mentors Matt Tommey geschaut, im dem er im Lobpreis ausdr\u00fcckte \u201cDraw me closer to you\u201d.Diese Sehnsucht nach Gottes Gegenwart und Seiner Herrlichkeit habe ich versucht in diesem Bild auszudr\u00fccken. [&hellip;]<\/p>\n","protected":false},"author":1,"featured_media":0,"parent":7107,"menu_order":0,"comment_status":"closed","ping_status":"closed","template":"","meta":{"jetpack_post_was_ever_published":false,"footnotes":""},"class_list":["post-7157","page","type-page","status-publish","hentry"],"jetpack-related-posts":[],"jetpack_sharing_enabled":true,"_links":{"self":[{"href":"https:\/\/jockyart.de\/en\/wp-json\/wp\/v2\/pages\/7157","targetHints":{"allow":["GET"]}}],"collection":[{"href":"https:\/\/jockyart.de\/en\/wp-json\/wp\/v2\/pages"}],"about":[{"href":"https:\/\/jockyart.de\/en\/wp-json\/wp\/v2\/types\/page"}],"author":[{"embeddable":true,"href":"https:\/\/jockyart.de\/en\/wp-json\/wp\/v2\/users\/1"}],"replies":[{"embeddable":true,"href":"https:\/\/jockyart.de\/en\/wp-json\/wp\/v2\/comments?post=7157"}],"version-history":[{"count":5,"href":"https:\/\/jockyart.de\/en\/wp-json\/wp\/v2\/pages\/7157\/revisions"}],"predecessor-version":[{"id":7354,"href":"https:\/\/jockyart.de\/en\/wp-json\/wp\/v2\/pages\/7157\/revisions\/7354"}],"up":[{"embeddable":true,"href":"https:\/\/jockyart.de\/en\/wp-json\/wp\/v2\/pages\/7107"}],"wp:attachment":[{"href":"https:\/\/jockyart.de\/en\/wp-json\/wp\/v2\/media?parent=7157"}],"curies":[{"name":"wp","href":"https:\/\/api.w.org\/{rel}","templated":true}]}}