{"id":6298,"date":"2023-05-08T22:17:43","date_gmt":"2023-05-08T20:17:43","guid":{"rendered":"https:\/\/jockyart.de\/?page_id=6298"},"modified":"2023-05-08T22:26:37","modified_gmt":"2023-05-08T20:26:37","slug":"radierungen","status":"publish","type":"page","link":"https:\/\/jockyart.de\/en\/galerien\/radierungen\/","title":{"rendered":"Etchings"},"content":{"rendered":"\n<p>W\u00e4hrend meines Mappenkurses 1991\/ 92 in Neustadt\/ Waldnaab hatte ich die Gelegenheit einige Radierungen anfertigen zu k\u00f6nnen. Ich durfte dabei mehrere Techniken ausprobieren und zusammen anzuwenden: \u00c4tztechnik, Kaltnadel und Aquatinta. Es hat mir gro\u00dfe Freude bereitet. Leider ist ein gewisser Aufwand daf\u00fcr n\u00f6tig, daher konnte ich leider danach keine Radierungen mehr anfertigen. Hier einige Beispiele.<\/p>\n\n\n<div  id=\"jtg-6294\" class=\"modula modula-gallery modula-columns\" data-config=\"{&quot;tabletHeight&quot;:0,&quot;mobileHeight&quot;:0,&quot;desktopHeight&quot;:0,&quot;enableTwitter&quot;:false,&quot;enableWhatsapp&quot;:false,&quot;enableFacebook&quot;:false,&quot;enablePinterest&quot;:false,&quot;enableLinkedin&quot;:false,&quot;enableEmail&quot;:false,&quot;randomFactor&quot;:0,&quot;type&quot;:&quot;grid&quot;,&quot;columns&quot;:12,&quot;gutter&quot;:10,&quot;mobileGutter&quot;:10,&quot;tabletGutter&quot;:10,&quot;desktopGutter&quot;:10,&quot;enableResponsive&quot;:&quot;0&quot;,&quot;tabletColumns&quot;:&quot;2&quot;,&quot;mobileColumns&quot;:&quot;1&quot;,&quot;lazyLoad&quot;:0,&quot;lightboxOpts&quot;:{&quot;animated&quot;:true,&quot;Thumbs&quot;:{&quot;type&quot;:&quot;modern&quot;,&quot;showOnStart&quot;:false},&quot;Toolbar&quot;:{&quot;display&quot;:{&quot;right&quot;:[&quot;close&quot;]},&quot;enabled&quot;:true},&quot;Carousel&quot;:{&quot;Panzoom&quot;:{&quot;touch&quot;:true},&quot;infinite&quot;:false},&quot;keyboard&quot;:{&quot;Escape&quot;:&quot;close&quot;,&quot;Delete&quot;:&quot;close&quot;,&quot;Backspace&quot;:&quot;close&quot;,&quot;PageUp&quot;:false,&quot;PageDown&quot;:false,&quot;ArrowUp&quot;:false,&quot;ArrowDown&quot;:false,&quot;ArrowRight&quot;:false,&quot;ArrowLeft&quot;:false},&quot;touch&quot;:false,&quot;backdropClick&quot;:false,&quot;l10n&quot;:{&quot;CLOSE&quot;:&quot;Close&quot;,&quot;NEXT&quot;:&quot;Next&quot;,&quot;PREV&quot;:&quot;Previous&quot;,&quot;Error&quot;:&quot;The requested content cannot be loaded. Please try again later.&quot;,&quot;PLAY_START&quot;:&quot;Start slideshow&quot;,&quot;PLAY_STOP&quot;:&quot;Pause slideshow&quot;,&quot;FULL_SCREEN&quot;:&quot;Full screen&quot;,&quot;THUMBS&quot;:&quot;Thumbnails&quot;,&quot;DOWNLOAD&quot;:&quot;Download&quot;,&quot;SHARE&quot;:&quot;Share&quot;,&quot;ZOOM&quot;:&quot;Zoom&quot;,&quot;EMAIL&quot;:&quot;Here is the link to the image : %%image_link%% and this is the link to the gallery : %%gallery_link%%&quot;,&quot;MODAL&quot;:&quot;You can close this modal content with the ESC key&quot;,&quot;ERROR&quot;:&quot;Something Went Wrong, Please Try Again Later&quot;,&quot;IMAGE_ERROR&quot;:&quot;Image Not Found&quot;,&quot;ELEMENT_NOT_FOUND&quot;:&quot;HTML Element Not Found&quot;,&quot;AJAX_NOT_FOUND&quot;:&quot;Error Loading AJAX : Not Found&quot;,&quot;AJAX_FORBIDDEN&quot;:&quot;Error Loading AJAX : Forbidden&quot;,&quot;IFRAME_ERROR&quot;:&quot;Error Loading Page&quot;,&quot;TOGGLE_ZOOM&quot;:&quot;Toggle zoom level&quot;,&quot;TOGGLE_THUMBS&quot;:&quot;Toggle thumbnails&quot;,&quot;TOGGLE_SLIDESHOW&quot;:&quot;Toggle slideshow&quot;,&quot;TOGGLE_FULLSCREEN&quot;:&quot;Toggle full-screen mode&quot;},&quot;Images&quot;:{&quot;Panzoom&quot;:{&quot;maxScale&quot;:2}},&quot;mainClass&quot;:&quot;modula-fancybox-container modula-lightbox-jtg-6294&quot;,&quot;Html&quot;:{&quot;videoAutoplay&quot;:0,&quot;videoTpl&quot;:&quot;&lt;video class=\\&quot;fancybox__html5video\\&quot; controls muted playsinline controlsList controlsList=\\&quot;nodownload\\&quot; poster=\\&quot;{{poster}}\\&quot; src=\\&quot;{{src}}\\&quot; type=\\&quot;{{format}}\\&quot; &gt;  Sorry, your browser doesn&#039;t support embedded videos, &lt;a href=\\&quot;{{src}}\\&quot;&gt; download &lt;\\\/a&gt; and watch with your favorite video player! &lt;\\\/video&gt;&quot;}},&quot;inView&quot;:false,&quot;email_subject&quot;:&quot;Check out this awesome image !!&quot;,&quot;email_message&quot;:&quot;Here is the link to the image : %%image_link%% and this is the link to the gallery : %%gallery_link%%&quot;,&quot;grid_type&quot;:&quot;automatic&quot;,&quot;rowHeight&quot;:250,&quot;lastRow&quot;:&quot;justify&quot;,&quot;lightbox&quot;:&quot;fancybox&quot;}\">\n\n\t\n\t<div  class=\"modula-items grid-gallery\">\n\t\t<div class=\"modula-item effect-pufrobo\" >\n\t<div class=\"modula-item-overlay\"><\/div>\n\n\t<div class=\"modula-item-content\">\n\n\t\t<a data-image-id=\"6295\" role=\"button\" tabindex=\"0\" rel=\"jtg-6294\" data-caption=\"\" aria-label=\"Open image in lightbox\" class=\"tile-inner modula-item-link\"><\/a><img loading=\"lazy\" decoding=\"async\" class=\"pic wp-image-6295\"  data-valign=\"middle\" data-halign=\"center\" alt=\"\" data-full=\"https:\/\/jockyart.de\/wp-content\/uploads\/2023\/05\/Radierungen_1992_001.jpg\" title=\"Radierungen_1992_001\" crop=\"\" width=\"300\" height=\"300\" src=\"https:\/\/jockyart.de\/wp-content\/uploads\/2023\/05\/Radierungen_1992_001-300x300.jpg\" data-src=\"https:\/\/jockyart.de\/wp-content\/uploads\/2023\/05\/Radierungen_1992_001-300x300.jpg\" data-caption=\"\" srcset=\"https:\/\/jockyart.de\/wp-content\/uploads\/2023\/05\/Radierungen_1992_001.jpg 1200w, https:\/\/jockyart.de\/wp-content\/uploads\/2023\/05\/Radierungen_1992_001-12x12.jpg 12w, https:\/\/jockyart.de\/wp-content\/uploads\/2023\/05\/Radierungen_1992_001-324x324.jpg 324w, https:\/\/jockyart.de\/wp-content\/uploads\/2023\/05\/Radierungen_1992_001-416x416.jpg 416w, https:\/\/jockyart.de\/wp-content\/uploads\/2023\/05\/Radierungen_1992_001-100x100.jpg 100w, https:\/\/jockyart.de\/wp-content\/uploads\/2023\/05\/Radierungen_1992_001-150x150.jpg 150w, https:\/\/jockyart.de\/wp-content\/uploads\/2023\/05\/Radierungen_1992_001-300x300.jpg 300w, https:\/\/jockyart.de\/wp-content\/uploads\/2023\/05\/Radierungen_1992_001-768x768.jpg 768w, https:\/\/jockyart.de\/wp-content\/uploads\/2023\/05\/Radierungen_1992_001-1024x1024.jpg 1024w\" sizes=\"auto, (max-width: 300px) 100vw, 300px\" \/>\n\t\t<div class=\"figc no-description\">\n\t\t\t<div class=\"figc-inner\">\n\t\t\t\t\t\t\t\t\t\t\t\t\t\t\t<\/div>\n\t\t<\/div>\n\n\t<\/div>\n\n<\/div><div class=\"modula-item effect-pufrobo\" >\n\t<div class=\"modula-item-overlay\"><\/div>\n\n\t<div class=\"modula-item-content\">\n\n\t\t<a data-image-id=\"6296\" role=\"button\" tabindex=\"0\" rel=\"jtg-6294\" data-caption=\"\" aria-label=\"Open image in lightbox\" class=\"tile-inner modula-item-link\"><\/a><img loading=\"lazy\" decoding=\"async\" class=\"pic wp-image-6296\"  data-valign=\"middle\" data-halign=\"center\" alt=\"\" data-full=\"https:\/\/jockyart.de\/wp-content\/uploads\/2023\/05\/Radierungen_1992_002.jpg\" title=\"Radierungen_1992_002\" crop=\"\" width=\"300\" height=\"300\" src=\"https:\/\/jockyart.de\/wp-content\/uploads\/2023\/05\/Radierungen_1992_002-300x300.jpg\" data-src=\"https:\/\/jockyart.de\/wp-content\/uploads\/2023\/05\/Radierungen_1992_002-300x300.jpg\" data-caption=\"\" srcset=\"https:\/\/jockyart.de\/wp-content\/uploads\/2023\/05\/Radierungen_1992_002.jpg 1200w, https:\/\/jockyart.de\/wp-content\/uploads\/2023\/05\/Radierungen_1992_002-12x12.jpg 12w, https:\/\/jockyart.de\/wp-content\/uploads\/2023\/05\/Radierungen_1992_002-324x324.jpg 324w, https:\/\/jockyart.de\/wp-content\/uploads\/2023\/05\/Radierungen_1992_002-416x416.jpg 416w, https:\/\/jockyart.de\/wp-content\/uploads\/2023\/05\/Radierungen_1992_002-100x100.jpg 100w, https:\/\/jockyart.de\/wp-content\/uploads\/2023\/05\/Radierungen_1992_002-150x150.jpg 150w, https:\/\/jockyart.de\/wp-content\/uploads\/2023\/05\/Radierungen_1992_002-300x300.jpg 300w, https:\/\/jockyart.de\/wp-content\/uploads\/2023\/05\/Radierungen_1992_002-768x768.jpg 768w, https:\/\/jockyart.de\/wp-content\/uploads\/2023\/05\/Radierungen_1992_002-1024x1024.jpg 1024w\" sizes=\"auto, (max-width: 300px) 100vw, 300px\" \/>\n\t\t<div class=\"figc no-description\">\n\t\t\t<div class=\"figc-inner\">\n\t\t\t\t\t\t\t\t\t\t\t\t\t\t\t<\/div>\n\t\t<\/div>\n\n\t<\/div>\n\n<\/div><div class=\"modula-item effect-pufrobo\" >\n\t<div class=\"modula-item-overlay\"><\/div>\n\n\t<div class=\"modula-item-content\">\n\n\t\t<a data-image-id=\"6309\" role=\"button\" tabindex=\"0\" rel=\"jtg-6294\" data-caption=\"\" aria-label=\"Open image in lightbox\" class=\"tile-inner modula-item-link\"><\/a><img loading=\"lazy\" decoding=\"async\" class=\"pic wp-image-6309\"  data-valign=\"middle\" data-halign=\"center\" alt=\"\" data-full=\"https:\/\/jockyart.de\/wp-content\/uploads\/2023\/05\/Radierungen_1992_004.jpg\" title=\"Radierungen_1992_004\" crop=\"\" width=\"300\" height=\"300\" src=\"https:\/\/jockyart.de\/wp-content\/uploads\/2023\/05\/Radierungen_1992_004-300x300.jpg\" data-src=\"https:\/\/jockyart.de\/wp-content\/uploads\/2023\/05\/Radierungen_1992_004-300x300.jpg\" data-caption=\"\" srcset=\"https:\/\/jockyart.de\/wp-content\/uploads\/2023\/05\/Radierungen_1992_004.jpg 1200w, https:\/\/jockyart.de\/wp-content\/uploads\/2023\/05\/Radierungen_1992_004-12x12.jpg 12w, https:\/\/jockyart.de\/wp-content\/uploads\/2023\/05\/Radierungen_1992_004-324x324.jpg 324w, https:\/\/jockyart.de\/wp-content\/uploads\/2023\/05\/Radierungen_1992_004-416x416.jpg 416w, https:\/\/jockyart.de\/wp-content\/uploads\/2023\/05\/Radierungen_1992_004-100x100.jpg 100w, https:\/\/jockyart.de\/wp-content\/uploads\/2023\/05\/Radierungen_1992_004-150x150.jpg 150w, https:\/\/jockyart.de\/wp-content\/uploads\/2023\/05\/Radierungen_1992_004-300x300.jpg 300w, https:\/\/jockyart.de\/wp-content\/uploads\/2023\/05\/Radierungen_1992_004-768x768.jpg 768w, https:\/\/jockyart.de\/wp-content\/uploads\/2023\/05\/Radierungen_1992_004-1024x1024.jpg 1024w\" sizes=\"auto, (max-width: 300px) 100vw, 300px\" \/>\n\t\t<div class=\"figc no-description\">\n\t\t\t<div class=\"figc-inner\">\n\t\t\t\t\t\t\t\t\t\t\t\t\t\t\t<\/div>\n\t\t<\/div>\n\n\t<\/div>\n\n<\/div><div class=\"modula-item effect-pufrobo\" >\n\t<div class=\"modula-item-overlay\"><\/div>\n\n\t<div class=\"modula-item-content\">\n\n\t\t<a data-image-id=\"6310\" role=\"button\" tabindex=\"0\" rel=\"jtg-6294\" data-caption=\"\" aria-label=\"Open image in lightbox\" class=\"tile-inner modula-item-link\"><\/a><img loading=\"lazy\" decoding=\"async\" class=\"pic wp-image-6310\"  data-valign=\"middle\" data-halign=\"center\" alt=\"\" data-full=\"https:\/\/jockyart.de\/wp-content\/uploads\/2023\/05\/Radierungen_1992_005.jpg\" title=\"Radierungen_1992_005\" crop=\"\" width=\"300\" height=\"300\" src=\"https:\/\/jockyart.de\/wp-content\/uploads\/2023\/05\/Radierungen_1992_005-300x300.jpg\" data-src=\"https:\/\/jockyart.de\/wp-content\/uploads\/2023\/05\/Radierungen_1992_005-300x300.jpg\" data-caption=\"\" srcset=\"https:\/\/jockyart.de\/wp-content\/uploads\/2023\/05\/Radierungen_1992_005.jpg 1200w, https:\/\/jockyart.de\/wp-content\/uploads\/2023\/05\/Radierungen_1992_005-12x12.jpg 12w, https:\/\/jockyart.de\/wp-content\/uploads\/2023\/05\/Radierungen_1992_005-324x324.jpg 324w, https:\/\/jockyart.de\/wp-content\/uploads\/2023\/05\/Radierungen_1992_005-416x416.jpg 416w, https:\/\/jockyart.de\/wp-content\/uploads\/2023\/05\/Radierungen_1992_005-100x100.jpg 100w, https:\/\/jockyart.de\/wp-content\/uploads\/2023\/05\/Radierungen_1992_005-150x150.jpg 150w, https:\/\/jockyart.de\/wp-content\/uploads\/2023\/05\/Radierungen_1992_005-300x300.jpg 300w, https:\/\/jockyart.de\/wp-content\/uploads\/2023\/05\/Radierungen_1992_005-768x768.jpg 768w, https:\/\/jockyart.de\/wp-content\/uploads\/2023\/05\/Radierungen_1992_005-1024x1024.jpg 1024w\" sizes=\"auto, (max-width: 300px) 100vw, 300px\" \/>\n\t\t<div class=\"figc no-description\">\n\t\t\t<div class=\"figc-inner\">\n\t\t\t\t\t\t\t\t\t\t\t\t\t\t\t<\/div>\n\t\t<\/div>\n\n\t<\/div>\n\n<\/div><div class=\"modula-item effect-pufrobo\" >\n\t<div class=\"modula-item-overlay\"><\/div>\n\n\t<div class=\"modula-item-content\">\n\n\t\t<a data-image-id=\"6297\" role=\"button\" tabindex=\"0\" rel=\"jtg-6294\" data-caption=\"\" aria-label=\"Open image in lightbox\" class=\"tile-inner modula-item-link\"><\/a><img loading=\"lazy\" decoding=\"async\" class=\"pic wp-image-6297\"  data-valign=\"middle\" data-halign=\"center\" alt=\"\" data-full=\"https:\/\/jockyart.de\/wp-content\/uploads\/2023\/05\/Radierungen_1992_003.jpg\" title=\"Radierungen_1992_003\" crop=\"\" width=\"300\" height=\"300\" src=\"https:\/\/jockyart.de\/wp-content\/uploads\/2023\/05\/Radierungen_1992_003-300x300.jpg\" data-src=\"https:\/\/jockyart.de\/wp-content\/uploads\/2023\/05\/Radierungen_1992_003-300x300.jpg\" data-caption=\"\" srcset=\"https:\/\/jockyart.de\/wp-content\/uploads\/2023\/05\/Radierungen_1992_003.jpg 1200w, https:\/\/jockyart.de\/wp-content\/uploads\/2023\/05\/Radierungen_1992_003-12x12.jpg 12w, https:\/\/jockyart.de\/wp-content\/uploads\/2023\/05\/Radierungen_1992_003-324x324.jpg 324w, https:\/\/jockyart.de\/wp-content\/uploads\/2023\/05\/Radierungen_1992_003-416x416.jpg 416w, https:\/\/jockyart.de\/wp-content\/uploads\/2023\/05\/Radierungen_1992_003-100x100.jpg 100w, https:\/\/jockyart.de\/wp-content\/uploads\/2023\/05\/Radierungen_1992_003-150x150.jpg 150w, https:\/\/jockyart.de\/wp-content\/uploads\/2023\/05\/Radierungen_1992_003-300x300.jpg 300w, https:\/\/jockyart.de\/wp-content\/uploads\/2023\/05\/Radierungen_1992_003-768x768.jpg 768w, https:\/\/jockyart.de\/wp-content\/uploads\/2023\/05\/Radierungen_1992_003-1024x1024.jpg 1024w\" sizes=\"auto, (max-width: 300px) 100vw, 300px\" \/>\n\t\t<div class=\"figc no-description\">\n\t\t\t<div class=\"figc-inner\">\n\t\t\t\t\t\t\t\t\t\t\t\t\t\t\t<\/div>\n\t\t<\/div>\n\n\t<\/div>\n\n<\/div>\t\t\n\t<\/div>\n\n\t\n\t\n\t<script type=\"application\/ld+json\">\n\t{\n\t\t\"@context\": \"http:\/\/schema.org\",\n\t\t\"@type\"   : \"ImageGallery\",\n\t\t\"id\"      : \"https:\/\/jockyart.de\/en\/galerien\/radierungen\/\",\n\t\t\"url\"     : \"https:\/\/jockyart.de\/en\/galerien\/radierungen\/\"\n\t}\n\n\t<\/script>\n\n\t\n<\/div>\n\n\n\n\n<p>\u00a9 Copyright 1993 by&nbsp;<a rel=\"noreferrer noopener\" href=\"https:\/\/www.jockyart.de\/\" target=\"_blank\">JockyArt.de<\/a><\/p>\n","protected":false},"excerpt":{"rendered":"<p>W\u00e4hrend meines Mappenkurses 1991\/ 92 in Neustadt\/ Waldnaab hatte ich die Gelegenheit einige Radierungen anfertigen zu k\u00f6nnen. Ich durfte dabei mehrere Techniken ausprobieren und zusammen anzuwenden: \u00c4tztechnik, Kaltnadel und Aquatinta. Es hat mir gro\u00dfe Freude bereitet. Leider ist ein gewisser Aufwand daf\u00fcr n\u00f6tig, daher konnte ich leider danach keine Radierungen mehr anfertigen. Hier einige Beispiele. [&hellip;]<\/p>\n","protected":false},"author":1,"featured_media":0,"parent":2794,"menu_order":0,"comment_status":"closed","ping_status":"closed","template":"","meta":{"footnotes":""},"class_list":["post-6298","page","type-page","status-publish","hentry"],"_links":{"self":[{"href":"https:\/\/jockyart.de\/en\/wp-json\/wp\/v2\/pages\/6298","targetHints":{"allow":["GET"]}}],"collection":[{"href":"https:\/\/jockyart.de\/en\/wp-json\/wp\/v2\/pages"}],"about":[{"href":"https:\/\/jockyart.de\/en\/wp-json\/wp\/v2\/types\/page"}],"author":[{"embeddable":true,"href":"https:\/\/jockyart.de\/en\/wp-json\/wp\/v2\/users\/1"}],"replies":[{"embeddable":true,"href":"https:\/\/jockyart.de\/en\/wp-json\/wp\/v2\/comments?post=6298"}],"version-history":[{"count":3,"href":"https:\/\/jockyart.de\/en\/wp-json\/wp\/v2\/pages\/6298\/revisions"}],"predecessor-version":[{"id":6307,"href":"https:\/\/jockyart.de\/en\/wp-json\/wp\/v2\/pages\/6298\/revisions\/6307"}],"up":[{"embeddable":true,"href":"https:\/\/jockyart.de\/en\/wp-json\/wp\/v2\/pages\/2794"}],"wp:attachment":[{"href":"https:\/\/jockyart.de\/en\/wp-json\/wp\/v2\/media?parent=6298"}],"curies":[{"name":"wp","href":"https:\/\/api.w.org\/{rel}","templated":true}]}}