{"id":6076,"date":"2023-05-06T12:48:22","date_gmt":"2023-05-06T10:48:22","guid":{"rendered":"https:\/\/jockyart.de\/?page_id=6076"},"modified":"2023-05-06T12:58:22","modified_gmt":"2023-05-06T10:58:22","slug":"klaus-baerbel","status":"publish","type":"page","link":"https:\/\/jockyart.de\/en\/galerien\/comics\/klaus-baerbel\/","title":{"rendered":"Klaus B\u00e4rbel"},"content":{"rendered":"\n<p>Bei irgendeiner Predigt von Taade auf dem Freakstock tauchte der Name <strong>Klaus B\u00e4rbel<\/strong> auf als Sinnbild f\u00fcr den typischen Jesus Freak. Seitdem wurde der Name immer daf\u00fcr hergenommen. Daraus entstand eine Comicreihe f\u00fcr das Magazin der Jesus Freaks &#8222;Der Kranke Bote&#8220;, in der ich Geschichten erz\u00e4hlt habe, die dieser typische Jesus Freak erlebt.<\/p>\n\n\n<div  id=\"jtg-6078\" class=\"modula modula-gallery modula-creative-gallery\" data-config=\"{&quot;height&quot;:800,&quot;tabletHeight&quot;:800,&quot;mobileHeight&quot;:800,&quot;desktopHeight&quot;:800,&quot;enableTwitter&quot;:false,&quot;enableWhatsapp&quot;:false,&quot;enableFacebook&quot;:false,&quot;enablePinterest&quot;:false,&quot;enableLinkedin&quot;:false,&quot;enableEmail&quot;:false,&quot;randomFactor&quot;:0.5,&quot;type&quot;:&quot;creative-gallery&quot;,&quot;columns&quot;:12,&quot;gutter&quot;:10,&quot;mobileGutter&quot;:10,&quot;tabletGutter&quot;:10,&quot;desktopGutter&quot;:10,&quot;enableResponsive&quot;:&quot;0&quot;,&quot;tabletColumns&quot;:&quot;2&quot;,&quot;mobileColumns&quot;:&quot;1&quot;,&quot;lazyLoad&quot;:0,&quot;lightboxOpts&quot;:{&quot;animated&quot;:true,&quot;Thumbs&quot;:{&quot;type&quot;:&quot;modern&quot;,&quot;showOnStart&quot;:false},&quot;Toolbar&quot;:{&quot;display&quot;:{&quot;right&quot;:[&quot;close&quot;]},&quot;enabled&quot;:true},&quot;Carousel&quot;:{&quot;Panzoom&quot;:{&quot;touch&quot;:true},&quot;infinite&quot;:false},&quot;keyboard&quot;:{&quot;Escape&quot;:&quot;close&quot;,&quot;Delete&quot;:&quot;close&quot;,&quot;Backspace&quot;:&quot;close&quot;,&quot;PageUp&quot;:false,&quot;PageDown&quot;:false,&quot;ArrowUp&quot;:false,&quot;ArrowDown&quot;:false,&quot;ArrowRight&quot;:false,&quot;ArrowLeft&quot;:false},&quot;touch&quot;:false,&quot;backdropClick&quot;:false,&quot;l10n&quot;:{&quot;CLOSE&quot;:&quot;Close&quot;,&quot;NEXT&quot;:&quot;Next&quot;,&quot;PREV&quot;:&quot;Previous&quot;,&quot;Error&quot;:&quot;The requested content cannot be loaded. Please try again later.&quot;,&quot;PLAY_START&quot;:&quot;Start slideshow&quot;,&quot;PLAY_STOP&quot;:&quot;Pause slideshow&quot;,&quot;FULL_SCREEN&quot;:&quot;Full screen&quot;,&quot;THUMBS&quot;:&quot;Thumbnails&quot;,&quot;DOWNLOAD&quot;:&quot;Download&quot;,&quot;SHARE&quot;:&quot;Share&quot;,&quot;ZOOM&quot;:&quot;Zoom&quot;,&quot;EMAIL&quot;:&quot;Here is the link to the image : %%image_link%% and this is the link to the gallery : %%gallery_link%%&quot;,&quot;MODAL&quot;:&quot;You can close this modal content with the ESC key&quot;,&quot;ERROR&quot;:&quot;Something Went Wrong, Please Try Again Later&quot;,&quot;IMAGE_ERROR&quot;:&quot;Image Not Found&quot;,&quot;ELEMENT_NOT_FOUND&quot;:&quot;HTML Element Not Found&quot;,&quot;AJAX_NOT_FOUND&quot;:&quot;Error Loading AJAX : Not Found&quot;,&quot;AJAX_FORBIDDEN&quot;:&quot;Error Loading AJAX : Forbidden&quot;,&quot;IFRAME_ERROR&quot;:&quot;Error Loading Page&quot;,&quot;TOGGLE_ZOOM&quot;:&quot;Toggle zoom level&quot;,&quot;TOGGLE_THUMBS&quot;:&quot;Toggle thumbnails&quot;,&quot;TOGGLE_SLIDESHOW&quot;:&quot;Toggle slideshow&quot;,&quot;TOGGLE_FULLSCREEN&quot;:&quot;Toggle full-screen mode&quot;},&quot;Images&quot;:{&quot;Panzoom&quot;:{&quot;maxScale&quot;:2}},&quot;mainClass&quot;:&quot;modula-fancybox-container modula-lightbox-jtg-6078&quot;,&quot;Html&quot;:{&quot;videoAutoplay&quot;:0,&quot;videoTpl&quot;:&quot;&lt;video class=\\&quot;fancybox__html5video\\&quot; controls muted playsinline controlsList controlsList=\\&quot;nodownload\\&quot; poster=\\&quot;{{poster}}\\&quot; src=\\&quot;{{src}}\\&quot; type=\\&quot;{{format}}\\&quot; &gt;  Sorry, your browser doesn&#039;t support embedded videos, &lt;a href=\\&quot;{{src}}\\&quot;&gt; download &lt;\\\/a&gt; and watch with your favorite video player! &lt;\\\/video&gt;&quot;}},&quot;inView&quot;:false,&quot;email_subject&quot;:&quot;Check out this awesome image !!&quot;,&quot;email_message&quot;:&quot;Here is the link to the image : %%image_link%% and this is the link to the gallery : %%gallery_link%%&quot;,&quot;lightbox&quot;:&quot;fancybox&quot;}\">\n\n\t\n\t<div  class=\"modula-items\">\n\t\t<div class=\"modula-item effect-pufrobo\" >\n\t<div class=\"modula-item-overlay\"><\/div>\n\n\t<div class=\"modula-item-content\">\n\n\t\t<a data-image-id=\"6079\" role=\"button\" tabindex=\"0\" rel=\"jtg-6078\" data-caption=\"\" aria-label=\"Open image in lightbox\" class=\"tile-inner modula-item-link\"><\/a><img loading=\"lazy\" decoding=\"async\" class=\"pic wp-image-6079\"  data-valign=\"middle\" data-halign=\"center\" alt=\"\" data-full=\"https:\/\/jockyart.de\/wp-content\/uploads\/2023\/05\/klausbaerbel_001_gerechtigkeit.jpg\" title=\"klausbaerbel_001_gerechtigkeit\" crop=\"\" width=\"300\" height=\"181\" src=\"https:\/\/jockyart.de\/wp-content\/uploads\/2023\/05\/klausbaerbel_001_gerechtigkeit-300x181.jpg\" data-src=\"https:\/\/jockyart.de\/wp-content\/uploads\/2023\/05\/klausbaerbel_001_gerechtigkeit-300x181.jpg\" data-caption=\"\" srcset=\"https:\/\/jockyart.de\/wp-content\/uploads\/2023\/05\/klausbaerbel_001_gerechtigkeit.jpg 1022w, https:\/\/jockyart.de\/wp-content\/uploads\/2023\/05\/klausbaerbel_001_gerechtigkeit-18x12.jpg 18w, https:\/\/jockyart.de\/wp-content\/uploads\/2023\/05\/klausbaerbel_001_gerechtigkeit-324x195.jpg 324w, https:\/\/jockyart.de\/wp-content\/uploads\/2023\/05\/klausbaerbel_001_gerechtigkeit-416x251.jpg 416w, https:\/\/jockyart.de\/wp-content\/uploads\/2023\/05\/klausbaerbel_001_gerechtigkeit-300x181.jpg 300w, https:\/\/jockyart.de\/wp-content\/uploads\/2023\/05\/klausbaerbel_001_gerechtigkeit-768x463.jpg 768w\" sizes=\"auto, (max-width: 300px) 100vw, 300px\" \/>\n\t\t<div class=\"figc no-description\">\n\t\t\t<div class=\"figc-inner\">\n\t\t\t\t\t\t\t\t\t\t\t\t\t\t\t<\/div>\n\t\t<\/div>\n\n\t<\/div>\n\n<\/div><div class=\"modula-item effect-pufrobo\" >\n\t<div class=\"modula-item-overlay\"><\/div>\n\n\t<div class=\"modula-item-content\">\n\n\t\t<a data-image-id=\"6080\" role=\"button\" tabindex=\"0\" rel=\"jtg-6078\" data-caption=\"\" aria-label=\"Open image in lightbox\" class=\"tile-inner modula-item-link\"><\/a><img loading=\"lazy\" decoding=\"async\" class=\"pic wp-image-6080\"  data-valign=\"middle\" data-halign=\"center\" alt=\"\" data-full=\"https:\/\/jockyart.de\/wp-content\/uploads\/2023\/05\/klausbaerbel_002_aslo_wirklich.jpg\" title=\"klausbaerbel_002_aslo_wirklich\" crop=\"\" width=\"300\" height=\"181\" src=\"https:\/\/jockyart.de\/wp-content\/uploads\/2023\/05\/klausbaerbel_002_aslo_wirklich-300x181.jpg\" data-src=\"https:\/\/jockyart.de\/wp-content\/uploads\/2023\/05\/klausbaerbel_002_aslo_wirklich-300x181.jpg\" data-caption=\"\" srcset=\"https:\/\/jockyart.de\/wp-content\/uploads\/2023\/05\/klausbaerbel_002_aslo_wirklich.jpg 1022w, https:\/\/jockyart.de\/wp-content\/uploads\/2023\/05\/klausbaerbel_002_aslo_wirklich-18x12.jpg 18w, https:\/\/jockyart.de\/wp-content\/uploads\/2023\/05\/klausbaerbel_002_aslo_wirklich-324x195.jpg 324w, https:\/\/jockyart.de\/wp-content\/uploads\/2023\/05\/klausbaerbel_002_aslo_wirklich-416x251.jpg 416w, https:\/\/jockyart.de\/wp-content\/uploads\/2023\/05\/klausbaerbel_002_aslo_wirklich-300x181.jpg 300w, https:\/\/jockyart.de\/wp-content\/uploads\/2023\/05\/klausbaerbel_002_aslo_wirklich-768x463.jpg 768w\" sizes=\"auto, (max-width: 300px) 100vw, 300px\" \/>\n\t\t<div class=\"figc no-description\">\n\t\t\t<div class=\"figc-inner\">\n\t\t\t\t\t\t\t\t\t\t\t\t\t\t\t<\/div>\n\t\t<\/div>\n\n\t<\/div>\n\n<\/div><div class=\"modula-item effect-pufrobo\" >\n\t<div class=\"modula-item-overlay\"><\/div>\n\n\t<div class=\"modula-item-content\">\n\n\t\t<a data-image-id=\"6081\" role=\"button\" tabindex=\"0\" rel=\"jtg-6078\" data-caption=\"\" aria-label=\"Open image in lightbox\" class=\"tile-inner modula-item-link\"><\/a><img loading=\"lazy\" decoding=\"async\" class=\"pic wp-image-6081\"  data-valign=\"middle\" data-halign=\"center\" alt=\"\" data-full=\"https:\/\/jockyart.de\/wp-content\/uploads\/2023\/05\/klausbaerbel_003_gemeinsamkeit.jpg\" title=\"klausbaerbel_003_gemeinsamkeit\" crop=\"\" width=\"300\" height=\"181\" src=\"https:\/\/jockyart.de\/wp-content\/uploads\/2023\/05\/klausbaerbel_003_gemeinsamkeit-300x181.jpg\" data-src=\"https:\/\/jockyart.de\/wp-content\/uploads\/2023\/05\/klausbaerbel_003_gemeinsamkeit-300x181.jpg\" data-caption=\"\" srcset=\"https:\/\/jockyart.de\/wp-content\/uploads\/2023\/05\/klausbaerbel_003_gemeinsamkeit.jpg 1022w, https:\/\/jockyart.de\/wp-content\/uploads\/2023\/05\/klausbaerbel_003_gemeinsamkeit-18x12.jpg 18w, https:\/\/jockyart.de\/wp-content\/uploads\/2023\/05\/klausbaerbel_003_gemeinsamkeit-324x195.jpg 324w, https:\/\/jockyart.de\/wp-content\/uploads\/2023\/05\/klausbaerbel_003_gemeinsamkeit-416x251.jpg 416w, https:\/\/jockyart.de\/wp-content\/uploads\/2023\/05\/klausbaerbel_003_gemeinsamkeit-300x181.jpg 300w, https:\/\/jockyart.de\/wp-content\/uploads\/2023\/05\/klausbaerbel_003_gemeinsamkeit-768x463.jpg 768w\" sizes=\"auto, (max-width: 300px) 100vw, 300px\" \/>\n\t\t<div class=\"figc no-description\">\n\t\t\t<div class=\"figc-inner\">\n\t\t\t\t\t\t\t\t\t\t\t\t\t\t\t<\/div>\n\t\t<\/div>\n\n\t<\/div>\n\n<\/div><div class=\"modula-item effect-pufrobo\" >\n\t<div class=\"modula-item-overlay\"><\/div>\n\n\t<div class=\"modula-item-content\">\n\n\t\t<a data-image-id=\"6082\" role=\"button\" tabindex=\"0\" rel=\"jtg-6078\" data-caption=\"\" aria-label=\"Open image in lightbox\" class=\"tile-inner modula-item-link\"><\/a><img loading=\"lazy\" decoding=\"async\" class=\"pic wp-image-6082\"  data-valign=\"middle\" data-halign=\"center\" alt=\"\" data-full=\"https:\/\/jockyart.de\/wp-content\/uploads\/2023\/05\/klausbaerbel_004_erhebe_dich.jpg\" title=\"klausbaerbel_004_erhebe_dich\" crop=\"\" width=\"300\" height=\"181\" src=\"https:\/\/jockyart.de\/wp-content\/uploads\/2023\/05\/klausbaerbel_004_erhebe_dich-300x181.jpg\" data-src=\"https:\/\/jockyart.de\/wp-content\/uploads\/2023\/05\/klausbaerbel_004_erhebe_dich-300x181.jpg\" data-caption=\"\" srcset=\"https:\/\/jockyart.de\/wp-content\/uploads\/2023\/05\/klausbaerbel_004_erhebe_dich.jpg 1022w, https:\/\/jockyart.de\/wp-content\/uploads\/2023\/05\/klausbaerbel_004_erhebe_dich-18x12.jpg 18w, https:\/\/jockyart.de\/wp-content\/uploads\/2023\/05\/klausbaerbel_004_erhebe_dich-324x195.jpg 324w, https:\/\/jockyart.de\/wp-content\/uploads\/2023\/05\/klausbaerbel_004_erhebe_dich-416x251.jpg 416w, https:\/\/jockyart.de\/wp-content\/uploads\/2023\/05\/klausbaerbel_004_erhebe_dich-300x181.jpg 300w, https:\/\/jockyart.de\/wp-content\/uploads\/2023\/05\/klausbaerbel_004_erhebe_dich-768x463.jpg 768w\" sizes=\"auto, (max-width: 300px) 100vw, 300px\" \/>\n\t\t<div class=\"figc no-description\">\n\t\t\t<div class=\"figc-inner\">\n\t\t\t\t\t\t\t\t\t\t\t\t\t\t\t<\/div>\n\t\t<\/div>\n\n\t<\/div>\n\n<\/div><div class=\"modula-item effect-pufrobo\" >\n\t<div class=\"modula-item-overlay\"><\/div>\n\n\t<div class=\"modula-item-content\">\n\n\t\t<a data-image-id=\"6083\" role=\"button\" tabindex=\"0\" rel=\"jtg-6078\" data-caption=\"\" aria-label=\"Open image in lightbox\" class=\"tile-inner modula-item-link\"><\/a><img loading=\"lazy\" decoding=\"async\" class=\"pic wp-image-6083\"  data-valign=\"middle\" data-halign=\"center\" alt=\"\" data-full=\"https:\/\/jockyart.de\/wp-content\/uploads\/2023\/05\/klausbaerbel_005_auf_die_knie.jpg\" title=\"klausbaerbel_005_auf_die_knie\" crop=\"\" width=\"300\" height=\"181\" src=\"https:\/\/jockyart.de\/wp-content\/uploads\/2023\/05\/klausbaerbel_005_auf_die_knie-300x181.jpg\" data-src=\"https:\/\/jockyart.de\/wp-content\/uploads\/2023\/05\/klausbaerbel_005_auf_die_knie-300x181.jpg\" data-caption=\"\" srcset=\"https:\/\/jockyart.de\/wp-content\/uploads\/2023\/05\/klausbaerbel_005_auf_die_knie.jpg 1022w, https:\/\/jockyart.de\/wp-content\/uploads\/2023\/05\/klausbaerbel_005_auf_die_knie-18x12.jpg 18w, https:\/\/jockyart.de\/wp-content\/uploads\/2023\/05\/klausbaerbel_005_auf_die_knie-324x195.jpg 324w, https:\/\/jockyart.de\/wp-content\/uploads\/2023\/05\/klausbaerbel_005_auf_die_knie-416x251.jpg 416w, https:\/\/jockyart.de\/wp-content\/uploads\/2023\/05\/klausbaerbel_005_auf_die_knie-300x181.jpg 300w, https:\/\/jockyart.de\/wp-content\/uploads\/2023\/05\/klausbaerbel_005_auf_die_knie-768x463.jpg 768w\" sizes=\"auto, (max-width: 300px) 100vw, 300px\" \/>\n\t\t<div class=\"figc no-description\">\n\t\t\t<div class=\"figc-inner\">\n\t\t\t\t\t\t\t\t\t\t\t\t\t\t\t<\/div>\n\t\t<\/div>\n\n\t<\/div>\n\n<\/div><div class=\"modula-item effect-pufrobo\" >\n\t<div class=\"modula-item-overlay\"><\/div>\n\n\t<div class=\"modula-item-content\">\n\n\t\t<a data-image-id=\"6084\" role=\"button\" tabindex=\"0\" rel=\"jtg-6078\" data-caption=\"\" aria-label=\"Open image in lightbox\" class=\"tile-inner modula-item-link\"><\/a><img loading=\"lazy\" decoding=\"async\" class=\"pic wp-image-6084\"  data-valign=\"middle\" data-halign=\"center\" alt=\"\" data-full=\"https:\/\/jockyart.de\/wp-content\/uploads\/2023\/05\/klausbaerbel_006_sorgen_von_morgen.jpg\" title=\"klausbaerbel_006_sorgen_von_morgen\" crop=\"\" width=\"300\" height=\"181\" src=\"https:\/\/jockyart.de\/wp-content\/uploads\/2023\/05\/klausbaerbel_006_sorgen_von_morgen-300x181.jpg\" data-src=\"https:\/\/jockyart.de\/wp-content\/uploads\/2023\/05\/klausbaerbel_006_sorgen_von_morgen-300x181.jpg\" data-caption=\"\" srcset=\"https:\/\/jockyart.de\/wp-content\/uploads\/2023\/05\/klausbaerbel_006_sorgen_von_morgen.jpg 1022w, https:\/\/jockyart.de\/wp-content\/uploads\/2023\/05\/klausbaerbel_006_sorgen_von_morgen-18x12.jpg 18w, https:\/\/jockyart.de\/wp-content\/uploads\/2023\/05\/klausbaerbel_006_sorgen_von_morgen-324x195.jpg 324w, https:\/\/jockyart.de\/wp-content\/uploads\/2023\/05\/klausbaerbel_006_sorgen_von_morgen-416x251.jpg 416w, https:\/\/jockyart.de\/wp-content\/uploads\/2023\/05\/klausbaerbel_006_sorgen_von_morgen-300x181.jpg 300w, https:\/\/jockyart.de\/wp-content\/uploads\/2023\/05\/klausbaerbel_006_sorgen_von_morgen-768x463.jpg 768w\" sizes=\"auto, (max-width: 300px) 100vw, 300px\" \/>\n\t\t<div class=\"figc no-description\">\n\t\t\t<div class=\"figc-inner\">\n\t\t\t\t\t\t\t\t\t\t\t\t\t\t\t<\/div>\n\t\t<\/div>\n\n\t<\/div>\n\n<\/div><div class=\"modula-item effect-pufrobo\" >\n\t<div class=\"modula-item-overlay\"><\/div>\n\n\t<div class=\"modula-item-content\">\n\n\t\t<a data-image-id=\"6085\" role=\"button\" tabindex=\"0\" rel=\"jtg-6078\" data-caption=\"\" aria-label=\"Open image in lightbox\" class=\"tile-inner modula-item-link\"><\/a><img loading=\"lazy\" decoding=\"async\" class=\"pic wp-image-6085\"  data-valign=\"middle\" data-halign=\"center\" alt=\"\" data-full=\"https:\/\/jockyart.de\/wp-content\/uploads\/2023\/05\/klausbaerbel_007_alltagspolitik.jpg\" title=\"klausbaerbel_007_alltagspolitik\" crop=\"\" width=\"300\" height=\"181\" src=\"https:\/\/jockyart.de\/wp-content\/uploads\/2023\/05\/klausbaerbel_007_alltagspolitik-300x181.jpg\" data-src=\"https:\/\/jockyart.de\/wp-content\/uploads\/2023\/05\/klausbaerbel_007_alltagspolitik-300x181.jpg\" data-caption=\"\" srcset=\"https:\/\/jockyart.de\/wp-content\/uploads\/2023\/05\/klausbaerbel_007_alltagspolitik.jpg 1022w, https:\/\/jockyart.de\/wp-content\/uploads\/2023\/05\/klausbaerbel_007_alltagspolitik-18x12.jpg 18w, https:\/\/jockyart.de\/wp-content\/uploads\/2023\/05\/klausbaerbel_007_alltagspolitik-324x195.jpg 324w, https:\/\/jockyart.de\/wp-content\/uploads\/2023\/05\/klausbaerbel_007_alltagspolitik-416x251.jpg 416w, https:\/\/jockyart.de\/wp-content\/uploads\/2023\/05\/klausbaerbel_007_alltagspolitik-300x181.jpg 300w, https:\/\/jockyart.de\/wp-content\/uploads\/2023\/05\/klausbaerbel_007_alltagspolitik-768x463.jpg 768w\" sizes=\"auto, (max-width: 300px) 100vw, 300px\" \/>\n\t\t<div class=\"figc no-description\">\n\t\t\t<div class=\"figc-inner\">\n\t\t\t\t\t\t\t\t\t\t\t\t\t\t\t<\/div>\n\t\t<\/div>\n\n\t<\/div>\n\n<\/div><div class=\"modula-item effect-pufrobo\" >\n\t<div class=\"modula-item-overlay\"><\/div>\n\n\t<div class=\"modula-item-content\">\n\n\t\t<a data-image-id=\"6086\" role=\"button\" tabindex=\"0\" rel=\"jtg-6078\" data-caption=\"\" aria-label=\"Open image in lightbox\" class=\"tile-inner modula-item-link\"><\/a><img loading=\"lazy\" decoding=\"async\" class=\"pic wp-image-6086\"  data-valign=\"middle\" data-halign=\"center\" alt=\"\" data-full=\"https:\/\/jockyart.de\/wp-content\/uploads\/2023\/05\/klausbaerbel_008_alptraum.jpg\" title=\"klausbaerbel_008_alptraum\" crop=\"\" width=\"300\" height=\"181\" src=\"https:\/\/jockyart.de\/wp-content\/uploads\/2023\/05\/klausbaerbel_008_alptraum-300x181.jpg\" data-src=\"https:\/\/jockyart.de\/wp-content\/uploads\/2023\/05\/klausbaerbel_008_alptraum-300x181.jpg\" data-caption=\"\" srcset=\"https:\/\/jockyart.de\/wp-content\/uploads\/2023\/05\/klausbaerbel_008_alptraum.jpg 1022w, https:\/\/jockyart.de\/wp-content\/uploads\/2023\/05\/klausbaerbel_008_alptraum-18x12.jpg 18w, https:\/\/jockyart.de\/wp-content\/uploads\/2023\/05\/klausbaerbel_008_alptraum-324x195.jpg 324w, https:\/\/jockyart.de\/wp-content\/uploads\/2023\/05\/klausbaerbel_008_alptraum-416x251.jpg 416w, https:\/\/jockyart.de\/wp-content\/uploads\/2023\/05\/klausbaerbel_008_alptraum-300x181.jpg 300w, https:\/\/jockyart.de\/wp-content\/uploads\/2023\/05\/klausbaerbel_008_alptraum-768x463.jpg 768w\" sizes=\"auto, (max-width: 300px) 100vw, 300px\" \/>\n\t\t<div class=\"figc no-description\">\n\t\t\t<div class=\"figc-inner\">\n\t\t\t\t\t\t\t\t\t\t\t\t\t\t\t<\/div>\n\t\t<\/div>\n\n\t<\/div>\n\n<\/div><div class=\"modula-item effect-pufrobo\" >\n\t<div class=\"modula-item-overlay\"><\/div>\n\n\t<div class=\"modula-item-content\">\n\n\t\t<a data-image-id=\"6087\" role=\"button\" tabindex=\"0\" rel=\"jtg-6078\" data-caption=\"\" aria-label=\"Open image in lightbox\" class=\"tile-inner modula-item-link\"><\/a><img loading=\"lazy\" decoding=\"async\" class=\"pic wp-image-6087\"  data-valign=\"middle\" data-halign=\"center\" alt=\"\" data-full=\"https:\/\/jockyart.de\/wp-content\/uploads\/2023\/05\/klausbaerbel_009_kraftwerk.jpg\" title=\"klausbaerbel_009_kraftwerk\" crop=\"\" width=\"300\" height=\"181\" src=\"https:\/\/jockyart.de\/wp-content\/uploads\/2023\/05\/klausbaerbel_009_kraftwerk-300x181.jpg\" data-src=\"https:\/\/jockyart.de\/wp-content\/uploads\/2023\/05\/klausbaerbel_009_kraftwerk-300x181.jpg\" data-caption=\"\" srcset=\"https:\/\/jockyart.de\/wp-content\/uploads\/2023\/05\/klausbaerbel_009_kraftwerk.jpg 1022w, https:\/\/jockyart.de\/wp-content\/uploads\/2023\/05\/klausbaerbel_009_kraftwerk-18x12.jpg 18w, https:\/\/jockyart.de\/wp-content\/uploads\/2023\/05\/klausbaerbel_009_kraftwerk-324x195.jpg 324w, https:\/\/jockyart.de\/wp-content\/uploads\/2023\/05\/klausbaerbel_009_kraftwerk-416x251.jpg 416w, https:\/\/jockyart.de\/wp-content\/uploads\/2023\/05\/klausbaerbel_009_kraftwerk-300x181.jpg 300w, https:\/\/jockyart.de\/wp-content\/uploads\/2023\/05\/klausbaerbel_009_kraftwerk-768x463.jpg 768w\" sizes=\"auto, (max-width: 300px) 100vw, 300px\" \/>\n\t\t<div class=\"figc no-description\">\n\t\t\t<div class=\"figc-inner\">\n\t\t\t\t\t\t\t\t\t\t\t\t\t\t\t<\/div>\n\t\t<\/div>\n\n\t<\/div>\n\n<\/div><div class=\"modula-item effect-pufrobo\" >\n\t<div class=\"modula-item-overlay\"><\/div>\n\n\t<div class=\"modula-item-content\">\n\n\t\t<a data-image-id=\"6088\" role=\"button\" tabindex=\"0\" rel=\"jtg-6078\" data-caption=\"\" aria-label=\"Open image in lightbox\" class=\"tile-inner modula-item-link\"><\/a><img loading=\"lazy\" decoding=\"async\" class=\"pic wp-image-6088\"  data-valign=\"middle\" data-halign=\"center\" alt=\"\" data-full=\"https:\/\/jockyart.de\/wp-content\/uploads\/2023\/05\/klausbaerbel_010_lebensstuerme.jpg\" title=\"klausbaerbel_010_lebensstuerme\" crop=\"\" width=\"300\" height=\"181\" src=\"https:\/\/jockyart.de\/wp-content\/uploads\/2023\/05\/klausbaerbel_010_lebensstuerme-300x181.jpg\" data-src=\"https:\/\/jockyart.de\/wp-content\/uploads\/2023\/05\/klausbaerbel_010_lebensstuerme-300x181.jpg\" data-caption=\"\" srcset=\"https:\/\/jockyart.de\/wp-content\/uploads\/2023\/05\/klausbaerbel_010_lebensstuerme.jpg 1022w, https:\/\/jockyart.de\/wp-content\/uploads\/2023\/05\/klausbaerbel_010_lebensstuerme-18x12.jpg 18w, https:\/\/jockyart.de\/wp-content\/uploads\/2023\/05\/klausbaerbel_010_lebensstuerme-324x195.jpg 324w, https:\/\/jockyart.de\/wp-content\/uploads\/2023\/05\/klausbaerbel_010_lebensstuerme-416x251.jpg 416w, https:\/\/jockyart.de\/wp-content\/uploads\/2023\/05\/klausbaerbel_010_lebensstuerme-300x181.jpg 300w, https:\/\/jockyart.de\/wp-content\/uploads\/2023\/05\/klausbaerbel_010_lebensstuerme-768x463.jpg 768w\" sizes=\"auto, (max-width: 300px) 100vw, 300px\" \/>\n\t\t<div class=\"figc no-description\">\n\t\t\t<div class=\"figc-inner\">\n\t\t\t\t\t\t\t\t\t\t\t\t\t\t\t<\/div>\n\t\t<\/div>\n\n\t<\/div>\n\n<\/div>\t\t\n\t<\/div>\n\n\t\n\t\n\t<script type=\"application\/ld+json\">\n\t{\n\t\t\"@context\": \"http:\/\/schema.org\",\n\t\t\"@type\"   : \"ImageGallery\",\n\t\t\"id\"      : \"https:\/\/jockyart.de\/en\/galerien\/comics\/klaus-baerbel\/\",\n\t\t\"url\"     : \"https:\/\/jockyart.de\/en\/galerien\/comics\/klaus-baerbel\/\"\n\t}\n\n\t<\/script>\n\n\t\n<\/div>\n\n","protected":false},"excerpt":{"rendered":"<p>Bei irgendeiner Predigt von Taade auf dem Freakstock tauchte der Name Klaus B\u00e4rbel auf als Sinnbild f\u00fcr den typischen Jesus Freak. Seitdem wurde der Name immer daf\u00fcr hergenommen. Daraus entstand eine Comicreihe f\u00fcr das Magazin der Jesus Freaks &#8222;Der Kranke Bote&#8220;, in der ich Geschichten erz\u00e4hlt habe, die dieser typische Jesus Freak erlebt.<\/p>","protected":false},"author":1,"featured_media":0,"parent":6069,"menu_order":0,"comment_status":"closed","ping_status":"closed","template":"","meta":{"footnotes":""},"class_list":["post-6076","page","type-page","status-publish","hentry"],"_links":{"self":[{"href":"https:\/\/jockyart.de\/en\/wp-json\/wp\/v2\/pages\/6076","targetHints":{"allow":["GET"]}}],"collection":[{"href":"https:\/\/jockyart.de\/en\/wp-json\/wp\/v2\/pages"}],"about":[{"href":"https:\/\/jockyart.de\/en\/wp-json\/wp\/v2\/types\/page"}],"author":[{"embeddable":true,"href":"https:\/\/jockyart.de\/en\/wp-json\/wp\/v2\/users\/1"}],"replies":[{"embeddable":true,"href":"https:\/\/jockyart.de\/en\/wp-json\/wp\/v2\/comments?post=6076"}],"version-history":[{"count":3,"href":"https:\/\/jockyart.de\/en\/wp-json\/wp\/v2\/pages\/6076\/revisions"}],"predecessor-version":[{"id":6093,"href":"https:\/\/jockyart.de\/en\/wp-json\/wp\/v2\/pages\/6076\/revisions\/6093"}],"up":[{"embeddable":true,"href":"https:\/\/jockyart.de\/en\/wp-json\/wp\/v2\/pages\/6069"}],"wp:attachment":[{"href":"https:\/\/jockyart.de\/en\/wp-json\/wp\/v2\/media?parent=6076"}],"curies":[{"name":"wp","href":"https:\/\/api.w.org\/{rel}","templated":true}]}}