{"id":4904,"date":"2022-11-07T22:32:53","date_gmt":"2022-11-07T21:32:53","guid":{"rendered":"https:\/\/jockyart.de\/?page_id=4904"},"modified":"2023-04-21T20:56:39","modified_gmt":"2023-04-21T18:56:39","slug":"impressum","status":"publish","type":"page","link":"https:\/\/jockyart.de\/en\/kontakt\/impressum\/","title":{"rendered":"Imprint"},"content":{"rendered":"<p class=\"has-small-font-size\">This imprint also applies to my accounts on the following social media:<\/p>\n\n\n\n<figure class=\"wp-block-table has-small-font-size\"><table><tbody><tr><td><img data-recalc-dims=\"1\" loading=\"lazy\" decoding=\"async\" width=\"25\" height=\"25\" src=\"https:\/\/i0.wp.com\/jockyart.de\/wp-content\/uploads\/2022\/04\/Faceook_logo.png?resize=25%2C25&#038;ssl=1\" alt=\"Faceook\"><\/td><td>Facebook:<\/td><td> <a rel=\"noreferrer noopener\" href=\"https:\/\/www.facebook.com\/jockyart\" target=\"_blank\">\/jockyart<\/a><\/td><\/tr><tr><td><img data-recalc-dims=\"1\" decoding=\"async\" style=\"width: 25px;\" src=\"https:\/\/i0.wp.com\/jockyart.de\/wp-content\/uploads\/2022\/04\/Instagram_logo.png?w=980&#038;ssl=1\" alt=\"Instagram\"><\/td><td>Instagram:<\/td><td><a rel=\"noreferrer noopener\" href=\"https:\/\/www.instagram.com\/jockyde\/\" target=\"_blank\">\/jocky_art<\/a><br><a rel=\"noreferrer noopener\" href=\"https:\/\/www.instagram.com\/jockyde\/\" target=\"_blank\">\/jockyde<\/a><\/td><\/tr><tr><td><img data-recalc-dims=\"1\" decoding=\"async\" src=\"https:\/\/i0.wp.com\/jockyart.de\/wp-content\/uploads\/2022\/04\/YouTube_logo.png?w=980&#038;ssl=1\" alt=\"YouTube\" style=\"width: 39px; height:28px;\"><\/td><td>YouTube:<\/td><td><a rel=\"noreferrer noopener\" href=\"https:\/\/www.youtube.com\/@JockyArt\" target=\"_blank\">@jockyart<\/a><\/td><\/tr><tr><td><img data-recalc-dims=\"1\" loading=\"lazy\" decoding=\"async\" width=\"25\" height=\"20\" class=\"wp-image-1353\" style=\"width: 25px;\" src=\"https:\/\/i0.wp.com\/jockyart.de\/wp-content\/uploads\/2022\/04\/Twitter_schatten.png?resize=25%2C20&#038;ssl=1\" alt=\"Twitter\" srcset=\"https:\/\/i0.wp.com\/jockyart.de\/wp-content\/uploads\/2022\/04\/Twitter_schatten.png?w=310&amp;ssl=1 310w, https:\/\/i0.wp.com\/jockyart.de\/wp-content\/uploads\/2022\/04\/Twitter_schatten.png?resize=250%2C205&amp;ssl=1 250w, https:\/\/i0.wp.com\/jockyart.de\/wp-content\/uploads\/2022\/04\/Twitter_schatten.png?resize=15%2C12&amp;ssl=1 15w, https:\/\/i0.wp.com\/jockyart.de\/wp-content\/uploads\/2022\/04\/Twitter_schatten.png?resize=300%2C246&amp;ssl=1 300w\" sizes=\"auto, (max-width: 25px) 100vw, 25px\" \/><\/td><td>Twitter:<\/td><td><a rel=\"noreferrer noopener\" href=\"https:\/\/twitter.com\/Jocky_Art\" target=\"_blank\">\/Jocky_Art<\/a><\/td><\/tr><tr><td><img data-recalc-dims=\"1\" loading=\"lazy\" decoding=\"async\" width=\"25\" height=\"25\" class=\"wp-image-1352\" style=\"width: 25px;\" src=\"https:\/\/i0.wp.com\/jockyart.de\/wp-content\/uploads\/2022\/04\/Pinterest_schatten.png?resize=25%2C25&#038;ssl=1\" alt=\"Pinterest\" srcset=\"https:\/\/i0.wp.com\/jockyart.de\/wp-content\/uploads\/2022\/04\/Pinterest_schatten.png?w=522&amp;ssl=1 522w, https:\/\/i0.wp.com\/jockyart.de\/wp-content\/uploads\/2022\/04\/Pinterest_schatten.png?resize=324%2C324&amp;ssl=1 324w, https:\/\/i0.wp.com\/jockyart.de\/wp-content\/uploads\/2022\/04\/Pinterest_schatten.png?resize=100%2C100&amp;ssl=1 100w, https:\/\/i0.wp.com\/jockyart.de\/wp-content\/uploads\/2022\/04\/Pinterest_schatten.png?resize=416%2C416&amp;ssl=1 416w, https:\/\/i0.wp.com\/jockyart.de\/wp-content\/uploads\/2022\/04\/Pinterest_schatten.png?resize=12%2C12&amp;ssl=1 12w, https:\/\/i0.wp.com\/jockyart.de\/wp-content\/uploads\/2022\/04\/Pinterest_schatten.png?resize=150%2C150&amp;ssl=1 150w, https:\/\/i0.wp.com\/jockyart.de\/wp-content\/uploads\/2022\/04\/Pinterest_schatten.png?resize=300%2C300&amp;ssl=1 300w\" sizes=\"auto, (max-width: 25px) 100vw, 25px\" \/><\/td><td>Pinterest:<\/td><td><a rel=\"noreferrer noopener\" href=\"https:\/\/www.pinterest.de\/JockyArt\/\" target=\"_blank\">\/JockyArt<\/a><\/td><\/tr><\/tbody><\/table><\/figure>\n\n\n\n<h2 class=\"wp-block-heading\">According to \u00a7 5 TMG<\/h2>\n\n\n\n<p>JockyArt.de<br>Johannes Sp\u00f6rl<br>Aubinger Stra\u00dfe 69<br>81243 M\u00fcnchen<\/p>\n\n\n\n<h2 class=\"wp-block-heading\">Contact<\/h2>\n\n\n\n<p>Telephone: +49 89 - 88919166<br>E-Mail: <a href=\"mailto:johannes@jockyart.de\">johannes@jockyart.de<\/a><\/p>\n\n\n\n<h2 class=\"wp-block-heading\">Tax ID<\/h2>\n\n\n\n<p>Sales tax identification number according to \u00a7 27 a sales tax law:<br>146\/204\/10676<\/p>\n\n\n\n<h2 class=\"wp-block-heading\">Editorial responsibility<\/h2>\n\n\n\n<p>JockyArt.de<br>Johannes Sp\u00f6rl<br>Aubinger Stra\u00dfe 69<br>81243 M\u00fcnchen<\/p>\n\n\n\n<h2 class=\"wp-block-heading\">EU Dispute Settlement<\/h2>\n\n\n\n<p>The European Commission provides a platform for online dispute resolution (OS): <a rel=\"noopener noreferrer\" href=\"https:\/\/ec.europa.eu\/consumers\/odr\/\" target=\"_blank\">https:\/\/ec.europa.eu\/consumers\/odr\/<\/a>.<br>Our <a href=\"mailto:johannes@jockyart.de\">E-Mail adress *<\/a> can be found above in the imprint.<\/p>\n\n\n\n<h2 class=\"wp-block-heading\">Consumer dispute resolution\/universal arbitration board<\/h2>\n\n\n\n<p>We are not willing or obliged to participate in dispute settlement procedures before a consumer arbitration board.<\/p>\n\n\n\n<p>Source: <a href=\"https:\/\/www.e-recht24.de\">https:\/\/www.e-recht24.de<\/a><\/p>","protected":false},"excerpt":{"rendered":"<p>Dieses Impressum gilt auch f\u00fcr meine Accounts auf folgenden sozialen Medien: Facebook: \/jockyart Instagram: \/jocky_art\/jockyde YouTube: @jockyart Twitter: \/Jocky_Art Pinterest: \/JockyArt Angaben gem\u00e4\u00df \u00a7 5 TMG JockyArt.deJohannes Sp\u00f6rlAubinger Stra\u00dfe 6981243 M\u00fcnchen Kontakt Telefon: 08988919166E-Mail: johannes@jockyart.de Umsatzsteuer-ID Umsatzsteuer-Identifikationsnummer gem\u00e4\u00df \u00a7 27 a Umsatzsteuergesetz:146\/204\/10676 Redaktionell verantwortlich JockyArt.deJohannes Sp\u00f6rlAubinger Stra\u00dfe 6981243 M\u00fcnchen EU-Streitschlichtung Die Europ\u00e4ische Kommission stellt eine [&hellip;]<\/p>\n","protected":false},"author":1,"featured_media":0,"parent":608,"menu_order":0,"comment_status":"closed","ping_status":"closed","template":"","meta":{"jetpack_post_was_ever_published":false,"footnotes":""},"class_list":["post-4904","page","type-page","status-publish","hentry"],"jetpack-related-posts":[],"jetpack_sharing_enabled":true,"_links":{"self":[{"href":"https:\/\/jockyart.de\/en\/wp-json\/wp\/v2\/pages\/4904","targetHints":{"allow":["GET"]}}],"collection":[{"href":"https:\/\/jockyart.de\/en\/wp-json\/wp\/v2\/pages"}],"about":[{"href":"https:\/\/jockyart.de\/en\/wp-json\/wp\/v2\/types\/page"}],"author":[{"embeddable":true,"href":"https:\/\/jockyart.de\/en\/wp-json\/wp\/v2\/users\/1"}],"replies":[{"embeddable":true,"href":"https:\/\/jockyart.de\/en\/wp-json\/wp\/v2\/comments?post=4904"}],"version-history":[{"count":8,"href":"https:\/\/jockyart.de\/en\/wp-json\/wp\/v2\/pages\/4904\/revisions"}],"predecessor-version":[{"id":5802,"href":"https:\/\/jockyart.de\/en\/wp-json\/wp\/v2\/pages\/4904\/revisions\/5802"}],"up":[{"embeddable":true,"href":"https:\/\/jockyart.de\/en\/wp-json\/wp\/v2\/pages\/608"}],"wp:attachment":[{"href":"https:\/\/jockyart.de\/en\/wp-json\/wp\/v2\/media?parent=4904"}],"curies":[{"name":"wp","href":"https:\/\/api.w.org\/{rel}","templated":true}]}}