{"id":377,"date":"2022-04-02T19:50:05","date_gmt":"2022-04-02T17:50:05","guid":{"rendered":"https:\/\/jockyart.de\/?page_id=377"},"modified":"2026-01-13T22:52:45","modified_gmt":"2026-01-13T21:52:45","slug":"newsletter","status":"publish","type":"page","link":"https:\/\/jockyart.de\/en\/newsletter\/","title":{"rendered":"Newsletter"},"content":{"rendered":"\n<p class=\"has-drop-cap has-normal-font-size\"><a href=\"http:\/\/eepurl.com\/hs7o4r\" data-type=\"URL\" data-id=\"http:\/\/eepurl.com\/hs7o4r\" target=\"_blank\" rel=\"noreferrer noopener\"><img loading=\"lazy\" decoding=\"async\" width=\"665\" height=\"208\" class=\"wp-image-579\" src=\"https:\/\/jockyart.de\/wp-content\/uploads\/2022\/04\/JockyArt_Formbuilder.jpg\" alt=\"\" srcset=\"https:\/\/jockyart.de\/wp-content\/uploads\/2022\/04\/JockyArt_Formbuilder.jpg 665w, https:\/\/jockyart.de\/wp-content\/uploads\/2022\/04\/JockyArt_Formbuilder-324x101.jpg 324w, https:\/\/jockyart.de\/wp-content\/uploads\/2022\/04\/JockyArt_Formbuilder-416x130.jpg 416w, https:\/\/jockyart.de\/wp-content\/uploads\/2022\/04\/JockyArt_Formbuilder-18x6.jpg 18w, https:\/\/jockyart.de\/wp-content\/uploads\/2022\/04\/JockyArt_Formbuilder-300x94.jpg 300w\" sizes=\"auto, (max-width: 665px) 100vw, 665px\" \/><\/a><br>Ich verschicke in regelm\u00e4\u00dfigen Abst\u00e4nden einen Kunstnewsletter mit Neuigkeiten rund um meine Kunst.<br>Hier stelle ich euch neue Bilder vor, teile Zeugnisse wie Jesus durch meine Kunst Menschen ber\u00fchrt hat. Ich stelle euch neue Produkte vor und teile Erkenntnisse aus dem Mentoringprogramm &#8222;Created to Thrive&#8220;, um meine Kunst nach vorne zu bringen.<\/p>\n\n\n\n<p><strong>Hier k\u00f6nnt ihr die bereits verschickten Newsletter anschauen:<\/strong><\/p>\n\n\n\n<div class=\"wp-block-columns is-layout-flex wp-container-core-columns-is-layout-28f84493 wp-block-columns-is-layout-flex\">\n<div class=\"wp-block-column is-layout-flow wp-block-column-is-layout-flow\">\n<p>You find the <strong>English <\/strong>newsletters here:<\/p>\n<\/div>\n\n\n\n<div class=\"wp-block-column is-layout-flow wp-block-column-is-layout-flow\">\n<p><a href=\"https:\/\/jockyart.de\/newsletter-archive-english\/\" data-type=\"page\" data-id=\"5785\">click<\/a><\/p>\n<\/div>\n<\/div>\n\n\n\n<div class=\"wp-block-columns is-layout-flex wp-container-core-columns-is-layout-28f84493 wp-block-columns-is-layout-flex\">\n<div class=\"wp-block-column is-layout-flow wp-block-column-is-layout-flow\" style=\"flex-basis:15%\">\n<p><strong>21.12.2025<\/strong><\/p>\n<\/div>\n\n\n\n<div class=\"wp-block-column is-layout-flow wp-block-column-is-layout-flow\" style=\"flex-basis:10%\">\n<p><strong>26<\/strong><\/p>\n<\/div>\n\n\n\n<div class=\"wp-block-column is-layout-flow wp-block-column-is-layout-flow\" style=\"flex-basis:75%\">\n<p><strong><strong><a href=\"https:\/\/jockyart.de\/de_de?mailpoet_router&amp;endpoint=view_in_browser&amp;action=view&amp;data=Wzc4LCIwZjM4NWQ0NTYxMTEiLDAsMCwwLDFd\" target=\"_blank\" rel=\"noreferrer noopener\">Zeit der Umbr\u00fcche<\/a><\/strong><\/strong><\/p>\n<\/div>\n<\/div>\n\n\n\n<div class=\"wp-block-columns is-layout-flex wp-container-core-columns-is-layout-28f84493 wp-block-columns-is-layout-flex\">\n<div class=\"wp-block-column is-layout-flow wp-block-column-is-layout-flow\" style=\"flex-basis:15%\">\n<p><strong>1.07.2025<\/strong><\/p>\n<\/div>\n\n\n\n<div class=\"wp-block-column is-layout-flow wp-block-column-is-layout-flow\" style=\"flex-basis:10%\">\n<p>25<\/p>\n<\/div>\n\n\n\n<div class=\"wp-block-column is-layout-flow wp-block-column-is-layout-flow\" style=\"flex-basis:75%\">\n<p><a href=\"https:\/\/jockyart.de\/de_de?mailpoet_router&amp;endpoint=view_in_browser&amp;action=view&amp;data=Wzc2LCI3NGY2MDA5OTdkZDciLDAsMCw5MiwxXQ\">Das war so besonders!<\/a><\/p>\n<\/div>\n<\/div>\n\n\n\n<div class=\"wp-block-columns is-layout-flex wp-container-core-columns-is-layout-28f84493 wp-block-columns-is-layout-flex\">\n<div class=\"wp-block-column is-layout-flow wp-block-column-is-layout-flow\" style=\"flex-basis:15%\">\n<p><strong>7.06.2025<\/strong><\/p>\n<\/div>\n\n\n\n<div class=\"wp-block-column is-layout-flow wp-block-column-is-layout-flow\" style=\"flex-basis:10%\">\n<p>24<\/p>\n<\/div>\n\n\n\n<div class=\"wp-block-column is-layout-flow wp-block-column-is-layout-flow\" style=\"flex-basis:75%\">\n<p><a href=\"https:\/\/jockyart.de\/de_de?mailpoet_router&amp;endpoint=view_in_browser&amp;action=view&amp;data=WzczLCI5ZGExNTgxMTZlMGMiLDAsMCwwLDFd\" target=\"_blank\" rel=\"noreferrer noopener\">Der Ort f\u00fcr die Buchlesung ist besonders!<\/a><\/p>\n<\/div>\n<\/div>\n\n\n\n<div class=\"wp-block-columns is-layout-flex wp-container-core-columns-is-layout-28f84493 wp-block-columns-is-layout-flex\">\n<div class=\"wp-block-column is-layout-flow wp-block-column-is-layout-flow\" style=\"flex-basis:15%\">\n<p><strong>18.04.2025<\/strong><\/p>\n<\/div>\n\n\n\n<div class=\"wp-block-column is-layout-flow wp-block-column-is-layout-flow\" style=\"flex-basis:10%\">\n<p>23<\/p>\n<\/div>\n\n\n\n<div class=\"wp-block-column is-layout-flow wp-block-column-is-layout-flow\" style=\"flex-basis:75%\">\n<p><a href=\"https:\/\/jockyart.de\/de_de?mailpoet_router&amp;endpoint=view_in_browser&amp;action=view&amp;data=WzY4LCIzYWE1ZWYwMzAxNmMiLDAsMCw4MywxXQ\" target=\"_blank\" rel=\"noreferrer noopener\">Meine Kunst trifft Mode: Jetzt tragbar!<\/a><\/p>\n<\/div>\n<\/div>\n\n\n\n<div class=\"wp-block-columns is-layout-flex wp-container-core-columns-is-layout-28f84493 wp-block-columns-is-layout-flex\">\n<div class=\"wp-block-column is-layout-flow wp-block-column-is-layout-flow\" style=\"flex-basis:15%\">\n<p><strong>15.02.2025<\/strong><\/p>\n<\/div>\n\n\n\n<div class=\"wp-block-column is-layout-flow wp-block-column-is-layout-flow\" style=\"flex-basis:10%\">\n<p>22<\/p>\n<\/div>\n\n\n\n<div class=\"wp-block-column is-layout-flow wp-block-column-is-layout-flow\" style=\"flex-basis:75%\">\n<p><a href=\"https:\/\/jockyart.de\/de_de?mailpoet_router&amp;endpoint=view_in_browser&amp;action=view&amp;data=WzYyLCI3YzUxOTU2ZTU3ZWUiLDAsMCwwLDFd\" target=\"_blank\" rel=\"noreferrer noopener\">Dieser Brief hat mich aus der Bahn geworfen!<\/a><\/p>\n<\/div>\n<\/div>\n\n\n\n<div class=\"wp-block-columns is-layout-flex wp-container-core-columns-is-layout-28f84493 wp-block-columns-is-layout-flex\">\n<div class=\"wp-block-column is-layout-flow wp-block-column-is-layout-flow\" style=\"flex-basis:15%\">\n<p><strong>08.12.2024<\/strong><\/p>\n<\/div>\n\n\n\n<div class=\"wp-block-column is-layout-flow wp-block-column-is-layout-flow\" style=\"flex-basis:10%\">\n<p>21<\/p>\n<\/div>\n\n\n\n<div class=\"wp-block-column is-layout-flow wp-block-column-is-layout-flow\" style=\"flex-basis:75%\">\n<p><a href=\"https:\/\/jockyart.de\/de_de?mailpoet_router&amp;endpoint=view_in_browser&amp;action=view&amp;data=WzU1LCI4NDVmY2VjNjVmYTUiLDQwOSwiZjE4NDM5NDAyYmUzNDdiZDlmZmU1ZWViZmFjMjJiOTIiLDY4LDBd\" target=\"_blank\" rel=\"noreferrer noopener\">Dieses Buch wird viele begeistern!<\/a><\/p>\n<\/div>\n<\/div>\n\n\n\n<div class=\"wp-block-columns is-layout-flex wp-container-core-columns-is-layout-28f84493 wp-block-columns-is-layout-flex\">\n<div class=\"wp-block-column is-layout-flow wp-block-column-is-layout-flow\" style=\"flex-basis:15%\">\n<p><strong>06.09.2024<\/strong><\/p>\n<\/div>\n\n\n\n<div class=\"wp-block-column is-layout-flow wp-block-column-is-layout-flow\" style=\"flex-basis:10%\">\n<p>20<\/p>\n<\/div>\n\n\n\n<div class=\"wp-block-column is-layout-flow wp-block-column-is-layout-flow\" style=\"flex-basis:75%\">\n<p><a href=\"https:\/\/jockyart.de\/de_de?mailpoet_router&amp;endpoint=view_in_browser&amp;action=view&amp;data=WzUxLCJkYWUxOTQzNmVlNTkiLDAsMCw2MywxXQ\" target=\"_blank\" rel=\"noreferrer noopener\">Dieses \u00fcberschw\u00e4ngliche Feedback hat mich umgehauen<\/a><\/p>\n<\/div>\n<\/div>\n\n\n\n<div class=\"wp-block-columns is-layout-flex wp-container-core-columns-is-layout-28f84493 wp-block-columns-is-layout-flex\">\n<div class=\"wp-block-column is-layout-flow wp-block-column-is-layout-flow\" style=\"flex-basis:15%\">\n<p><strong>20.07.2024<\/strong><\/p>\n<\/div>\n\n\n\n<div class=\"wp-block-column is-layout-flow wp-block-column-is-layout-flow\" style=\"flex-basis:10%\">\n<p>19<\/p>\n<\/div>\n\n\n\n<div class=\"wp-block-column is-layout-flow wp-block-column-is-layout-flow\" style=\"flex-basis:75%\">\n<p><a href=\"https:\/\/jockyart.de\/de_de?mailpoet_router&amp;endpoint=view_in_browser&amp;action=view&amp;data=WzQ2LCI3YTE4NTZkNjlkYjMiLDMsImVlMDllZCIsNTYsMF0\" target=\"_blank\" rel=\"noreferrer noopener\">Nach einer tiefen Gottesbegegnung im Krankenhaus entstand dieses Bild<\/a><\/p>\n<\/div>\n<\/div>\n\n\n\n<div class=\"wp-block-columns is-layout-flex wp-container-core-columns-is-layout-28f84493 wp-block-columns-is-layout-flex\">\n<div class=\"wp-block-column is-layout-flow wp-block-column-is-layout-flow\" style=\"flex-basis:15%\">\n<p><strong>31.03.2024<\/strong><\/p>\n<\/div>\n\n\n\n<div class=\"wp-block-column is-layout-flow wp-block-column-is-layout-flow\" style=\"flex-basis:10%\">\n<p>18<\/p>\n<\/div>\n\n\n\n<div class=\"wp-block-column is-layout-flow wp-block-column-is-layout-flow\" style=\"flex-basis:75%\">\n<p><a href=\"https:\/\/jockyart.de\/de_de?mailpoet_router&amp;endpoint=view_in_browser&amp;action=view&amp;data=WzQwLCIxN2RmZjQxYmZjNGMiLDAsMCwwLDFd\" target=\"_blank\" rel=\"noreferrer noopener\">Dieser Workshop war ein Durchbruch f\u00fcr mich<\/a><\/p>\n<\/div>\n<\/div>\n\n\n\n<div class=\"wp-block-columns is-layout-flex wp-container-core-columns-is-layout-28f84493 wp-block-columns-is-layout-flex\">\n<div class=\"wp-block-column is-layout-flow wp-block-column-is-layout-flow\" style=\"flex-basis:15%\">\n<p><strong>22.12.2023<\/strong><\/p>\n<\/div>\n\n\n\n<div class=\"wp-block-column is-layout-flow wp-block-column-is-layout-flow\" style=\"flex-basis:10%\">\n<p>17<\/p>\n<\/div>\n\n\n\n<div class=\"wp-block-column is-layout-flow wp-block-column-is-layout-flow\" style=\"flex-basis:75%\">\n<p><a href=\"https:\/\/jockyart.de\/de_de?mailpoet_router&amp;endpoint=view_in_browser&amp;action=view&amp;data=WzMyLCJhYjU0YTk3MTQxNTciLDAsMCwwLDFd\" target=\"_blank\" rel=\"noreferrer noopener\">Trotz herausfordernder Zeiten tolle Erlebnisse<\/a><\/p>\n<\/div>\n<\/div>\n\n\n\n<div class=\"wp-block-columns is-layout-flex wp-container-core-columns-is-layout-28f84493 wp-block-columns-is-layout-flex\">\n<div class=\"wp-block-column is-layout-flow wp-block-column-is-layout-flow\" style=\"flex-basis:15%\">\n<p><strong>23.09.2023<\/strong><\/p>\n<\/div>\n\n\n\n<div class=\"wp-block-column is-layout-flow wp-block-column-is-layout-flow\" style=\"flex-basis:10%\">\n<p>16<\/p>\n<\/div>\n\n\n\n<div class=\"wp-block-column is-layout-flow wp-block-column-is-layout-flow\" style=\"flex-basis:75%\">\n<p><a href=\"https:\/\/jockyart.de\/de_de?mailpoet_router&amp;endpoint=view_in_browser&amp;action=view&amp;data=WzI0LCJhNjE2YTUxNjU3MDEiLDMsImVlMDllZCIsMjQsMF0\" target=\"_blank\" rel=\"noreferrer noopener\">Kostenloses proph. Bild f\u00fcr Abonnenten<\/a><\/p>\n<\/div>\n<\/div>\n\n\n\n<div class=\"wp-block-columns is-layout-flex wp-container-core-columns-is-layout-28f84493 wp-block-columns-is-layout-flex\">\n<div class=\"wp-block-column is-layout-flow wp-block-column-is-layout-flow\" style=\"flex-basis:15%\">\n<p><strong>8.09.2023<\/strong><\/p>\n<\/div>\n\n\n\n<div class=\"wp-block-column is-layout-flow wp-block-column-is-layout-flow\" style=\"flex-basis:10%\">\n<p>15<\/p>\n<\/div>\n\n\n\n<div class=\"wp-block-column is-layout-flow wp-block-column-is-layout-flow\" style=\"flex-basis:75%\">\n<p><a rel=\"noreferrer noopener\" href=\"https:\/\/jockyart.de\/de_de?mailpoet_router&amp;endpoint=view_in_browser&amp;action=view&amp;data=WzE5LCJlNTMyMmU3MDI1YTgiLDAsMCwyMSwxXQ\" data-type=\"link\" data-id=\"https:\/\/jockyart.de\/de_de?mailpoet_router&amp;endpoint=view_in_browser&amp;action=view&amp;data=WzE5LCJlNTMyMmU3MDI1YTgiLDAsMCwyMSwxXQ\" target=\"_blank\">Heute ben\u00f6tige ich eure Hilfe<\/a><\/p>\n<\/div>\n<\/div>\n\n\n\n<div class=\"wp-block-columns is-layout-flex wp-container-core-columns-is-layout-28f84493 wp-block-columns-is-layout-flex\">\n<div class=\"wp-block-column is-layout-flow wp-block-column-is-layout-flow\" style=\"flex-basis:15%\">\n<p><strong>2.08.2023<\/strong><\/p>\n<\/div>\n\n\n\n<div class=\"wp-block-column is-layout-flow wp-block-column-is-layout-flow\" style=\"flex-basis:10%\">\n<p>14<\/p>\n<\/div>\n\n\n\n<div class=\"wp-block-column is-layout-flow wp-block-column-is-layout-flow\" style=\"flex-basis:75%\">\n<p><a rel=\"noreferrer noopener\" href=\"https:\/\/jockyart.de\/de_de?mailpoet_router&amp;endpoint=view_in_browser&amp;action=view&amp;data=WzE3LCIwMDg4MWFiMmJhYjIiLDAsMCwxNiwxXQ\" target=\"_blank\">Geburtstagsspecial: 53% Rabatt auf Buntstiftbilder<\/a><\/p>\n<\/div>\n<\/div>\n\n\n\n<div class=\"wp-block-columns is-layout-flex wp-container-core-columns-is-layout-28f84493 wp-block-columns-is-layout-flex\">\n<div class=\"wp-block-column is-layout-flow wp-block-column-is-layout-flow\" style=\"flex-basis:15%\">\n<p><strong>1.08.2023<\/strong><\/p>\n<\/div>\n\n\n\n<div class=\"wp-block-column is-layout-flow wp-block-column-is-layout-flow\" style=\"flex-basis:10%\">\n<p>13<\/p>\n<\/div>\n\n\n\n<div class=\"wp-block-column is-layout-flow wp-block-column-is-layout-flow\" style=\"flex-basis:75%\">\n<p><a rel=\"noreferrer noopener\" href=\"https:\/\/jockyart.de\/de_de?mailpoet_router&amp;endpoint=view_in_browser&amp;action=view&amp;data=WzE2LCI5ODFmZDU5YTNiMzUiLDAsMCwxNSwxXQ\" target=\"_blank\">Summer Art Challenge &#8211; Besondere Angebote, Geburtstagsspecial<\/a><\/p>\n<\/div>\n<\/div>\n\n\n\n<div class=\"wp-block-columns is-layout-flex wp-container-core-columns-is-layout-28f84493 wp-block-columns-is-layout-flex\">\n<div class=\"wp-block-column is-layout-flow wp-block-column-is-layout-flow\" style=\"flex-basis:15%\">\n<p><strong>12.07.2023<\/strong><\/p>\n<\/div>\n\n\n\n<div class=\"wp-block-column is-layout-flow wp-block-column-is-layout-flow\" style=\"flex-basis:10%\">\n<p>12<\/p>\n<\/div>\n\n\n\n<div class=\"wp-block-column is-layout-flow wp-block-column-is-layout-flow\" style=\"flex-basis:75%\">\n<p><a rel=\"noreferrer noopener\" href=\"https:\/\/jockyart.de\/?mailpoet_router&amp;endpoint=view_in_browser&amp;action=view&amp;data=WzEzLCJjYWQ1ZDIyNmU5MjAiLDAsMCwwLDFd\" target=\"_blank\">Summer Art Challenge &#8211; Tolle Preise zu ergattern<\/a><\/p>\n<\/div>\n<\/div>\n\n\n\n<div class=\"wp-block-columns is-layout-flex wp-container-core-columns-is-layout-28f84493 wp-block-columns-is-layout-flex\">\n<div class=\"wp-block-column is-layout-flow wp-block-column-is-layout-flow\" style=\"flex-basis:15%\">\n<p><strong>20.06.2023<\/strong><\/p>\n<\/div>\n\n\n\n<div class=\"wp-block-column is-layout-flow wp-block-column-is-layout-flow\" style=\"flex-basis:10%\">\n<p>11<\/p>\n<\/div>\n\n\n\n<div class=\"wp-block-column is-layout-flow wp-block-column-is-layout-flow\" style=\"flex-basis:75%\">\n<p><a rel=\"noreferrer noopener\" href=\"https:\/\/jockyart.de\/de_de?mailpoet_router&amp;endpoint=view_in_browser&amp;action=view&amp;data=WzExLCI5MjE1MjQ0NWE5ZDIiLDMsImVlMDllZCIsMTEsMF0\" target=\"_blank\">Neue Wege mit meiner Kunst<\/a><\/p>\n<\/div>\n<\/div>\n\n\n\n<div class=\"wp-block-columns is-layout-flex wp-container-core-columns-is-layout-28f84493 wp-block-columns-is-layout-flex\">\n<div class=\"wp-block-column is-layout-flow wp-block-column-is-layout-flow\" style=\"flex-basis:15%\">\n<p><strong>21.04.2023<\/strong><\/p>\n<\/div>\n\n\n\n<div class=\"wp-block-column is-layout-flow wp-block-column-is-layout-flow\" style=\"flex-basis:10%\">\n<p>10<\/p>\n<\/div>\n\n\n\n<div class=\"wp-block-column is-layout-flow wp-block-column-is-layout-flow\" style=\"flex-basis:75%\">\n<p><a rel=\"noreferrer noopener\" href=\"https:\/\/jockyart.de\/de_de?mailpoet_router&amp;endpoint=view_in_browser&amp;action=view&amp;data=WzcsIjc4YjZlYTJjY2ZhYyIsMywiZWUwOWVkIiw5LDBd\" target=\"_blank\">Diese neuen Ideen m\u00fcsst ihr sehen<\/a><\/p>\n<\/div>\n<\/div>\n\n\n\n<div class=\"wp-block-columns is-layout-flex wp-container-core-columns-is-layout-28f84493 wp-block-columns-is-layout-flex\">\n<div class=\"wp-block-column is-layout-flow wp-block-column-is-layout-flow\" style=\"flex-basis:15%\">\n<p><strong>17.03.2023<\/strong><\/p>\n<\/div>\n\n\n\n<div class=\"wp-block-column is-layout-flow wp-block-column-is-layout-flow\" style=\"flex-basis:10%\">\n<p>09<\/p>\n<\/div>\n\n\n\n<div class=\"wp-block-column is-layout-flow wp-block-column-is-layout-flow\" style=\"flex-basis:75%\">\n<p><a href=\"https:\/\/jockyart.de\/de_de?mailpoet_router&amp;endpoint=view_in_browser&amp;action=view&amp;data=WzYsImM1N2U1NzgyZjI5MSIsMCwwLDUsMV0\" target=\"_blank\" rel=\"noreferrer noopener\">Unglaublich was bei mir auf YouTube passiert<\/a><\/p>\n<\/div>\n<\/div>\n\n\n\n<div class=\"wp-block-columns is-layout-flex wp-container-core-columns-is-layout-28f84493 wp-block-columns-is-layout-flex\">\n<div class=\"wp-block-column is-layout-flow wp-block-column-is-layout-flow\" style=\"flex-basis:15%\">\n<p><strong>30.11.2022<\/strong><\/p>\n<\/div>\n\n\n\n<div class=\"wp-block-column is-layout-flow wp-block-column-is-layout-flow\" style=\"flex-basis:10%\">\n<p>08<\/p>\n<\/div>\n\n\n\n<div class=\"wp-block-column is-layout-flow wp-block-column-is-layout-flow\" style=\"flex-basis:75%\">\n<p><a rel=\"noreferrer noopener\" href=\"https:\/\/jockyart.de\/?mailpoet_router&amp;endpoint=track&amp;action=click&amp;data=WyIzIiwiZWUwOWVkIiwiMyIsIjg5MmM2ZTkwYTUwMCIsZmFsc2Vd\" data-type=\"URL\" data-id=\"https:\/\/jockyart.de\/de_de?mailpoet_router&amp;endpoint=view_in_browser&amp;action=view&amp;data=WzUsIjQxMTRlYThiNDZjNiIsMywiZWUwOWVkIiwzLDBd\" target=\"_blank\">Dieses Videoprojekt mit digitaler Kunst hat mich begeistert<\/a><\/p>\n<\/div>\n<\/div>\n\n\n\n<div class=\"wp-block-columns is-layout-flex wp-container-core-columns-is-layout-28f84493 wp-block-columns-is-layout-flex\">\n<div class=\"wp-block-column is-layout-flow wp-block-column-is-layout-flow\" style=\"flex-basis:15%\">\n<p><strong>30.11.2022<\/strong><\/p>\n<\/div>\n\n\n\n<div class=\"wp-block-column is-layout-flow wp-block-column-is-layout-flow\" style=\"flex-basis:10%\">\n<p>07<\/p>\n<\/div>\n\n\n\n<div class=\"wp-block-column is-layout-flow wp-block-column-is-layout-flow\" style=\"flex-basis:75%\">\n<p><a rel=\"noreferrer noopener\" href=\"https:\/\/mailchi.mp\/3dc35703e69a\/4nddkzpbyy-9375470?e=[UNIQID]\" data-type=\"URL\" data-id=\"https:\/\/mailchi.mp\/3dc35703e69a\/4nddkzpbyy-9375470?e=[UNIQID]\" target=\"_blank\">Neue Kalender, Gru\u00dfkarten und Videos<\/a><\/p>\n<\/div>\n<\/div>\n\n\n\n<div class=\"wp-block-columns is-layout-flex wp-container-core-columns-is-layout-28f84493 wp-block-columns-is-layout-flex\">\n<div class=\"wp-block-column is-layout-flow wp-block-column-is-layout-flow\" style=\"flex-basis:15%\">\n<p><strong>23.9.2022<\/strong><\/p>\n<\/div>\n\n\n\n<div class=\"wp-block-column is-layout-flow wp-block-column-is-layout-flow\" style=\"flex-basis:10%\">\n<p>06<\/p>\n<\/div>\n\n\n\n<div class=\"wp-block-column is-layout-flow wp-block-column-is-layout-flow\" style=\"flex-basis:75%\">\n<p><a rel=\"noreferrer noopener\" href=\"https:\/\/mailchi.mp\/3dc35703e69a\/4nddkzpbyy-9375470?e=[UNIQID]\" data-type=\"URL\" data-id=\"https:\/\/mailchi.mp\/3dc35703e69a\/4nddkzpbyy-9375470?e=[UNIQID]\" target=\"_blank\">Besonderer Einsatz auf der Langen Kunst Nacht<\/a><\/p>\n<\/div>\n<\/div>\n\n\n\n<div class=\"wp-block-columns is-layout-flex wp-container-core-columns-is-layout-28f84493 wp-block-columns-is-layout-flex\">\n<div class=\"wp-block-column is-layout-flow wp-block-column-is-layout-flow\" style=\"flex-basis:15%\">\n<p><strong>15.8.2022<\/strong><\/p>\n<\/div>\n\n\n\n<div class=\"wp-block-column is-layout-flow wp-block-column-is-layout-flow\" style=\"flex-basis:10%\">\n<p>05<\/p>\n<\/div>\n\n\n\n<div class=\"wp-block-column is-layout-flow wp-block-column-is-layout-flow\" style=\"flex-basis:75%\">\n<p><a href=\"https:\/\/mailchi.mp\/922eb60ae779\/4nddkzpbyy-9175614?e=[UNIQID]\" target=\"_blank\" rel=\"noreferrer noopener\">Dieses bewegende Feedback hat mich total ber\u00fchrt&#8230;<\/a><\/p>\n<\/div>\n<\/div>\n\n\n\n<div class=\"wp-block-columns is-layout-flex wp-container-core-columns-is-layout-28f84493 wp-block-columns-is-layout-flex\">\n<div class=\"wp-block-column is-layout-flow wp-block-column-is-layout-flow\" style=\"flex-basis:15%\">\n<p><strong>26.6.2022<\/strong><\/p>\n<\/div>\n\n\n\n<div class=\"wp-block-column is-layout-flow wp-block-column-is-layout-flow\" style=\"flex-basis:10%\">\n<p>04<\/p>\n<\/div>\n\n\n\n<div class=\"wp-block-column is-layout-flow wp-block-column-is-layout-flow\" style=\"flex-basis:75%\">\n<p><a href=\"https:\/\/us1.campaign-archive.com\/?u=908b7bbb9b67c766cb9c1ce94&amp;id=db2baa5c81\" target=\"_blank\" rel=\"noopener\">Schuleinsatz, Webseite, Zeugnisvideo<\/a><\/p>\n<\/div>\n<\/div>\n\n\n\n<div class=\"wp-block-columns is-layout-flex wp-container-core-columns-is-layout-28f84493 wp-block-columns-is-layout-flex\">\n<div class=\"wp-block-column is-layout-flow wp-block-column-is-layout-flow\" style=\"flex-basis:15%\">\n<p><strong>19.4.2022<\/strong><\/p>\n<\/div>\n\n\n\n<div class=\"wp-block-column is-layout-flow wp-block-column-is-layout-flow\" style=\"flex-basis:10%\">\n<p>03<\/p>\n<\/div>\n\n\n\n<div class=\"wp-block-column is-layout-flow wp-block-column-is-layout-flow\" style=\"flex-basis:75%\">\n<p><a href=\"https:\/\/us1.campaign-archive.com\/?u=908b7bbb9b67c766cb9c1ce94&amp;id=47d1be29ed\" target=\"_blank\" rel=\"noopener\">JockyArt.de:&nbsp;Neue Kunstwebseite mit Rabatt<\/a><\/p>\n<\/div>\n<\/div>\n\n\n\n<div class=\"wp-block-columns is-layout-flex wp-container-core-columns-is-layout-28f84493 wp-block-columns-is-layout-flex\">\n<div class=\"wp-block-column is-layout-flow wp-block-column-is-layout-flow\" style=\"flex-basis:15%\">\n<p><strong>20.2.2022<\/strong><\/p>\n<\/div>\n\n\n\n<div class=\"wp-block-column is-layout-flow wp-block-column-is-layout-flow\" style=\"flex-basis:10%\">\n<p>02<\/p>\n<\/div>\n\n\n\n<div class=\"wp-block-column is-layout-flow wp-block-column-is-layout-flow\" style=\"flex-basis:75%\">\n<p><a href=\"http:\/\/eepurl.com\/hU9XS9\" data-type=\"URL\" data-id=\"http:\/\/eepurl.com\/hU9XS9\" target=\"_blank\" rel=\"noreferrer noopener\">Livestreams, Zeugnisvideos, Fineliner, Minz<\/a><\/p>\n<\/div>\n<\/div>\n\n\n\n<div class=\"wp-block-columns is-layout-flex wp-container-core-columns-is-layout-28f84493 wp-block-columns-is-layout-flex\">\n<div class=\"wp-block-column is-layout-flow wp-block-column-is-layout-flow\" style=\"flex-basis:15%\">\n<p><strong>31.7.2021<\/strong><\/p>\n<\/div>\n\n\n\n<div class=\"wp-block-column is-layout-flow wp-block-column-is-layout-flow\" style=\"flex-basis:10%\">\n<p>01<\/p>\n<\/div>\n\n\n\n<div class=\"wp-block-column is-layout-flow wp-block-column-is-layout-flow\" style=\"flex-basis:75%\">\n<p><a href=\"http:\/\/eepurl.com\/hE3uK1\" data-type=\"URL\" data-id=\"http:\/\/eepurl.com\/hE3uK1\" target=\"_blank\" rel=\"noreferrer noopener\">Zeugnisse und Produkte mit meiner Kunst<\/a><\/p>\n<\/div>\n<\/div>\n\n\n\n<p><a href=\"https:\/\/jockyart.de\/newsletter\/\" data-type=\"page\" data-id=\"377\">zur\u00fcck<\/a><\/p>\n","protected":false},"excerpt":{"rendered":"<p>Ich verschicke in regelm\u00e4\u00dfigen Abst\u00e4nden einen Kunstnewsletter mit Neuigkeiten rund um meine Kunst.Hier stelle ich euch neue Bilder vor, teile Zeugnisse wie Jesus durch meine Kunst Menschen ber\u00fchrt hat. Ich stelle euch neue Produkte vor und teile Erkenntnisse aus dem Mentoringprogramm &#8222;Created to Thrive&#8220;, um meine Kunst nach vorne zu bringen. Hier k\u00f6nnt ihr die [&hellip;]<\/p>\n","protected":false},"author":1,"featured_media":0,"parent":0,"menu_order":0,"comment_status":"closed","ping_status":"closed","template":"","meta":{"footnotes":""},"class_list":["post-377","page","type-page","status-publish","hentry"],"_links":{"self":[{"href":"https:\/\/jockyart.de\/en\/wp-json\/wp\/v2\/pages\/377","targetHints":{"allow":["GET"]}}],"collection":[{"href":"https:\/\/jockyart.de\/en\/wp-json\/wp\/v2\/pages"}],"about":[{"href":"https:\/\/jockyart.de\/en\/wp-json\/wp\/v2\/types\/page"}],"author":[{"embeddable":true,"href":"https:\/\/jockyart.de\/en\/wp-json\/wp\/v2\/users\/1"}],"replies":[{"embeddable":true,"href":"https:\/\/jockyart.de\/en\/wp-json\/wp\/v2\/comments?post=377"}],"version-history":[{"count":54,"href":"https:\/\/jockyart.de\/en\/wp-json\/wp\/v2\/pages\/377\/revisions"}],"predecessor-version":[{"id":11265,"href":"https:\/\/jockyart.de\/en\/wp-json\/wp\/v2\/pages\/377\/revisions\/11265"}],"wp:attachment":[{"href":"https:\/\/jockyart.de\/en\/wp-json\/wp\/v2\/media?parent=377"}],"curies":[{"name":"wp","href":"https:\/\/api.w.org\/{rel}","templated":true}]}}