{"id":3606,"date":"2022-08-05T22:50:49","date_gmt":"2022-08-05T20:50:49","guid":{"rendered":"https:\/\/jockyart.de\/?page_id=3606"},"modified":"2023-05-06T12:27:05","modified_gmt":"2023-05-06T10:27:05","slug":"12-das-volk-im-finstern-sieht-licht","status":"publish","type":"page","link":"https:\/\/jockyart.de\/en\/galerien\/prophetische-kunst\/kunstkalender\/postkartenkalender-2023\/12-das-volk-im-finstern-sieht-licht\/","title":{"rendered":"12 Das Volk im Finstern sieht Licht"},"content":{"rendered":"<p><a href=\"https:\/\/jockyart.de\/en\/galerien\/prophetische-kunst\/kunstkalender-2023\/postkartenkalender-2023\/11-du-bist-nicht-allein-loewe\/\" data-type=\"page\" data-id=\"3605\">November 2023<\/a> | <a href=\"https:\/\/jockyart.de\/en\/galerien\/prophetische-kunst\/kunstkalender-2023\/postkartenkalender-2023\/\" data-type=\"page\" data-id=\"3533\">Deckblatt<\/a><\/p>\n\n\n\n<figure class=\"wp-block-image size-large\"><img loading=\"lazy\" decoding=\"async\" width=\"1024\" height=\"734\" src=\"https:\/\/jockyart.de\/wp-content\/uploads\/2022\/08\/012_Dezember-1-1024x734.png\" alt=\"Dezember - Postkartenkalender\" class=\"wp-image-3710\" srcset=\"https:\/\/jockyart.de\/wp-content\/uploads\/2022\/08\/012_Dezember-1-1024x734.png 1024w, https:\/\/jockyart.de\/wp-content\/uploads\/2022\/08\/012_Dezember-1-1536x1101.png 1536w, https:\/\/jockyart.de\/wp-content\/uploads\/2022\/08\/012_Dezember-1-18x12.png 18w, https:\/\/jockyart.de\/wp-content\/uploads\/2022\/08\/012_Dezember-1-324x232.png 324w, https:\/\/jockyart.de\/wp-content\/uploads\/2022\/08\/012_Dezember-1-416x298.png 416w, https:\/\/jockyart.de\/wp-content\/uploads\/2022\/08\/012_Dezember-1-300x215.png 300w, https:\/\/jockyart.de\/wp-content\/uploads\/2022\/08\/012_Dezember-1-768x550.png 768w, https:\/\/jockyart.de\/wp-content\/uploads\/2022\/08\/012_Dezember-1.png 2000w\" sizes=\"auto, (max-width: 1024px) 100vw, 1024px\" \/><\/figure>\n\n\n\n<p>Das Original vom <em>Dezember <\/em>des <a href=\"\/en\/galerien\/kunstkalender-2023\/postkartenkalender-2023\/\">Kunstkalenders 2023 &#8211; Postkarten<\/a> entstand als spontanes Bild. Schon l\u00e4nger habe ich \u00fcberlegt, einmal Weihnachtskarten zu entwerfen. Es gibt eine Bibelstelle, die mich immer wieder sehr ber\u00fchrt. Sie spricht mich vor allem an Weihnachten und in der dunklen Jahreszeit besonders an.<\/p>\n\n\n\n<blockquote class=\"wp-block-quote is-layout-flow wp-block-quote-is-layout-flow\">\n<p>\u201eDas Volk, das im Finstern wandelt, sieht ein gro\u00dfes Licht, und \u00fcber denen, die da wohnen im finstern Lande, scheint es hell.\u201c&nbsp;<strong>Jesaja 9, 1<\/strong><\/p>\n<\/blockquote>\n\n\n\n<p>Was f\u00fcr eine wunderbare Botschaft! Gottes Licht bricht hinein in unsere finstere Welt, scheint hell \u00fcber allen Umst\u00e4nden, die voller Dunkelheit und Herzensk\u00e4lte, Hoffnungslosigkeit und Ausweglosigkeit sind. Die Botschaft ist klar: Egal wie finster die Nacht ist, wie undurchdringlich sie zu scheint, Gottes Licht ist st\u00e4rker und dringt durch. Dringt auch zu dir und mir durch \u2013 und macht es hell!<\/p>\n\n\n\n<figure class=\"wp-block-image is-resized\"><a href=\"\/en\/product\/kunstkalender-2023-postkartenkalender\/\" target=\"_blank\" rel=\"noreferrer noopener\"><img loading=\"lazy\" decoding=\"async\" src=\"https:\/\/jockyart.de\/wp-content\/uploads\/2022\/08\/bestellen-1024x256.png\" alt=\"Bestellen\" class=\"wp-image-3450\" width=\"200\" height=\"50\" srcset=\"https:\/\/jockyart.de\/wp-content\/uploads\/2022\/08\/bestellen-1024x256.png 1024w, https:\/\/jockyart.de\/wp-content\/uploads\/2022\/08\/bestellen-18x5.png 18w, https:\/\/jockyart.de\/wp-content\/uploads\/2022\/08\/bestellen-324x81.png 324w, https:\/\/jockyart.de\/wp-content\/uploads\/2022\/08\/bestellen-416x104.png 416w, https:\/\/jockyart.de\/wp-content\/uploads\/2022\/08\/bestellen-300x75.png 300w, https:\/\/jockyart.de\/wp-content\/uploads\/2022\/08\/bestellen-768x192.png 768w, https:\/\/jockyart.de\/wp-content\/uploads\/2022\/08\/bestellen.png 1200w\" sizes=\"auto, (max-width: 200px) 100vw, 200px\" \/><\/a><\/figure>\n\n\n\n<p><a href=\"\/en\/galerien\/prophetische-kunst\/kunstkalender-2023\/postkartenkalender-2023\/\">back<\/a><\/p>","protected":false},"excerpt":{"rendered":"<p>November 2023 | Deckblatt Das Original vom Dezember des Kunstkalenders 2023 &#8211; Postkarten entstand als spontanes Bild. Schon l\u00e4nger habe ich \u00fcberlegt, einmal Weihnachtskarten zu entwerfen. Es gibt eine Bibelstelle, die mich immer wieder sehr ber\u00fchrt. Sie spricht mich vor allem an Weihnachten und in der dunklen Jahreszeit besonders an. \u201eDas Volk, das im Finstern [&hellip;]<\/p>\n","protected":false},"author":1,"featured_media":0,"parent":3365,"menu_order":0,"comment_status":"closed","ping_status":"closed","template":"","meta":{"footnotes":""},"class_list":["post-3606","page","type-page","status-publish","hentry"],"_links":{"self":[{"href":"https:\/\/jockyart.de\/en\/wp-json\/wp\/v2\/pages\/3606","targetHints":{"allow":["GET"]}}],"collection":[{"href":"https:\/\/jockyart.de\/en\/wp-json\/wp\/v2\/pages"}],"about":[{"href":"https:\/\/jockyart.de\/en\/wp-json\/wp\/v2\/types\/page"}],"author":[{"embeddable":true,"href":"https:\/\/jockyart.de\/en\/wp-json\/wp\/v2\/users\/1"}],"replies":[{"embeddable":true,"href":"https:\/\/jockyart.de\/en\/wp-json\/wp\/v2\/comments?post=3606"}],"version-history":[{"count":8,"href":"https:\/\/jockyart.de\/en\/wp-json\/wp\/v2\/pages\/3606\/revisions"}],"predecessor-version":[{"id":6067,"href":"https:\/\/jockyart.de\/en\/wp-json\/wp\/v2\/pages\/3606\/revisions\/6067"}],"up":[{"embeddable":true,"href":"https:\/\/jockyart.de\/en\/wp-json\/wp\/v2\/pages\/3365"}],"wp:attachment":[{"href":"https:\/\/jockyart.de\/en\/wp-json\/wp\/v2\/media?parent=3606"}],"curies":[{"name":"wp","href":"https:\/\/api.w.org\/{rel}","templated":true}]}}