{"id":3604,"date":"2022-08-05T22:44:27","date_gmt":"2022-08-05T20:44:27","guid":{"rendered":"https:\/\/jockyart.de\/?page_id=3604"},"modified":"2023-05-06T12:24:43","modified_gmt":"2023-05-06T10:24:43","slug":"10-jesus-ueberwindet-spaltung","status":"publish","type":"page","link":"https:\/\/jockyart.de\/en\/galerien\/prophetische-kunst\/kunstkalender\/postkartenkalender-2023\/10-jesus-ueberwindet-spaltung\/","title":{"rendered":"10 Jesus \u00fcberwindet Spaltung"},"content":{"rendered":"<p><a href=\"https:\/\/jockyart.de\/en\/galerien\/prophetische-kunst\/kunstkalender-2023\/postkartenkalender-2023\/09-worte\/\" data-type=\"page\" data-id=\"3597\">September 2023<\/a> | <a href=\"https:\/\/jockyart.de\/en\/galerien\/prophetische-kunst\/kunstkalender-2023\/postkartenkalender-2023\/11-du-bist-nicht-allein-loewe\/\" data-type=\"page\" data-id=\"3605\">November 2023<\/a><\/p>\n\n\n\n<figure class=\"wp-block-image size-large\"><img loading=\"lazy\" decoding=\"async\" width=\"1024\" height=\"734\" src=\"https:\/\/jockyart.de\/wp-content\/uploads\/2022\/08\/010_Oktober-1-1024x734.png\" alt=\"Oktober - Postkartenkalender\" class=\"wp-image-3708\" srcset=\"https:\/\/jockyart.de\/wp-content\/uploads\/2022\/08\/010_Oktober-1-1024x734.png 1024w, https:\/\/jockyart.de\/wp-content\/uploads\/2022\/08\/010_Oktober-1-1536x1101.png 1536w, https:\/\/jockyart.de\/wp-content\/uploads\/2022\/08\/010_Oktober-1-18x12.png 18w, https:\/\/jockyart.de\/wp-content\/uploads\/2022\/08\/010_Oktober-1-324x232.png 324w, https:\/\/jockyart.de\/wp-content\/uploads\/2022\/08\/010_Oktober-1-416x298.png 416w, https:\/\/jockyart.de\/wp-content\/uploads\/2022\/08\/010_Oktober-1-300x215.png 300w, https:\/\/jockyart.de\/wp-content\/uploads\/2022\/08\/010_Oktober-1-768x550.png 768w, https:\/\/jockyart.de\/wp-content\/uploads\/2022\/08\/010_Oktober-1.png 2000w\" sizes=\"auto, (max-width: 1024px) 100vw, 1024px\" \/><\/figure>\n\n\n\n<p>Das Original vom <em>Oktober <\/em>des <a href=\"\/en\/galerien\/kunstkalender-2023\/postkartenkalender-2023\/\">Kunstkalenders 2023 &#8211; Postkarten<\/a> entstand als Auftragsbild f\u00fcr eine Hochzeit. Das ist der Text, den ich dem Hochzeitspaar geschrieben habe (hier nat\u00fcrlich anonymisiert):<\/p>\n\n\n\n<blockquote class=\"wp-block-quote is-layout-flow wp-block-quote-is-layout-flow\">\n<p>Es gibt in unserem Leben ja oft Konflikte, die un\u00fcberwindbar oder nicht zu \u00fcberbr\u00fccken erscheinen. Menschen sind so unterschiedlich, so dass es vorkommen kann, dass man sich auseinanderlebt und sich irgendwann nichts mehr zu sagen hat. So sehr man sich auch anstrengt, es scheint einfach kein Weg mehr zusammen zu gehen. Das gilt f\u00fcr Ehepaare, f\u00fcr Familien, Kinder und Eltern oder auch in Beziehungen allgemein.<\/p>\n\n\n\n<p>So I saw a landscape through which a deep ditch went, the two sides were insurmountable. The division was so big that you just couldn't get across. But then I saw a bridge spanning the two parts.<\/p>\n\n\n\n<p>And I think that's what Jesus wants to tell you. It doesn't matter how big the division is, how far away you are from each other, how humanly impossible it is to get back together: In Jesus every division or division can be overcome. He is there to help you with this.<\/p>\n\n\n\n<p>Werft euch auf ihn, wenn es einfach nicht mehr weiter geht. Bittet ihn um Hilfe, wenn sich Spannungen aufbauen. <br>Er will euch sehr gerne dabei helfen!<\/p>\n\n\n\n<p>\u201eIn Christus liegen verborgen alle Sch\u00e4tze der Weisheit und der Erkenntnis.\u201c Kolosser 2, 3<br>\u201eEr hat den Schuldbrief getilgt, der mit seinen Forderungen gegen uns war, und hat ihn aufgehoben und an das Kreuz geheftet.\u201c Kolosser 2, 14<\/p>\n<\/blockquote>\n\n\n\n<p>Im Nachhinein kam mir noch, dass wir als Christen ja auch noch die M\u00f6glichkeit haben, dass wir durch das Blut Jesu vergeben und uns vers\u00f6hnen k\u00f6nnen!<\/p>\n\n\n\n<figure class=\"wp-block-image is-resized\"><a href=\"\/en\/product\/kunstkalender-2023-postkartenkalender\/\" target=\"_blank\" rel=\"noreferrer noopener\"><img loading=\"lazy\" decoding=\"async\" src=\"https:\/\/jockyart.de\/wp-content\/uploads\/2022\/08\/bestellen-1024x256.png\" alt=\"Bestellen\" class=\"wp-image-3450\" width=\"200\" height=\"50\" srcset=\"https:\/\/jockyart.de\/wp-content\/uploads\/2022\/08\/bestellen-1024x256.png 1024w, https:\/\/jockyart.de\/wp-content\/uploads\/2022\/08\/bestellen-18x5.png 18w, https:\/\/jockyart.de\/wp-content\/uploads\/2022\/08\/bestellen-324x81.png 324w, https:\/\/jockyart.de\/wp-content\/uploads\/2022\/08\/bestellen-416x104.png 416w, https:\/\/jockyart.de\/wp-content\/uploads\/2022\/08\/bestellen-300x75.png 300w, https:\/\/jockyart.de\/wp-content\/uploads\/2022\/08\/bestellen-768x192.png 768w, https:\/\/jockyart.de\/wp-content\/uploads\/2022\/08\/bestellen.png 1200w\" sizes=\"auto, (max-width: 200px) 100vw, 200px\" \/><\/a><\/figure>\n\n\n\n<p><a href=\"\/en\/galerien\/prophetische-kunst\/kunstkalender-2023\/postkartenkalender-2023\/\">back<\/a><\/p>","protected":false},"excerpt":{"rendered":"<p>September 2023 | November 2023 Das Original vom Oktober des Kunstkalenders 2023 &#8211; Postkarten entstand als Auftragsbild f\u00fcr eine Hochzeit. Das ist der Text, den ich dem Hochzeitspaar geschrieben habe (hier nat\u00fcrlich anonymisiert): Es gibt in unserem Leben ja oft Konflikte, die un\u00fcberwindbar oder nicht zu \u00fcberbr\u00fccken erscheinen. Menschen sind so unterschiedlich, so dass es [&hellip;]<\/p>\n","protected":false},"author":1,"featured_media":0,"parent":3365,"menu_order":0,"comment_status":"closed","ping_status":"closed","template":"","meta":{"footnotes":""},"class_list":["post-3604","page","type-page","status-publish","hentry"],"_links":{"self":[{"href":"https:\/\/jockyart.de\/en\/wp-json\/wp\/v2\/pages\/3604","targetHints":{"allow":["GET"]}}],"collection":[{"href":"https:\/\/jockyart.de\/en\/wp-json\/wp\/v2\/pages"}],"about":[{"href":"https:\/\/jockyart.de\/en\/wp-json\/wp\/v2\/types\/page"}],"author":[{"embeddable":true,"href":"https:\/\/jockyart.de\/en\/wp-json\/wp\/v2\/users\/1"}],"replies":[{"embeddable":true,"href":"https:\/\/jockyart.de\/en\/wp-json\/wp\/v2\/comments?post=3604"}],"version-history":[{"count":7,"href":"https:\/\/jockyart.de\/en\/wp-json\/wp\/v2\/pages\/3604\/revisions"}],"predecessor-version":[{"id":6065,"href":"https:\/\/jockyart.de\/en\/wp-json\/wp\/v2\/pages\/3604\/revisions\/6065"}],"up":[{"embeddable":true,"href":"https:\/\/jockyart.de\/en\/wp-json\/wp\/v2\/pages\/3365"}],"wp:attachment":[{"href":"https:\/\/jockyart.de\/en\/wp-json\/wp\/v2\/media?parent=3604"}],"curies":[{"name":"wp","href":"https:\/\/api.w.org\/{rel}","templated":true}]}}