{"id":3598,"date":"2022-08-05T22:35:13","date_gmt":"2022-08-05T20:35:13","guid":{"rendered":"https:\/\/jockyart.de\/?page_id=3598"},"modified":"2023-05-06T12:22:35","modified_gmt":"2023-05-06T10:22:35","slug":"08-schau-aufs-licht","status":"publish","type":"page","link":"https:\/\/jockyart.de\/en\/galerien\/prophetische-kunst\/kunstkalender\/postkartenkalender-2023\/08-schau-aufs-licht\/","title":{"rendered":"08 Schau aufs Licht"},"content":{"rendered":"<p><a href=\"https:\/\/jockyart.de\/en\/galerien\/prophetische-kunst\/kunstkalender-2023\/postkartenkalender-2023\/07-lobpreis-bringt-licht\/\" data-type=\"page\" data-id=\"3575\">Juli 2023<\/a> | <a href=\"https:\/\/jockyart.de\/en\/galerien\/prophetische-kunst\/kunstkalender-2023\/postkartenkalender-2023\/09-worte\/\" data-type=\"page\" data-id=\"3597\">September 2023<\/a><\/p>\n\n\n\n<figure class=\"wp-block-image size-large\"><img data-recalc-dims=\"1\" loading=\"lazy\" decoding=\"async\" width=\"980\" height=\"702\" src=\"https:\/\/i0.wp.com\/jockyart.de\/wp-content\/uploads\/2022\/08\/008_August-1.png?resize=980%2C702&#038;ssl=1\" alt=\"September - Postkartenkalender\" class=\"wp-image-3706\" srcset=\"https:\/\/i0.wp.com\/jockyart.de\/wp-content\/uploads\/2022\/08\/008_August-1.png?resize=1024%2C734&amp;ssl=1 1024w, https:\/\/i0.wp.com\/jockyart.de\/wp-content\/uploads\/2022\/08\/008_August-1.png?resize=1536%2C1101&amp;ssl=1 1536w, https:\/\/i0.wp.com\/jockyart.de\/wp-content\/uploads\/2022\/08\/008_August-1.png?resize=18%2C12&amp;ssl=1 18w, https:\/\/i0.wp.com\/jockyart.de\/wp-content\/uploads\/2022\/08\/008_August-1.png?resize=324%2C232&amp;ssl=1 324w, https:\/\/i0.wp.com\/jockyart.de\/wp-content\/uploads\/2022\/08\/008_August-1.png?resize=416%2C298&amp;ssl=1 416w, https:\/\/i0.wp.com\/jockyart.de\/wp-content\/uploads\/2022\/08\/008_August-1.png?resize=300%2C215&amp;ssl=1 300w, https:\/\/i0.wp.com\/jockyart.de\/wp-content\/uploads\/2022\/08\/008_August-1.png?resize=768%2C550&amp;ssl=1 768w, https:\/\/i0.wp.com\/jockyart.de\/wp-content\/uploads\/2022\/08\/008_August-1.png?w=2000&amp;ssl=1 2000w\" sizes=\"auto, (max-width: 980px) 100vw, 980px\" \/><\/figure>\n\n\n\n<p>Die ideale Gelegenheit Bild zu mal und zu h\u00f6ren, was Jesus dem Geburtstagskind (und uns allen?) zu sagen hat.<\/p>\n\n\n\n<p>Das Original vom <em>August <\/em>des <a href=\"\/en\/galerien\/kunstkalender-2023\/postkartenkalender-2023\/\">Kunstkalenders 2023 &#8211; Postkarten<\/a> entstand als Geburtstagsgeschenk in der Familie. Bei diesem Bild hatte ich den Eindruck, dass Jesus dazu auffordert weg von der Finsternis zu blicken, die so leicht unsere Aufmerksamkeit auf sich zieht (all den negativen Dingen, Sachen die schiefgehen, Entt\u00e4uschungen, W\u00fcnsche die sich noch nicht erf\u00fcllt haben\u2026) hin zum Licht, auf Jesus zu schauen.<\/p>\n\n\n\n<p>We can focus on the good things. To everything that Jesus is and has already done for us, to his nature, his character, his promises, but also everything good that has already happened to us, the grace that we were allowed to experience...<\/p>\n\n\n\n<blockquote class=\"wp-block-quote is-layout-flow wp-block-quote-is-layout-flow\">\n<p>\"Those who sacrifice thank-offerings honour me, and to the blameless[ I will show my salvation.\"<br><strong>Psalm 50: 23<\/strong><\/p>\n<\/blockquote>\n\n\n\n<figure class=\"wp-block-image is-resized\"><a href=\"\/en\/product\/kunstkalender-2023-postkartenkalender\/\" target=\"_blank\" rel=\"noreferrer noopener\"><img data-recalc-dims=\"1\" loading=\"lazy\" decoding=\"async\" src=\"https:\/\/i0.wp.com\/jockyart.de\/wp-content\/uploads\/2022\/08\/bestellen.png?resize=200%2C50&#038;ssl=1\" alt=\"Bestellen\" class=\"wp-image-3450\" width=\"200\" height=\"50\" srcset=\"https:\/\/i0.wp.com\/jockyart.de\/wp-content\/uploads\/2022\/08\/bestellen.png?resize=1024%2C256&amp;ssl=1 1024w, https:\/\/i0.wp.com\/jockyart.de\/wp-content\/uploads\/2022\/08\/bestellen.png?resize=18%2C5&amp;ssl=1 18w, https:\/\/i0.wp.com\/jockyart.de\/wp-content\/uploads\/2022\/08\/bestellen.png?resize=324%2C81&amp;ssl=1 324w, https:\/\/i0.wp.com\/jockyart.de\/wp-content\/uploads\/2022\/08\/bestellen.png?resize=416%2C104&amp;ssl=1 416w, https:\/\/i0.wp.com\/jockyart.de\/wp-content\/uploads\/2022\/08\/bestellen.png?resize=300%2C75&amp;ssl=1 300w, https:\/\/i0.wp.com\/jockyart.de\/wp-content\/uploads\/2022\/08\/bestellen.png?resize=768%2C192&amp;ssl=1 768w, https:\/\/i0.wp.com\/jockyart.de\/wp-content\/uploads\/2022\/08\/bestellen.png?w=1200&amp;ssl=1 1200w\" sizes=\"auto, (max-width: 200px) 100vw, 200px\" \/><\/a><\/figure>\n\n\n\n<p><a href=\"\/en\/galerien\/prophetische-kunst\/kunstkalender-2023\/postkartenkalender-2023\/\">back<\/a><\/p>","protected":false},"excerpt":{"rendered":"<p>Juli 2023 | September 2023 Die ideale Gelegenheit Bild zu mal und zu h\u00f6ren, was Jesus dem Geburtstagskind (und uns allen?) zu sagen hat. Das Original vom August des Kunstkalenders 2023 &#8211; Postkarten entstand als Geburtstagsgeschenk in der Familie. Bei diesem Bild hatte ich den Eindruck, dass Jesus dazu auffordert weg von der Finsternis zu [&hellip;]<\/p>\n","protected":false},"author":1,"featured_media":0,"parent":3365,"menu_order":0,"comment_status":"closed","ping_status":"closed","template":"","meta":{"jetpack_post_was_ever_published":false,"footnotes":""},"class_list":["post-3598","page","type-page","status-publish","hentry"],"jetpack-related-posts":[],"jetpack_sharing_enabled":true,"_links":{"self":[{"href":"https:\/\/jockyart.de\/en\/wp-json\/wp\/v2\/pages\/3598","targetHints":{"allow":["GET"]}}],"collection":[{"href":"https:\/\/jockyart.de\/en\/wp-json\/wp\/v2\/pages"}],"about":[{"href":"https:\/\/jockyart.de\/en\/wp-json\/wp\/v2\/types\/page"}],"author":[{"embeddable":true,"href":"https:\/\/jockyart.de\/en\/wp-json\/wp\/v2\/users\/1"}],"replies":[{"embeddable":true,"href":"https:\/\/jockyart.de\/en\/wp-json\/wp\/v2\/comments?post=3598"}],"version-history":[{"count":7,"href":"https:\/\/jockyart.de\/en\/wp-json\/wp\/v2\/pages\/3598\/revisions"}],"predecessor-version":[{"id":6063,"href":"https:\/\/jockyart.de\/en\/wp-json\/wp\/v2\/pages\/3598\/revisions\/6063"}],"up":[{"embeddable":true,"href":"https:\/\/jockyart.de\/en\/wp-json\/wp\/v2\/pages\/3365"}],"wp:attachment":[{"href":"https:\/\/jockyart.de\/en\/wp-json\/wp\/v2\/media?parent=3598"}],"curies":[{"name":"wp","href":"https:\/\/api.w.org\/{rel}","templated":true}]}}