{"id":3533,"date":"2022-08-05T20:56:39","date_gmt":"2022-08-05T18:56:39","guid":{"rendered":"https:\/\/jockyart.de\/?page_id=3533"},"modified":"2023-05-06T11:53:34","modified_gmt":"2023-05-06T09:53:34","slug":"00-licht-bricht-durch-durch-lobpreis","status":"publish","type":"page","link":"https:\/\/jockyart.de\/en\/galerien\/prophetische-kunst\/kunstkalender\/00-licht-bricht-durch-durch-lobpreis\/","title":{"rendered":"00 Licht bricht durch durch Lobpreis"},"content":{"rendered":"<p><a href=\"\/en\/galerien\/prophetische-kunst\/kunstkalender-2023\/postkartenkalender-2023\/\">\u00dcbersicht<\/a> | <a href=\"\/en\/galerien\/prophetische-kunst\/kunstkalender-2023\/postkartenkalender-2023\/01-jesus-you-make-the-darkness-tremble\/\">Januar 2023<\/a><\/p>\n\n\n\n<figure class=\"wp-block-image size-large\"><img loading=\"lazy\" decoding=\"async\" width=\"1024\" height=\"734\" src=\"https:\/\/jockyart.de\/wp-content\/uploads\/2022\/08\/000_Deckblatt-1-1024x734.png\" alt=\"Deckblatt - Postkartenkalender\" class=\"wp-image-3698\" srcset=\"https:\/\/jockyart.de\/wp-content\/uploads\/2022\/08\/000_Deckblatt-1-1024x734.png 1024w, https:\/\/jockyart.de\/wp-content\/uploads\/2022\/08\/000_Deckblatt-1-1536x1101.png 1536w, https:\/\/jockyart.de\/wp-content\/uploads\/2022\/08\/000_Deckblatt-1-18x12.png 18w, https:\/\/jockyart.de\/wp-content\/uploads\/2022\/08\/000_Deckblatt-1-324x232.png 324w, https:\/\/jockyart.de\/wp-content\/uploads\/2022\/08\/000_Deckblatt-1-416x298.png 416w, https:\/\/jockyart.de\/wp-content\/uploads\/2022\/08\/000_Deckblatt-1-300x215.png 300w, https:\/\/jockyart.de\/wp-content\/uploads\/2022\/08\/000_Deckblatt-1-768x550.png 768w, https:\/\/jockyart.de\/wp-content\/uploads\/2022\/08\/000_Deckblatt-1.png 2000w\" sizes=\"auto, (max-width: 1024px) 100vw, 1024px\" \/><\/figure>\n\n\n\n<p>Das Original des <em>Deckblattes<\/em> des <a href=\"\/en\/galerien\/kunstkalender-2023\/postkartenkalender-2023\/\">Kunstkalenders 2023 &#8211; Postkarten<\/a> entstand spontan w\u00e4hrend einer Lobpreiszeit.<br><br>Ich habe eine zeitlang mit einigen Freunden w\u00f6chentlich f\u00fcr Deutschland gebetet.  Auf einem dieser Treffen ist dieses Bild entstanden.<br><br>Wenn wir Lobpreis machen, bricht das Licht von Jesus durch unsere bedrohlichen Umst\u00e4nde und die Finsternis um uns herum durch.<\/p>\n\n\n\n<figure class=\"wp-block-image is-resized\"><a href=\"\/en\/product\/kunstkalender-2023-postkartenkalender\/\" target=\"_blank\" rel=\"noreferrer noopener\"><img loading=\"lazy\" decoding=\"async\" src=\"https:\/\/jockyart.de\/wp-content\/uploads\/2022\/08\/bestellen-1024x256.png\" alt=\"Bestellen\" class=\"wp-image-3450\" width=\"200\" height=\"50\" srcset=\"https:\/\/jockyart.de\/wp-content\/uploads\/2022\/08\/bestellen-1024x256.png 1024w, https:\/\/jockyart.de\/wp-content\/uploads\/2022\/08\/bestellen-18x5.png 18w, https:\/\/jockyart.de\/wp-content\/uploads\/2022\/08\/bestellen-324x81.png 324w, https:\/\/jockyart.de\/wp-content\/uploads\/2022\/08\/bestellen-416x104.png 416w, https:\/\/jockyart.de\/wp-content\/uploads\/2022\/08\/bestellen-300x75.png 300w, https:\/\/jockyart.de\/wp-content\/uploads\/2022\/08\/bestellen-768x192.png 768w, https:\/\/jockyart.de\/wp-content\/uploads\/2022\/08\/bestellen.png 1200w\" sizes=\"auto, (max-width: 200px) 100vw, 200px\" \/><\/a><\/figure>\n\n\n\n<p><a href=\"\/en\/galerien\/prophetische-kunst\/kunstkalender-2023\/postkartenkalender-2023\/\">back<\/a><\/p>","protected":false},"excerpt":{"rendered":"<p>\u00dcbersicht | Januar 2023 Das Original des Deckblattes des Kunstkalenders 2023 &#8211; Postkarten entstand spontan w\u00e4hrend einer Lobpreiszeit. Ich habe eine zeitlang mit einigen Freunden w\u00f6chentlich f\u00fcr Deutschland gebetet. Auf einem dieser Treffen ist dieses Bild entstanden. Wenn wir Lobpreis machen, bricht das Licht von Jesus durch unsere bedrohlichen Umst\u00e4nde und die Finsternis um uns [&hellip;]<\/p>\n","protected":false},"author":1,"featured_media":0,"parent":3348,"menu_order":0,"comment_status":"closed","ping_status":"closed","template":"","meta":{"footnotes":""},"class_list":["post-3533","page","type-page","status-publish","hentry"],"_links":{"self":[{"href":"https:\/\/jockyart.de\/en\/wp-json\/wp\/v2\/pages\/3533","targetHints":{"allow":["GET"]}}],"collection":[{"href":"https:\/\/jockyart.de\/en\/wp-json\/wp\/v2\/pages"}],"about":[{"href":"https:\/\/jockyart.de\/en\/wp-json\/wp\/v2\/types\/page"}],"author":[{"embeddable":true,"href":"https:\/\/jockyart.de\/en\/wp-json\/wp\/v2\/users\/1"}],"replies":[{"embeddable":true,"href":"https:\/\/jockyart.de\/en\/wp-json\/wp\/v2\/comments?post=3533"}],"version-history":[{"count":13,"href":"https:\/\/jockyart.de\/en\/wp-json\/wp\/v2\/pages\/3533\/revisions"}],"predecessor-version":[{"id":6045,"href":"https:\/\/jockyart.de\/en\/wp-json\/wp\/v2\/pages\/3533\/revisions\/6045"}],"up":[{"embeddable":true,"href":"https:\/\/jockyart.de\/en\/wp-json\/wp\/v2\/pages\/3348"}],"wp:attachment":[{"href":"https:\/\/jockyart.de\/en\/wp-json\/wp\/v2\/media?parent=3533"}],"curies":[{"name":"wp","href":"https:\/\/api.w.org\/{rel}","templated":true}]}}