{"id":3471,"date":"2022-08-05T14:37:27","date_gmt":"2022-08-05T12:37:27","guid":{"rendered":"https:\/\/jockyart.de\/?page_id=3471"},"modified":"2023-05-06T01:06:16","modified_gmt":"2023-05-05T23:06:16","slug":"09-komm-aus-der-hoehle","status":"publish","type":"page","link":"https:\/\/jockyart.de\/en\/galerien\/kunstkalender-2023-wandkalender\/09-komm-aus-der-hoehle\/","title":{"rendered":"09 Komm aus der H\u00f6hle"},"content":{"rendered":"<p><a href=\"\/en\/galerien\/kunstkalender-2023-wandkalender\/08-komm-zur-ruhe\/\">August 2023<\/a> | <a href=\"\/en\/galerien\/kunstkalender-2023-wandkalender\/10-der-weg-durch-den-nebel\/\">Oktober 2023<\/a><\/p>\n\n\n\n<figure class=\"wp-block-image size-large\"><img loading=\"lazy\" decoding=\"async\" width=\"728\" height=\"1024\" src=\"https:\/\/jockyart.de\/wp-content\/uploads\/2022\/08\/009_Spetember-728x1024.png\" alt=\"September - Wandkalender\" class=\"wp-image-3309\" srcset=\"https:\/\/jockyart.de\/wp-content\/uploads\/2022\/08\/009_Spetember-728x1024.png 728w, https:\/\/jockyart.de\/wp-content\/uploads\/2022\/08\/009_Spetember-1092x1536.png 1092w, https:\/\/jockyart.de\/wp-content\/uploads\/2022\/08\/009_Spetember-9x12.png 9w, https:\/\/jockyart.de\/wp-content\/uploads\/2022\/08\/009_Spetember-324x456.png 324w, https:\/\/jockyart.de\/wp-content\/uploads\/2022\/08\/009_Spetember-416x585.png 416w, https:\/\/jockyart.de\/wp-content\/uploads\/2022\/08\/009_Spetember-213x300.png 213w, https:\/\/jockyart.de\/wp-content\/uploads\/2022\/08\/009_Spetember-768x1080.png 768w, https:\/\/jockyart.de\/wp-content\/uploads\/2022\/08\/009_Spetember.png 1422w\" sizes=\"auto, (max-width: 728px) 100vw, 728px\" \/><\/figure>\n\n\n\n<p>\u00a9 Copyright 2019 by&nbsp;<em><a rel=\"noreferrer noopener\" href=\"https:\/\/jockyart.de\/en\/\" target=\"_blank\">JockyArt.de<\/a><\/em><\/p>\n\n\n\n<p>Das Original f\u00fcr <em>September<\/em> des <strong>Kunstkalenders 2023 &#8211; Wand<\/strong> entstand w\u00e4hrend einer Lobpreiszeit: Anfang Januar 2019 hatte ich das gro\u00dfe Vorrecht an der prophetischen Konferenz in M\u00fcnchen teilzunehmen. Es war so eine Ehre, dass Propheten wie Dr. Sharon Stone und Bob Hazlett in meine Stadt gekommen sind.<\/p>\n\n\n\n<p>W\u00e4hrend des Lobpreises vor der ersten Predigt von Sharon Stone entstand dieses Bild. Viele prophetische Leute haben sich in ihren H\u00f6hlen zur\u00fcck gezogen, weil man sie nicht in ihrer Gabe hat flie\u00dfen lassen und weil sie selbst entt\u00e4uscht waren, dass Verhei\u00dfungen sich nicht so erf\u00fcllt haben, wie sie dachten.<\/p>\n\n\n\n<p>Man hat sich an die Erfahrungen angepasst und so verhalten, dass man m\u00f6glichst wenig aneckt. Aber nun ist eine neue Zeit, das neue Land liegt vor uns. So ergeht der Ruf an uns prophetischen Leute:<br><strong>\u201eKommt heraus aus der H\u00f6hle hinein in das neue Land!\u201c<\/strong><\/p>\n\n\n\n<figure class=\"wp-block-image is-resized\"><a href=\"\/en\/product\/kunstkalender-2023-wandkalender\/\" target=\"_blank\" rel=\"noreferrer noopener\"><img loading=\"lazy\" decoding=\"async\" src=\"https:\/\/jockyart.de\/wp-content\/uploads\/2022\/08\/bestellen-1024x256.png\" alt=\"Bestellen\" class=\"wp-image-3450\" width=\"200\" height=\"50\" srcset=\"https:\/\/jockyart.de\/wp-content\/uploads\/2022\/08\/bestellen-1024x256.png 1024w, https:\/\/jockyart.de\/wp-content\/uploads\/2022\/08\/bestellen-18x5.png 18w, https:\/\/jockyart.de\/wp-content\/uploads\/2022\/08\/bestellen-324x81.png 324w, https:\/\/jockyart.de\/wp-content\/uploads\/2022\/08\/bestellen-416x104.png 416w, https:\/\/jockyart.de\/wp-content\/uploads\/2022\/08\/bestellen-300x75.png 300w, https:\/\/jockyart.de\/wp-content\/uploads\/2022\/08\/bestellen-768x192.png 768w, https:\/\/jockyart.de\/wp-content\/uploads\/2022\/08\/bestellen.png 1200w\" sizes=\"auto, (max-width: 200px) 100vw, 200px\" \/><\/a><\/figure>\n\n\n\n<p><a href=\"https:\/\/jockyart.de\/en\/galerien\/kunstkalender-2023-wandkalender\/\" data-type=\"page\" data-id=\"3300\">back<\/a><\/p>","protected":false},"excerpt":{"rendered":"<p>August 2023 | Oktober 2023 \u00a9 Copyright 2019 by&nbsp;JockyArt.de Das Original f\u00fcr September des Kunstkalenders 2023 &#8211; Wand entstand w\u00e4hrend einer Lobpreiszeit: Anfang Januar 2019 hatte ich das gro\u00dfe Vorrecht an der prophetischen Konferenz in M\u00fcnchen teilzunehmen. Es war so eine Ehre, dass Propheten wie Dr. Sharon Stone und Bob Hazlett in meine Stadt gekommen [&hellip;]<\/p>\n","protected":false},"author":1,"featured_media":0,"parent":3300,"menu_order":0,"comment_status":"closed","ping_status":"closed","template":"","meta":{"footnotes":""},"class_list":["post-3471","page","type-page","status-publish","hentry"],"_links":{"self":[{"href":"https:\/\/jockyart.de\/en\/wp-json\/wp\/v2\/pages\/3471","targetHints":{"allow":["GET"]}}],"collection":[{"href":"https:\/\/jockyart.de\/en\/wp-json\/wp\/v2\/pages"}],"about":[{"href":"https:\/\/jockyart.de\/en\/wp-json\/wp\/v2\/types\/page"}],"author":[{"embeddable":true,"href":"https:\/\/jockyart.de\/en\/wp-json\/wp\/v2\/users\/1"}],"replies":[{"embeddable":true,"href":"https:\/\/jockyart.de\/en\/wp-json\/wp\/v2\/comments?post=3471"}],"version-history":[{"count":6,"href":"https:\/\/jockyart.de\/en\/wp-json\/wp\/v2\/pages\/3471\/revisions"}],"predecessor-version":[{"id":6007,"href":"https:\/\/jockyart.de\/en\/wp-json\/wp\/v2\/pages\/3471\/revisions\/6007"}],"up":[{"embeddable":true,"href":"https:\/\/jockyart.de\/en\/wp-json\/wp\/v2\/pages\/3300"}],"wp:attachment":[{"href":"https:\/\/jockyart.de\/en\/wp-json\/wp\/v2\/media?parent=3471"}],"curies":[{"name":"wp","href":"https:\/\/api.w.org\/{rel}","templated":true}]}}