{"id":3466,"date":"2022-08-05T14:33:15","date_gmt":"2022-08-05T12:33:15","guid":{"rendered":"https:\/\/jockyart.de\/?page_id=3466"},"modified":"2023-05-06T01:04:42","modified_gmt":"2023-05-05T23:04:42","slug":"08-komm-zur-ruhe","status":"publish","type":"page","link":"https:\/\/jockyart.de\/en\/galerien\/kunstkalender-2023-wandkalender\/08-komm-zur-ruhe\/","title":{"rendered":"08 Komm zur Ruhe"},"content":{"rendered":"<p><a href=\"\/en\/galerien\/kunstkalender-2023-wandkalender\/07-lass-das-pferd-aus-der-koppel\/\">Juli 2023<\/a> | <a href=\"\/en\/galerien\/kunstkalender-2023-wandkalender\/09-komm-aus-der-hoehle\/\">September 2023<\/a><\/p>\n\n\n\n<figure class=\"wp-block-image size-large\"><img loading=\"lazy\" decoding=\"async\" width=\"728\" height=\"1024\" src=\"https:\/\/jockyart.de\/wp-content\/uploads\/2022\/08\/008_August-728x1024.png\" alt=\"August - Wandkalender\" class=\"wp-image-3308\" srcset=\"https:\/\/jockyart.de\/wp-content\/uploads\/2022\/08\/008_August-728x1024.png 728w, https:\/\/jockyart.de\/wp-content\/uploads\/2022\/08\/008_August-1092x1536.png 1092w, https:\/\/jockyart.de\/wp-content\/uploads\/2022\/08\/008_August-9x12.png 9w, https:\/\/jockyart.de\/wp-content\/uploads\/2022\/08\/008_August-324x456.png 324w, https:\/\/jockyart.de\/wp-content\/uploads\/2022\/08\/008_August-416x585.png 416w, https:\/\/jockyart.de\/wp-content\/uploads\/2022\/08\/008_August-213x300.png 213w, https:\/\/jockyart.de\/wp-content\/uploads\/2022\/08\/008_August-768x1080.png 768w, https:\/\/jockyart.de\/wp-content\/uploads\/2022\/08\/008_August.png 1422w\" sizes=\"auto, (max-width: 728px) 100vw, 728px\" \/><\/figure>\n\n\n\n<p>\u00a9 Copyright 2018 by&nbsp;<em><a rel=\"noreferrer noopener\" href=\"https:\/\/jockyart.de\/en\/\" target=\"_blank\">JockyArt.de<\/a><\/em><\/p>\n\n\n\n<p>Das Original f\u00fcr <em>August<\/em> des <strong>Kunstkalenders 2023 &#8211; Wand<\/strong> entstand als Geburtstagsgeschenk innerhalb der Familie: Hier hatte ich den Eindruck, dass Jesus dazu einl\u00e4dt zur Ruhe zu kommen.<\/p>\n\n\n\n<p>Es ist gut, im Leben viel geleistet zu haben, es ist gut anzupacken, wenn es etwas zu tun gibt. Aber die Gefahr ist, dass man sich nur antreiben l\u00e4sst und gar nicht mehr zur Ruhe kommt. Aber in der Ruhe liegt die Kraft, in der Stille k\u00f6nnen wir die Gegenwart Gottes erleben, Seinen Zuspruch, Seine Kraft. Wir k\u00f6nnen auftanken und entspannen. Komm zur Ruhe!<\/p>\n\n\n\n<blockquote class=\"wp-block-quote is-layout-flow wp-block-quote-is-layout-flow\">\n<p>\u201eKommt her zu mir, alle, die ihr m\u00fchselig und beladen seid; ich will euch erquicken.\u201c<br><strong>Matthew 11 : 28<\/strong><\/p>\n<\/blockquote>\n\n\n\n<figure class=\"wp-block-image is-resized\"><a href=\"\/en\/product\/kunstkalender-2023-wandkalender\/\" target=\"_blank\" rel=\"noreferrer noopener\"><img loading=\"lazy\" decoding=\"async\" src=\"https:\/\/jockyart.de\/wp-content\/uploads\/2022\/08\/bestellen-1024x256.png\" alt=\"Bestellen\" class=\"wp-image-3450\" width=\"200\" height=\"50\" srcset=\"https:\/\/jockyart.de\/wp-content\/uploads\/2022\/08\/bestellen-1024x256.png 1024w, https:\/\/jockyart.de\/wp-content\/uploads\/2022\/08\/bestellen-18x5.png 18w, https:\/\/jockyart.de\/wp-content\/uploads\/2022\/08\/bestellen-324x81.png 324w, https:\/\/jockyart.de\/wp-content\/uploads\/2022\/08\/bestellen-416x104.png 416w, https:\/\/jockyart.de\/wp-content\/uploads\/2022\/08\/bestellen-300x75.png 300w, https:\/\/jockyart.de\/wp-content\/uploads\/2022\/08\/bestellen-768x192.png 768w, https:\/\/jockyart.de\/wp-content\/uploads\/2022\/08\/bestellen.png 1200w\" sizes=\"auto, (max-width: 200px) 100vw, 200px\" \/><\/a><\/figure>\n\n\n\n<p><a href=\"https:\/\/jockyart.de\/en\/galerien\/kunstkalender-2023-wandkalender\/\" data-type=\"page\" data-id=\"3300\">back<\/a><\/p>","protected":false},"excerpt":{"rendered":"<p>Juli 2023 | September 2023 \u00a9 Copyright 2018 by&nbsp;JockyArt.de Das Original f\u00fcr August des Kunstkalenders 2023 &#8211; Wand entstand als Geburtstagsgeschenk innerhalb der Familie: Hier hatte ich den Eindruck, dass Jesus dazu einl\u00e4dt zur Ruhe zu kommen. Es ist gut, im Leben viel geleistet zu haben, es ist gut anzupacken, wenn es etwas zu tun [&hellip;]<\/p>\n","protected":false},"author":1,"featured_media":0,"parent":3300,"menu_order":0,"comment_status":"closed","ping_status":"closed","template":"","meta":{"footnotes":""},"class_list":["post-3466","page","type-page","status-publish","hentry"],"_links":{"self":[{"href":"https:\/\/jockyart.de\/en\/wp-json\/wp\/v2\/pages\/3466","targetHints":{"allow":["GET"]}}],"collection":[{"href":"https:\/\/jockyart.de\/en\/wp-json\/wp\/v2\/pages"}],"about":[{"href":"https:\/\/jockyart.de\/en\/wp-json\/wp\/v2\/types\/page"}],"author":[{"embeddable":true,"href":"https:\/\/jockyart.de\/en\/wp-json\/wp\/v2\/users\/1"}],"replies":[{"embeddable":true,"href":"https:\/\/jockyart.de\/en\/wp-json\/wp\/v2\/comments?post=3466"}],"version-history":[{"count":9,"href":"https:\/\/jockyart.de\/en\/wp-json\/wp\/v2\/pages\/3466\/revisions"}],"predecessor-version":[{"id":6005,"href":"https:\/\/jockyart.de\/en\/wp-json\/wp\/v2\/pages\/3466\/revisions\/6005"}],"up":[{"embeddable":true,"href":"https:\/\/jockyart.de\/en\/wp-json\/wp\/v2\/pages\/3300"}],"wp:attachment":[{"href":"https:\/\/jockyart.de\/en\/wp-json\/wp\/v2\/media?parent=3466"}],"curies":[{"name":"wp","href":"https:\/\/api.w.org\/{rel}","templated":true}]}}