{"id":3442,"date":"2022-08-05T13:56:46","date_gmt":"2022-08-05T11:56:46","guid":{"rendered":"https:\/\/jockyart.de\/?page_id=3442"},"modified":"2023-05-06T01:02:55","modified_gmt":"2023-05-05T23:02:55","slug":"07-lass-das-pferd-aus-der-koppel","status":"publish","type":"page","link":"https:\/\/jockyart.de\/en\/galerien\/kunstkalender-2023-wandkalender\/07-lass-das-pferd-aus-der-koppel\/","title":{"rendered":"07 Lass das Pferd aus der Koppel"},"content":{"rendered":"\n<p><a href=\"\/galerien\/kunstkalender-2023-wandkalender\/06-sprung-des-glaubens-in-das-herz-des-vaters\/\">Juni 2023<\/a> | <a href=\"\/galerien\/kunstkalender-2023-wandkalender\/08-komm-zur-ruhe\/\">August 2023<\/a><\/p>\n\n\n\n<figure class=\"wp-block-image size-large\"><img loading=\"lazy\" decoding=\"async\" width=\"728\" height=\"1024\" src=\"https:\/\/jockyart.de\/wp-content\/uploads\/2022\/08\/007_Juli-728x1024.png\" alt=\"\" class=\"wp-image-3307\" srcset=\"https:\/\/jockyart.de\/wp-content\/uploads\/2022\/08\/007_Juli-728x1024.png 728w, https:\/\/jockyart.de\/wp-content\/uploads\/2022\/08\/007_Juli-1092x1536.png 1092w, https:\/\/jockyart.de\/wp-content\/uploads\/2022\/08\/007_Juli-9x12.png 9w, https:\/\/jockyart.de\/wp-content\/uploads\/2022\/08\/007_Juli-324x456.png 324w, https:\/\/jockyart.de\/wp-content\/uploads\/2022\/08\/007_Juli-416x585.png 416w, https:\/\/jockyart.de\/wp-content\/uploads\/2022\/08\/007_Juli-213x300.png 213w, https:\/\/jockyart.de\/wp-content\/uploads\/2022\/08\/007_Juli-768x1080.png 768w, https:\/\/jockyart.de\/wp-content\/uploads\/2022\/08\/007_Juli.png 1422w\" sizes=\"auto, (max-width: 728px) 100vw, 728px\" \/><\/figure>\n\n\n\n<p>\u00a9 Copyright 2020 by&nbsp;<em><a rel=\"noreferrer noopener\" href=\"https:\/\/www.jockyart.de\/\" target=\"_blank\">JockyArt.de<\/a><\/em><\/p>\n\n\n\n<p>Das Original f\u00fcr <em>Juli<\/em> des <strong>Kunstkalenders 2023 &#8211; Wand<\/strong> entstand als ein Auftragsbild: Das habe ich der Auftraggeberin geschrieben:<\/p>\n\n\n\n<blockquote class=\"wp-block-quote is-layout-flow wp-block-quote-is-layout-flow\">\n<p>\u201e Als ich f\u00fcr dich gebetet habe, bekam ich den Eindruck eines Pferdes, das auf seinen Hinterbeinen stand und grade aus seiner Koppel frei gelassen wurde. Es war dort lange eingesperrt und wurde nun endlich raus gelassen, so dass es seinem Naturell und seinem Temperament nachgehen konnte. Es ist f\u00fcr die Freiheit bestimmt, zu rennen und wild herumzulaufen, sich auszudr\u00fccken, auszubreiten\u2026<\/p>\n\n\n\n<p>Das spannende an dem Pferd war, dass es nicht klar umrissen war, es war eher sph\u00e4risch, flie\u00dfend. Das habe ich versucht in dem Bild nach zu empfinden, auch mit den etwas anderen Farben des Tieres und der Koppel.<br><br>Ich glaube, dass Jesus dich ganz allgemein herausfordert, etwas frei zu lassen, was du zur\u00fcck gelassen, eingesperrt, nicht zugelassen hast. Lass Dinge frei, halte nicht zur\u00fcck, wo du versucht hast zu kontrollieren, in Schach zu halten. Du kannst Dinge los- und freilassen, weil Jesus die Kontrolle hat. Du kannst es in Seine H\u00e4nde loslassen.<\/p>\n\n\n\n<p>[&#8230;]<\/p>\n\n\n\n<p>Schlie\u00dflich ist das Pferd ja auch ein Symbol f\u00fcr Kraft, St\u00e4rke und Leidenschaft! Lass deine Emotionen, deine Leidenschaft zu, steh auf in deiner St\u00e4rke, ergreife die Autorit\u00e4t, die Gott dir gegeben hat. Keine falsche Bescheidenheit, keine Angst vor der eigenen Courage. Geh mutig voran, lass dich nicht z\u00e4hmen, stehe zu deinen Emotionen, deiner Energie und Leidenschaft. Lass raus, was du bisher versucht hast zu b\u00e4ndigen. Keine Angst, Gott ist mit dir. Er passt auf, wenn du ihn l\u00e4sst!<\/p>\n<\/blockquote>\n\n\n\n<figure class=\"wp-block-image is-resized\"><a href=\"\/produkt\/kunstkalender-2023-wandkalender\/\" target=\"_blank\" rel=\"noreferrer noopener\"><img loading=\"lazy\" decoding=\"async\" src=\"https:\/\/jockyart.de\/wp-content\/uploads\/2022\/08\/bestellen-1024x256.png\" alt=\"Bestellen\" class=\"wp-image-3450\" width=\"200\" height=\"50\" srcset=\"https:\/\/jockyart.de\/wp-content\/uploads\/2022\/08\/bestellen-1024x256.png 1024w, https:\/\/jockyart.de\/wp-content\/uploads\/2022\/08\/bestellen-18x5.png 18w, https:\/\/jockyart.de\/wp-content\/uploads\/2022\/08\/bestellen-324x81.png 324w, https:\/\/jockyart.de\/wp-content\/uploads\/2022\/08\/bestellen-416x104.png 416w, https:\/\/jockyart.de\/wp-content\/uploads\/2022\/08\/bestellen-300x75.png 300w, https:\/\/jockyart.de\/wp-content\/uploads\/2022\/08\/bestellen-768x192.png 768w, https:\/\/jockyart.de\/wp-content\/uploads\/2022\/08\/bestellen.png 1200w\" sizes=\"auto, (max-width: 200px) 100vw, 200px\" \/><\/a><\/figure>\n\n\n\n<p><a href=\"https:\/\/jockyart.de\/galerien\/kunstkalender-2023-wandkalender\/\" data-type=\"page\" data-id=\"3300\">zur\u00fcck<\/a><\/p>\n","protected":false},"excerpt":{"rendered":"<p>Juni 2023 | August 2023 \u00a9 Copyright 2020 by&nbsp;JockyArt.de Das Original f\u00fcr Juli des Kunstkalenders 2023 &#8211; Wand entstand als ein Auftragsbild: Das habe ich der Auftraggeberin geschrieben: \u201e Als ich f\u00fcr dich gebetet habe, bekam ich den Eindruck eines Pferdes, das auf seinen Hinterbeinen stand und grade aus seiner Koppel frei gelassen wurde. Es [&hellip;]<\/p>\n","protected":false},"author":1,"featured_media":0,"parent":3300,"menu_order":0,"comment_status":"closed","ping_status":"closed","template":"","meta":{"footnotes":""},"class_list":["post-3442","page","type-page","status-publish","hentry"],"_links":{"self":[{"href":"https:\/\/jockyart.de\/en\/wp-json\/wp\/v2\/pages\/3442","targetHints":{"allow":["GET"]}}],"collection":[{"href":"https:\/\/jockyart.de\/en\/wp-json\/wp\/v2\/pages"}],"about":[{"href":"https:\/\/jockyart.de\/en\/wp-json\/wp\/v2\/types\/page"}],"author":[{"embeddable":true,"href":"https:\/\/jockyart.de\/en\/wp-json\/wp\/v2\/users\/1"}],"replies":[{"embeddable":true,"href":"https:\/\/jockyart.de\/en\/wp-json\/wp\/v2\/comments?post=3442"}],"version-history":[{"count":10,"href":"https:\/\/jockyart.de\/en\/wp-json\/wp\/v2\/pages\/3442\/revisions"}],"predecessor-version":[{"id":6003,"href":"https:\/\/jockyart.de\/en\/wp-json\/wp\/v2\/pages\/3442\/revisions\/6003"}],"up":[{"embeddable":true,"href":"https:\/\/jockyart.de\/en\/wp-json\/wp\/v2\/pages\/3300"}],"wp:attachment":[{"href":"https:\/\/jockyart.de\/en\/wp-json\/wp\/v2\/media?parent=3442"}],"curies":[{"name":"wp","href":"https:\/\/api.w.org\/{rel}","templated":true}]}}