{"id":3434,"date":"2022-08-05T13:40:49","date_gmt":"2022-08-05T11:40:49","guid":{"rendered":"https:\/\/jockyart.de\/?page_id=3434"},"modified":"2023-05-06T01:00:20","modified_gmt":"2023-05-05T23:00:20","slug":"06-sprung-des-glaubens-in-das-herz-des-vaters","status":"publish","type":"page","link":"https:\/\/jockyart.de\/en\/galerien\/kunstkalender-2023-wandkalender\/06-sprung-des-glaubens-in-das-herz-des-vaters\/","title":{"rendered":"06 Sprung des Glaubens in das Herz des Vaters"},"content":{"rendered":"<p><a href=\"\/en\/galerien\/kunstkalender-2023-wandkalender\/05-oel-der-salbung\/\">Mai 2023<\/a> | <a href=\"\/en\/galerien\/kunstkalender-2023-wandkalender\/07-lass-das-pferd-aus-der-koppel\/\">Juli 2023<\/a><\/p>\n\n\n\n<figure class=\"wp-block-image size-large\"><img loading=\"lazy\" decoding=\"async\" width=\"728\" height=\"1024\" src=\"https:\/\/jockyart.de\/wp-content\/uploads\/2022\/08\/006_Juni-728x1024.png\" alt=\"Juni - Wandkalender\" class=\"wp-image-3306\" srcset=\"https:\/\/jockyart.de\/wp-content\/uploads\/2022\/08\/006_Juni-728x1024.png 728w, https:\/\/jockyart.de\/wp-content\/uploads\/2022\/08\/006_Juni-1092x1536.png 1092w, https:\/\/jockyart.de\/wp-content\/uploads\/2022\/08\/006_Juni-9x12.png 9w, https:\/\/jockyart.de\/wp-content\/uploads\/2022\/08\/006_Juni-324x456.png 324w, https:\/\/jockyart.de\/wp-content\/uploads\/2022\/08\/006_Juni-416x585.png 416w, https:\/\/jockyart.de\/wp-content\/uploads\/2022\/08\/006_Juni-213x300.png 213w, https:\/\/jockyart.de\/wp-content\/uploads\/2022\/08\/006_Juni-768x1080.png 768w, https:\/\/jockyart.de\/wp-content\/uploads\/2022\/08\/006_Juni.png 1422w\" sizes=\"auto, (max-width: 728px) 100vw, 728px\" \/><\/figure>\n\n\n\n<p>\u00a9 Copyright 2017 by&nbsp;<em><a rel=\"noreferrer noopener\" href=\"https:\/\/jockyart.de\/en\/\" target=\"_blank\">JockyArt.de<\/a><\/em><\/p>\n\n\n\n<p>Das Original f\u00fcr <em>Juni<\/em> des <strong>Kunstkalenders 2023 &#8211; Wand<\/strong> entstand als spontanes Bild w\u00e4hrend einer Lobpreiszeit: Manchmal m\u00fcssen wir im Leben Schritte des Glaubens tun, es f\u00e4llt uns so schwer unsere eigene Kontrolle los zu lassen. Es kommt uns so vor, als w\u00fcrden wir von einem Sprungbrett hinein ins tosende Ungewisse springen. Dabei springen wir in die liebenden Arme und das Herz des Vaters. ER f\u00e4ngt uns auf und tr\u00e4gt uns sicher hindurch\u2026<\/p>\n\n\n\n<figure class=\"wp-block-image is-resized\"><a href=\"\/en\/product\/kunstkalender-2023-wandkalender\/\" target=\"_blank\" rel=\"noreferrer noopener\"><img loading=\"lazy\" decoding=\"async\" src=\"https:\/\/jockyart.de\/wp-content\/uploads\/2022\/08\/bestellen-1024x256.png\" alt=\"Bestellen\" class=\"wp-image-3450\" width=\"200\" height=\"50\" srcset=\"https:\/\/jockyart.de\/wp-content\/uploads\/2022\/08\/bestellen-1024x256.png 1024w, https:\/\/jockyart.de\/wp-content\/uploads\/2022\/08\/bestellen-18x5.png 18w, https:\/\/jockyart.de\/wp-content\/uploads\/2022\/08\/bestellen-324x81.png 324w, https:\/\/jockyart.de\/wp-content\/uploads\/2022\/08\/bestellen-416x104.png 416w, https:\/\/jockyart.de\/wp-content\/uploads\/2022\/08\/bestellen-300x75.png 300w, https:\/\/jockyart.de\/wp-content\/uploads\/2022\/08\/bestellen-768x192.png 768w, https:\/\/jockyart.de\/wp-content\/uploads\/2022\/08\/bestellen.png 1200w\" sizes=\"auto, (max-width: 200px) 100vw, 200px\" \/><\/a><\/figure>\n\n\n\n<p><a href=\"https:\/\/jockyart.de\/en\/galerien\/kunstkalender-2023-wandkalender\/\" data-type=\"page\" data-id=\"3300\">back<\/a><\/p>","protected":false},"excerpt":{"rendered":"<p>Mai 2023 | Juli 2023 \u00a9 Copyright 2017 by&nbsp;JockyArt.de Das Original f\u00fcr Juni des Kunstkalenders 2023 &#8211; Wand entstand als spontanes Bild w\u00e4hrend einer Lobpreiszeit: Manchmal m\u00fcssen wir im Leben Schritte des Glaubens tun, es f\u00e4llt uns so schwer unsere eigene Kontrolle los zu lassen. Es kommt uns so vor, als w\u00fcrden wir von einem [&hellip;]<\/p>\n","protected":false},"author":1,"featured_media":0,"parent":3300,"menu_order":0,"comment_status":"closed","ping_status":"closed","template":"","meta":{"footnotes":""},"class_list":["post-3434","page","type-page","status-publish","hentry"],"_links":{"self":[{"href":"https:\/\/jockyart.de\/en\/wp-json\/wp\/v2\/pages\/3434","targetHints":{"allow":["GET"]}}],"collection":[{"href":"https:\/\/jockyart.de\/en\/wp-json\/wp\/v2\/pages"}],"about":[{"href":"https:\/\/jockyart.de\/en\/wp-json\/wp\/v2\/types\/page"}],"author":[{"embeddable":true,"href":"https:\/\/jockyart.de\/en\/wp-json\/wp\/v2\/users\/1"}],"replies":[{"embeddable":true,"href":"https:\/\/jockyart.de\/en\/wp-json\/wp\/v2\/comments?post=3434"}],"version-history":[{"count":11,"href":"https:\/\/jockyart.de\/en\/wp-json\/wp\/v2\/pages\/3434\/revisions"}],"predecessor-version":[{"id":6002,"href":"https:\/\/jockyart.de\/en\/wp-json\/wp\/v2\/pages\/3434\/revisions\/6002"}],"up":[{"embeddable":true,"href":"https:\/\/jockyart.de\/en\/wp-json\/wp\/v2\/pages\/3300"}],"wp:attachment":[{"href":"https:\/\/jockyart.de\/en\/wp-json\/wp\/v2\/media?parent=3434"}],"curies":[{"name":"wp","href":"https:\/\/api.w.org\/{rel}","templated":true}]}}