{"id":3422,"date":"2022-08-05T13:19:33","date_gmt":"2022-08-05T11:19:33","guid":{"rendered":"https:\/\/jockyart.de\/?page_id=3422"},"modified":"2023-05-06T00:56:14","modified_gmt":"2023-05-05T22:56:14","slug":"04-geborgen-am-geheimen-ort","status":"publish","type":"page","link":"https:\/\/jockyart.de\/en\/galerien\/kunstkalender-2023-wandkalender\/04-geborgen-am-geheimen-ort\/","title":{"rendered":"04 Geborgen am geheimen Ort"},"content":{"rendered":"<p><a href=\"\/en\/galerien\/kunstkalender-2023-wandkalender\/03-such-frieden-und-jage-ihm-nach\/\">M\u00e4rz 2023<\/a> | <a href=\"\/en\/galerien\/kunstkalender-2023-wandkalender\/05-oel-der-salbung\/\">Mai 2023<\/a><\/p>\n\n\n\n<figure class=\"wp-block-image size-large\"><img loading=\"lazy\" decoding=\"async\" width=\"728\" height=\"1024\" src=\"https:\/\/jockyart.de\/wp-content\/uploads\/2022\/08\/004_April-728x1024.png\" alt=\"April - Wandkalender\" class=\"wp-image-3304\" srcset=\"https:\/\/jockyart.de\/wp-content\/uploads\/2022\/08\/004_April-728x1024.png 728w, https:\/\/jockyart.de\/wp-content\/uploads\/2022\/08\/004_April-1092x1536.png 1092w, https:\/\/jockyart.de\/wp-content\/uploads\/2022\/08\/004_April-9x12.png 9w, https:\/\/jockyart.de\/wp-content\/uploads\/2022\/08\/004_April-324x456.png 324w, https:\/\/jockyart.de\/wp-content\/uploads\/2022\/08\/004_April-416x585.png 416w, https:\/\/jockyart.de\/wp-content\/uploads\/2022\/08\/004_April-213x300.png 213w, https:\/\/jockyart.de\/wp-content\/uploads\/2022\/08\/004_April-768x1080.png 768w, https:\/\/jockyart.de\/wp-content\/uploads\/2022\/08\/004_April.png 1422w\" sizes=\"auto, (max-width: 728px) 100vw, 728px\" \/><\/figure>\n\n\n\n<p>\u00a9 Copyright 2017 by&nbsp;<em><a rel=\"noreferrer noopener\" href=\"https:\/\/jockyart.de\/en\/\" target=\"_blank\">JockyArt.de<\/a><\/em><\/p>\n\n\n\n<p>Das Original f\u00fcr <em>April<\/em> des <strong>Kunstkalenders 2023 &#8211; Wand<\/strong> entstand als spontanes Bild w\u00e4hrend einer Lobpreiszeit: Diese Zeit war wundersch\u00f6n und intim. Es gab einige wundersch\u00f6ne deutsche Lobpreislieder am Anfang, wo davon die Rede war, wie Jesus unser Herz erobert hat mit einem einzigen Blick seiner Augen, dass er uns ruft in die Verborgenheit, die Geborgenheit mit Ihm an einem geheimen, verborgenen Ort \u2013 nur Er und wir alleine\u2026<\/p>\n\n\n\n<p>\u201e<em>Du hast mir das Herz genommen, meine Schwester, liebe Braut, du hast mir das Herz genommen mit einem einzigen Blick deiner Augen, mit einer einzigen Kette an deinem Hals.<\/em>\u201c Hoheslied, 4, 9<\/p>\n\n\n\n<figure class=\"wp-block-image is-resized\"><a href=\"\/en\/product\/kunstkalender-2023-wandkalender\/\" target=\"_blank\" rel=\"noreferrer noopener\"><img loading=\"lazy\" decoding=\"async\" src=\"https:\/\/jockyart.de\/wp-content\/uploads\/2022\/08\/bestellen-1024x256.png\" alt=\"Bestellen\" class=\"wp-image-3450\" width=\"200\" height=\"50\" srcset=\"https:\/\/jockyart.de\/wp-content\/uploads\/2022\/08\/bestellen-1024x256.png 1024w, https:\/\/jockyart.de\/wp-content\/uploads\/2022\/08\/bestellen-18x5.png 18w, https:\/\/jockyart.de\/wp-content\/uploads\/2022\/08\/bestellen-324x81.png 324w, https:\/\/jockyart.de\/wp-content\/uploads\/2022\/08\/bestellen-416x104.png 416w, https:\/\/jockyart.de\/wp-content\/uploads\/2022\/08\/bestellen-300x75.png 300w, https:\/\/jockyart.de\/wp-content\/uploads\/2022\/08\/bestellen-768x192.png 768w, https:\/\/jockyart.de\/wp-content\/uploads\/2022\/08\/bestellen.png 1200w\" sizes=\"auto, (max-width: 200px) 100vw, 200px\" \/><\/a><\/figure>\n\n\n\n<p><a href=\"https:\/\/jockyart.de\/en\/galerien\/kunstkalender-2023-wandkalender\/\" data-type=\"page\" data-id=\"3300\">back<\/a><\/p>","protected":false},"excerpt":{"rendered":"<p>M\u00e4rz 2023 | Mai 2023 \u00a9 Copyright 2017 by&nbsp;JockyArt.de Das Original f\u00fcr April des Kunstkalenders 2023 &#8211; Wand entstand als spontanes Bild w\u00e4hrend einer Lobpreiszeit: Diese Zeit war wundersch\u00f6n und intim. Es gab einige wundersch\u00f6ne deutsche Lobpreislieder am Anfang, wo davon die Rede war, wie Jesus unser Herz erobert hat mit einem einzigen Blick seiner [&hellip;]<\/p>\n","protected":false},"author":1,"featured_media":0,"parent":3300,"menu_order":0,"comment_status":"closed","ping_status":"closed","template":"","meta":{"footnotes":""},"class_list":["post-3422","page","type-page","status-publish","hentry"],"_links":{"self":[{"href":"https:\/\/jockyart.de\/en\/wp-json\/wp\/v2\/pages\/3422","targetHints":{"allow":["GET"]}}],"collection":[{"href":"https:\/\/jockyart.de\/en\/wp-json\/wp\/v2\/pages"}],"about":[{"href":"https:\/\/jockyart.de\/en\/wp-json\/wp\/v2\/types\/page"}],"author":[{"embeddable":true,"href":"https:\/\/jockyart.de\/en\/wp-json\/wp\/v2\/users\/1"}],"replies":[{"embeddable":true,"href":"https:\/\/jockyart.de\/en\/wp-json\/wp\/v2\/comments?post=3422"}],"version-history":[{"count":7,"href":"https:\/\/jockyart.de\/en\/wp-json\/wp\/v2\/pages\/3422\/revisions"}],"predecessor-version":[{"id":5996,"href":"https:\/\/jockyart.de\/en\/wp-json\/wp\/v2\/pages\/3422\/revisions\/5996"}],"up":[{"embeddable":true,"href":"https:\/\/jockyart.de\/en\/wp-json\/wp\/v2\/pages\/3300"}],"wp:attachment":[{"href":"https:\/\/jockyart.de\/en\/wp-json\/wp\/v2\/media?parent=3422"}],"curies":[{"name":"wp","href":"https:\/\/api.w.org\/{rel}","templated":true}]}}