{"id":3339,"date":"2022-08-04T21:28:38","date_gmt":"2022-08-04T19:28:38","guid":{"rendered":"https:\/\/jockyart.de\/?page_id=3339"},"modified":"2023-05-06T00:49:31","modified_gmt":"2023-05-05T22:49:31","slug":"wandkalender-getragen-von-ewigen-armen","status":"publish","type":"page","link":"https:\/\/jockyart.de\/en\/galerien\/kunstkalender-2023-wandkalender\/wandkalender-getragen-von-ewigen-armen\/","title":{"rendered":"00 Getragen von ewigen Armen"},"content":{"rendered":"<p><a href=\"\/en\/galerien\/kunstkalender-2023-wandkalender\/\">\u00dcbersicht<\/a> | <a href=\"\/en\/galerien\/kunstkalender-2023-wandkalender\/01-weg-vom-eis-zur-trauminsel\/\">Januar 2023<\/a><\/p>\n\n\n\n<figure class=\"wp-block-image size-large\"><img loading=\"lazy\" decoding=\"async\" width=\"728\" height=\"1024\" src=\"https:\/\/jockyart.de\/wp-content\/uploads\/2022\/08\/000_Deckblatt-728x1024.png\" alt=\"Deckblatt - Wandkalender\" class=\"wp-image-3321\" srcset=\"https:\/\/jockyart.de\/wp-content\/uploads\/2022\/08\/000_Deckblatt-728x1024.png 728w, https:\/\/jockyart.de\/wp-content\/uploads\/2022\/08\/000_Deckblatt-1092x1536.png 1092w, https:\/\/jockyart.de\/wp-content\/uploads\/2022\/08\/000_Deckblatt-9x12.png 9w, https:\/\/jockyart.de\/wp-content\/uploads\/2022\/08\/000_Deckblatt-324x456.png 324w, https:\/\/jockyart.de\/wp-content\/uploads\/2022\/08\/000_Deckblatt-416x585.png 416w, https:\/\/jockyart.de\/wp-content\/uploads\/2022\/08\/000_Deckblatt-213x300.png 213w, https:\/\/jockyart.de\/wp-content\/uploads\/2022\/08\/000_Deckblatt-768x1080.png 768w, https:\/\/jockyart.de\/wp-content\/uploads\/2022\/08\/000_Deckblatt.png 1422w\" sizes=\"auto, (max-width: 728px) 100vw, 728px\" \/><\/figure>\n\n\n\n<p>Das Original des <em>Deckblattes<\/em> des <strong>Kunstkalenders 2023 &#8211; Wand<\/strong> war ein Auftragsbild. Hier seht ihr, was ich der Auftragsgeberin geschrieben habe: \u201eAls ich f\u00fcr Dich gebetet habe, kam diese schlichte und einfache Bild, das es aber denke sehr in sich hat.<\/p>\n\n\n\n<p>Ich sah ein kleines, junges, unschuldiges M\u00e4dchen, das vertrauensvoll die Hand seines Vaters hielt. Zusammen waren sie spazieren. Weil der Vater da war, Er die Hand der Tochter gehalten hat, f\u00fchlte sich das kleine M\u00e4dchen sicher und geborgen. Weil der Papa da war, konnte es mutig vorw\u00e4rts gehen und sich auf die Abenteuer freuen, die es zusammen mit Seinem Papa erleben konnte. Sie brauchte sich nicht \u00e4ngstlich umschauen, weil der Papa ja auf sie aufpasst. Sie konnte unbek\u00fcmmert unterwegs sein, sogar etwas riskieren und ausprobieren. Der Papa war ja da, um zu helfen, wenn mal etwas nicht so gut geklappt hatte.<br>Ich denke diese Zusage ist gewaltig, dass der Vater mit Dir ist, dass Er Dich nicht im Stich lassen wird, jeden Tag bei Dir sein wird!<\/p>\n\n\n\n<p>Es ist gut, \u00fcber dieser Wahrheit zu br\u00fcten, zu meditieren und Dir von Deinem Vater zeigen zu lassen, was das in der Tiefe f\u00fcr Dich bedeutet!<\/p>\n\n\n\n<p>\u201e<em>Fear not, I am with you; do not yield, for I am your God. I strengthen you, I help you too, I hold you by the right hand of my justice.<\/em>\u201c<br><strong>Isaiah 41:10<\/strong><\/p>\n\n\n\n<p>\u201e<em>And behold, I am with you always, to the end of the world<\/em>\u201c<br><strong>Matthew 28:20<\/strong><\/p>\n\n\n\n<p>\u201e<em>I will not leave you or forsake you. Be strong and courageous...<\/em>\u201c<br><strong>Joshua 1:5+6<\/strong><\/p>\n\n\n\n<p>Ich denke, dass diese Zusagen f\u00fcr uns alle gilt, nicht nur f\u00fcr meine Auftraggeberin. Als Kinder Gottes haben wir die Verhei\u00dfung, dass der Vater im Himmel uns tr\u00e4gt und auf uns aufpasst! Ist das nicht wunderbar?<br><\/p>\n\n\n\n<figure class=\"wp-block-image is-resized\"><a href=\"\/en\/product\/kunstkalender-2023-wandkalender\/\" target=\"_blank\" rel=\"noreferrer noopener\"><img loading=\"lazy\" decoding=\"async\" src=\"https:\/\/jockyart.de\/wp-content\/uploads\/2022\/08\/bestellen-1024x256.png\" alt=\"Bestellen\" class=\"wp-image-3450\" width=\"200\" height=\"50\" srcset=\"https:\/\/jockyart.de\/wp-content\/uploads\/2022\/08\/bestellen-1024x256.png 1024w, https:\/\/jockyart.de\/wp-content\/uploads\/2022\/08\/bestellen-18x5.png 18w, https:\/\/jockyart.de\/wp-content\/uploads\/2022\/08\/bestellen-324x81.png 324w, https:\/\/jockyart.de\/wp-content\/uploads\/2022\/08\/bestellen-416x104.png 416w, https:\/\/jockyart.de\/wp-content\/uploads\/2022\/08\/bestellen-300x75.png 300w, https:\/\/jockyart.de\/wp-content\/uploads\/2022\/08\/bestellen-768x192.png 768w, https:\/\/jockyart.de\/wp-content\/uploads\/2022\/08\/bestellen.png 1200w\" sizes=\"auto, (max-width: 200px) 100vw, 200px\" \/><\/a><\/figure>\n\n\n\n<p><a href=\"https:\/\/jockyart.de\/en\/galerien\/kunstkalender-2023-wandkalender\/\" data-type=\"page\" data-id=\"3300\">back<\/a><\/p>","protected":false},"excerpt":{"rendered":"<p>\u00dcbersicht | Januar 2023 Das Original des Deckblattes des Kunstkalenders 2023 &#8211; Wand war ein Auftragsbild. Hier seht ihr, was ich der Auftragsgeberin geschrieben habe: \u201eAls ich f\u00fcr Dich gebetet habe, kam diese schlichte und einfache Bild, das es aber denke sehr in sich hat. Ich sah ein kleines, junges, unschuldiges M\u00e4dchen, das vertrauensvoll die [&hellip;]<\/p>\n","protected":false},"author":1,"featured_media":0,"parent":3300,"menu_order":0,"comment_status":"closed","ping_status":"closed","template":"","meta":{"footnotes":""},"class_list":["post-3339","page","type-page","status-publish","hentry"],"_links":{"self":[{"href":"https:\/\/jockyart.de\/en\/wp-json\/wp\/v2\/pages\/3339","targetHints":{"allow":["GET"]}}],"collection":[{"href":"https:\/\/jockyart.de\/en\/wp-json\/wp\/v2\/pages"}],"about":[{"href":"https:\/\/jockyart.de\/en\/wp-json\/wp\/v2\/types\/page"}],"author":[{"embeddable":true,"href":"https:\/\/jockyart.de\/en\/wp-json\/wp\/v2\/users\/1"}],"replies":[{"embeddable":true,"href":"https:\/\/jockyart.de\/en\/wp-json\/wp\/v2\/comments?post=3339"}],"version-history":[{"count":17,"href":"https:\/\/jockyart.de\/en\/wp-json\/wp\/v2\/pages\/3339\/revisions"}],"predecessor-version":[{"id":5991,"href":"https:\/\/jockyart.de\/en\/wp-json\/wp\/v2\/pages\/3339\/revisions\/5991"}],"up":[{"embeddable":true,"href":"https:\/\/jockyart.de\/en\/wp-json\/wp\/v2\/pages\/3300"}],"wp:attachment":[{"href":"https:\/\/jockyart.de\/en\/wp-json\/wp\/v2\/media?parent=3339"}],"curies":[{"name":"wp","href":"https:\/\/api.w.org\/{rel}","templated":true}]}}