{"id":2271,"date":"2022-05-25T17:48:11","date_gmt":"2022-05-25T15:48:11","guid":{"rendered":"https:\/\/jockyart.de\/?page_id=2271"},"modified":"2022-11-04T14:29:31","modified_gmt":"2022-11-04T13:29:31","slug":"zeugnisse-mit-prophetischer-kunst-03-raus-aus-der-finsternis","status":"publish","type":"page","link":"https:\/\/jockyart.de\/en\/videos\/zeugnisse-mit-prophetischer-kunst\/zeugnisse-mit-prophetischer-kunst-03-raus-aus-der-finsternis\/","title":{"rendered":"Zeugnis mit prophetischer Kunst 03 &#8211; Raus aus der Finsternis"},"content":{"rendered":"<p>In diesem Video erz\u00e4hle ich euch, wie Jesus mich durch eines meiner eigenen Bilder ber\u00fchrt und meinen Blick von den Herausforderungen und schwierigen Umst\u00e4nden weggerissen hat.<\/p>\n\n\n\n<figure class=\"wp-block-image size-large\"><a href=\"https:\/\/youtu.be\/eDrLJdn77Dk\" target=\"_blank\" rel=\"noreferrer noopener\"><img loading=\"lazy\" decoding=\"async\" width=\"1024\" height=\"576\" src=\"https:\/\/jockyart.de\/wp-content\/uploads\/2022\/05\/Thumb_Zeugnis__003_Raus_Finsternis-1024x576.jpg\" alt=\"Zeugnis mit proph. Kunst 03 - Raus aus der Finsternis\" class=\"wp-image-2276\" srcset=\"https:\/\/jockyart.de\/wp-content\/uploads\/2022\/05\/Thumb_Zeugnis__003_Raus_Finsternis-1024x576.jpg 1024w, https:\/\/jockyart.de\/wp-content\/uploads\/2022\/05\/Thumb_Zeugnis__003_Raus_Finsternis-1536x864.jpg 1536w, https:\/\/jockyart.de\/wp-content\/uploads\/2022\/05\/Thumb_Zeugnis__003_Raus_Finsternis-18x10.jpg 18w, https:\/\/jockyart.de\/wp-content\/uploads\/2022\/05\/Thumb_Zeugnis__003_Raus_Finsternis-324x182.jpg 324w, https:\/\/jockyart.de\/wp-content\/uploads\/2022\/05\/Thumb_Zeugnis__003_Raus_Finsternis-416x234.jpg 416w, https:\/\/jockyart.de\/wp-content\/uploads\/2022\/05\/Thumb_Zeugnis__003_Raus_Finsternis-300x169.jpg 300w, https:\/\/jockyart.de\/wp-content\/uploads\/2022\/05\/Thumb_Zeugnis__003_Raus_Finsternis-768x432.jpg 768w, https:\/\/jockyart.de\/wp-content\/uploads\/2022\/05\/Thumb_Zeugnis__003_Raus_Finsternis.jpg 1920w\" sizes=\"auto, (max-width: 1024px) 100vw, 1024px\" \/><\/a><figcaption class=\"wp-element-caption\">Click on the image to watch the video on YouTube<\/figcaption><\/figure>\n\n\n\n<p>Gerne k\u00f6nnt ihr das Original des Bildes kaufen:\n<a href=\"\/en\/product\/komm-raus-aus-der-finsternis\/\" target=\"_blank\" rel=\"noopener\"><img loading=\"lazy\" decoding=\"async\" class=\"alignnone wp-image-7067\" style=\"width: 150px; height: 38px;\" src=\"https:\/\/www.jocky.de\/wp-content\/uploads\/2018\/11\/Hier_bestellen.png\" alt=\"\" width=\"400\" height=\"100\"><\/a><\/p>\n\n\n\n<p>Prints in verschiedenen Gr\u00f6\u00dfen und Qualit\u00e4ten sind bestellbar: <a href=\"https:\/\/jockyart.de\/en\/product\/raus-aus-der-finsternis\/\" data-type=\"URL\" data-id=\"https:\/\/jockyart.de\/de_de\/produkt\/raus-aus-der-finsternis\/\" target=\"_blank\" rel=\"noreferrer noopener\">click<\/a><\/p>\n\n\n\n<p>Meinen Kunstnewsletter bestellen: <a href=\"http:\/\/eepurl.com\/hs7o4r\" data-type=\"URL\" data-id=\"http:\/\/eepurl.com\/hs7o4r\" target=\"_blank\" rel=\"noreferrer noopener\">click<\/a><\/p>\n\n\n\n<p>Wenn euch das Video gefallen hat, gebt mir doch bitte einen <strong>Like, kommentiert<\/strong> and <strong>teilt<\/strong> das Video. Vielen Dank!<\/p>\n\n\n\n<p>Hier k\u00f6nnt ihr das komplette Lied von <strong>Pfingstpanzer<\/strong> aus dem Video h\u00f6ren:  <a rel=\"noreferrer noopener\" href=\"https:\/\/pfingstpanzer.bandcamp.com\/track\/es-raubt-mir-den-atem\" target=\"_blank\">click<\/a><br><strong>Subscribe<\/strong> video by Burak Kiraz \/ Pixabay  <\/p>","protected":false},"excerpt":{"rendered":"<p>In diesem Video erz\u00e4hle ich euch, wie Jesus mich durch eines meiner eigenen Bilder ber\u00fchrt und meinen Blick von den Herausforderungen und schwierigen Umst\u00e4nden weggerissen hat. Gerne k\u00f6nnt ihr das Original des Bildes kaufen: Prints in verschiedenen Gr\u00f6\u00dfen und Qualit\u00e4ten sind bestellbar: klick Meinen Kunstnewsletter bestellen: klick Wenn euch das Video gefallen hat, gebt mir [&hellip;]<\/p>\n","protected":false},"author":1,"featured_media":0,"parent":780,"menu_order":0,"comment_status":"closed","ping_status":"closed","template":"","meta":{"footnotes":""},"class_list":["post-2271","page","type-page","status-publish","hentry"],"_links":{"self":[{"href":"https:\/\/jockyart.de\/en\/wp-json\/wp\/v2\/pages\/2271","targetHints":{"allow":["GET"]}}],"collection":[{"href":"https:\/\/jockyart.de\/en\/wp-json\/wp\/v2\/pages"}],"about":[{"href":"https:\/\/jockyart.de\/en\/wp-json\/wp\/v2\/types\/page"}],"author":[{"embeddable":true,"href":"https:\/\/jockyart.de\/en\/wp-json\/wp\/v2\/users\/1"}],"replies":[{"embeddable":true,"href":"https:\/\/jockyart.de\/en\/wp-json\/wp\/v2\/comments?post=2271"}],"version-history":[{"count":6,"href":"https:\/\/jockyart.de\/en\/wp-json\/wp\/v2\/pages\/2271\/revisions"}],"predecessor-version":[{"id":4875,"href":"https:\/\/jockyart.de\/en\/wp-json\/wp\/v2\/pages\/2271\/revisions\/4875"}],"up":[{"embeddable":true,"href":"https:\/\/jockyart.de\/en\/wp-json\/wp\/v2\/pages\/780"}],"wp:attachment":[{"href":"https:\/\/jockyart.de\/en\/wp-json\/wp\/v2\/media?parent=2271"}],"curies":[{"name":"wp","href":"https:\/\/api.w.org\/{rel}","templated":true}]}}