{"id":2054,"date":"2022-05-13T22:29:13","date_gmt":"2022-05-13T20:29:13","guid":{"rendered":"https:\/\/jockyart.de\/?page_id=2054"},"modified":"2022-11-03T23:50:06","modified_gmt":"2022-11-03T22:50:06","slug":"zeitraffer-von-der-kolorierung-einer-weihnachtskarte-das-volk-im-finstern","status":"publish","type":"page","link":"https:\/\/jockyart.de\/en\/videos\/zeitraffer\/zeitraffer-von-der-kolorierung-einer-weihnachtskarte-das-volk-im-finstern\/","title":{"rendered":"Time lapse of the coloring of a Christmas card: The people in the dark"},"content":{"rendered":"<p class=\"translation-block\">Several years ago I designed two line art greeting cards for friends and family. I recently colored these digitally. <br><br>Here you can find a time lapse video of the motif: \"<strong>The people in the dark<\/strong>\". <br>You can order my <strong>greeting cards<\/strong> here: click<\/p>\n\n\n\n<figure class=\"wp-block-image size-large\"><a href=\"https:\/\/youtu.be\/Hfu34oarffA\" target=\"_blank\" rel=\"noreferrer noopener\"><img loading=\"lazy\" decoding=\"async\" width=\"1024\" height=\"576\" src=\"https:\/\/jockyart.de\/wp-content\/uploads\/2022\/05\/Thumb_Timelapse_Das_Volk_im_Dunkeln-1024x576.jpg\" alt=\"Zeitraffer: Das Volk im Finstern\" class=\"wp-image-2004\" srcset=\"https:\/\/jockyart.de\/wp-content\/uploads\/2022\/05\/Thumb_Timelapse_Das_Volk_im_Dunkeln-1024x576.jpg 1024w, https:\/\/jockyart.de\/wp-content\/uploads\/2022\/05\/Thumb_Timelapse_Das_Volk_im_Dunkeln-1536x864.jpg 1536w, https:\/\/jockyart.de\/wp-content\/uploads\/2022\/05\/Thumb_Timelapse_Das_Volk_im_Dunkeln-18x10.jpg 18w, https:\/\/jockyart.de\/wp-content\/uploads\/2022\/05\/Thumb_Timelapse_Das_Volk_im_Dunkeln-324x182.jpg 324w, https:\/\/jockyart.de\/wp-content\/uploads\/2022\/05\/Thumb_Timelapse_Das_Volk_im_Dunkeln-416x234.jpg 416w, https:\/\/jockyart.de\/wp-content\/uploads\/2022\/05\/Thumb_Timelapse_Das_Volk_im_Dunkeln-300x169.jpg 300w, https:\/\/jockyart.de\/wp-content\/uploads\/2022\/05\/Thumb_Timelapse_Das_Volk_im_Dunkeln-768x432.jpg 768w, https:\/\/jockyart.de\/wp-content\/uploads\/2022\/05\/Thumb_Timelapse_Das_Volk_im_Dunkeln.jpg 1920w\" sizes=\"auto, (max-width: 1024px) 100vw, 1024px\" \/><\/a><\/figure>\n\n\n\n<p><a href=\"https:\/\/jockyart.de\/en\/videos\/zeitraffer\/\" data-type=\"page\" data-id=\"1998\">back<\/a><\/p>","protected":false},"excerpt":{"rendered":"<p>Vor etlichen Jahren habe ich f\u00fcr Freunde und Familie zwei Gru\u00dfkarten als Strichzeichnungen gestaltet. Diese habe ich vor Kurzem digital koloriert. Hier findet ihr ein Zeitraffervideo von dem Motiv: &#8222;Das Volk im Finstern&#8222;. Meine Gru\u00dfkarten k\u00f6nnt ihr hier bestellen: klick zur\u00fcck<\/p>","protected":false},"author":1,"featured_media":0,"parent":1998,"menu_order":0,"comment_status":"closed","ping_status":"closed","template":"","meta":{"footnotes":""},"class_list":["post-2054","page","type-page","status-publish","hentry"],"_links":{"self":[{"href":"https:\/\/jockyart.de\/en\/wp-json\/wp\/v2\/pages\/2054","targetHints":{"allow":["GET"]}}],"collection":[{"href":"https:\/\/jockyart.de\/en\/wp-json\/wp\/v2\/pages"}],"about":[{"href":"https:\/\/jockyart.de\/en\/wp-json\/wp\/v2\/types\/page"}],"author":[{"embeddable":true,"href":"https:\/\/jockyart.de\/en\/wp-json\/wp\/v2\/users\/1"}],"replies":[{"embeddable":true,"href":"https:\/\/jockyart.de\/en\/wp-json\/wp\/v2\/comments?post=2054"}],"version-history":[{"count":4,"href":"https:\/\/jockyart.de\/en\/wp-json\/wp\/v2\/pages\/2054\/revisions"}],"predecessor-version":[{"id":4795,"href":"https:\/\/jockyart.de\/en\/wp-json\/wp\/v2\/pages\/2054\/revisions\/4795"}],"up":[{"embeddable":true,"href":"https:\/\/jockyart.de\/en\/wp-json\/wp\/v2\/pages\/1998"}],"wp:attachment":[{"href":"https:\/\/jockyart.de\/en\/wp-json\/wp\/v2\/media?parent=2054"}],"curies":[{"name":"wp","href":"https:\/\/api.w.org\/{rel}","templated":true}]}}