{"id":2041,"date":"2022-05-13T22:15:50","date_gmt":"2022-05-13T20:15:50","guid":{"rendered":"https:\/\/jockyart.de\/?page_id=2041"},"modified":"2022-11-03T23:56:55","modified_gmt":"2022-11-03T22:56:55","slug":"zeitraffer-prophetische-kunst-ein-kind-ist-uns-geboren","status":"publish","type":"page","link":"https:\/\/jockyart.de\/en\/videos\/zeitraffer\/zeitraffer-prophetische-kunst-ein-kind-ist-uns-geboren\/","title":{"rendered":"Time Lapse \u2013 Prophetic Art: A Child is Born to Us"},"content":{"rendered":"<p>Time lapse of the making of the prophetic colored pencil image \"Unto Us A Child Is Born\". <br><br>A weak, defenseless baby who is nevertheless given these attributes of dominion (Isaiah 9). God's weakness is stronger than human strength. <br><br>Have lots of fun with it!<\/p>\n\n\n\n<figure class=\"wp-block-image size-large\"><a href=\"https:\/\/youtu.be\/xOlmL_tONbU\" target=\"_blank\" rel=\"noreferrer noopener\"><img loading=\"lazy\" decoding=\"async\" width=\"1024\" height=\"576\" src=\"https:\/\/jockyart.de\/wp-content\/uploads\/2022\/05\/Thumb_Zeitraffer_Kind_geboren-1024x576.jpg\" alt=\"Zeitraffer: Uns ist ein Kind geboren\" class=\"wp-image-2001\" srcset=\"https:\/\/jockyart.de\/wp-content\/uploads\/2022\/05\/Thumb_Zeitraffer_Kind_geboren-1024x576.jpg 1024w, https:\/\/jockyart.de\/wp-content\/uploads\/2022\/05\/Thumb_Zeitraffer_Kind_geboren-1536x864.jpg 1536w, https:\/\/jockyart.de\/wp-content\/uploads\/2022\/05\/Thumb_Zeitraffer_Kind_geboren-18x10.jpg 18w, https:\/\/jockyart.de\/wp-content\/uploads\/2022\/05\/Thumb_Zeitraffer_Kind_geboren-324x182.jpg 324w, https:\/\/jockyart.de\/wp-content\/uploads\/2022\/05\/Thumb_Zeitraffer_Kind_geboren-416x234.jpg 416w, https:\/\/jockyart.de\/wp-content\/uploads\/2022\/05\/Thumb_Zeitraffer_Kind_geboren-300x169.jpg 300w, https:\/\/jockyart.de\/wp-content\/uploads\/2022\/05\/Thumb_Zeitraffer_Kind_geboren-768x432.jpg 768w, https:\/\/jockyart.de\/wp-content\/uploads\/2022\/05\/Thumb_Zeitraffer_Kind_geboren.jpg 1920w\" sizes=\"auto, (max-width: 1024px) 100vw, 1024px\" \/><\/a><\/figure>\n\n\n\n<p><a href=\"https:\/\/jockyart.de\/en\/videos\/zeitraffer\/\" data-type=\"page\" data-id=\"1998\">back<\/a><\/p>","protected":false},"excerpt":{"rendered":"<p>Zeitraffer der Entstehung des prophetischen Buntstiftbildes &#8222;Ein Kind ist uns geboren&#8220;. Ein schwaches, wehrloses Baby, dem trotzdem diese Herrschaftsattribute zugeschrieben werden (Jesaja 9). Die Schw\u00e4che Gottes ist eben st\u00e4rker als die St\u00e4rke der Menschen.. Viel Spa\u00df dabei! zur\u00fcck<\/p>","protected":false},"author":1,"featured_media":0,"parent":1998,"menu_order":0,"comment_status":"closed","ping_status":"closed","template":"","meta":{"footnotes":""},"class_list":["post-2041","page","type-page","status-publish","hentry"],"_links":{"self":[{"href":"https:\/\/jockyart.de\/en\/wp-json\/wp\/v2\/pages\/2041","targetHints":{"allow":["GET"]}}],"collection":[{"href":"https:\/\/jockyart.de\/en\/wp-json\/wp\/v2\/pages"}],"about":[{"href":"https:\/\/jockyart.de\/en\/wp-json\/wp\/v2\/types\/page"}],"author":[{"embeddable":true,"href":"https:\/\/jockyart.de\/en\/wp-json\/wp\/v2\/users\/1"}],"replies":[{"embeddable":true,"href":"https:\/\/jockyart.de\/en\/wp-json\/wp\/v2\/comments?post=2041"}],"version-history":[{"count":2,"href":"https:\/\/jockyart.de\/en\/wp-json\/wp\/v2\/pages\/2041\/revisions"}],"predecessor-version":[{"id":4799,"href":"https:\/\/jockyart.de\/en\/wp-json\/wp\/v2\/pages\/2041\/revisions\/4799"}],"up":[{"embeddable":true,"href":"https:\/\/jockyart.de\/en\/wp-json\/wp\/v2\/pages\/1998"}],"wp:attachment":[{"href":"https:\/\/jockyart.de\/en\/wp-json\/wp\/v2\/media?parent=2041"}],"curies":[{"name":"wp","href":"https:\/\/api.w.org\/{rel}","templated":true}]}}