{"id":2033,"date":"2022-05-13T22:07:57","date_gmt":"2022-05-13T20:07:57","guid":{"rendered":"https:\/\/jockyart.de\/?page_id=2033"},"modified":"2022-11-03T23:58:43","modified_gmt":"2022-11-03T22:58:43","slug":"zeitraffer-von-prophetischer-kunst-precious-stone-ii","status":"publish","type":"page","link":"https:\/\/jockyart.de\/en\/videos\/zeitraffer\/zeitraffer-von-prophetischer-kunst-precious-stone-ii\/","title":{"rendered":"Time Lapse of Prophetic Art: Precious Stone I"},"content":{"rendered":"<p>After the time lapse video was so well received the other day, I decided to present you with another one. This time I continued to draw the picture on my balcony. <br><br>The time lapse gives you a little insight into how a work of art is created with colored pencils.<\/p>\n\n\n\n<figure class=\"wp-block-image size-large\"><a href=\"https:\/\/youtu.be\/2nV6EZZsfBU\" target=\"_blank\" rel=\"noreferrer noopener\"><img loading=\"lazy\" decoding=\"async\" width=\"1024\" height=\"576\" src=\"https:\/\/jockyart.de\/wp-content\/uploads\/2022\/05\/Thumb_Zeitraffer_Precious_Stone_II-1024x576.jpg\" alt=\"Zeitraffer von prophetischer Kunst: Precious Stone II\" class=\"wp-image-2000\" title=\"Time Lapse of Prophetic Art: Precious Stone I\" srcset=\"https:\/\/jockyart.de\/wp-content\/uploads\/2022\/05\/Thumb_Zeitraffer_Precious_Stone_II-1024x576.jpg 1024w, https:\/\/jockyart.de\/wp-content\/uploads\/2022\/05\/Thumb_Zeitraffer_Precious_Stone_II-1536x864.jpg 1536w, https:\/\/jockyart.de\/wp-content\/uploads\/2022\/05\/Thumb_Zeitraffer_Precious_Stone_II-18x10.jpg 18w, https:\/\/jockyart.de\/wp-content\/uploads\/2022\/05\/Thumb_Zeitraffer_Precious_Stone_II-324x182.jpg 324w, https:\/\/jockyart.de\/wp-content\/uploads\/2022\/05\/Thumb_Zeitraffer_Precious_Stone_II-416x234.jpg 416w, https:\/\/jockyart.de\/wp-content\/uploads\/2022\/05\/Thumb_Zeitraffer_Precious_Stone_II-300x169.jpg 300w, https:\/\/jockyart.de\/wp-content\/uploads\/2022\/05\/Thumb_Zeitraffer_Precious_Stone_II-768x432.jpg 768w, https:\/\/jockyart.de\/wp-content\/uploads\/2022\/05\/Thumb_Zeitraffer_Precious_Stone_II.jpg 1920w\" sizes=\"auto, (max-width: 1024px) 100vw, 1024px\" \/><\/a><\/figure>\n\n\n\n<p><a href=\"https:\/\/jockyart.de\/en\/videos\/zeitraffer\/\" data-type=\"page\" data-id=\"1998\">back<\/a><\/p>","protected":false},"excerpt":{"rendered":"<p>Nachdem das Zeitraffervideo neulich so gut angekommen ist, habe ich beschlossen euch ein weiteres zu pr\u00e4sentieren. Diesmal habe ich das Bild auf meinem Balkon weiter gezeichnet. Durch den Zeitraffer k\u00f6nnt ihr einen kleinen Einblick bekommen, wie so ein Kunstwerk mit Buntstift entsteht. zur\u00fcck<\/p>","protected":false},"author":1,"featured_media":0,"parent":1998,"menu_order":0,"comment_status":"closed","ping_status":"closed","template":"","meta":{"footnotes":""},"class_list":["post-2033","page","type-page","status-publish","hentry"],"_links":{"self":[{"href":"https:\/\/jockyart.de\/en\/wp-json\/wp\/v2\/pages\/2033","targetHints":{"allow":["GET"]}}],"collection":[{"href":"https:\/\/jockyart.de\/en\/wp-json\/wp\/v2\/pages"}],"about":[{"href":"https:\/\/jockyart.de\/en\/wp-json\/wp\/v2\/types\/page"}],"author":[{"embeddable":true,"href":"https:\/\/jockyart.de\/en\/wp-json\/wp\/v2\/users\/1"}],"replies":[{"embeddable":true,"href":"https:\/\/jockyart.de\/en\/wp-json\/wp\/v2\/comments?post=2033"}],"version-history":[{"count":3,"href":"https:\/\/jockyart.de\/en\/wp-json\/wp\/v2\/pages\/2033\/revisions"}],"predecessor-version":[{"id":4801,"href":"https:\/\/jockyart.de\/en\/wp-json\/wp\/v2\/pages\/2033\/revisions\/4801"}],"up":[{"embeddable":true,"href":"https:\/\/jockyart.de\/en\/wp-json\/wp\/v2\/pages\/1998"}],"wp:attachment":[{"href":"https:\/\/jockyart.de\/en\/wp-json\/wp\/v2\/media?parent=2033"}],"curies":[{"name":"wp","href":"https:\/\/api.w.org\/{rel}","templated":true}]}}