{"id":1140,"date":"2022-04-09T21:10:19","date_gmt":"2022-04-09T19:10:19","guid":{"rendered":"https:\/\/jockyart.de\/?page_id=1140"},"modified":"2025-05-20T09:55:04","modified_gmt":"2025-05-20T07:55:04","slug":"regina","status":"publish","type":"page","link":"https:\/\/jockyart.de\/en\/testimonials\/regina\/","title":{"rendered":"Regina B. I"},"content":{"rendered":"<div class=\"wp-block-image\">\n<figure class=\"alignleft size-medium\"><img loading=\"lazy\" decoding=\"async\" width=\"225\" height=\"300\" src=\"https:\/\/jockyart.de\/wp-content\/uploads\/2022\/04\/testi_Gebietserweiterung-225x300.jpg\" alt=\"Testimonial: Gebietserweiterung\" class=\"wp-image-1556\" srcset=\"https:\/\/jockyart.de\/wp-content\/uploads\/2022\/04\/testi_Gebietserweiterung-225x300.jpg 225w, https:\/\/jockyart.de\/wp-content\/uploads\/2022\/04\/testi_Gebietserweiterung-9x12.jpg 9w, https:\/\/jockyart.de\/wp-content\/uploads\/2022\/04\/testi_Gebietserweiterung-324x432.jpg 324w, https:\/\/jockyart.de\/wp-content\/uploads\/2022\/04\/testi_Gebietserweiterung-416x555.jpg 416w, https:\/\/jockyart.de\/wp-content\/uploads\/2022\/04\/testi_Gebietserweiterung.jpg 450w\" sizes=\"auto, (max-width: 225px) 100vw, 225px\" \/><\/figure>\n<\/div>\n\n\n<p>I do like the picture, it is painted beautifully and full of expression. I was quite speechless when I read the prophetic word\u2026 I have a book where I write bible verses and impressions from God for me into it.<\/p>\n\n\n\n<p>Both scriptures that you received from God I got for myself from Him in this context! I think this is so beautiful and I am glad about it, that is such a wonderful confirmation! As I am so many time unsecure if that what God says to me really comes from Him or if these are just my thoughts. For this reason it is at the same time an encouragement from God to me, that He really speaks to me and that I am able to hear Him. That makes me happy because that\u2019s  what I really want.&nbsp;<\/p>\n\n\n\n<p>The theme of enlarging my territory has been on my mind for quite a while. I am in the kids ministry team of my church for two years now. And in March I took the leadership of the kids ministry. Before I resisted it for a long time as I trust myself less, don\u2019t like to be in the center of attention and rather want to be in the background. With this I limit myself many times\u2026 As there was an urgent need for leadership I accepted after much hesitation. I realize that God helps and I am glad that you have written in your impression that there is a blessing on what I do. That is very important for me.&nbsp;<\/p>\n\n\n\n<p>Another area where God enlarges my territory is that I have joined a homegroup after a long time. The last two years were not easy for personal reasons that\u2019s why I withdrawed a little. Now I dared to join a homegroup what I wished for a long time. But at the same time this is very challenging for me because I am introvert and this stands many times in the way. It is very beautiful to know that God encourages me not to withdraw and that He makes me strong.&nbsp;<\/p>\n\n\n\n<p>I am really excited what God will continue to do to enlarge my territory, to use me and to take away limitations that I made for myself. God is good. Everything is possible with Him. His power and His strength.&nbsp;<\/p>\n\n\n\n<p>I thank you for your prayer and your painting. May God continue to bless you and may He use you to bless others.&nbsp;<\/p>","protected":false},"excerpt":{"rendered":"<p>Das Bild gef\u00e4llt mir, es ist sehr sch\u00f6n gemalt und aussagekr\u00e4ftig. Ziemlich sprachlos war ich, als ich mir das prophetische Wort durchgelesen habe\u2026 ich habe ein Buch, in das ich Bibelverse oder Eindr\u00fccke von Gott f\u00fcr mich aufschreibe. Beide Bibelstellen, die Gott dir gegeben hat, habe ich hier im Zusammenhang auch selbst von ihm bekommen! [&hellip;]<\/p>\n","protected":false},"author":1,"featured_media":0,"parent":1044,"menu_order":0,"comment_status":"closed","ping_status":"closed","template":"","meta":{"footnotes":""},"class_list":["post-1140","page","type-page","status-publish","hentry"],"_links":{"self":[{"href":"https:\/\/jockyart.de\/en\/wp-json\/wp\/v2\/pages\/1140","targetHints":{"allow":["GET"]}}],"collection":[{"href":"https:\/\/jockyart.de\/en\/wp-json\/wp\/v2\/pages"}],"about":[{"href":"https:\/\/jockyart.de\/en\/wp-json\/wp\/v2\/types\/page"}],"author":[{"embeddable":true,"href":"https:\/\/jockyart.de\/en\/wp-json\/wp\/v2\/users\/1"}],"replies":[{"embeddable":true,"href":"https:\/\/jockyart.de\/en\/wp-json\/wp\/v2\/comments?post=1140"}],"version-history":[{"count":6,"href":"https:\/\/jockyart.de\/en\/wp-json\/wp\/v2\/pages\/1140\/revisions"}],"predecessor-version":[{"id":11013,"href":"https:\/\/jockyart.de\/en\/wp-json\/wp\/v2\/pages\/1140\/revisions\/11013"}],"up":[{"embeddable":true,"href":"https:\/\/jockyart.de\/en\/wp-json\/wp\/v2\/pages\/1044"}],"wp:attachment":[{"href":"https:\/\/jockyart.de\/en\/wp-json\/wp\/v2\/media?parent=1140"}],"curies":[{"name":"wp","href":"https:\/\/api.w.org\/{rel}","templated":true}]}}