{"id":11017,"date":"2025-05-20T10:46:38","date_gmt":"2025-05-20T08:46:38","guid":{"rendered":"https:\/\/jockyart.de\/?page_id=11017"},"modified":"2025-05-20T10:59:15","modified_gmt":"2025-05-20T08:59:15","slug":"klaus-h-ii","status":"publish","type":"page","link":"https:\/\/jockyart.de\/en\/testimonials\/klaus-h-ii\/","title":{"rendered":"Klaus H. II"},"content":{"rendered":"<div class=\"wp-block-image\">\n<figure data-wp-context=\"{&quot;imageId&quot;:&quot;69d765d756e47&quot;}\" data-wp-interactive=\"core\/image\" data-wp-key=\"69d765d756e47\" class=\"alignleft size-medium wp-lightbox-container\"><img data-recalc-dims=\"1\" loading=\"lazy\" decoding=\"async\" width=\"223\" height=\"300\" data-wp-class--hide=\"state.isContentHidden\" data-wp-class--show=\"state.isContentVisible\" data-wp-init=\"callbacks.setButtonStyles\" data-wp-on--click=\"actions.showLightbox\" data-wp-on--load=\"callbacks.setButtonStyles\" data-wp-on-window--resize=\"callbacks.setButtonStyles\" src=\"https:\/\/i0.wp.com\/jockyart.de\/wp-content\/uploads\/2022\/06\/Gerichtssaal_Kreuz_Gnade_Friede_Gerechtigkeit.jpg?resize=223%2C300&#038;ssl=1\" alt=\"Gerichtssaal_Kreuz_Gnade_Friede_Gerechtigkeit\" class=\"wp-image-2703\" srcset=\"https:\/\/i0.wp.com\/jockyart.de\/wp-content\/uploads\/2022\/06\/Gerichtssaal_Kreuz_Gnade_Friede_Gerechtigkeit.jpg?resize=223%2C300&amp;ssl=1 223w, https:\/\/i0.wp.com\/jockyart.de\/wp-content\/uploads\/2022\/06\/Gerichtssaal_Kreuz_Gnade_Friede_Gerechtigkeit.jpg?resize=9%2C12&amp;ssl=1 9w, https:\/\/i0.wp.com\/jockyart.de\/wp-content\/uploads\/2022\/06\/Gerichtssaal_Kreuz_Gnade_Friede_Gerechtigkeit.jpg?resize=324%2C435&amp;ssl=1 324w, https:\/\/i0.wp.com\/jockyart.de\/wp-content\/uploads\/2022\/06\/Gerichtssaal_Kreuz_Gnade_Friede_Gerechtigkeit.jpg?resize=416%2C559&amp;ssl=1 416w, https:\/\/i0.wp.com\/jockyart.de\/wp-content\/uploads\/2022\/06\/Gerichtssaal_Kreuz_Gnade_Friede_Gerechtigkeit.jpg?resize=768%2C1032&amp;ssl=1 768w, https:\/\/i0.wp.com\/jockyart.de\/wp-content\/uploads\/2022\/06\/Gerichtssaal_Kreuz_Gnade_Friede_Gerechtigkeit.jpg?resize=762%2C1024&amp;ssl=1 762w, https:\/\/i0.wp.com\/jockyart.de\/wp-content\/uploads\/2022\/06\/Gerichtssaal_Kreuz_Gnade_Friede_Gerechtigkeit.jpg?w=893&amp;ssl=1 893w\" sizes=\"auto, (max-width: 223px) 100vw, 223px\" \/><button\n\t\t\tclass=\"lightbox-trigger\"\n\t\t\ttype=\"button\"\n\t\t\taria-haspopup=\"dialog\"\n\t\t\taria-label=\"Enlarge\"\n\t\t\tdata-wp-init=\"callbacks.initTriggerButton\"\n\t\t\tdata-wp-on--click=\"actions.showLightbox\"\n\t\t\tdata-wp-style--right=\"state.imageButtonRight\"\n\t\t\tdata-wp-style--top=\"state.imageButtonTop\"\n\t\t>\n\t\t\t<svg xmlns=\"http:\/\/www.w3.org\/2000\/svg\" width=\"12\" height=\"12\" fill=\"none\" viewbox=\"0 0 12 12\">\n\t\t\t\t<path fill=\"#fff\" d=\"M2 0a2 2 0 0 0-2 2v2h1.5V2a.5.5 0 0 1 .5-.5h2V0H2Zm2 10.5H2a.5.5 0 0 1-.5-.5V8H0v2a2 2 0 0 0 2 2h2v-1.5ZM8 12v-1.5h2a.5.5 0 0 0 .5-.5V8H12v2a2 2 0 0 1-2 2H8Zm2-12a2 2 0 0 1 2 2v2h-1.5V2a.5.5 0 0 0-.5-.5H8V0h2Z\" \/>\n\t\t\t<\/svg>\n\t\t<\/button><figcaption class=\"wp-element-caption\">Courtroom: Cross, Grace, Peace, Joy and Justice<\/figcaption><\/figure>\n<\/div>\n\n\n<p>The Painting totally fits into my current situation. Int the last time I was like under condemnation, that my life would not live up to the expectations of Jesus.<\/p>\n\n\n\n<p>Recently a prophetess received an impression from God about my life. That I was sitting on a green meadow caressing oversized flowers. And the Lord spoke concerning this: His blood and grace are sufficient for me. My life is enough before him through the righteousnes he granted me on the cross.<\/p>\n\n\n\n<p>That\u2019s why your picture and interpretation is totally right, that the judgement seat of Christ would go in the background and that His sacrifice on the cross would come to the foreground. He has carried all accusations and all that is heavy in my life, He has redeemed me. By His death and His grace He has fulfilled the work of salvation for me and won completely the victory over all the dark and sinful and negative in my life.<\/p>\n\n\n\n<p>And as you write about the many angels, that are standing at my side and minister to me and accompany my ministry, the prophetess saw it as well. That my flat would be full of angels and God spoke about new things, about a new commission and a new calling.<\/p>\n\n\n\n<p>Yes, Grace, peace, joy and righteousness from God for my life and ministry. You were not able to know about all this, but it totally fits with all this.<\/p>\n\n\n\n<p>The painting and the interpretation totally speaks to me and eveything is confirmed in that way. Really a great surprise!<\/p>","protected":false},"excerpt":{"rendered":"<p>Das Bild trifft genau in meine derzeitige Situation. Ich stand in der letzten Zeit wie unter Anklage, dass ich das Leben nicht so erf\u00fclle, wie es eigentlich Jesus gerne h\u00e4tte. Da sah eine Prophetin ein Bild von Gott \u00fcber mein Leben, dass ich auf einer gr\u00fcnen Wiese sitze und \u00fcbergro\u00dfe Blumen streichle und der Herr [&hellip;]<\/p>\n","protected":false},"author":1,"featured_media":0,"parent":1044,"menu_order":0,"comment_status":"closed","ping_status":"closed","template":"","meta":{"jetpack_post_was_ever_published":false,"footnotes":""},"class_list":["post-11017","page","type-page","status-publish","hentry"],"jetpack-related-posts":[],"jetpack_sharing_enabled":true,"_links":{"self":[{"href":"https:\/\/jockyart.de\/en\/wp-json\/wp\/v2\/pages\/11017","targetHints":{"allow":["GET"]}}],"collection":[{"href":"https:\/\/jockyart.de\/en\/wp-json\/wp\/v2\/pages"}],"about":[{"href":"https:\/\/jockyart.de\/en\/wp-json\/wp\/v2\/types\/page"}],"author":[{"embeddable":true,"href":"https:\/\/jockyart.de\/en\/wp-json\/wp\/v2\/users\/1"}],"replies":[{"embeddable":true,"href":"https:\/\/jockyart.de\/en\/wp-json\/wp\/v2\/comments?post=11017"}],"version-history":[{"count":2,"href":"https:\/\/jockyart.de\/en\/wp-json\/wp\/v2\/pages\/11017\/revisions"}],"predecessor-version":[{"id":11020,"href":"https:\/\/jockyart.de\/en\/wp-json\/wp\/v2\/pages\/11017\/revisions\/11020"}],"up":[{"embeddable":true,"href":"https:\/\/jockyart.de\/en\/wp-json\/wp\/v2\/pages\/1044"}],"wp:attachment":[{"href":"https:\/\/jockyart.de\/en\/wp-json\/wp\/v2\/media?parent=11017"}],"curies":[{"name":"wp","href":"https:\/\/api.w.org\/{rel}","templated":true}]}}