{"id":11012,"date":"2025-05-20T09:58:26","date_gmt":"2025-05-20T07:58:26","guid":{"rendered":"https:\/\/jockyart.de\/?page_id=11012"},"modified":"2025-05-20T09:59:31","modified_gmt":"2025-05-20T07:59:31","slug":"regina-b-ii","status":"publish","type":"page","link":"https:\/\/jockyart.de\/en\/testimonials\/regina-b-ii\/","title":{"rendered":"Regina B. II"},"content":{"rendered":"<div class=\"wp-block-image\">\n<figure class=\"alignleft size-medium\"><img loading=\"lazy\" decoding=\"async\" width=\"225\" height=\"300\" src=\"https:\/\/jockyart.de\/wp-content\/uploads\/2022\/08\/Himmlischer_Streitwagen_web-225x300.png\" alt=\"Der Himmlische Streitwagen\" class=\"wp-image-3849\" srcset=\"https:\/\/jockyart.de\/wp-content\/uploads\/2022\/08\/Himmlischer_Streitwagen_web-225x300.png 225w, https:\/\/jockyart.de\/wp-content\/uploads\/2022\/08\/Himmlischer_Streitwagen_web-1150x1536.png 1150w, https:\/\/jockyart.de\/wp-content\/uploads\/2022\/08\/Himmlischer_Streitwagen_web-9x12.png 9w, https:\/\/jockyart.de\/wp-content\/uploads\/2022\/08\/Himmlischer_Streitwagen_web-324x433.png 324w, https:\/\/jockyart.de\/wp-content\/uploads\/2022\/08\/Himmlischer_Streitwagen_web-416x555.png 416w, https:\/\/jockyart.de\/wp-content\/uploads\/2022\/08\/Himmlischer_Streitwagen_web-768x1025.png 768w, https:\/\/jockyart.de\/wp-content\/uploads\/2022\/08\/Himmlischer_Streitwagen_web-767x1024.png 767w, https:\/\/jockyart.de\/wp-content\/uploads\/2022\/08\/Himmlischer_Streitwagen_web.png 1498w\" sizes=\"auto, (max-width: 225px) 100vw, 225px\" \/><\/figure>\n<\/div>\n\n\n<p>And what can I say... the picture is so incredibly beautiful!! I love it and could watch it all the time, it brings me to tears! The dove is so beautiful, it looks so strong, full of power. And the golden fiery color...it looks so regal. I am impressed and grateful for the picture, painted just for me.<\/p>\n\n\n\n<p>And the message behind it is fierce. I am so thankful to God that he wants me to look deeper into the spiritual world. This is something I wish very much. Being closer to him, being totally guided by the Holy Spirit, trusting him absolutely, more of his gifts... it fills me with gratitude and humility that God wants to give this to me.<\/p>\n\n\n\n<p>Thank you Johannes, I think what you do is so strong and great. That you use your talents like this! I want to encourage you to keep doing this because you are a blessing to others!<\/p>\n\n\n\n<p>Link to the blog post with the impression for the picture:\u00a0<a href=\"https:\/\/jockyart.de\/en\/der-himmlische-streitwagen\/\" target=\"_blank\" rel=\"noreferrer noopener\">click<\/a><\/p>","protected":false},"excerpt":{"rendered":"<p>Und was soll ich sagen\u2026 das Bild ist so unfassbar sch\u00f6n!! Ich liebe es und k\u00f6nnte es mir die ganze Zeit ansehen, es r\u00fchrt mich zu Tr\u00e4nen! Die Taube ist so wundersch\u00f6n, sie sieht so stark aus, voller Kraft. Und die goldene, feurige Farbe\u2026 sie sieht so k\u00f6niglich aus. Ich bin beeindruckt und dankbar f\u00fcr [&hellip;]<\/p>\n","protected":false},"author":1,"featured_media":0,"parent":1044,"menu_order":0,"comment_status":"closed","ping_status":"closed","template":"","meta":{"footnotes":""},"class_list":["post-11012","page","type-page","status-publish","hentry"],"_links":{"self":[{"href":"https:\/\/jockyart.de\/en\/wp-json\/wp\/v2\/pages\/11012","targetHints":{"allow":["GET"]}}],"collection":[{"href":"https:\/\/jockyart.de\/en\/wp-json\/wp\/v2\/pages"}],"about":[{"href":"https:\/\/jockyart.de\/en\/wp-json\/wp\/v2\/types\/page"}],"author":[{"embeddable":true,"href":"https:\/\/jockyart.de\/en\/wp-json\/wp\/v2\/users\/1"}],"replies":[{"embeddable":true,"href":"https:\/\/jockyart.de\/en\/wp-json\/wp\/v2\/comments?post=11012"}],"version-history":[{"count":1,"href":"https:\/\/jockyart.de\/en\/wp-json\/wp\/v2\/pages\/11012\/revisions"}],"predecessor-version":[{"id":11014,"href":"https:\/\/jockyart.de\/en\/wp-json\/wp\/v2\/pages\/11012\/revisions\/11014"}],"up":[{"embeddable":true,"href":"https:\/\/jockyart.de\/en\/wp-json\/wp\/v2\/pages\/1044"}],"wp:attachment":[{"href":"https:\/\/jockyart.de\/en\/wp-json\/wp\/v2\/media?parent=11012"}],"curies":[{"name":"wp","href":"https:\/\/api.w.org\/{rel}","templated":true}]}}