{"id":1093,"date":"2022-04-09T16:57:23","date_gmt":"2022-04-09T14:57:23","guid":{"rendered":"https:\/\/jockyart.de\/?page_id=1093"},"modified":"2022-04-18T12:18:49","modified_gmt":"2022-04-18T10:18:49","slug":"k-r","status":"publish","type":"page","link":"https:\/\/jockyart.de\/en\/testimonials\/k-r\/","title":{"rendered":"Kathrin R."},"content":{"rendered":"<div class=\"wp-block-image\"><figure class=\"alignleft size-full is-resized\"><img loading=\"lazy\" decoding=\"async\" src=\"https:\/\/jockyart.de\/wp-content\/uploads\/2022\/04\/testi_Leuchtende_Blume_Geschenk.jpg\" alt=\"\" class=\"wp-image-1095\" width=\"402\" height=\"300\" srcset=\"https:\/\/jockyart.de\/wp-content\/uploads\/2022\/04\/testi_Leuchtende_Blume_Geschenk.jpg 804w, https:\/\/jockyart.de\/wp-content\/uploads\/2022\/04\/testi_Leuchtende_Blume_Geschenk-324x242.jpg 324w, https:\/\/jockyart.de\/wp-content\/uploads\/2022\/04\/testi_Leuchtende_Blume_Geschenk-416x310.jpg 416w, https:\/\/jockyart.de\/wp-content\/uploads\/2022\/04\/testi_Leuchtende_Blume_Geschenk-16x12.jpg 16w, https:\/\/jockyart.de\/wp-content\/uploads\/2022\/04\/testi_Leuchtende_Blume_Geschenk-300x224.jpg 300w, https:\/\/jockyart.de\/wp-content\/uploads\/2022\/04\/testi_Leuchtende_Blume_Geschenk-768x573.jpg 768w\" sizes=\"auto, (max-width: 402px) 100vw, 402px\" \/><\/figure><\/div>\n\n\n\n<p>Dear Johannes,<br>today I got in the truest sense of the word a wonderful and beautiful painting as a gift to me from a fellow student and friend.<\/p>\n\n\n\n<p><strong>I am so impressed and touched by the picture and the enclosed letter! I have the feeling we would know each other for an eternity. But my friend said that God would knew me and that He has spoken to you.<\/strong><\/p>\n\n\n\n<p>It is the painting with the shining hibiscus blossom and the green background. I love hibiscus blossoms as the remind me of my childhood. My mother used to have a hibiscus houseplant and cared and tended it. I cared for this sapling for many more years, but it eventually died. I bought myself another one that does not cease to blossom.<\/p>\n\n\n\n<p>There are many dear people in my family and round about me that for the time being need all my help (major illnesses, old age, problems in school, operations). And I try to give everything as I care for these people. Because of this I feel torn apart and I do have the impression that I don\u2019t do them justice.<\/p>\n\n\n\n<p>Your painting and letter and the comparison that I would be like a shining blossom and that I would be like a bright spot for other people, gave me new strength and showed me again my way. Similar like a flower I have to regain my strength and need to take a break just to be able to help and comfort my dear ones.<\/p>\n\n\n\n<p>Thank you for existing and for your gift to touch other people.<\/p>\n\n\n\n<p>Dear Greetings.<br>Kathrin<\/p>\n\n\n<p><!-- \/wp:post-content --><\/p>\n<p><!-- \/wp:themeisle-blocks\/advanced-columns --><\/p>","protected":false},"excerpt":{"rendered":"<p>Lieber Johannes,ich habe heute von einer Kommilitonin und Freundin ein im wahrsten Sinn des Wortes wunderbares und wundersch\u00f6nes Bild geschenkt bekommen. Ich bin so so sehr beeindruckt und ber\u00fchrt von diesem Bild und dem beiliegenden Brief! Ich hab das Gef\u00fchl, als kennen wir uns schon ewig, aber meine Freundin sagte mir, dass Gott mich kennt [&hellip;]<\/p>\n","protected":false},"author":1,"featured_media":0,"parent":1044,"menu_order":0,"comment_status":"closed","ping_status":"closed","template":"","meta":{"footnotes":""},"class_list":["post-1093","page","type-page","status-publish","hentry"],"_links":{"self":[{"href":"https:\/\/jockyart.de\/en\/wp-json\/wp\/v2\/pages\/1093","targetHints":{"allow":["GET"]}}],"collection":[{"href":"https:\/\/jockyart.de\/en\/wp-json\/wp\/v2\/pages"}],"about":[{"href":"https:\/\/jockyart.de\/en\/wp-json\/wp\/v2\/types\/page"}],"author":[{"embeddable":true,"href":"https:\/\/jockyart.de\/en\/wp-json\/wp\/v2\/users\/1"}],"replies":[{"embeddable":true,"href":"https:\/\/jockyart.de\/en\/wp-json\/wp\/v2\/comments?post=1093"}],"version-history":[{"count":5,"href":"https:\/\/jockyart.de\/en\/wp-json\/wp\/v2\/pages\/1093\/revisions"}],"predecessor-version":[{"id":1131,"href":"https:\/\/jockyart.de\/en\/wp-json\/wp\/v2\/pages\/1093\/revisions\/1131"}],"up":[{"embeddable":true,"href":"https:\/\/jockyart.de\/en\/wp-json\/wp\/v2\/pages\/1044"}],"wp:attachment":[{"href":"https:\/\/jockyart.de\/en\/wp-json\/wp\/v2\/media?parent=1093"}],"curies":[{"name":"wp","href":"https:\/\/api.w.org\/{rel}","templated":true}]}}