{"id":1051,"date":"2022-04-08T14:11:08","date_gmt":"2022-04-08T12:11:08","guid":{"rendered":"https:\/\/jockyart.de\/?page_id=1051"},"modified":"2025-05-20T11:24:11","modified_gmt":"2025-05-20T09:24:11","slug":"corinna-w","status":"publish","type":"page","link":"https:\/\/jockyart.de\/en\/testimonials\/corinna-w\/","title":{"rendered":"Corinna W."},"content":{"rendered":"<div class=\"wp-block-image\">\n<figure data-wp-context=\"{&quot;imageId&quot;:&quot;69dba7ec06822&quot;}\" data-wp-interactive=\"core\/image\" data-wp-key=\"69dba7ec06822\" class=\"alignleft size-full is-resized wp-lightbox-container\"><img loading=\"lazy\" decoding=\"async\" width=\"600\" height=\"809\" data-wp-class--hide=\"state.isContentHidden\" data-wp-class--show=\"state.isContentVisible\" data-wp-init=\"callbacks.setButtonStyles\" data-wp-on--click=\"actions.showLightbox\" data-wp-on--load=\"callbacks.setButtonStyles\" data-wp-on-window--resize=\"callbacks.setButtonStyles\" src=\"https:\/\/jockyart.de\/wp-content\/uploads\/2022\/04\/testi_eingehuellt.jpg\" alt=\"\" class=\"wp-image-1032\" style=\"width:300px;height:405px\" srcset=\"https:\/\/jockyart.de\/wp-content\/uploads\/2022\/04\/testi_eingehuellt.jpg 600w, https:\/\/jockyart.de\/wp-content\/uploads\/2022\/04\/testi_eingehuellt-324x437.jpg 324w, https:\/\/jockyart.de\/wp-content\/uploads\/2022\/04\/testi_eingehuellt-416x561.jpg 416w, https:\/\/jockyart.de\/wp-content\/uploads\/2022\/04\/testi_eingehuellt-9x12.jpg 9w, https:\/\/jockyart.de\/wp-content\/uploads\/2022\/04\/testi_eingehuellt-222x300.jpg 222w\" sizes=\"auto, (max-width: 600px) 100vw, 600px\" \/><button\n\t\t\tclass=\"lightbox-trigger\"\n\t\t\ttype=\"button\"\n\t\t\taria-haspopup=\"dialog\"\n\t\t\taria-label=\"Enlarge\"\n\t\t\tdata-wp-init=\"callbacks.initTriggerButton\"\n\t\t\tdata-wp-on--click=\"actions.showLightbox\"\n\t\t\tdata-wp-style--right=\"state.imageButtonRight\"\n\t\t\tdata-wp-style--top=\"state.imageButtonTop\"\n\t\t>\n\t\t\t<svg xmlns=\"http:\/\/www.w3.org\/2000\/svg\" width=\"12\" height=\"12\" fill=\"none\" viewbox=\"0 0 12 12\">\n\t\t\t\t<path fill=\"#fff\" d=\"M2 0a2 2 0 0 0-2 2v2h1.5V2a.5.5 0 0 1 .5-.5h2V0H2Zm2 10.5H2a.5.5 0 0 1-.5-.5V8H0v2a2 2 0 0 0 2 2h2v-1.5ZM8 12v-1.5h2a.5.5 0 0 0 .5-.5V8H12v2a2 2 0 0 1-2 2H8Zm2-12a2 2 0 0 1 2 2v2h-1.5V2a.5.5 0 0 0-.5-.5H8V0h2Z\" \/>\n\t\t\t<\/svg>\n\t\t<\/button><\/figure>\n<\/div>\n\n\n<p>Dear Johannes,<\/p>\n\n\n\n<p>what can I say? All in all: very touchingly, very touching! There is no doubt for me that God confirmed this gift. And I will pray that you receive as much commissions that you are able to live in what the father has called you and that you are in that way a blessing for many!\nI love that we got to know each other a little bit more. I totally love your heart. I encourage you so much: Take your land! You are such a big blessing!<\/p>\n\n\n\n<p>Wrapped in His love \u2013 for me it is the same like a hug\u2026<br>Amidst my longing to be hugged the picture hit me right in the heart. A not so easy time lies behind me, I am still in some difficult things.<\/p>\n\n\n\n<p>When I saw the picture and the title for the first time I was touched so deeply that God opened a channel in me: I was weeping and weeping and weeping\u2026 as He, God personally, was hugging me kinda and showing me His deep, deep love. It expressed in a new way His deep love, His absolut devotion to me that I could sense it. \n\nBy this deep healing began to flow and at the same time I sense something new is beginning to grow\u2026<\/p>\n\n\n\n<p>I am not sure yet what it is in what direction it will go. But it is very clear: New life is arising\u2026 out of the intimacy with the father\u2026 caused by a painting!<\/p>\n\n\n\n<p>Wow, how creative is our God?!<\/p>","protected":false},"excerpt":{"rendered":"<p>Lieber Johannes, was soll ich sagen. Alles in allem: sehr anr\u00fchrend, sehr ber\u00fchrend! F\u00fcr mich besteht kein Zweifel, dass Gott diese Gabe best\u00e4tigt und ich werde daf\u00fcr beten, dass du so viele Auftr\u00e4ge erh\u00e4ltst, dass du genau das leben kannst, wozu der Vater dich berufen hat und auf diese Weise ein Segen f\u00fcr viele wirst. [&hellip;]<\/p>\n","protected":false},"author":1,"featured_media":0,"parent":1044,"menu_order":0,"comment_status":"closed","ping_status":"closed","template":"","meta":{"footnotes":""},"class_list":["post-1051","page","type-page","status-publish","hentry"],"_links":{"self":[{"href":"https:\/\/jockyart.de\/en\/wp-json\/wp\/v2\/pages\/1051","targetHints":{"allow":["GET"]}}],"collection":[{"href":"https:\/\/jockyart.de\/en\/wp-json\/wp\/v2\/pages"}],"about":[{"href":"https:\/\/jockyart.de\/en\/wp-json\/wp\/v2\/types\/page"}],"author":[{"embeddable":true,"href":"https:\/\/jockyart.de\/en\/wp-json\/wp\/v2\/users\/1"}],"replies":[{"embeddable":true,"href":"https:\/\/jockyart.de\/en\/wp-json\/wp\/v2\/comments?post=1051"}],"version-history":[{"count":4,"href":"https:\/\/jockyart.de\/en\/wp-json\/wp\/v2\/pages\/1051\/revisions"}],"predecessor-version":[{"id":11024,"href":"https:\/\/jockyart.de\/en\/wp-json\/wp\/v2\/pages\/1051\/revisions\/11024"}],"up":[{"embeddable":true,"href":"https:\/\/jockyart.de\/en\/wp-json\/wp\/v2\/pages\/1044"}],"wp:attachment":[{"href":"https:\/\/jockyart.de\/en\/wp-json\/wp\/v2\/media?parent=1051"}],"curies":[{"name":"wp","href":"https:\/\/api.w.org\/{rel}","templated":true}]}}