{"id":1050,"date":"2022-04-08T14:11:08","date_gmt":"2022-04-08T12:11:08","guid":{"rendered":"https:\/\/jockyart.de\/?page_id=1050"},"modified":"2025-05-20T11:22:35","modified_gmt":"2025-05-20T09:22:35","slug":"maria","status":"publish","type":"page","link":"https:\/\/jockyart.de\/en\/testimonials\/maria\/","title":{"rendered":"Maria"},"content":{"rendered":"<div class=\"wp-block-image\">\n<figure data-wp-context=\"{&quot;imageId&quot;:&quot;69f071f395ea8&quot;}\" data-wp-interactive=\"core\/image\" data-wp-key=\"69f071f395ea8\" class=\"alignleft size-medium is-resized wp-lightbox-container\"><img loading=\"lazy\" decoding=\"async\" width=\"224\" height=\"300\" data-wp-class--hide=\"state.isContentHidden\" data-wp-class--show=\"state.isContentVisible\" data-wp-init=\"callbacks.setButtonStyles\" data-wp-on--click=\"actions.showLightbox\" data-wp-on--load=\"callbacks.setButtonStyles\" data-wp-on-window--resize=\"callbacks.setButtonStyles\" src=\"https:\/\/jockyart.de\/wp-content\/uploads\/2022\/04\/testi_schwimmfl-224x300.jpg\" alt=\"\" class=\"wp-image-1025\" style=\"width:300px\" srcset=\"https:\/\/jockyart.de\/wp-content\/uploads\/2022\/04\/testi_schwimmfl-224x300.jpg 224w, https:\/\/jockyart.de\/wp-content\/uploads\/2022\/04\/testi_schwimmfl-324x434.jpg 324w, https:\/\/jockyart.de\/wp-content\/uploads\/2022\/04\/testi_schwimmfl-416x557.jpg 416w, https:\/\/jockyart.de\/wp-content\/uploads\/2022\/04\/testi_schwimmfl-9x12.jpg 9w, https:\/\/jockyart.de\/wp-content\/uploads\/2022\/04\/testi_schwimmfl.jpg 600w\" sizes=\"auto, (max-width: 224px) 100vw, 224px\" \/><button\n\t\t\tclass=\"lightbox-trigger\"\n\t\t\ttype=\"button\"\n\t\t\taria-haspopup=\"dialog\"\n\t\t\taria-label=\"Enlarge\"\n\t\t\tdata-wp-init=\"callbacks.initTriggerButton\"\n\t\t\tdata-wp-on--click=\"actions.showLightbox\"\n\t\t\tdata-wp-style--right=\"state.imageButtonRight\"\n\t\t\tdata-wp-style--top=\"state.imageButtonTop\"\n\t\t>\n\t\t\t<svg xmlns=\"http:\/\/www.w3.org\/2000\/svg\" width=\"12\" height=\"12\" fill=\"none\" viewbox=\"0 0 12 12\">\n\t\t\t\t<path fill=\"#fff\" d=\"M2 0a2 2 0 0 0-2 2v2h1.5V2a.5.5 0 0 1 .5-.5h2V0H2Zm2 10.5H2a.5.5 0 0 1-.5-.5V8H0v2a2 2 0 0 0 2 2h2v-1.5ZM8 12v-1.5h2a.5.5 0 0 0 .5-.5V8H12v2a2 2 0 0 1-2 2H8Zm2-12a2 2 0 0 1 2 2v2h-1.5V2a.5.5 0 0 0-.5-.5H8V0h2Z\" \/>\n\t\t\t<\/svg>\n\t\t<\/button><\/figure>\n<\/div>\n\n\n<p>Johannes doesn't just only process commissions, but really takes a lot of time to respond individually to the client, to pray and finally to artistically implement the received pictures and impressions with a lot of passion and skill. <br><br>The results amaze with expressive, colorful symbolism inspired by the Spirit of God, great attention to detail and high-quality colors\/paper. In the pictures and the explanatory messages are imho personal core issues - in the sense of 1 Corinthians 14:3: encouraging, (lovingly) admonishing and comforting - taken up. <br><br>The pictures of Johannes are really something special and have recognition value! <br><br>It's also nice that he shares his creation process (work-in-progress images or time-lapse videos). <br><br>It was professionally shipped in a cardboard envelope. There were even some of his art prints included as postcards.<\/p>","protected":false},"excerpt":{"rendered":"<p>Johannes wickelt nicht einfach nur Auftr\u00e4ge ab, sondern nimmt sich wirklich sehr viel Zeit, individuell auf die Auftraggeber einzugehen, zu beten und die empfangenen Bilder und Eindr\u00fccke schlie\u00dflich mit viel Herzblut und K\u00f6nnen k\u00fcnstlerisch umzusetzen. Die Ergebnisse verbl\u00fcffen mit ausdrucksstarker, farbenfroher und vom Geist Gottes inspirierter Symbolik, viel Liebe zum Detail sowie qualitativ hochwertigen Farben\/Papier. [&hellip;]<\/p>\n","protected":false},"author":1,"featured_media":0,"parent":1044,"menu_order":0,"comment_status":"closed","ping_status":"closed","template":"","meta":{"footnotes":""},"class_list":["post-1050","page","type-page","status-publish","hentry"],"_links":{"self":[{"href":"https:\/\/jockyart.de\/en\/wp-json\/wp\/v2\/pages\/1050","targetHints":{"allow":["GET"]}}],"collection":[{"href":"https:\/\/jockyart.de\/en\/wp-json\/wp\/v2\/pages"}],"about":[{"href":"https:\/\/jockyart.de\/en\/wp-json\/wp\/v2\/types\/page"}],"author":[{"embeddable":true,"href":"https:\/\/jockyart.de\/en\/wp-json\/wp\/v2\/users\/1"}],"replies":[{"embeddable":true,"href":"https:\/\/jockyart.de\/en\/wp-json\/wp\/v2\/comments?post=1050"}],"version-history":[{"count":3,"href":"https:\/\/jockyart.de\/en\/wp-json\/wp\/v2\/pages\/1050\/revisions"}],"predecessor-version":[{"id":11023,"href":"https:\/\/jockyart.de\/en\/wp-json\/wp\/v2\/pages\/1050\/revisions\/11023"}],"up":[{"embeddable":true,"href":"https:\/\/jockyart.de\/en\/wp-json\/wp\/v2\/pages\/1044"}],"wp:attachment":[{"href":"https:\/\/jockyart.de\/en\/wp-json\/wp\/v2\/media?parent=1050"}],"curies":[{"name":"wp","href":"https:\/\/api.w.org\/{rel}","templated":true}]}}